{"id":85,"date":"2024-12-06T11:55:33","date_gmt":"2024-12-06T11:55:33","guid":{"rendered":"http:\/\/voce-lingua.local\/?page_id=85"},"modified":"2025-10-28T21:43:20","modified_gmt":"2025-10-28T21:43:20","slug":"i%cc%87s-tekli%cc%87fleri%cc%87","status":"publish","type":"page","link":"https:\/\/voce-lingua.de\/tr\/i%cc%87s-tekli%cc%87fleri%cc%87\/","title":{"rendered":"Bo\u015f \u0130\u015fler"},"content":{"rendered":"<div data-elementor-type=\"wp-page\" data-elementor-id=\"85\" class=\"elementor elementor-85\">\n\t\t\t\t<div class=\"elementor-element elementor-element-9d26773 e-flex e-con-boxed e-con e-parent\" data-id=\"9d26773\" data-element_type=\"container\">\n\t\t\t\t\t<div class=\"e-con-inner\">\n\t\t\t\t<div class=\"elementor-element elementor-element-738266b elementor-widget__width-initial elementor-widget elementor-widget-text-editor\" data-id=\"738266b\" data-element_type=\"widget\" data-widget_type=\"text-editor.default\">\n\t\t\t\t<div class=\"elementor-widget-container\">\n\t\t\t\t\t\t\t\t\t<p>Talep edilmemi\u015f ba\u015fvurunuzla muayenehanemize ba\u015fvurabilirsiniz.<\/p>\t\t\t\t\t\t\t\t<\/div>\n\t\t\t\t<\/div>\n\t\t\t\t\t<\/div>\n\t\t\t\t<\/div>\n\t\t<div class=\"elementor-element elementor-element-42cddad e-flex e-con-boxed e-con e-parent\" data-id=\"42cddad\" data-element_type=\"container\">\n\t\t\t\t\t<div class=\"e-con-inner\">\n\t\t\t\t<div class=\"elementor-element elementor-element-9db22a2 elementor-widget elementor-widget-image\" data-id=\"9db22a2\" data-element_type=\"widget\" data-widget_type=\"image.default\">\n\t\t\t\t<div class=\"elementor-widget-container\">\n\t\t\t\t\t\t\t\t\t\t\t\t\t\t\t<img decoding=\"async\" width=\"768\" height=\"64\" src=\"https:\/\/voce-lingua.de\/wp-content\/uploads\/2024\/12\/trenner-2-768x64.png\" class=\"attachment-medium_large size-medium_large wp-image-31\" alt=\"\" srcset=\"https:\/\/voce-lingua.de\/wp-content\/uploads\/2024\/12\/trenner-2-768x64.png 768w, https:\/\/voce-lingua.de\/wp-content\/uploads\/2024\/12\/trenner-2-300x25.png 300w, https:\/\/voce-lingua.de\/wp-content\/uploads\/2024\/12\/trenner-2-1024x85.png 1024w, https:\/\/voce-lingua.de\/wp-content\/uploads\/2024\/12\/trenner-2.png 1289w\" sizes=\"(max-width: 768px) 100vw, 768px\" \/>\t\t\t\t\t\t\t\t\t\t\t\t\t\t\t<\/div>\n\t\t\t\t<\/div>\n\t\t\t\t<div class=\"elementor-element elementor-element-eec199f elementor-widget elementor-widget-heading\" data-id=\"eec199f\" data-element_type=\"widget\" data-widget_type=\"heading.default\">\n\t\t\t\t<div class=\"elementor-widget-container\">\n\t\t\t\t\t<h1 class=\"elementor-heading-title elementor-size-default\">K\u00d6LN'DE A\u00c7IK I\u015e POZISYONLARI<\/h1>\t\t\t\t<\/div>\n\t\t\t\t<\/div>\n\t\t\t\t<div class=\"elementor-element elementor-element-e5e97fd elementor-widget elementor-widget-image\" data-id=\"e5e97fd\" data-element_type=\"widget\" data-widget_type=\"image.default\">\n\t\t\t\t<div class=\"elementor-widget-container\">\n\t\t\t\t\t\t\t\t\t\t\t\t\t\t\t<img decoding=\"async\" width=\"768\" height=\"64\" src=\"https:\/\/voce-lingua.de\/wp-content\/uploads\/2024\/12\/trenner-2-upside-down-768x64.png\" class=\"attachment-medium_large size-medium_large wp-image-259\" alt=\"\" srcset=\"https:\/\/voce-lingua.de\/wp-content\/uploads\/2024\/12\/trenner-2-upside-down-768x64.png 768w, https:\/\/voce-lingua.de\/wp-content\/uploads\/2024\/12\/trenner-2-upside-down-300x25.png 300w, https:\/\/voce-lingua.de\/wp-content\/uploads\/2024\/12\/trenner-2-upside-down-1024x85.png 1024w, https:\/\/voce-lingua.de\/wp-content\/uploads\/2024\/12\/trenner-2-upside-down.png 1289w\" sizes=\"(max-width: 768px) 100vw, 768px\" \/>\t\t\t\t\t\t\t\t\t\t\t\t\t\t\t<\/div>\n\t\t\t\t<\/div>\n\t\t\t\t\t<\/div>\n\t\t\t\t<\/div>\n\t\t<div class=\"elementor-element elementor-element-260478e e-flex e-con-boxed e-con e-parent\" data-id=\"260478e\" data-element_type=\"container\">\n\t\t\t\t\t<div class=\"e-con-inner\">\n\t\t\t\t<div class=\"elementor-element elementor-element-edef5d0 elementor-widget elementor-widget-text-editor\" data-id=\"edef5d0\" data-element_type=\"widget\" data-widget_type=\"text-editor.default\">\n\t\t\t\t<div class=\"elementor-widget-container\">\n\t\t\t\t\t\t\t\t\t<p>G\u00fc\u00e7lendirmek i\u00e7in\u00a0<strong>Konu\u015fma terapisi i\u00e7in pratik<\/strong> suche ich zum 01.12.25 eine*n Sprachtherapeut*in oder Logop\u00e4d*in (Teilzeitstelle, 20-30 Stunden).<\/p><p>Pediatrik ve ergen konu\u015fma, dil ve yutma bozukluklar\u0131n\u0131n (orofasiyal ve miyofonksiyonel yutma bozukluklar\u0131) terap\u00f6tik alanlar\u0131nda derinlemesine bilgi ve mesleki deneyime sahip olmal\u0131 ve yeti\u015fkinlerde n\u00f6rolojik konu\u015fma, dil ve yutma bozukluklar\u0131 i\u00e7in konu\u015fma terapisi yapabilmelisiniz (ev ziyaretleri dahil).<\/p><p>Buna ek olarak, i\u015fitsel alg\u0131 bozukluklar\u0131 (\u00e7ocuklarda ve ergenlerde) ve disleksi terapisi hakk\u0131nda bilgi sahibi olman\u0131z gerekmektedir.<\/p><p>Uzun s\u00fcre birlikte \u00e7al\u0131\u015fan arkada\u015f canl\u0131s\u0131 bir ekibe kat\u0131lacaks\u0131n\u0131z. Elbette, ileri e\u011fitim, i\u015f bileti veya ev ziyaretleri i\u00e7in \u00fccret tekliflerinden yararlanabilirsiniz. Maa\u015f, meslek birli\u011finin (dbs) g\u00fcncel tavsiyelerine dayanmaktad\u0131r. \u0130\u015finizi ba\u011f\u0131ms\u0131z olarak y\u00fcr\u00fctebilmeli ve iyi organize olabilmelisiniz. Ekip ruhuna sahipseniz ve kendinizi entegre edebiliyorsan\u0131z, bize iyi uyum sa\u011flars\u0131n\u0131z.<\/p><p>Ba\u015fvurunuzu almak i\u00e7in sab\u0131rs\u0131zlan\u0131yoruz.<\/p><p>\u0130lgileniyor musunuz?<\/p><p><a href=\"https:\/\/voce-lingua.de\/tr\/\">www.voce-lingua.de<\/a><\/p><p>L\u00fctfen ba\u015fvuru belgelerinizi 15.08.25 tarihine kadar a\u015fa\u011f\u0131daki adrese g\u00f6nderiniz:<\/p><p><a href=\"mailto:info@voce-lingua.de\">info@voce-lingua.de<\/a><\/p><p>Bo\u015f pozisyonla ilgili herhangi bir sorunuz varsa, l\u00fctfen bizi aray\u0131n:<\/p><p>02217088162<\/p>\t\t\t\t\t\t\t\t<\/div>\n\t\t\t\t<\/div>\n\t\t\t\t\t<\/div>\n\t\t\t\t<\/div>\n\t\t<div class=\"elementor-element elementor-element-4807f55 e-flex e-con-boxed e-con e-parent\" data-id=\"4807f55\" data-element_type=\"container\">\n\t\t\t\t\t<div class=\"e-con-inner\">\n\t\t\t\t<div class=\"elementor-element elementor-element-9c9612b elementor-widget elementor-widget-image\" data-id=\"9c9612b\" data-element_type=\"widget\" data-widget_type=\"image.default\">\n\t\t\t\t<div class=\"elementor-widget-container\">\n\t\t\t\t\t\t\t\t\t\t\t\t\t\t\t<img decoding=\"async\" width=\"768\" height=\"64\" src=\"https:\/\/voce-lingua.de\/wp-content\/uploads\/2024\/12\/trenner-2-768x64.png\" class=\"attachment-medium_large size-medium_large wp-image-31\" alt=\"\" srcset=\"https:\/\/voce-lingua.de\/wp-content\/uploads\/2024\/12\/trenner-2-768x64.png 768w, https:\/\/voce-lingua.de\/wp-content\/uploads\/2024\/12\/trenner-2-300x25.png 300w, https:\/\/voce-lingua.de\/wp-content\/uploads\/2024\/12\/trenner-2-1024x85.png 1024w, https:\/\/voce-lingua.de\/wp-content\/uploads\/2024\/12\/trenner-2.png 1289w\" sizes=\"(max-width: 768px) 100vw, 768px\" \/>\t\t\t\t\t\t\t\t\t\t\t\t\t\t\t<\/div>\n\t\t\t\t<\/div>\n\t\t\t\t<div class=\"elementor-element elementor-element-ec4ef17 elementor-widget elementor-widget-heading\" data-id=\"ec4ef17\" data-element_type=\"widget\" data-widget_type=\"heading.default\">\n\t\t\t\t<div class=\"elementor-widget-container\">\n\t\t\t\t\t<h2 class=\"elementor-heading-title elementor-size-default\">\u0412\u0410\u041a\u0410\u041d\u0421\u0418\u042f<\/h2>\t\t\t\t<\/div>\n\t\t\t\t<\/div>\n\t\t\t\t<div class=\"elementor-element elementor-element-ea7cc16 elementor-widget elementor-widget-image\" data-id=\"ea7cc16\" data-element_type=\"widget\" data-widget_type=\"image.default\">\n\t\t\t\t<div class=\"elementor-widget-container\">\n\t\t\t\t\t\t\t\t\t\t\t\t\t\t\t<img decoding=\"async\" width=\"768\" height=\"64\" src=\"https:\/\/voce-lingua.de\/wp-content\/uploads\/2024\/12\/trenner-2-upside-down-768x64.png\" class=\"attachment-medium_large size-medium_large wp-image-259\" alt=\"\" srcset=\"https:\/\/voce-lingua.de\/wp-content\/uploads\/2024\/12\/trenner-2-upside-down-768x64.png 768w, https:\/\/voce-lingua.de\/wp-content\/uploads\/2024\/12\/trenner-2-upside-down-300x25.png 300w, https:\/\/voce-lingua.de\/wp-content\/uploads\/2024\/12\/trenner-2-upside-down-1024x85.png 1024w, https:\/\/voce-lingua.de\/wp-content\/uploads\/2024\/12\/trenner-2-upside-down.png 1289w\" sizes=\"(max-width: 768px) 100vw, 768px\" \/>\t\t\t\t\t\t\t\t\t\t\t\t\t\t\t<\/div>\n\t\t\t\t<\/div>\n\t\t\t\t\t<\/div>\n\t\t\t\t<\/div>\n\t\t<div class=\"elementor-element elementor-element-0848989 e-flex e-con-boxed e-con e-parent\" data-id=\"0848989\" data-element_type=\"container\">\n\t\t\t\t\t<div class=\"e-con-inner\">\n\t\t\t\t<div class=\"elementor-element elementor-element-3463e6d elementor-widget elementor-widget-text-editor\" data-id=\"3463e6d\" data-element_type=\"widget\" data-widget_type=\"text-editor.default\">\n\t\t\t\t<div class=\"elementor-widget-container\">\n\t\t\t\t\t\t\t\t\t<p>\u0412\u044b \u043f\u0435\u0440\u0441\u043f\u0435\u043a\u0442\u0438\u0432\u043d\u044b\u0439, \u0430\u043a\u0430\u0434\u0435\u043c\u0438\u0447\u0435\u0441\u043a\u0438\u0439, \u044f\u0437\u044b\u043a\u043e\u0432\u043e\u0439 \u0442\u0435\u0440\u0430\u043f\u0435\u0432\u0442 \/ \u043b\u043e\u0433\u043e\u043f\u0435\u0434 \u0438 \u0432 \u0441\u043e\u0432\u0435\u0440\u0448\u0435\u043d\u0441\u0442\u0432\u0435 \u0432\u043b\u0430\u0434\u0435\u0435\u0442\u0435 \u0440\u0443\u0441\u0441\u043a\u0438\u043c \u044f\u0437\u044b\u043a\u043e\u043c, \u043f\u0438\u0441\u044c\u043c\u0435\u043d\u043d\u043e\u0439 \u0438 \u0443\u0441\u0442\u043d\u043e\u0439 \u0440\u0435\u0447\u044c\u044e? \u0423 \u043d\u0430\u0441 \u0435\u0441\u0442\u044c \u043f\u0440\u0435\u043a\u0440\u0430\u0441\u043d\u0430\u044f \u0432\u043e\u0437\u043c\u043e\u0436\u043d\u043e\u0441\u0442\u044c \u0440\u0430\u0431\u043e\u0442\u044b \u0434\u043b\u044f \u0412\u0430\u0441!<\/p><p>\u041b\u043e\u0433\u043e\u043f\u0435\u0434\u0438\u0447\u0435\u0441\u043a\u0438\u0439 \u043f\u0440\u0430\u043a\u0441\u0438\u0441 <a href=\"\/tr\/yerler\/\">Voce Lingua<\/a> \u0432 \u041a\u0435\u043b\u044c\u043d\u0435 \u0411\u0430\u0439\u0435\u043d\u0442\u0430\u043b\u044c \u0438\u0449\u0435\u0442 \u0441\u0442\u0443\u0434\u0435\u043d\u0442\u0430 (\u043c\/\u0436) \u0434\u043b\u044f \u0440\u0430\u0431\u043e\u0442\u044b \u0432 \u043e\u0431\u043b\u0430\u0441\u0442\u0438 \u0440\u0435\u0447\u0435\u0432\u043e\u0439 \u0442\u0435\u0440\u0430\u043f\u0438\u0438, \u043a\u043e\u0442\u043e\u0440\u044b\u0439 \u0441\u043c\u043e\u0436\u0435\u0442 \u043f\u0440\u0438\u0432\u043d\u0435\u0441\u0442\u0438 \u0432 \u043c\u0438\u0440 \u0440\u0435\u0447\u0435\u0432\u043e\u0439 \u0442\u0435\u0440\u0430\u043f\u0438\u0438 \u0440\u0430\u0437\u043d\u043e\u043e\u0431\u0440\u0430\u0437\u0438\u0435 \u0440\u0443\u0441\u0441\u043a\u043e\u0433\u043e \u044f\u0437\u044b\u043a\u0430.<\/p><p>\u0415\u0441\u043b\u0438 \u0412\u0430\u043c \u0438\u043d\u0442\u0435\u0440\u0435\u0441\u043d\u043e \u044d\u0442\u043e \u043f\u0440\u0435\u0434\u043b\u043e\u0436\u0435\u043d\u0438\u0435, \u0441\u043e\u043e\u0431\u0449\u0438\u0442\u0435 \u043d\u0430\u043c \u0438\u043b\u0438 \u043f\u0440\u0438\u0448\u043b\u0438\u0442\u0435 \u0438\u043d\u0444\u043e\u0440\u043c\u0430\u0446\u0438\u044e.<\/p><p>\u0420\u0435\u0437\u044e\u043c\u0435 \u043d\u0430\u043f\u0440\u0430\u0432\u043b\u044f\u0439\u0442\u0435 \u043d\u0430: <span id=\"cloak40f1aa3142963a0295eaa5cbf3aa9c1b\"><a href=\"mailto:kirsten.mueller@voce-lingua.de\">kirsten.mueller@voce-lingua.de<\/a><\/span><\/p>\t\t\t\t\t\t\t\t<\/div>\n\t\t\t\t<\/div>\n\t\t\t\t\t<\/div>\n\t\t\t\t<\/div>\n\t\t\t\t<\/div>","protected":false},"excerpt":{"rendered":"<p>Bewerben Sie sich gerne in unserer Praxis mit Ihrer Initiativbewerbung. STELLENANGEBOTE IN K\u00d6LN Zur Verst\u00e4rkung meiner\u00a0Praxis f\u00fcr Sprachtherapie suche ich zum 01.12.25 eine*n Sprachtherapeut*in oder Logop\u00e4d*in (Teilzeitstelle, 20-30 Stunden). Sie sollten vertiefte Kenntnisse und Berufserfahrung f\u00fcr die Therapieschwerpunkte kindliche und jugendliche Sprach-, Sprech- und Schluckst\u00f6rungen (orofaziale und myofunktionelle Schluckst\u00f6rungen) haben sowie Sprachtherapie f\u00fcr neurologisch bedingte [&hellip;]<\/p>","protected":false},"author":1,"featured_media":0,"parent":0,"menu_order":0,"comment_status":"closed","ping_status":"closed","template":"","meta":{"footnotes":""},"class_list":["post-85","page","type-page","status-publish","hentry"],"_links":{"self":[{"href":"https:\/\/voce-lingua.de\/tr\/wp-json\/wp\/v2\/pages\/85","targetHints":{"allow":["GET"]}}],"collection":[{"href":"https:\/\/voce-lingua.de\/tr\/wp-json\/wp\/v2\/pages"}],"about":[{"href":"https:\/\/voce-lingua.de\/tr\/wp-json\/wp\/v2\/types\/page"}],"author":[{"embeddable":true,"href":"https:\/\/voce-lingua.de\/tr\/wp-json\/wp\/v2\/users\/1"}],"replies":[{"embeddable":true,"href":"https:\/\/voce-lingua.de\/tr\/wp-json\/wp\/v2\/comments?post=85"}],"version-history":[{"count":52,"href":"https:\/\/voce-lingua.de\/tr\/wp-json\/wp\/v2\/pages\/85\/revisions"}],"predecessor-version":[{"id":1818,"href":"https:\/\/voce-lingua.de\/tr\/wp-json\/wp\/v2\/pages\/85\/revisions\/1818"}],"wp:attachment":[{"href":"https:\/\/voce-lingua.de\/tr\/wp-json\/wp\/v2\/media?parent=85"}],"curies":[{"name":"wp","href":"https:\/\/api.w.org\/{rel}","templated":true}]}}