{"id":83,"date":"2024-12-06T11:55:19","date_gmt":"2024-12-06T11:55:19","guid":{"rendered":"http:\/\/voce-lingua.local\/?page_id=83"},"modified":"2025-06-01T08:43:02","modified_gmt":"2025-06-01T08:43:02","slug":"yerler","status":"publish","type":"page","link":"https:\/\/voce-lingua.de\/tr\/yerler\/","title":{"rendered":"Konumlar"},"content":{"rendered":"<div data-elementor-type=\"wp-page\" data-elementor-id=\"83\" class=\"elementor elementor-83\">\n\t\t\t\t<div class=\"elementor-element elementor-element-7556a09 e-flex e-con-boxed e-con e-parent\" data-id=\"7556a09\" data-element_type=\"container\">\n\t\t\t\t\t<div class=\"e-con-inner\">\n\t\t<div class=\"elementor-element elementor-element-07f0fca e-con-full e-flex e-con e-child\" data-id=\"07f0fca\" data-element_type=\"container\">\n\t\t\t\t<div class=\"elementor-element elementor-element-7608ceb elementor-widget elementor-widget-image\" data-id=\"7608ceb\" data-element_type=\"widget\" data-widget_type=\"image.default\">\n\t\t\t\t<div class=\"elementor-widget-container\">\n\t\t\t\t\t\t\t\t\t\t\t\t\t\t\t<img decoding=\"async\" width=\"768\" height=\"64\" src=\"https:\/\/voce-lingua.de\/wp-content\/uploads\/2024\/12\/trenner-2-768x64.png\" class=\"attachment-medium_large size-medium_large wp-image-31\" alt=\"\" srcset=\"https:\/\/voce-lingua.de\/wp-content\/uploads\/2024\/12\/trenner-2-768x64.png 768w, https:\/\/voce-lingua.de\/wp-content\/uploads\/2024\/12\/trenner-2-300x25.png 300w, https:\/\/voce-lingua.de\/wp-content\/uploads\/2024\/12\/trenner-2-1024x85.png 1024w, https:\/\/voce-lingua.de\/wp-content\/uploads\/2024\/12\/trenner-2.png 1289w\" sizes=\"(max-width: 768px) 100vw, 768px\" \/>\t\t\t\t\t\t\t\t\t\t\t\t\t\t\t<\/div>\n\t\t\t\t<\/div>\n\t\t\t\t<div class=\"elementor-element elementor-element-3f5303c elementor-widget elementor-widget-heading\" data-id=\"3f5303c\" data-element_type=\"widget\" data-widget_type=\"heading.default\">\n\t\t\t\t<div class=\"elementor-widget-container\">\n\t\t\t\t\t<h1 class=\"elementor-heading-title elementor-size-default\">F\u00fchlingen<\/h1>\t\t\t\t<\/div>\n\t\t\t\t<\/div>\n\t\t\t\t<div class=\"elementor-element elementor-element-6f94cb2 elementor-widget elementor-widget-image\" data-id=\"6f94cb2\" data-element_type=\"widget\" data-widget_type=\"image.default\">\n\t\t\t\t<div class=\"elementor-widget-container\">\n\t\t\t\t\t\t\t\t\t\t\t\t\t\t\t<img decoding=\"async\" width=\"768\" height=\"64\" src=\"https:\/\/voce-lingua.de\/wp-content\/uploads\/2024\/12\/trenner-2-upside-down-768x64.png\" class=\"attachment-medium_large size-medium_large wp-image-259\" alt=\"\" srcset=\"https:\/\/voce-lingua.de\/wp-content\/uploads\/2024\/12\/trenner-2-upside-down-768x64.png 768w, https:\/\/voce-lingua.de\/wp-content\/uploads\/2024\/12\/trenner-2-upside-down-300x25.png 300w, https:\/\/voce-lingua.de\/wp-content\/uploads\/2024\/12\/trenner-2-upside-down-1024x85.png 1024w, https:\/\/voce-lingua.de\/wp-content\/uploads\/2024\/12\/trenner-2-upside-down.png 1289w\" sizes=\"(max-width: 768px) 100vw, 768px\" \/>\t\t\t\t\t\t\t\t\t\t\t\t\t\t\t<\/div>\n\t\t\t\t<\/div>\n\t\t\t\t<\/div>\n\t\t\t\t\t<\/div>\n\t\t\t\t<\/div>\n\t\t<div class=\"elementor-element elementor-element-4e314c3 e-flex e-con-boxed e-con e-parent\" data-id=\"4e314c3\" data-element_type=\"container\">\n\t\t\t\t\t<div class=\"e-con-inner\">\n\t\t\t\t<div class=\"elementor-element elementor-element-591816f elementor-widget elementor-widget-image-gallery\" data-id=\"591816f\" data-element_type=\"widget\" data-widget_type=\"image-gallery.default\">\n\t\t\t\t<div class=\"elementor-widget-container\">\n\t\t\t\t\t\t\t<div class=\"elementor-image-gallery\">\n\t\t\t<div id='gallery-1' class='gallery galleryid-83 gallery-columns-4 gallery-size-thumbnail'><figure class='gallery-item'>\n\t\t\t<div class='gallery-icon landscape'>\n\t\t\t\t<a data-elementor-open-lightbox=\"yes\" data-elementor-lightbox-slideshow=\"591816f\" data-elementor-lightbox-title=\"f\u00fchlingen 1\" data-e-action-hash=\"#elementor-action%3Aaction%3Dlightbox%26settings%3DeyJpZCI6MjM5LCJ1cmwiOiJodHRwczpcL1wvdm9jZS1saW5ndWEuZGVcL3dwLWNvbnRlbnRcL3VwbG9hZHNcLzIwMjRcLzEyXC9mdWhsaW5nZW4tMS5qcGciLCJzbGlkZXNob3ciOiI1OTE4MTZmIn0%3D\" href='https:\/\/voce-lingua.de\/wp-content\/uploads\/2024\/12\/fuhlingen-1.jpg'><img decoding=\"async\" width=\"150\" height=\"150\" src=\"https:\/\/voce-lingua.de\/wp-content\/uploads\/2024\/12\/fuhlingen-1-150x150.jpg\" class=\"attachment-thumbnail size-thumbnail\" alt=\"\" \/><\/a>\n\t\t\t<\/div><\/figure><figure class='gallery-item'>\n\t\t\t<div class='gallery-icon portrait'>\n\t\t\t\t<a data-elementor-open-lightbox=\"yes\" data-elementor-lightbox-slideshow=\"591816f\" data-elementor-lightbox-title=\"F\u00fchlingen 2\" data-e-action-hash=\"#elementor-action%3Aaction%3Dlightbox%26settings%3DeyJpZCI6MjQwLCJ1cmwiOiJodHRwczpcL1wvdm9jZS1saW5ndWEuZGVcL3dwLWNvbnRlbnRcL3VwbG9hZHNcLzIwMjRcLzEyXC9GdWhsaW5nZW4tMi1yb3RhdGVkLmpwZyIsInNsaWRlc2hvdyI6IjU5MTgxNmYifQ%3D%3D\" href='https:\/\/voce-lingua.de\/wp-content\/uploads\/2024\/12\/Fuhlingen-2-rotated.jpg'><img loading=\"lazy\" decoding=\"async\" width=\"150\" height=\"150\" src=\"https:\/\/voce-lingua.de\/wp-content\/uploads\/2024\/12\/Fuhlingen-2-150x150.jpg\" class=\"attachment-thumbnail size-thumbnail\" alt=\"\" \/><\/a>\n\t\t\t<\/div><\/figure><figure class='gallery-item'>\n\t\t\t<div class='gallery-icon landscape'>\n\t\t\t\t<a data-elementor-open-lightbox=\"yes\" data-elementor-lightbox-slideshow=\"591816f\" data-elementor-lightbox-title=\"F\u00fchlingen 3\" data-e-action-hash=\"#elementor-action%3Aaction%3Dlightbox%26settings%3DeyJpZCI6MjQxLCJ1cmwiOiJodHRwczpcL1wvdm9jZS1saW5ndWEuZGVcL3dwLWNvbnRlbnRcL3VwbG9hZHNcLzIwMjRcLzEyXC9GdWhsaW5nZW4tMy5qcGciLCJzbGlkZXNob3ciOiI1OTE4MTZmIn0%3D\" href='https:\/\/voce-lingua.de\/wp-content\/uploads\/2024\/12\/Fuhlingen-3.jpg'><img loading=\"lazy\" decoding=\"async\" width=\"150\" height=\"150\" src=\"https:\/\/voce-lingua.de\/wp-content\/uploads\/2024\/12\/Fuhlingen-3-150x150.jpg\" class=\"attachment-thumbnail size-thumbnail\" alt=\"\" \/><\/a>\n\t\t\t<\/div><\/figure><figure class='gallery-item'>\n\t\t\t<div class='gallery-icon portrait'>\n\t\t\t\t<a data-elementor-open-lightbox=\"yes\" data-elementor-lightbox-slideshow=\"591816f\" data-elementor-lightbox-title=\"f\u00fchlingen 4\" data-e-action-hash=\"#elementor-action%3Aaction%3Dlightbox%26settings%3DeyJpZCI6MjQyLCJ1cmwiOiJodHRwczpcL1wvdm9jZS1saW5ndWEuZGVcL3dwLWNvbnRlbnRcL3VwbG9hZHNcLzIwMjRcLzEyXC9mdWhsaW5nZW4tNC1yb3RhdGVkLmpwZyIsInNsaWRlc2hvdyI6IjU5MTgxNmYifQ%3D%3D\" href='https:\/\/voce-lingua.de\/wp-content\/uploads\/2024\/12\/fuhlingen-4-rotated.jpg'><img loading=\"lazy\" decoding=\"async\" width=\"150\" height=\"150\" src=\"https:\/\/voce-lingua.de\/wp-content\/uploads\/2024\/12\/fuhlingen-4-150x150.jpg\" class=\"attachment-thumbnail size-thumbnail\" alt=\"\" \/><\/a>\n\t\t\t<\/div><\/figure>\n\t\t<\/div>\n\t\t<\/div>\n\t\t\t\t\t\t<\/div>\n\t\t\t\t<\/div>\n\t\t\t\t\t<\/div>\n\t\t\t\t<\/div>\n\t\t<div class=\"elementor-element elementor-element-cbf49e3 e-flex e-con-boxed e-con e-parent\" data-id=\"cbf49e3\" data-element_type=\"container\">\n\t\t\t\t\t<div class=\"e-con-inner\">\n\t\t\t\t<div class=\"elementor-element elementor-element-b85559c elementor-widget elementor-widget-google_maps\" data-id=\"b85559c\" data-element_type=\"widget\" data-widget_type=\"google_maps.default\">\n\t\t\t\t<div class=\"elementor-widget-container\">\n\t\t\t\t\t\t\t<div class=\"elementor-custom-embed\">\n\t\t\t<iframe loading=\"lazy\"\n\t\t\t\t\tsrc=\"https:\/\/maps.google.com\/maps?q=Schmiedhofsweg%206%2C%E2%80%A850769%20K%C3%B6ln%C2%A0&#038;t=m&#038;z=10&#038;output=embed&#038;iwloc=near\"\n\t\t\t\t\ttitle=\"Schmiedhofsweg 6, 50769 K\u00f6ln\u00a0\"\n\t\t\t\t\taria-label=\"Schmiedhofsweg 6, 50769 K\u00f6ln\u00a0\"\n\t\t\t><\/iframe>\n\t\t<\/div>\n\t\t\t\t\t\t<\/div>\n\t\t\t\t<\/div>\n\t\t<div class=\"elementor-element elementor-element-c746dee e-con-full e-flex e-con e-child\" data-id=\"c746dee\" data-element_type=\"container\" data-settings=\"{&quot;background_background&quot;:&quot;classic&quot;}\">\n\t\t\t\t<div class=\"elementor-element elementor-element-499426f elementor-widget__width-initial elementor-widget elementor-widget-text-editor\" data-id=\"499426f\" data-element_type=\"widget\" data-widget_type=\"text-editor.default\">\n\t\t\t\t<div class=\"elementor-widget-container\">\n\t\t\t\t\t\t\t\t\t<p>Bizim konumumuz:<br \/>K\u00f6ln-F\u00fchlingen <br \/>(A1 otoyoluna iyi ba\u011flant\u0131)<\/p><p>Schmiedhofsweg 6, 50769 K\u00f6ln\u00a0<\/p>\t\t\t\t\t\t\t\t<\/div>\n\t\t\t\t<\/div>\n\t\t\t\t<div class=\"elementor-element elementor-element-298a3fa elementor-widget__width-initial elementor-widget elementor-widget-text-editor\" data-id=\"298a3fa\" data-element_type=\"widget\" data-widget_type=\"text-editor.default\">\n\t\t\t\t<div class=\"elementor-widget-container\">\n\t\t\t\t\t\t\t\t\t<p><img loading=\"lazy\" decoding=\"async\" class=\"alignnone wp-image-233\" src=\"https:\/\/voce-lingua.de\/wp-content\/uploads\/2024\/12\/phone-call-300x300.png\" alt=\"\" width=\"30\" height=\"30\" \/> 0221 &#8211; 7088162<\/p>\t\t\t\t\t\t\t\t<\/div>\n\t\t\t\t<\/div>\n\t\t\t\t<div class=\"elementor-element elementor-element-62e3ea9 elementor-widget__width-initial elementor-widget elementor-widget-text-editor\" data-id=\"62e3ea9\" data-element_type=\"widget\" data-widget_type=\"text-editor.default\">\n\t\t\t\t<div class=\"elementor-widget-container\">\n\t\t\t\t\t\t\t\t\t<p><img loading=\"lazy\" decoding=\"async\" class=\"alignnone wp-image-234\" src=\"https:\/\/voce-lingua.de\/wp-content\/uploads\/2024\/12\/email-300x300.png\" alt=\"\" width=\"32\" height=\"32\" srcset=\"https:\/\/voce-lingua.de\/wp-content\/uploads\/2024\/12\/email-300x300.png 300w, https:\/\/voce-lingua.de\/wp-content\/uploads\/2024\/12\/email-150x150.png 150w, https:\/\/voce-lingua.de\/wp-content\/uploads\/2024\/12\/email.png 512w\" sizes=\"(max-width: 32px) 100vw, 32px\" \/> info@voce-lingua.de<\/p>\t\t\t\t\t\t\t\t<\/div>\n\t\t\t\t<\/div>\n\t\t\t\t<\/div>\n\t\t\t\t\t<\/div>\n\t\t\t\t<\/div>\n\t\t<div class=\"elementor-element elementor-element-2ed316c e-flex e-con-boxed e-con e-parent\" data-id=\"2ed316c\" data-element_type=\"container\">\n\t\t\t\t\t<div class=\"e-con-inner\">\n\t\t\t\t<div class=\"elementor-element elementor-element-d6304ea elementor-widget elementor-widget-image\" data-id=\"d6304ea\" data-element_type=\"widget\" data-widget_type=\"image.default\">\n\t\t\t\t<div class=\"elementor-widget-container\">\n\t\t\t\t\t\t\t\t\t\t\t\t\t\t\t<img decoding=\"async\" width=\"768\" height=\"64\" src=\"https:\/\/voce-lingua.de\/wp-content\/uploads\/2024\/12\/trenner-2-768x64.png\" class=\"attachment-medium_large size-medium_large wp-image-31\" alt=\"\" srcset=\"https:\/\/voce-lingua.de\/wp-content\/uploads\/2024\/12\/trenner-2-768x64.png 768w, https:\/\/voce-lingua.de\/wp-content\/uploads\/2024\/12\/trenner-2-300x25.png 300w, https:\/\/voce-lingua.de\/wp-content\/uploads\/2024\/12\/trenner-2-1024x85.png 1024w, https:\/\/voce-lingua.de\/wp-content\/uploads\/2024\/12\/trenner-2.png 1289w\" sizes=\"(max-width: 768px) 100vw, 768px\" \/>\t\t\t\t\t\t\t\t\t\t\t\t\t\t\t<\/div>\n\t\t\t\t<\/div>\n\t\t\t\t<div class=\"elementor-element elementor-element-19058b9 elementor-widget elementor-widget-heading\" data-id=\"19058b9\" data-element_type=\"widget\" data-widget_type=\"heading.default\">\n\t\t\t\t<div class=\"elementor-widget-container\">\n\t\t\t\t\t<h2 class=\"elementor-heading-title elementor-size-default\">Bayenthal<\/h2>\t\t\t\t<\/div>\n\t\t\t\t<\/div>\n\t\t\t\t<div class=\"elementor-element elementor-element-8b68e34 elementor-widget elementor-widget-image\" data-id=\"8b68e34\" data-element_type=\"widget\" data-widget_type=\"image.default\">\n\t\t\t\t<div class=\"elementor-widget-container\">\n\t\t\t\t\t\t\t\t\t\t\t\t\t\t\t<img decoding=\"async\" width=\"768\" height=\"64\" src=\"https:\/\/voce-lingua.de\/wp-content\/uploads\/2024\/12\/trenner-2-upside-down-768x64.png\" class=\"attachment-medium_large size-medium_large wp-image-259\" alt=\"\" srcset=\"https:\/\/voce-lingua.de\/wp-content\/uploads\/2024\/12\/trenner-2-upside-down-768x64.png 768w, https:\/\/voce-lingua.de\/wp-content\/uploads\/2024\/12\/trenner-2-upside-down-300x25.png 300w, https:\/\/voce-lingua.de\/wp-content\/uploads\/2024\/12\/trenner-2-upside-down-1024x85.png 1024w, https:\/\/voce-lingua.de\/wp-content\/uploads\/2024\/12\/trenner-2-upside-down.png 1289w\" sizes=\"(max-width: 768px) 100vw, 768px\" \/>\t\t\t\t\t\t\t\t\t\t\t\t\t\t\t<\/div>\n\t\t\t\t<\/div>\n\t\t\t\t\t<\/div>\n\t\t\t\t<\/div>\n\t\t<div class=\"elementor-element elementor-element-3e98ea7 e-flex e-con-boxed e-con e-parent\" data-id=\"3e98ea7\" data-element_type=\"container\">\n\t\t\t\t\t<div class=\"e-con-inner\">\n\t\t\t\t<div class=\"elementor-element elementor-element-f194d13 elementor-widget elementor-widget-image-gallery\" data-id=\"f194d13\" data-element_type=\"widget\" data-widget_type=\"image-gallery.default\">\n\t\t\t\t<div class=\"elementor-widget-container\">\n\t\t\t\t\t\t\t<div class=\"elementor-image-gallery\">\n\t\t\t<div id='gallery-2' class='gallery galleryid-83 gallery-columns-5 gallery-size-thumbnail'><figure class='gallery-item'>\n\t\t\t<div class='gallery-icon portrait'>\n\t\t\t\t<a data-elementor-open-lightbox=\"yes\" data-elementor-lightbox-slideshow=\"f194d13\" data-elementor-lightbox-title=\"Bayenthal 1\" data-e-action-hash=\"#elementor-action%3Aaction%3Dlightbox%26settings%3DeyJpZCI6MjQ3LCJ1cmwiOiJodHRwczpcL1wvdm9jZS1saW5ndWEuZGVcL3dwLWNvbnRlbnRcL3VwbG9hZHNcLzIwMjRcLzEyXC9CYXllbnRoYWwtMS5qcGciLCJzbGlkZXNob3ciOiJmMTk0ZDEzIn0%3D\" href='https:\/\/voce-lingua.de\/wp-content\/uploads\/2024\/12\/Bayenthal-1.jpg'><img loading=\"lazy\" decoding=\"async\" width=\"150\" height=\"150\" src=\"https:\/\/voce-lingua.de\/wp-content\/uploads\/2024\/12\/Bayenthal-1-150x150.jpg\" class=\"attachment-thumbnail size-thumbnail\" alt=\"\" \/><\/a>\n\t\t\t<\/div><\/figure><figure class='gallery-item'>\n\t\t\t<div class='gallery-icon portrait'>\n\t\t\t\t<a data-elementor-open-lightbox=\"yes\" data-elementor-lightbox-slideshow=\"f194d13\" data-elementor-lightbox-title=\"BAyenthal 2\" data-e-action-hash=\"#elementor-action%3Aaction%3Dlightbox%26settings%3DeyJpZCI6MjQ4LCJ1cmwiOiJodHRwczpcL1wvdm9jZS1saW5ndWEuZGVcL3dwLWNvbnRlbnRcL3VwbG9hZHNcLzIwMjRcLzEyXC9CQXllbnRoYWwtMi5qcGciLCJzbGlkZXNob3ciOiJmMTk0ZDEzIn0%3D\" href='https:\/\/voce-lingua.de\/wp-content\/uploads\/2024\/12\/BAyenthal-2.jpg'><img loading=\"lazy\" decoding=\"async\" width=\"150\" height=\"150\" src=\"https:\/\/voce-lingua.de\/wp-content\/uploads\/2024\/12\/BAyenthal-2-150x150.jpg\" class=\"attachment-thumbnail size-thumbnail\" alt=\"\" \/><\/a>\n\t\t\t<\/div><\/figure><figure class='gallery-item'>\n\t\t\t<div class='gallery-icon portrait'>\n\t\t\t\t<a data-elementor-open-lightbox=\"yes\" data-elementor-lightbox-slideshow=\"f194d13\" data-elementor-lightbox-title=\"BAyenthal 3\" data-e-action-hash=\"#elementor-action%3Aaction%3Dlightbox%26settings%3DeyJpZCI6MjQ5LCJ1cmwiOiJodHRwczpcL1wvdm9jZS1saW5ndWEuZGVcL3dwLWNvbnRlbnRcL3VwbG9hZHNcLzIwMjRcLzEyXC9CQXllbnRoYWwtMy5qcGciLCJzbGlkZXNob3ciOiJmMTk0ZDEzIn0%3D\" href='https:\/\/voce-lingua.de\/wp-content\/uploads\/2024\/12\/BAyenthal-3.jpg'><img loading=\"lazy\" decoding=\"async\" width=\"150\" height=\"150\" src=\"https:\/\/voce-lingua.de\/wp-content\/uploads\/2024\/12\/BAyenthal-3-150x150.jpg\" class=\"attachment-thumbnail size-thumbnail\" alt=\"\" \/><\/a>\n\t\t\t<\/div><\/figure><figure class='gallery-item'>\n\t\t\t<div class='gallery-icon landscape'>\n\t\t\t\t<a data-elementor-open-lightbox=\"yes\" data-elementor-lightbox-slideshow=\"f194d13\" data-elementor-lightbox-title=\"Bayenthal 4\" data-e-action-hash=\"#elementor-action%3Aaction%3Dlightbox%26settings%3DeyJpZCI6MjUwLCJ1cmwiOiJodHRwczpcL1wvdm9jZS1saW5ndWEuZGVcL3dwLWNvbnRlbnRcL3VwbG9hZHNcLzIwMjRcLzEyXC9CYXllbnRoYWwtNC5qcGciLCJzbGlkZXNob3ciOiJmMTk0ZDEzIn0%3D\" href='https:\/\/voce-lingua.de\/wp-content\/uploads\/2024\/12\/Bayenthal-4.jpg'><img loading=\"lazy\" decoding=\"async\" width=\"150\" height=\"150\" src=\"https:\/\/voce-lingua.de\/wp-content\/uploads\/2024\/12\/Bayenthal-4-150x150.jpg\" class=\"attachment-thumbnail size-thumbnail\" alt=\"\" \/><\/a>\n\t\t\t<\/div><\/figure><figure class='gallery-item'>\n\t\t\t<div class='gallery-icon landscape'>\n\t\t\t\t<a data-elementor-open-lightbox=\"yes\" data-elementor-lightbox-slideshow=\"f194d13\" data-elementor-lightbox-title=\"Bayenthal 5\" data-e-action-hash=\"#elementor-action%3Aaction%3Dlightbox%26settings%3DeyJpZCI6MjUxLCJ1cmwiOiJodHRwczpcL1wvdm9jZS1saW5ndWEuZGVcL3dwLWNvbnRlbnRcL3VwbG9hZHNcLzIwMjRcLzEyXC9CYXllbnRoYWwtNS5qcGciLCJzbGlkZXNob3ciOiJmMTk0ZDEzIn0%3D\" href='https:\/\/voce-lingua.de\/wp-content\/uploads\/2024\/12\/Bayenthal-5.jpg'><img loading=\"lazy\" decoding=\"async\" width=\"150\" height=\"150\" src=\"https:\/\/voce-lingua.de\/wp-content\/uploads\/2024\/12\/Bayenthal-5-150x150.jpg\" class=\"attachment-thumbnail size-thumbnail\" alt=\"\" \/><\/a>\n\t\t\t<\/div><\/figure>\n\t\t<\/div>\n\t\t<\/div>\n\t\t\t\t\t\t<\/div>\n\t\t\t\t<\/div>\n\t\t\t\t<div class=\"elementor-element elementor-element-c0f6471 elementor-widget elementor-widget-google_maps\" data-id=\"c0f6471\" data-element_type=\"widget\" data-widget_type=\"google_maps.default\">\n\t\t\t\t<div class=\"elementor-widget-container\">\n\t\t\t\t\t\t\t<div class=\"elementor-custom-embed\">\n\t\t\t<iframe loading=\"lazy\"\n\t\t\t\t\tsrc=\"https:\/\/maps.google.com\/maps?q=Bonner%20Str.221%2C%E2%80%A850968%20K%C3%B6ln&#038;t=m&#038;z=10&#038;output=embed&#038;iwloc=near\"\n\t\t\t\t\ttitle=\"Bonner Str.221, 50968 K\u00f6ln\"\n\t\t\t\t\taria-label=\"Bonner Str.221, 50968 K\u00f6ln\"\n\t\t\t><\/iframe>\n\t\t<\/div>\n\t\t\t\t\t\t<\/div>\n\t\t\t\t<\/div>\n\t\t<div class=\"elementor-element elementor-element-e3b8494 e-con-full e-flex e-con e-child\" data-id=\"e3b8494\" data-element_type=\"container\" data-settings=\"{&quot;background_background&quot;:&quot;classic&quot;}\">\n\t\t\t\t<div class=\"elementor-element elementor-element-1cd45d1 elementor-widget__width-initial elementor-widget elementor-widget-text-editor\" data-id=\"1cd45d1\" data-element_type=\"widget\" data-widget_type=\"text-editor.default\">\n\t\t\t\t<div class=\"elementor-widget-container\">\n\t\t\t\t\t\t\t\t\t<p>Bizim konumumuz:<br \/>K\u00f6ln-Bayenthal <br \/>(A555 otoyolu ve Bonner Verteiler \u00fczerinden kolayca ula\u015f\u0131labilir)<\/p><p>Bonner Str.221, 50968 K\u00f6ln<\/p>\t\t\t\t\t\t\t\t<\/div>\n\t\t\t\t<\/div>\n\t\t\t\t<div class=\"elementor-element elementor-element-8cda5d2 elementor-widget elementor-widget-text-editor\" data-id=\"8cda5d2\" data-element_type=\"widget\" data-widget_type=\"text-editor.default\">\n\t\t\t\t<div class=\"elementor-widget-container\">\n\t\t\t\t\t\t\t\t\t<p>Telefonla dan\u0131\u015fma saatleri: Per\u015fembe g\u00fcnleri 09:00 -10:00<\/p>\t\t\t\t\t\t\t\t<\/div>\n\t\t\t\t<\/div>\n\t\t\t\t<div class=\"elementor-element elementor-element-cce6d6d elementor-widget__width-initial elementor-widget elementor-widget-text-editor\" data-id=\"cce6d6d\" data-element_type=\"widget\" data-widget_type=\"text-editor.default\">\n\t\t\t\t<div class=\"elementor-widget-container\">\n\t\t\t\t\t\t\t\t\t<p><img loading=\"lazy\" decoding=\"async\" class=\"alignnone wp-image-233\" src=\"https:\/\/voce-lingua.de\/wp-content\/uploads\/2024\/12\/phone-call-300x300.png\" alt=\"\" width=\"30\" height=\"30\" \/> 0221-8235572<\/p>\t\t\t\t\t\t\t\t<\/div>\n\t\t\t\t<\/div>\n\t\t\t\t<div class=\"elementor-element elementor-element-736dcd4 elementor-widget__width-initial elementor-widget elementor-widget-text-editor\" data-id=\"736dcd4\" data-element_type=\"widget\" data-widget_type=\"text-editor.default\">\n\t\t\t\t<div class=\"elementor-widget-container\">\n\t\t\t\t\t\t\t\t\t<p><img loading=\"lazy\" decoding=\"async\" class=\"alignnone wp-image-234\" src=\"https:\/\/voce-lingua.de\/wp-content\/uploads\/2024\/12\/email-300x300.png\" alt=\"\" width=\"32\" height=\"32\" srcset=\"https:\/\/voce-lingua.de\/wp-content\/uploads\/2024\/12\/email-300x300.png 300w, https:\/\/voce-lingua.de\/wp-content\/uploads\/2024\/12\/email-150x150.png 150w, https:\/\/voce-lingua.de\/wp-content\/uploads\/2024\/12\/email.png 512w\" sizes=\"(max-width: 32px) 100vw, 32px\" \/> info@voce-lingua.de<\/p>\t\t\t\t\t\t\t\t<\/div>\n\t\t\t\t<\/div>\n\t\t\t\t<\/div>\n\t\t\t\t\t<\/div>\n\t\t\t\t<\/div>\n\t\t<div class=\"elementor-element elementor-element-0e880bf e-flex e-con-boxed e-con e-parent\" data-id=\"0e880bf\" data-element_type=\"container\">\n\t\t\t\t\t<div class=\"e-con-inner\">\n\t\t<div class=\"elementor-element elementor-element-dbe601d e-con-full e-flex e-con e-child\" data-id=\"dbe601d\" data-element_type=\"container\">\n\t\t\t\t<div class=\"elementor-element elementor-element-be849eb elementor-widget elementor-widget-image\" data-id=\"be849eb\" data-element_type=\"widget\" data-widget_type=\"image.default\">\n\t\t\t\t<div class=\"elementor-widget-container\">\n\t\t\t\t\t\t\t\t\t\t\t\t\t\t\t<img decoding=\"async\" width=\"768\" height=\"64\" src=\"https:\/\/voce-lingua.de\/wp-content\/uploads\/2024\/12\/trenner-2-768x64.png\" class=\"attachment-medium_large size-medium_large wp-image-31\" alt=\"\" srcset=\"https:\/\/voce-lingua.de\/wp-content\/uploads\/2024\/12\/trenner-2-768x64.png 768w, https:\/\/voce-lingua.de\/wp-content\/uploads\/2024\/12\/trenner-2-300x25.png 300w, https:\/\/voce-lingua.de\/wp-content\/uploads\/2024\/12\/trenner-2-1024x85.png 1024w, https:\/\/voce-lingua.de\/wp-content\/uploads\/2024\/12\/trenner-2.png 1289w\" sizes=\"(max-width: 768px) 100vw, 768px\" \/>\t\t\t\t\t\t\t\t\t\t\t\t\t\t\t<\/div>\n\t\t\t\t<\/div>\n\t\t\t\t<div class=\"elementor-element elementor-element-4fc0be5 elementor-widget elementor-widget-heading\" data-id=\"4fc0be5\" data-element_type=\"widget\" data-widget_type=\"heading.default\">\n\t\t\t\t<div class=\"elementor-widget-container\">\n\t\t\t\t\t<h2 class=\"elementor-heading-title elementor-size-default\">Kerpen - Horrem<\/h2>\t\t\t\t<\/div>\n\t\t\t\t<\/div>\n\t\t\t\t<div class=\"elementor-element elementor-element-e3956c2 elementor-widget elementor-widget-image\" data-id=\"e3956c2\" data-element_type=\"widget\" data-widget_type=\"image.default\">\n\t\t\t\t<div class=\"elementor-widget-container\">\n\t\t\t\t\t\t\t\t\t\t\t\t\t\t\t<img decoding=\"async\" width=\"768\" height=\"64\" src=\"https:\/\/voce-lingua.de\/wp-content\/uploads\/2024\/12\/trenner-2-upside-down-768x64.png\" class=\"attachment-medium_large size-medium_large wp-image-259\" alt=\"\" srcset=\"https:\/\/voce-lingua.de\/wp-content\/uploads\/2024\/12\/trenner-2-upside-down-768x64.png 768w, https:\/\/voce-lingua.de\/wp-content\/uploads\/2024\/12\/trenner-2-upside-down-300x25.png 300w, https:\/\/voce-lingua.de\/wp-content\/uploads\/2024\/12\/trenner-2-upside-down-1024x85.png 1024w, https:\/\/voce-lingua.de\/wp-content\/uploads\/2024\/12\/trenner-2-upside-down.png 1289w\" sizes=\"(max-width: 768px) 100vw, 768px\" \/>\t\t\t\t\t\t\t\t\t\t\t\t\t\t\t<\/div>\n\t\t\t\t<\/div>\n\t\t\t\t<\/div>\n\t\t<div class=\"elementor-element elementor-element-dc0379d e-con-full e-flex e-con e-child\" data-id=\"dc0379d\" data-element_type=\"container\">\n\t\t\t\t<div class=\"elementor-element elementor-element-79e56a4 elementor-widget elementor-widget-google_maps\" data-id=\"79e56a4\" data-element_type=\"widget\" data-widget_type=\"google_maps.default\">\n\t\t\t\t<div class=\"elementor-widget-container\">\n\t\t\t\t\t\t\t<div class=\"elementor-custom-embed\">\n\t\t\t<iframe loading=\"lazy\"\n\t\t\t\t\tsrc=\"https:\/\/maps.google.com\/maps?q=Habbelratherstra%C3%9Fe%201%2C%E2%80%A850169%C2%A0Kerpen&#038;t=m&#038;z=13&#038;output=embed&#038;iwloc=near\"\n\t\t\t\t\ttitle=\"Habbelratherstra\u00dfe 1, 50169 Kerpen\"\n\t\t\t\t\taria-label=\"Habbelratherstra\u00dfe 1, 50169 Kerpen\"\n\t\t\t><\/iframe>\n\t\t<\/div>\n\t\t\t\t\t\t<\/div>\n\t\t\t\t<\/div>\n\t\t\t\t<\/div>\n\t\t<div class=\"elementor-element elementor-element-e0471fd e-con-full e-flex e-con e-child\" data-id=\"e0471fd\" data-element_type=\"container\" data-settings=\"{&quot;background_background&quot;:&quot;classic&quot;}\">\n\t\t\t\t<div class=\"elementor-element elementor-element-34499e7 elementor-widget__width-initial elementor-widget elementor-widget-text-editor\" data-id=\"34499e7\" data-element_type=\"widget\" data-widget_type=\"text-editor.default\">\n\t\t\t\t<div class=\"elementor-widget-container\">\n\t\t\t\t\t\t\t\t\t<p><span style=\"white-space-collapse: preserve;\">Bizim konumumuz:<br \/>Kerpen-Horrem<\/span><\/p><p>Habbelratherstra\u00dfe 1, 50169 Kerpen<\/p>\t\t\t\t\t\t\t\t<\/div>\n\t\t\t\t<\/div>\n\t\t\t\t<div class=\"elementor-element elementor-element-837d82a elementor-widget__width-initial elementor-widget elementor-widget-text-editor\" data-id=\"837d82a\" data-element_type=\"widget\" data-widget_type=\"text-editor.default\">\n\t\t\t\t<div class=\"elementor-widget-container\">\n\t\t\t\t\t\t\t\t\t<p><img loading=\"lazy\" decoding=\"async\" class=\"alignnone wp-image-233\" src=\"https:\/\/voce-lingua.de\/wp-content\/uploads\/2024\/12\/phone-call-300x300.png\" alt=\"\" width=\"30\" height=\"30\" \/> 02273-914357<\/p>\t\t\t\t\t\t\t\t<\/div>\n\t\t\t\t<\/div>\n\t\t\t\t<div class=\"elementor-element elementor-element-b0e3160 elementor-widget__width-initial elementor-widget elementor-widget-text-editor\" data-id=\"b0e3160\" data-element_type=\"widget\" data-widget_type=\"text-editor.default\">\n\t\t\t\t<div class=\"elementor-widget-container\">\n\t\t\t\t\t\t\t\t\t<p><img loading=\"lazy\" decoding=\"async\" class=\"alignnone wp-image-234\" src=\"https:\/\/voce-lingua.de\/wp-content\/uploads\/2024\/12\/email-300x300.png\" alt=\"\" width=\"32\" height=\"32\" srcset=\"https:\/\/voce-lingua.de\/wp-content\/uploads\/2024\/12\/email-300x300.png 300w, https:\/\/voce-lingua.de\/wp-content\/uploads\/2024\/12\/email-150x150.png 150w, https:\/\/voce-lingua.de\/wp-content\/uploads\/2024\/12\/email.png 512w\" sizes=\"(max-width: 32px) 100vw, 32px\" \/> info@voce-lingua.de<\/p>\t\t\t\t\t\t\t\t<\/div>\n\t\t\t\t<\/div>\n\t\t\t\t<\/div>\n\t\t\t\t\t<\/div>\n\t\t\t\t<\/div>\n\t\t\t\t<\/div>","protected":false},"excerpt":{"rendered":"<p>F\u00fchlingen Unser Standort in:K\u00f6ln-F\u00fchlingen (guter Anschluss an die A1) Schmiedhofsweg 6,\u2028 50769 K\u00f6ln\u00a0 0221 &#8211; 7088162 info@voce-lingua.de Bayenthal Unser Standort in:K\u00f6ln-Bayenthal (liegt gut erreichbar \u00fcber A555 und Bonner Verteiler) Bonner Str.221,\u2028 50968 K\u00f6ln Telefonische Sprechstunde: Donnerstags 09:00 -10:00 Uhr 0221-8235572 info@voce-lingua.de Kerpen &#8211; Horrem Unser Standort in:Kerpen-Horrem \u2028Habbelratherstra\u00dfe 1,\u2028 50169 Kerpen 02273-914357 info@voce-lingua.de<\/p>","protected":false},"author":1,"featured_media":0,"parent":0,"menu_order":0,"comment_status":"closed","ping_status":"closed","template":"","meta":{"footnotes":""},"class_list":["post-83","page","type-page","status-publish","hentry"],"_links":{"self":[{"href":"https:\/\/voce-lingua.de\/tr\/wp-json\/wp\/v2\/pages\/83","targetHints":{"allow":["GET"]}}],"collection":[{"href":"https:\/\/voce-lingua.de\/tr\/wp-json\/wp\/v2\/pages"}],"about":[{"href":"https:\/\/voce-lingua.de\/tr\/wp-json\/wp\/v2\/types\/page"}],"author":[{"embeddable":true,"href":"https:\/\/voce-lingua.de\/tr\/wp-json\/wp\/v2\/users\/1"}],"replies":[{"embeddable":true,"href":"https:\/\/voce-lingua.de\/tr\/wp-json\/wp\/v2\/comments?post=83"}],"version-history":[{"count":70,"href":"https:\/\/voce-lingua.de\/tr\/wp-json\/wp\/v2\/pages\/83\/revisions"}],"predecessor-version":[{"id":1782,"href":"https:\/\/voce-lingua.de\/tr\/wp-json\/wp\/v2\/pages\/83\/revisions\/1782"}],"wp:attachment":[{"href":"https:\/\/voce-lingua.de\/tr\/wp-json\/wp\/v2\/media?parent=83"}],"curies":[{"name":"wp","href":"https:\/\/api.w.org\/{rel}","templated":true}]}}