{"id":79,"date":"2024-12-06T11:54:51","date_gmt":"2024-12-06T11:54:51","guid":{"rendered":"http:\/\/voce-lingua.local\/?page_id=79"},"modified":"2025-04-29T16:56:52","modified_gmt":"2025-04-29T16:56:52","slug":"sarki-soeyle","status":"publish","type":"page","link":"https:\/\/voce-lingua.de\/tr\/sarki-soeyle\/","title":{"rendered":"\u015eark\u0131 s\u00f6ylemek"},"content":{"rendered":"<div data-elementor-type=\"wp-page\" data-elementor-id=\"79\" class=\"elementor elementor-79\">\n\t\t\t\t<div class=\"elementor-element elementor-element-7197669 e-flex e-con-boxed e-con e-parent\" data-id=\"7197669\" data-element_type=\"container\">\n\t\t\t\t\t<div class=\"e-con-inner\">\n\t\t\t\t<div class=\"elementor-element elementor-element-a5a033b elementor-widget elementor-widget-image\" data-id=\"a5a033b\" data-element_type=\"widget\" data-widget_type=\"image.default\">\n\t\t\t\t<div class=\"elementor-widget-container\">\n\t\t\t\t\t\t\t\t\t\t\t\t\t\t\t<img fetchpriority=\"high\" decoding=\"async\" width=\"768\" height=\"376\" src=\"https:\/\/voce-lingua.de\/wp-content\/uploads\/2025\/01\/Singenbewegen-2-768x376.jpg\" class=\"attachment-medium_large size-medium_large wp-image-586\" alt=\"\" srcset=\"https:\/\/voce-lingua.de\/wp-content\/uploads\/2025\/01\/Singenbewegen-2-768x376.jpg 768w, https:\/\/voce-lingua.de\/wp-content\/uploads\/2025\/01\/Singenbewegen-2-300x147.jpg 300w, https:\/\/voce-lingua.de\/wp-content\/uploads\/2025\/01\/Singenbewegen-2-1024x501.jpg 1024w, https:\/\/voce-lingua.de\/wp-content\/uploads\/2025\/01\/Singenbewegen-2.jpg 1280w\" sizes=\"(max-width: 768px) 100vw, 768px\" \/>\t\t\t\t\t\t\t\t\t\t\t\t\t\t\t<\/div>\n\t\t\t\t<\/div>\n\t\t\t\t<div class=\"elementor-element elementor-element-6e3d60c elementor-widget elementor-widget-heading\" data-id=\"6e3d60c\" data-element_type=\"widget\" data-widget_type=\"heading.default\">\n\t\t\t\t<div class=\"elementor-widget-container\">\n\t\t\t\t\t<h1 class=\"elementor-heading-title elementor-size-default\">\u015eark\u0131 s\u00f6ylemek Konu\u015fmak Hareket etmek<\/h1>\t\t\t\t<\/div>\n\t\t\t\t<\/div>\n\t\t\t\t<div class=\"elementor-element elementor-element-dda2118 elementor-widget elementor-widget-image\" data-id=\"dda2118\" data-element_type=\"widget\" data-widget_type=\"image.default\">\n\t\t\t\t<div class=\"elementor-widget-container\">\n\t\t\t\t\t\t\t\t\t\t\t\t\t\t\t<img decoding=\"async\" width=\"800\" height=\"73\" src=\"https:\/\/voce-lingua.de\/wp-content\/uploads\/2024\/12\/trenner-3-1-1024x93.png\" class=\"attachment-large size-large wp-image-133\" alt=\"\" srcset=\"https:\/\/voce-lingua.de\/wp-content\/uploads\/2024\/12\/trenner-3-1-1024x93.png 1024w, https:\/\/voce-lingua.de\/wp-content\/uploads\/2024\/12\/trenner-3-1-300x27.png 300w, https:\/\/voce-lingua.de\/wp-content\/uploads\/2024\/12\/trenner-3-1-768x70.png 768w, https:\/\/voce-lingua.de\/wp-content\/uploads\/2024\/12\/trenner-3-1.png 1382w\" sizes=\"(max-width: 800px) 100vw, 800px\" \/>\t\t\t\t\t\t\t\t\t\t\t\t\t\t\t<\/div>\n\t\t\t\t<\/div>\n\t\t\t\t<div class=\"elementor-element elementor-element-118381c elementor-widget__width-initial elementor-widget elementor-widget-text-editor\" data-id=\"118381c\" data-element_type=\"widget\" data-widget_type=\"text-editor.default\">\n\t\t\t\t<div class=\"elementor-widget-container\">\n\t\t\t\t\t\t\t\t\t<p style=\"text-align: center;\">Seviyor musun <em>\u015eiirler<\/em>ba\u015fkalar\u0131yla birlikte \u00e7al\u0131\u015fmak ister misiniz? <em>\u015eark\u0131 s\u00f6ylemek<\/em>ve repertuar\u0131n\u0131z\u0131 tazelemek ya da yenilemek mi istiyorsunuz? Hep \u015f\u00f6yle mi d\u00fc\u015f\u00fcnd\u00fcn\u00fcz: \u015eark\u0131 s\u00f6yleyemiyorum ama \u015fark\u0131 s\u00f6ylemeyi seviyorum, s\u0131k s\u0131k sesim k\u0131s\u0131l\u0131yor ve sadece bo\u011faz\u0131m\u0131 temizleyerek kendime yard\u0131mc\u0131 olabiliyorum?<\/p><p style=\"text-align: center;\">\u00c7abuk nefes nefese kal\u0131yor musunuz ve gerginlik sizi rahats\u0131z ediyor mu?<\/p><p style=\"text-align: center;\">Sizinle birlikte \u015funlar\u0131 yapmak istiyoruz <em>Nefes, ses ve duru\u015f aras\u0131ndaki ba\u011flant\u0131lar<\/em> ve gev\u015feme ve nefes egzersizlerini tan\u0131y\u0131n. Alman ve yabanc\u0131 k\u00fclt\u00fcrlerden basit, g\u00fczel \u015fark\u0131larla, \u015fark\u0131 s\u00f6ylemenin keyfini sizinle birlikte ya\u015famak ve \u015fark\u0131 s\u00f6ylemenin sizi mutlu etti\u011fini kendiniz ke\u015ffetmek istiyoruz.<\/p><p style=\"text-align: center;\">\u015eiir okuman\u0131n sesimizi ve ruh halimizi nas\u0131l de\u011fi\u015ftirebilece\u011fini veya \u015fiiri nas\u0131l \u015fekillendirebilece\u011fimizi ve ses deneyimi arac\u0131l\u0131\u011f\u0131yla rahatlamak, yenilenmek ve nefes almak i\u00e7in nas\u0131l zaman bulabilece\u011fimizi ke\u015ffediyoruz, <br \/><em>...benim i\u00e7in zaman<\/em>.<\/p><p style=\"text-align: center;\">Size ve bize saatlerce s\u00fcrecek ortak deneyimler, ne\u015feli \u015fark\u0131lar ve konu\u015fmalar, bolca ilham ve rahatlama ve s\u0131cac\u0131k bir bulu\u015fma diliyoruz.<\/p>\t\t\t\t\t\t\t\t<\/div>\n\t\t\t\t<\/div>\n\t\t\t\t<div class=\"elementor-element elementor-element-c118490 elementor-widget elementor-widget-image\" data-id=\"c118490\" data-element_type=\"widget\" data-widget_type=\"image.default\">\n\t\t\t\t<div class=\"elementor-widget-container\">\n\t\t\t\t\t\t\t\t\t\t\t\t\t\t\t<img decoding=\"async\" width=\"800\" height=\"66\" src=\"https:\/\/voce-lingua.de\/wp-content\/uploads\/2024\/12\/trenner-2-1024x85.png\" class=\"attachment-large size-large wp-image-31\" alt=\"\" srcset=\"https:\/\/voce-lingua.de\/wp-content\/uploads\/2024\/12\/trenner-2-1024x85.png 1024w, https:\/\/voce-lingua.de\/wp-content\/uploads\/2024\/12\/trenner-2-300x25.png 300w, https:\/\/voce-lingua.de\/wp-content\/uploads\/2024\/12\/trenner-2-768x64.png 768w, https:\/\/voce-lingua.de\/wp-content\/uploads\/2024\/12\/trenner-2.png 1289w\" sizes=\"(max-width: 800px) 100vw, 800px\" \/>\t\t\t\t\t\t\t\t\t\t\t\t\t\t\t<\/div>\n\t\t\t\t<\/div>\n\t\t\t\t<div class=\"elementor-element elementor-element-a29c01a elementor-widget elementor-widget-heading\" data-id=\"a29c01a\" data-element_type=\"widget\" data-widget_type=\"heading.default\">\n\t\t\t\t<div class=\"elementor-widget-container\">\n\t\t\t\t\t<h2 class=\"elementor-heading-title elementor-size-default\">Size ne sunuyoruz<\/h2>\t\t\t\t<\/div>\n\t\t\t\t<\/div>\n\t\t\t\t<div class=\"elementor-element elementor-element-e88ac42 elementor-widget elementor-widget-image\" data-id=\"e88ac42\" data-element_type=\"widget\" data-widget_type=\"image.default\">\n\t\t\t\t<div class=\"elementor-widget-container\">\n\t\t\t\t\t\t\t\t\t\t\t\t\t\t\t<img loading=\"lazy\" decoding=\"async\" width=\"800\" height=\"66\" src=\"https:\/\/voce-lingua.de\/wp-content\/uploads\/2024\/12\/trenner-2-upside-down-1024x85.png\" class=\"attachment-large size-large wp-image-259\" alt=\"\" srcset=\"https:\/\/voce-lingua.de\/wp-content\/uploads\/2024\/12\/trenner-2-upside-down-1024x85.png 1024w, https:\/\/voce-lingua.de\/wp-content\/uploads\/2024\/12\/trenner-2-upside-down-300x25.png 300w, https:\/\/voce-lingua.de\/wp-content\/uploads\/2024\/12\/trenner-2-upside-down-768x64.png 768w, https:\/\/voce-lingua.de\/wp-content\/uploads\/2024\/12\/trenner-2-upside-down.png 1289w\" sizes=\"(max-width: 800px) 100vw, 800px\" \/>\t\t\t\t\t\t\t\t\t\t\t\t\t\t\t<\/div>\n\t\t\t\t<\/div>\n\t\t\t\t<div class=\"elementor-element elementor-element-eff027a elementor-widget__width-initial elementor-widget elementor-widget-text-editor\" data-id=\"eff027a\" data-element_type=\"widget\" data-widget_type=\"text-editor.default\">\n\t\t\t\t<div class=\"elementor-widget-container\">\n\t\t\t\t\t\t\t\t\t<ul><li>Nefes, ses ve hareket egzersizleri<\/li><li>Tan\u0131d\u0131k ve yeni \u015fark\u0131lar ve metinler geli\u015ftirmek<\/li><li>Kendi ihtiya\u00e7lar\u0131n\u0131z\u0131 ke\u015ffetmek ve ciddiye almak<\/li><li>Rahatlama egzersizleri<\/li><li>Grup, ortak ve bireysel \u00e7al\u0131\u015fma<\/li><li>Masajlar<\/li><li>Ayarlama tablosu<\/li><li>Alg\u0131 egzersizleri<\/li><li>Nas\u0131l daha \"iyi\" nefes alabilirim?<\/li><\/ul>\t\t\t\t\t\t\t\t<\/div>\n\t\t\t\t<\/div>\n\t\t\t\t<div class=\"elementor-element elementor-element-bd43996 elementor-widget elementor-widget-image\" data-id=\"bd43996\" data-element_type=\"widget\" data-widget_type=\"image.default\">\n\t\t\t\t<div class=\"elementor-widget-container\">\n\t\t\t\t\t\t\t\t\t\t\t\t\t\t\t<img loading=\"lazy\" decoding=\"async\" width=\"768\" height=\"64\" src=\"https:\/\/voce-lingua.de\/wp-content\/uploads\/2024\/12\/trenner-2-768x64.png\" class=\"attachment-medium_large size-medium_large wp-image-31\" alt=\"\" srcset=\"https:\/\/voce-lingua.de\/wp-content\/uploads\/2024\/12\/trenner-2-768x64.png 768w, https:\/\/voce-lingua.de\/wp-content\/uploads\/2024\/12\/trenner-2-300x25.png 300w, https:\/\/voce-lingua.de\/wp-content\/uploads\/2024\/12\/trenner-2-1024x85.png 1024w, https:\/\/voce-lingua.de\/wp-content\/uploads\/2024\/12\/trenner-2.png 1289w\" sizes=\"(max-width: 768px) 100vw, 768px\" \/>\t\t\t\t\t\t\t\t\t\t\t\t\t\t\t<\/div>\n\t\t\t\t<\/div>\n\t\t\t\t<div class=\"elementor-element elementor-element-8959ff4 elementor-widget elementor-widget-heading\" data-id=\"8959ff4\" data-element_type=\"widget\" data-widget_type=\"heading.default\">\n\t\t\t\t<div class=\"elementor-widget-container\">\n\t\t\t\t\t<h2 class=\"elementor-heading-title elementor-size-default\">Kime ula\u015fmak istiyoruz<\/h2>\t\t\t\t<\/div>\n\t\t\t\t<\/div>\n\t\t\t\t<div class=\"elementor-element elementor-element-e662601 elementor-widget elementor-widget-image\" data-id=\"e662601\" data-element_type=\"widget\" data-widget_type=\"image.default\">\n\t\t\t\t<div class=\"elementor-widget-container\">\n\t\t\t\t\t\t\t\t\t\t\t\t\t\t\t<img loading=\"lazy\" decoding=\"async\" width=\"800\" height=\"66\" src=\"https:\/\/voce-lingua.de\/wp-content\/uploads\/2024\/12\/trenner-2-upside-down-1024x85.png\" class=\"attachment-large size-large wp-image-259\" alt=\"\" srcset=\"https:\/\/voce-lingua.de\/wp-content\/uploads\/2024\/12\/trenner-2-upside-down-1024x85.png 1024w, https:\/\/voce-lingua.de\/wp-content\/uploads\/2024\/12\/trenner-2-upside-down-300x25.png 300w, https:\/\/voce-lingua.de\/wp-content\/uploads\/2024\/12\/trenner-2-upside-down-768x64.png 768w, https:\/\/voce-lingua.de\/wp-content\/uploads\/2024\/12\/trenner-2-upside-down.png 1289w\" sizes=\"(max-width: 800px) 100vw, 800px\" \/>\t\t\t\t\t\t\t\t\t\t\t\t\t\t\t<\/div>\n\t\t\t\t<\/div>\n\t\t\t\t<div class=\"elementor-element elementor-element-02bf2a1 elementor-widget__width-initial elementor-widget elementor-widget-text-editor\" data-id=\"02bf2a1\" data-element_type=\"widget\" data-widget_type=\"text-editor.default\">\n\t\t\t\t<div class=\"elementor-widget-container\">\n\t\t\t\t\t\t\t\t\t<ul><li>t\u00fcm ilgili taraflar<\/li><li>\u0130nme sonras\u0131 konu\u015fma terapisine ihtiya\u00e7 duyan ki\u015filer<\/li><li>Ses problemi olan ki\u015filer<\/li><li>Konu\u015fma ve dil sorunlar\u0131 olan ki\u015filer<\/li><li>Huzurevlerindeki insanlar ve ya\u015fl\u0131lar toplant\u0131lar\u0131 (AWO \/ K\u0131z\u0131l Ha\u00e7)<\/li><\/ul>\t\t\t\t\t\t\t\t<\/div>\n\t\t\t\t<\/div>\n\t\t\t\t<div class=\"elementor-element elementor-element-b407cf5 elementor-widget__width-initial elementor-widget elementor-widget-text-editor\" data-id=\"b407cf5\" data-element_type=\"widget\" data-widget_type=\"text-editor.default\">\n\t\t\t\t<div class=\"elementor-widget-container\">\n\t\t\t\t\t\t\t\t\t<p style=\"text-align: center;\">Sizden sorumlu doktorun (\u00f6rn. KBB, aile hekimi, n\u00f6rolog) re\u00e7etesiyle ve kendi hesab\u0131na \u00f6deme yapan biri olarak (masraflar yasal sa\u011fl\u0131k sigortas\u0131 \u015firketlerinin yard\u0131mlar\u0131na dayanmaktad\u0131r), genellikle k\u0131sa s\u00fcrede, \u015fark\u0131 s\u00f6yleme-konu\u015fma-hareket etme konseptiyle size nitelikli ses terapisi \/ konu\u015fma terapisi sunuyoruz.<\/p>\t\t\t\t\t\t\t\t<\/div>\n\t\t\t\t<\/div>\n\t\t\t\t\t<\/div>\n\t\t\t\t<\/div>\n\t\t\t\t<\/div>","protected":false},"excerpt":{"rendered":"<p>Singen Sprechen Bewegen Lieben Sie Gedichte, haben Sie Lust, gemeinsam mit anderen zu Singen, und m\u00f6chten Ihr Repertoire wieder auffrischen oder erneuern? dachten Sie immer: ich kann nicht singen, singe aber so gerne, sind h\u00e4ufiger mal heiser und k\u00f6nnen sich nur mit R\u00e4uspern helfen? Sind sie schnell au\u00dfer Atem und Verspannungen plagen Sie? Gemeinsam mit [&hellip;]<\/p>","protected":false},"author":1,"featured_media":0,"parent":0,"menu_order":0,"comment_status":"closed","ping_status":"closed","template":"","meta":{"footnotes":""},"class_list":["post-79","page","type-page","status-publish","hentry"],"_links":{"self":[{"href":"https:\/\/voce-lingua.de\/tr\/wp-json\/wp\/v2\/pages\/79","targetHints":{"allow":["GET"]}}],"collection":[{"href":"https:\/\/voce-lingua.de\/tr\/wp-json\/wp\/v2\/pages"}],"about":[{"href":"https:\/\/voce-lingua.de\/tr\/wp-json\/wp\/v2\/types\/page"}],"author":[{"embeddable":true,"href":"https:\/\/voce-lingua.de\/tr\/wp-json\/wp\/v2\/users\/1"}],"replies":[{"embeddable":true,"href":"https:\/\/voce-lingua.de\/tr\/wp-json\/wp\/v2\/comments?post=79"}],"version-history":[{"count":37,"href":"https:\/\/voce-lingua.de\/tr\/wp-json\/wp\/v2\/pages\/79\/revisions"}],"predecessor-version":[{"id":1622,"href":"https:\/\/voce-lingua.de\/tr\/wp-json\/wp\/v2\/pages\/79\/revisions\/1622"}],"wp:attachment":[{"href":"https:\/\/voce-lingua.de\/tr\/wp-json\/wp\/v2\/media?parent=79"}],"curies":[{"name":"wp","href":"https:\/\/api.w.org\/{rel}","templated":true}]}}