{"id":77,"date":"2024-12-06T11:54:42","date_gmt":"2024-12-06T11:54:42","guid":{"rendered":"http:\/\/voce-lingua.local\/?page_id=77"},"modified":"2025-06-01T08:18:55","modified_gmt":"2025-06-01T08:18:55","slug":"transgender-ses-egi%cc%87ti%cc%87mi%cc%87","status":"publish","type":"page","link":"https:\/\/voce-lingua.de\/tr\/transgender-ses-egi%cc%87ti%cc%87mi%cc%87\/","title":{"rendered":"Transseks\u00fcel ses e\u011fitimi"},"content":{"rendered":"<div data-elementor-type=\"wp-page\" data-elementor-id=\"77\" class=\"elementor elementor-77\">\n\t\t\t\t<div class=\"elementor-element elementor-element-d0b250b e-flex e-con-boxed e-con e-parent\" data-id=\"d0b250b\" data-element_type=\"container\">\n\t\t\t\t\t<div class=\"e-con-inner\">\n\t\t\t\t<div class=\"elementor-element elementor-element-d0c503d elementor-widget elementor-widget-image\" data-id=\"d0c503d\" data-element_type=\"widget\" data-widget_type=\"image.default\">\n\t\t\t\t<div class=\"elementor-widget-container\">\n\t\t\t\t\t\t\t\t\t\t\t\t\t\t\t<img fetchpriority=\"high\" decoding=\"async\" width=\"800\" height=\"73\" src=\"https:\/\/voce-lingua.de\/wp-content\/uploads\/2024\/12\/trenner-3-1-1024x93.png\" class=\"attachment-large size-large wp-image-133\" alt=\"\" srcset=\"https:\/\/voce-lingua.de\/wp-content\/uploads\/2024\/12\/trenner-3-1-1024x93.png 1024w, https:\/\/voce-lingua.de\/wp-content\/uploads\/2024\/12\/trenner-3-1-300x27.png 300w, https:\/\/voce-lingua.de\/wp-content\/uploads\/2024\/12\/trenner-3-1-768x70.png 768w, https:\/\/voce-lingua.de\/wp-content\/uploads\/2024\/12\/trenner-3-1.png 1382w\" sizes=\"(max-width: 800px) 100vw, 800px\" \/>\t\t\t\t\t\t\t\t\t\t\t\t\t\t\t<\/div>\n\t\t\t\t<\/div>\n\t\t\t\t<div class=\"elementor-element elementor-element-cd257c9 elementor-widget elementor-widget-heading\" data-id=\"cd257c9\" data-element_type=\"widget\" data-widget_type=\"heading.default\">\n\t\t\t\t<div class=\"elementor-widget-container\">\n\t\t\t\t\t<h2 class=\"elementor-heading-title elementor-size-default\">Transseks\u00fcel<br>Ses e\u011fitimi<\/h2>\t\t\t\t<\/div>\n\t\t\t\t<\/div>\n\t\t\t\t<div class=\"elementor-element elementor-element-df845b6 elementor-widget elementor-widget-image\" data-id=\"df845b6\" data-element_type=\"widget\" data-widget_type=\"image.default\">\n\t\t\t\t<div class=\"elementor-widget-container\">\n\t\t\t\t\t\t\t\t\t\t\t\t\t\t\t<img decoding=\"async\" width=\"768\" height=\"64\" src=\"https:\/\/voce-lingua.de\/wp-content\/uploads\/2024\/12\/trenner-2-upside-down-768x64.png\" class=\"attachment-medium_large size-medium_large wp-image-259\" alt=\"\" srcset=\"https:\/\/voce-lingua.de\/wp-content\/uploads\/2024\/12\/trenner-2-upside-down-768x64.png 768w, https:\/\/voce-lingua.de\/wp-content\/uploads\/2024\/12\/trenner-2-upside-down-300x25.png 300w, https:\/\/voce-lingua.de\/wp-content\/uploads\/2024\/12\/trenner-2-upside-down-1024x85.png 1024w, https:\/\/voce-lingua.de\/wp-content\/uploads\/2024\/12\/trenner-2-upside-down.png 1289w\" sizes=\"(max-width: 768px) 100vw, 768px\" \/>\t\t\t\t\t\t\t\t\t\t\t\t\t\t\t<\/div>\n\t\t\t\t<\/div>\n\t\t\t\t<div class=\"elementor-element elementor-element-00b2f8e elementor-widget__width-initial elementor-widget elementor-widget-text-editor\" data-id=\"00b2f8e\" data-element_type=\"widget\" data-widget_type=\"text-editor.default\">\n\t\t\t\t<div class=\"elementor-widget-container\">\n\t\t\t\t\t\t\t\t\t<p>Kimli\u011finizi bulma yolunda ilerliyor musunuz?<\/p><p>Konu\u015fman\u0131zda ve sesinizde de\u011fi\u015fiklik yapmak ister misiniz?<\/p><p>\u0130\u015finizde kendinizi ifade etmek istiyor ve sosyal ko\u015fullar taraf\u0131ndan s\u0131k s\u0131k engelleniyor musunuz?<\/p><p>Ses e\u011fitimi \u00e7al\u0131\u015fmas\u0131, konu\u015fma ve ses egzersizlerinin yan\u0131 s\u0131ra \u00f6zellikle \u00f6z fark\u0131ndal\u0131\u011f\u0131 i\u00e7erir.<\/p><p>Burada odak noktas\u0131, sesin v\u00fccuttaki rezonans\u0131n\u0131 hissetmektir (\u00f6rne\u011fin, konu\u015furken y\u00fcz\u00fcm\u00fc ve ba\u015f\u0131m\u0131 nas\u0131l kullan\u0131yorum?<br \/>ses egzersizleri s\u0131ras\u0131nda, de\u011fil mi?).<\/p><p>Bu ayn\u0131 zamanda bireysel ihtiya\u00e7lar\u0131n\u0131za g\u00f6re kendinizi sesli olarak nas\u0131l ifade edebilece\u011finizle de ilgilidir. Nefesiniz, hareketiniz, duru\u015funuz, ifadeniz, sesiniz ve enerjiniz birbirini nas\u0131l etkiliyor?<\/p><p>Hangi \"eski kal\u0131plar\u0131\" (\u00f6rne\u011fin duru\u015f\/hareket) geride tutuyorsunuz?<\/p>\t\t\t\t\t\t\t\t<\/div>\n\t\t\t\t<\/div>\n\t\t\t\t<div class=\"elementor-element elementor-element-c198451 elementor-widget elementor-widget-image\" data-id=\"c198451\" data-element_type=\"widget\" data-widget_type=\"image.default\">\n\t\t\t\t<div class=\"elementor-widget-container\">\n\t\t\t\t\t\t\t\t\t\t\t\t\t\t\t<img decoding=\"async\" width=\"768\" height=\"64\" src=\"https:\/\/voce-lingua.de\/wp-content\/uploads\/2024\/12\/trenner-2-768x64.png\" class=\"attachment-medium_large size-medium_large wp-image-31\" alt=\"\" srcset=\"https:\/\/voce-lingua.de\/wp-content\/uploads\/2024\/12\/trenner-2-768x64.png 768w, https:\/\/voce-lingua.de\/wp-content\/uploads\/2024\/12\/trenner-2-300x25.png 300w, https:\/\/voce-lingua.de\/wp-content\/uploads\/2024\/12\/trenner-2-1024x85.png 1024w, https:\/\/voce-lingua.de\/wp-content\/uploads\/2024\/12\/trenner-2.png 1289w\" sizes=\"(max-width: 768px) 100vw, 768px\" \/>\t\t\t\t\t\t\t\t\t\t\t\t\t\t\t<\/div>\n\t\t\t\t<\/div>\n\t\t\t\t<div class=\"elementor-element elementor-element-1f7f7e8 elementor-widget elementor-widget-heading\" data-id=\"1f7f7e8\" data-element_type=\"widget\" data-widget_type=\"heading.default\">\n\t\t\t\t<div class=\"elementor-widget-container\">\n\t\t\t\t\t<h2 class=\"elementor-heading-title elementor-size-default\">Ses \u00f6rne\u011fi<\/h2>\t\t\t\t<\/div>\n\t\t\t\t<\/div>\n\t\t\t\t<div class=\"elementor-element elementor-element-62fc718 elementor-widget elementor-widget-image\" data-id=\"62fc718\" data-element_type=\"widget\" data-widget_type=\"image.default\">\n\t\t\t\t<div class=\"elementor-widget-container\">\n\t\t\t\t\t\t\t\t\t\t\t\t\t\t\t<img decoding=\"async\" width=\"768\" height=\"64\" src=\"https:\/\/voce-lingua.de\/wp-content\/uploads\/2024\/12\/trenner-2-upside-down-768x64.png\" class=\"attachment-medium_large size-medium_large wp-image-259\" alt=\"\" srcset=\"https:\/\/voce-lingua.de\/wp-content\/uploads\/2024\/12\/trenner-2-upside-down-768x64.png 768w, https:\/\/voce-lingua.de\/wp-content\/uploads\/2024\/12\/trenner-2-upside-down-300x25.png 300w, https:\/\/voce-lingua.de\/wp-content\/uploads\/2024\/12\/trenner-2-upside-down-1024x85.png 1024w, https:\/\/voce-lingua.de\/wp-content\/uploads\/2024\/12\/trenner-2-upside-down.png 1289w\" sizes=\"(max-width: 768px) 100vw, 768px\" \/>\t\t\t\t\t\t\t\t\t\t\t\t\t\t\t<\/div>\n\t\t\t\t<\/div>\n\t\t\t\t<div class=\"elementor-element elementor-element-d0877c2 elementor-widget__width-initial elementor-widget elementor-widget-slide-compact-player\" data-id=\"d0877c2\" data-element_type=\"widget\" data-widget_type=\"slide-compact-player.default\">\n\t\t\t\t<div class=\"elementor-widget-container\">\n\t\t\t\t\t\r\n\t\t<div class=\"swp_music_player compact-player\" id=\"mpfe_69e4a81aa28cc\" data-autoplay=\"no\" data-playmode=\"repeat\" data-stopplaylistend=\"yes\" data-stopsongend=\"yes\" data-repeatmode=\"unset\" data-pfs=\"no\">\r\n\t\t\t<div class=\"swp-compact-player\">\r\n\t\t\t\t<div class=\"swp-compact-cover\">\r\n\t\t\t\t\t<div class=\"swp-compact-cover-container\"><\/div>\r\n\t\t\t\t\t<div class=\"compact-cover-overlay album_left_overlay lc_swp_overlay\"><\/div>\r\n\t\t\t\t<\/div>\r\n\r\n\t\t\t\t<div class=\"swp-compact-player-info\">\r\n\t\t\t\t\t<div class=\"compact-info-overlay album_right_overlay lc_swp_overlay\"><\/div>\r\n\t\t\t\t\t<div class=\"compact-info-content\">\r\n\t\t\t\t\t\t<div class=\"compact-info-top mpfe_clearfix\">\r\n\t\t\t\t\t\t\t<div class=\"compact-song-details\">\r\n\t\t\t\t\t\t\t\t<div class=\"current_song_name compact-song-name\"><\/div>\r\n\t\t\t\t\t\t\t\t<div class=\"current_album_name compact-album-name\"><\/div>\r\n\t\t\t\t\t\t\t<\/div>\r\n\t\t\t\t\t\t\t<div class=\"compact-play-pause\">\r\n\t\t\t\t\t\t\t\t<span class=\"compact-play-container\">\r\n\t\t\t\t\t\t\t\t\t<i class=\"fas fa-play player_play compact_play compact-playpause\"><\/i>\r\n\t\t\t\t\t\t\t\t<\/span>\r\n\t\t\t\t\t\t\t\t<span class=\"compact-pause-container\">\r\n\t\t\t\t\t\t\t\t\t<i class=\"fas fa-pause player_pause compact_pause compact-playpause display_none\"><\/i>\r\n\t\t\t\t\t\t\t\t<\/span>\r\n\t\t\t\t\t\t\t<\/div>\r\n\t\t\t\t\t\t<\/div>\r\n\r\n\t\t\t\t\t\t<div class=\"smc_player_progress_bar compact-progress-bar\">\r\n\t\t\t\t\t\t\t<div class=\"player_time_slider_base compact-player-slider-base ltr_direction\"><\/div>\r\n\t\t\t\t\t\t\t<div class=\"player_time_slider compact-player-slider\"><\/div>\r\n\t\t\t\t\t\t<\/div>\r\n\r\n\t\t\t\t\t\t<div class=\"compact-info-bottom mpfe_clearfix\">\r\n\t\t\t\t\t\t\t<div class=\"compact-timeline\">\r\n\t\t\t\t\t\t\t\t<span class=\"song_current_progress compact_current_progress\">0:00<\/span>\r\n\t\t\t\t\t\t\t\t<span class=\"player_duration_sep compact_duration_sep\">&#47;<\/span>\r\n\t\t\t\t\t\t\t\t<span class=\"song_duration compact_song_duration\">0:00<\/span>\r\n\t\t\t\t\t\t\t<\/div>\r\n\r\n\t\t\t\t\t\t\t\r\n\t\t\t\t\t\t\t<div class=\"compact-controls\">\r\n\t\t\t\t\t\t\t\t\r\n\t\t\t\t\t\t\t\t\t\t\t\t\t\t\t\t\t\t\t\t\t\t\t\t<i class=\"fas fa-step-backward mpfe-compact-bottom-player-icon\"><\/i>\r\n\t\t\t\t\t\t\t\t<i class=\"fas fa-step-forward mpfe-compact-bottom-player-icon\"><\/i>\r\n\t\t\t\t\t\t\t\t\t\t\t\t\t\t\t\t\t\t\t\t\t\t\t\t\r\n\r\n\r\n\t\t\t\t\t\t\t\t\t\t\t\t\t\t\t\t<i class=\"fas fa-list-ul mpfe-compact-list\"><\/i>\r\n\t\t\t\t\t\t\t\t\t\t\t\t\t\t\t<\/div>\r\n\t\t\t\t\t\t<\/div>\r\n\t\t\t\t\t<\/div>\r\n\t\t\t\t<\/div>\r\n\t\t\t<\/div>\r\n\r\n\t\t\t\r\n\t\t\t<div class=\"swp-compact-playlist swp-playlist-popup\">\r\n\t\t\t\t\t\t\t\t<div class=\"compact-close-playlist-container\">\r\n\t\t\t\t<\/div>\r\n\t\t\t\t\t\t\t\t<div class=\"swp-compact-playlist-inner-container swp-playlist-popup-inner\">\r\n\t\t\t\t\t<div class=\"swp-compact-playlist-inner\">\r\n\t\t\t\t\t\t\t<div class=\"swp_music_player_entry compact-player-entry mpfe_clearfix\" data-mediafile=\"https:\/\/voce-lingua.de\/wp-content\/uploads\/2025\/01\/WDR5-Neugier_genuegt_Stimmig-original.mp3\">\r\n\t\t\t<span class=\"swp_song_details player_entry_left compact_player_entry_left\">\r\n\t\t\t\t<span class=\"play_icon compact_player_playlist_under_play\">\r\n\t\t\t\t\t<i class=\"fas fa-play before_song compact_bs compact_bs_play\"><\/i>\r\n\t\t\t\t\t<i class=\"fas fa-pause before_song compact_bs compact_bs_pause display_none\"><\/i>\r\n\t\t\t\t<\/span>\r\n\t\t\t\t<span class=\"player_song_name transition3\" data-albumname=\"\">\r\n\t\t\t\t\tSes \u00f6rne\u011fi\t\t\t\t<\/span>\r\n\t\t\t\t\t\t\t<\/span>\r\n\r\n\t\t\t<span class=\"entry_duration mpfe_fix_lh\"><\/span>\t\t\r\n\r\n\t\t\t<span class=\"song_buy_icons compact_buy_icons transition3 mpfe_clearfix mobile_visibility_hide\">\r\n\t\t\t\t\t\t\t\t\t\t\t\t\t\t\t\t\t\t\t<\/span>\r\n\r\n\t\t\t\t\t<\/div>\r\n\r\n\t\t\t\t\t\t\t<\/div>\r\n\t\t\t\t<\/div>\r\n\t\t\t<\/div>\r\n\t\t<\/div>\r\n\r\n\t\t\t\t\t\t<\/div>\n\t\t\t\t<\/div>\n\t\t\t\t\t<\/div>\n\t\t\t\t<\/div>\n\t\t<div class=\"elementor-element elementor-element-81701fb e-flex e-con-boxed e-con e-parent\" data-id=\"81701fb\" data-element_type=\"container\">\n\t\t\t\t\t<div class=\"e-con-inner\">\n\t\t\t\t<div class=\"elementor-element elementor-element-9619231 elementor-widget elementor-widget-image\" data-id=\"9619231\" data-element_type=\"widget\" data-widget_type=\"image.default\">\n\t\t\t\t<div class=\"elementor-widget-container\">\n\t\t\t\t\t\t\t\t\t\t\t\t\t\t\t<img decoding=\"async\" width=\"768\" height=\"64\" src=\"https:\/\/voce-lingua.de\/wp-content\/uploads\/2024\/12\/trenner-2-768x64.png\" class=\"attachment-medium_large size-medium_large wp-image-31\" alt=\"\" srcset=\"https:\/\/voce-lingua.de\/wp-content\/uploads\/2024\/12\/trenner-2-768x64.png 768w, https:\/\/voce-lingua.de\/wp-content\/uploads\/2024\/12\/trenner-2-300x25.png 300w, https:\/\/voce-lingua.de\/wp-content\/uploads\/2024\/12\/trenner-2-1024x85.png 1024w, https:\/\/voce-lingua.de\/wp-content\/uploads\/2024\/12\/trenner-2.png 1289w\" sizes=\"(max-width: 768px) 100vw, 768px\" \/>\t\t\t\t\t\t\t\t\t\t\t\t\t\t\t<\/div>\n\t\t\t\t<\/div>\n\t\t\t\t<div class=\"elementor-element elementor-element-e4111f0 elementor-widget elementor-widget-heading\" data-id=\"e4111f0\" data-element_type=\"widget\" data-widget_type=\"heading.default\">\n\t\t\t\t<div class=\"elementor-widget-container\">\n\t\t\t\t\t<h2 class=\"elementor-heading-title elementor-size-default\">Ses terapisinin ana odak noktalar\u0131 \u015funlard\u0131r<\/h2>\t\t\t\t<\/div>\n\t\t\t\t<\/div>\n\t\t\t\t<div class=\"elementor-element elementor-element-d11d404 elementor-widget elementor-widget-image\" data-id=\"d11d404\" data-element_type=\"widget\" data-widget_type=\"image.default\">\n\t\t\t\t<div class=\"elementor-widget-container\">\n\t\t\t\t\t\t\t\t\t\t\t\t\t\t\t<img decoding=\"async\" width=\"768\" height=\"64\" src=\"https:\/\/voce-lingua.de\/wp-content\/uploads\/2024\/12\/trenner-2-upside-down-768x64.png\" class=\"attachment-medium_large size-medium_large wp-image-259\" alt=\"\" srcset=\"https:\/\/voce-lingua.de\/wp-content\/uploads\/2024\/12\/trenner-2-upside-down-768x64.png 768w, https:\/\/voce-lingua.de\/wp-content\/uploads\/2024\/12\/trenner-2-upside-down-300x25.png 300w, https:\/\/voce-lingua.de\/wp-content\/uploads\/2024\/12\/trenner-2-upside-down-1024x85.png 1024w, https:\/\/voce-lingua.de\/wp-content\/uploads\/2024\/12\/trenner-2-upside-down.png 1289w\" sizes=\"(max-width: 768px) 100vw, 768px\" \/>\t\t\t\t\t\t\t\t\t\t\t\t\t\t\t<\/div>\n\t\t\t\t<\/div>\n\t\t\t\t<div class=\"elementor-element elementor-element-798d207 elementor-widget__width-initial elementor-widget elementor-widget-text-editor\" data-id=\"798d207\" data-element_type=\"widget\" data-widget_type=\"text-editor.default\">\n\t\t\t\t<div class=\"elementor-widget-container\">\n\t\t\t\t\t\t\t\t\t<ul>\n \t<li>Nefes alma ve gerginlik\/gev\u015feme<\/li>\n \t<li>Beden fark\u0131ndal\u0131\u011f\u0131, \u00f6zellikle nefes alma, hareket, duru\u015f ve sesin ifadesi, ses ve rol kal\u0131plar\u0131 vb.<\/li>\n \t<li>Ses egzersizleri<\/li>\n \t<li>Konu\u015fma melodisi (prozodi), vurgu ve ses ile ilgili deneyler<\/li>\n \t<li>\u00c7e\u015fitli d\u00fczeylerde alg\u0131 i\u00e7in Gestalt terapi dan\u0131\u015fmanl\u0131\u011f\u0131 (duyular, duygular, haf\u0131za dahil)<\/li>\n \t<li>\"Eski\" - \"yeni\" ses ile \u00f6zde\u015fle\u015fmeye \u00e7al\u0131\u015fmak i\u00e7in al\u0131\u015ft\u0131rmalar<\/li>\n \t<li>Ki\u015fisel kayg\u0131lar\u0131n fark\u0131ndal\u0131\u011f\u0131<\/li>\n \t<li>Profesyonel veya \u00f6zel ileti\u015fimde kendimi nas\u0131l tutarl\u0131 hissedebilirim ve kimli\u011fimi nas\u0131l ifade edebilirim? (Yarat\u0131c\u0131 medya ile al\u0131\u015ft\u0131rmalar)<\/li>\n\n<li><a href=\"\/tr\/karoline-kupperrothun-hayati\/\">Oylama masas\u0131nda bulu\u015fma f\u0131rsat\u0131.<\/a><\/li>\n<\/ul>\t\t\t\t\t\t\t\t<\/div>\n\t\t\t\t<\/div>\n\t\t\t\t<div class=\"elementor-element elementor-element-48547d2 elementor-widget elementor-widget-image\" data-id=\"48547d2\" data-element_type=\"widget\" data-widget_type=\"image.default\">\n\t\t\t\t<div class=\"elementor-widget-container\">\n\t\t\t\t\t\t\t\t\t\t\t\t\t\t\t<img decoding=\"async\" width=\"768\" height=\"64\" src=\"https:\/\/voce-lingua.de\/wp-content\/uploads\/2024\/12\/trenner-2-768x64.png\" class=\"attachment-medium_large size-medium_large wp-image-31\" alt=\"\" srcset=\"https:\/\/voce-lingua.de\/wp-content\/uploads\/2024\/12\/trenner-2-768x64.png 768w, https:\/\/voce-lingua.de\/wp-content\/uploads\/2024\/12\/trenner-2-300x25.png 300w, https:\/\/voce-lingua.de\/wp-content\/uploads\/2024\/12\/trenner-2-1024x85.png 1024w, https:\/\/voce-lingua.de\/wp-content\/uploads\/2024\/12\/trenner-2.png 1289w\" sizes=\"(max-width: 768px) 100vw, 768px\" \/>\t\t\t\t\t\t\t\t\t\t\t\t\t\t\t<\/div>\n\t\t\t\t<\/div>\n\t\t\t\t<div class=\"elementor-element elementor-element-6ae23c5 elementor-widget elementor-widget-heading\" data-id=\"6ae23c5\" data-element_type=\"widget\" data-widget_type=\"heading.default\">\n\t\t\t\t<div class=\"elementor-widget-container\">\n\t\t\t\t\t<h2 class=\"elementor-heading-title elementor-size-default\">Size nas\u0131l yard\u0131mc\u0131 olabiliriz<\/h2>\t\t\t\t<\/div>\n\t\t\t\t<\/div>\n\t\t\t\t<div class=\"elementor-element elementor-element-a458dfa elementor-widget elementor-widget-image\" data-id=\"a458dfa\" data-element_type=\"widget\" data-widget_type=\"image.default\">\n\t\t\t\t<div class=\"elementor-widget-container\">\n\t\t\t\t\t\t\t\t\t\t\t\t\t\t\t<img decoding=\"async\" width=\"768\" height=\"64\" src=\"https:\/\/voce-lingua.de\/wp-content\/uploads\/2024\/12\/trenner-2-upside-down-768x64.png\" class=\"attachment-medium_large size-medium_large wp-image-259\" alt=\"\" srcset=\"https:\/\/voce-lingua.de\/wp-content\/uploads\/2024\/12\/trenner-2-upside-down-768x64.png 768w, https:\/\/voce-lingua.de\/wp-content\/uploads\/2024\/12\/trenner-2-upside-down-300x25.png 300w, https:\/\/voce-lingua.de\/wp-content\/uploads\/2024\/12\/trenner-2-upside-down-1024x85.png 1024w, https:\/\/voce-lingua.de\/wp-content\/uploads\/2024\/12\/trenner-2-upside-down.png 1289w\" sizes=\"(max-width: 768px) 100vw, 768px\" \/>\t\t\t\t\t\t\t\t\t\t\t\t\t\t\t<\/div>\n\t\t\t\t<\/div>\n\t\t\t\t<div class=\"elementor-element elementor-element-76a8538 elementor-widget__width-initial elementor-widget elementor-widget-text-editor\" data-id=\"76a8538\" data-element_type=\"widget\" data-widget_type=\"text-editor.default\">\n\t\t\t\t<div class=\"elementor-widget-container\">\n\t\t\t\t\t\t\t\t\t<ul><li>E\u011fer bir ses bozuklu\u011funuz varsa, sa\u011fl\u0131k sigortan\u0131z masraflar\u0131 kar\u015f\u0131layacakt\u0131r.<\/li><li>Kendi hesab\u0131na \u00f6deme yapan bir ki\u015fi olarak, yasal sa\u011fl\u0131k sigortas\u0131 \u015firketleri taraf\u0131ndan sa\u011flanan hizmetlere dayal\u0131 masraflara maruz kalacaks\u0131n\u0131z<\/li><\/ul>\t\t\t\t\t\t\t\t<\/div>\n\t\t\t\t<\/div>\n\t\t\t\t<div class=\"elementor-element elementor-element-8dcbfed elementor-widget__width-initial elementor-widget elementor-widget-text-editor\" data-id=\"8dcbfed\" data-element_type=\"widget\" data-widget_type=\"text-editor.default\">\n\t\t\t\t<div class=\"elementor-widget-container\">\n\t\t\t\t\t\t\t\t\t<p>Olas\u0131 terapi planlamas\u0131 ve bireysel ses terapisi tedavisi ile ilgili bireysel bir kons\u00fcltasyon istiyorsan\u0131z, ileti\u015fim bilgilerimizi \u0130leti\u015fim b\u00f6l\u00fcm\u00fcnde bulabilirsiniz.<\/p><p>L\u00fctfen \u00f6ncelikle yetkili bir doktordan re\u00e7ete alman\u0131z gerekti\u011fini unutmay\u0131n, daha fazla bilgi i\u00e7in Ana Sayfa b\u00f6l\u00fcm\u00fcne bakabilirsiniz.<\/p>\t\t\t\t\t\t\t\t<\/div>\n\t\t\t\t<\/div>\n\t\t\t\t<div class=\"elementor-element elementor-element-20cde81 elementor-widget elementor-widget-image\" data-id=\"20cde81\" data-element_type=\"widget\" data-widget_type=\"image.default\">\n\t\t\t\t<div class=\"elementor-widget-container\">\n\t\t\t\t\t\t\t\t\t\t\t\t\t\t\t<img decoding=\"async\" width=\"768\" height=\"64\" src=\"https:\/\/voce-lingua.de\/wp-content\/uploads\/2024\/12\/trenner-2-768x64.png\" class=\"attachment-medium_large size-medium_large wp-image-31\" alt=\"\" srcset=\"https:\/\/voce-lingua.de\/wp-content\/uploads\/2024\/12\/trenner-2-768x64.png 768w, https:\/\/voce-lingua.de\/wp-content\/uploads\/2024\/12\/trenner-2-300x25.png 300w, https:\/\/voce-lingua.de\/wp-content\/uploads\/2024\/12\/trenner-2-1024x85.png 1024w, https:\/\/voce-lingua.de\/wp-content\/uploads\/2024\/12\/trenner-2.png 1289w\" sizes=\"(max-width: 768px) 100vw, 768px\" \/>\t\t\t\t\t\t\t\t\t\t\t\t\t\t\t<\/div>\n\t\t\t\t<\/div>\n\t\t\t\t\t<\/div>\n\t\t\t\t<\/div>\n\t\t<div class=\"elementor-element elementor-element-6f8a217 e-flex e-con-boxed e-con e-parent\" data-id=\"6f8a217\" data-element_type=\"container\">\n\t\t\t\t\t<div class=\"e-con-inner\">\n\t\t\t\t<div class=\"elementor-element elementor-element-37e6344 elementor-widget elementor-widget-heading\" data-id=\"37e6344\" data-element_type=\"widget\" data-widget_type=\"heading.default\">\n\t\t\t\t<div class=\"elementor-widget-container\">\n\t\t\t\t\t<h2 class=\"elementor-heading-title elementor-size-default\">Gestalt terapi dan\u0131\u015fmanl\u0131\u011f\u0131 <br>transseks\u00fcel m\u00fc\u015fterilerle<\/h2>\t\t\t\t<\/div>\n\t\t\t\t<\/div>\n\t\t\t\t\t<\/div>\n\t\t\t\t<\/div>\n\t\t<div class=\"elementor-element elementor-element-8115117 e-flex e-con-boxed e-con e-parent\" data-id=\"8115117\" data-element_type=\"container\">\n\t\t\t\t\t<div class=\"e-con-inner\">\n\t\t\t\t<div class=\"elementor-element elementor-element-823600c elementor-widget elementor-widget-image\" data-id=\"823600c\" data-element_type=\"widget\" data-widget_type=\"image.default\">\n\t\t\t\t<div class=\"elementor-widget-container\">\n\t\t\t\t\t\t\t\t\t\t\t\t\t\t\t<img decoding=\"async\" width=\"768\" height=\"64\" src=\"https:\/\/voce-lingua.de\/wp-content\/uploads\/2024\/12\/trenner-2-upside-down-768x64.png\" class=\"attachment-medium_large size-medium_large wp-image-259\" alt=\"\" srcset=\"https:\/\/voce-lingua.de\/wp-content\/uploads\/2024\/12\/trenner-2-upside-down-768x64.png 768w, https:\/\/voce-lingua.de\/wp-content\/uploads\/2024\/12\/trenner-2-upside-down-300x25.png 300w, https:\/\/voce-lingua.de\/wp-content\/uploads\/2024\/12\/trenner-2-upside-down-1024x85.png 1024w, https:\/\/voce-lingua.de\/wp-content\/uploads\/2024\/12\/trenner-2-upside-down.png 1289w\" sizes=\"(max-width: 768px) 100vw, 768px\" \/>\t\t\t\t\t\t\t\t\t\t\t\t\t\t\t<\/div>\n\t\t\t\t<\/div>\n\t\t\t\t\t<\/div>\n\t\t\t\t<\/div>\n\t\t<div class=\"elementor-element elementor-element-47f5c10 e-con-full e-flex e-con e-parent\" data-id=\"47f5c10\" data-element_type=\"container\">\n\t\t\t\t<div class=\"elementor-element elementor-element-80b7cf9 elementor-widget__width-initial elementor-widget elementor-widget-text-editor\" data-id=\"80b7cf9\" data-element_type=\"widget\" data-widget_type=\"text-editor.default\">\n\t\t\t\t<div class=\"elementor-widget-container\">\n\t\t\t\t\t\t\t\t\t<p>At\u0131l\u0131mdan \u00f6nce trans bir kad\u0131n ya da trans bir erkek olarak hayat nas\u0131ld\u0131?<\/p><p>Belki de bu durum al\u0131konulan d\u00fcrt\u00fclerle ayn\u0131d\u0131r. Bunu James Kepner'den bir \u00f6rnekle a\u00e7\u0131klayay\u0131m: \u00c7at\u0131n\u0131n alt\u0131ndaki bir depo y\u0131llard\u0131r kilitli ve uzun zamand\u0131r oraya girmedik. Sadece kabaca orada hala eski bir sevimli oyuncak oldu\u011funu biliyorum. Sadece onunla temas etti\u011fimde ve uzun s\u00fcredir kapal\u0131 olan kap\u0131y\u0131 a\u00e7t\u0131\u011f\u0131mda g\u00f6zlerindeki par\u0131lt\u0131y\u0131 hat\u0131rl\u0131yorum....<\/p><p>Ben Kirsten M\u00fcller, nitelikli bir dil ve konu\u015fma terapisti ve Gestalt terapistiyim. \u00c7al\u0131\u015fmalar\u0131mda, uzun y\u0131llar ya da on y\u0131llar boyunca erkek bedeninde bir kad\u0131n ya da kad\u0131n bedeninde bir erkek olarak s\u0131k\u0131\u015f\u0131p kald\u0131klar\u0131n\u0131 hisseden insanlarla tan\u0131\u015f\u0131yorum. Bazen \u00f6zlemini duyduklar\u0131 hayat\u0131 ya\u015famaya karar vermeden \u00f6nce kendilerinden \u015f\u00fcphe duyduklar\u0131 ve ac\u0131 verici kararlar verdikleri bir yola giriyorlar. Ses e\u011fitimi i\u00e7in bize kaydolursan\u0131z, b\u00fct\u00fcnsel ses terapisine ek olarak Gestalt terapisi odakl\u0131 dan\u0131\u015fmanl\u0131k seanslar\u0131 da alabilirsiniz. Burada Gestalt, kendi deneyimlerinizle deneyim odakl\u0131 kalmak anlam\u0131na gelir ve g\u00fc\u00e7l\u00fc bir \u015fekilde duygulara odaklan\u0131r.<\/p><p>Sosyal becerilerin ve \u00f6zg\u00fcvenin gen\u00e7 ya\u015flarda geli\u015fmesi gibi, trans bireyler de sosyal \u00e7evrelerinde tipik erkek veya tipik kad\u0131n davran\u0131\u015flar\u0131 veya \"b\u00f6ylelik\" i\u00e7in uygun rol modelleri veya modeller ararlar.<\/p><p>Erken ya\u015fta edinilen inan\u00e7lar, utan\u00e7 verici deneyimler ya da \"Sen b\u00f6yle g\u00fclmezsin, bir kad\u0131n kadar histeriksin!\" gibi endi\u015feyle saklanan istekler. Ya da: \"Sen a\u011flamazs\u0131n!\"<br \/>Ya da: K\u0131\u00e7\u0131n\u0131 bir kad\u0131n gibi salla -<br \/>Dilemek ama cesaret edememek....<\/p><p>Belki de akran gruplar\u0131nda, i\u015f yerinde veya aile i\u00e7inde mevcut g\u00f6r\u00fcn\u00fcmlerini karakterize ederler. Benim dan\u0131\u015fmanl\u0131\u011f\u0131m ki\u015fili\u011fin farkl\u0131 b\u00f6l\u00fcmleriyle \u00e7al\u0131\u015fmaya odaklan\u0131r. Egzersizin bir par\u00e7as\u0131 da bu par\u00e7alar\u0131n birbirleriyle bir rol oyununda oldu\u011fu gibi ileti\u015fim kurmas\u0131d\u0131r. Bu \u015fekilde ki\u015filik \u00f6zelliklerimin fark\u0131na varabilir ve onlarla \u00f6zde\u015fle\u015fmeye \u00e7al\u0131\u015fabilirim.<br \/>art\u0131k bir kad\u0131n gibi y\u00fcr\u00fcmek.<\/p><p>Daha yak\u0131ndan bakmak, \u00f6rne\u011fin hissedebildi\u011fim beden izlenimlerine izin vermek, bunlar\u0131 kendi kelimelerime d\u00f6kmek veya yarat\u0131c\u0131 bir \u015fekilde ifade etmek (\u00f6rne\u011fin resim yaparak), insanlar\u0131n ba\u015fka t\u00fcrl\u00fc fark edemeyecekleri veya \u00e7ok tehdit edici olan ihtiya\u00e7larla temasa ge\u00e7melerine yard\u0131mc\u0131 olur.<\/p><p>Kural olarak, dan\u0131\u015fmanl\u0131k, \u00f6zg\u00fcveni art\u0131rma ve dan\u0131\u015fana daha fazla eylem se\u00e7ene\u011fi sunma gibi olumlu bir etkiye sahiptir.<\/p><p>Dan\u0131\u015fmanl\u0131\u011f\u0131n bir sonucu da trans bir birey olarak yola devam etmek i\u00e7in e\u015flik eden psikoterapiye girme karar\u0131 olabilir.<\/p><p style=\"text-align: right;\">\u0130mza. Kirsten M\u00fcller<\/p><p style=\"text-align: right;\">Kay\u0131t alt\u0131nda: <a href=\"mailto:kirsten.mueller@voce-lingua.de\">kirsten.mueller@voce-lingua.de<\/a><\/p>\t\t\t\t\t\t\t\t<\/div>\n\t\t\t\t<\/div>\n\t\t\t\t<\/div>\n\t\t\t\t<\/div>","protected":false},"excerpt":{"rendered":"<p>TransgenderStimmtraining Sie sind auf dem Weg Ihre Identit\u00e4t zu finden? Sie w\u00fcnschen sich Ver\u00e4nderungen bez\u00fcglich Ihres Sprechens und Ihrer Stimme? Sie wollen sich in Ihrer T\u00e4tigkeit zum Ausdruck bringen und sind oftmals entmutigt angesichts gesellschaftlicher Rahmenbedingungen? Die stimmbildnerische Arbeit umfasst sowohl Sprech- und Stimm\u00fcbungen als auch im besonderen Ma\u00dfe die Selbstwahrnehmung. Hierbei steht u.a. das [&hellip;]<\/p>","protected":false},"author":1,"featured_media":0,"parent":0,"menu_order":0,"comment_status":"closed","ping_status":"closed","template":"","meta":{"footnotes":""},"class_list":["post-77","page","type-page","status-publish","hentry"],"_links":{"self":[{"href":"https:\/\/voce-lingua.de\/tr\/wp-json\/wp\/v2\/pages\/77","targetHints":{"allow":["GET"]}}],"collection":[{"href":"https:\/\/voce-lingua.de\/tr\/wp-json\/wp\/v2\/pages"}],"about":[{"href":"https:\/\/voce-lingua.de\/tr\/wp-json\/wp\/v2\/types\/page"}],"author":[{"embeddable":true,"href":"https:\/\/voce-lingua.de\/tr\/wp-json\/wp\/v2\/users\/1"}],"replies":[{"embeddable":true,"href":"https:\/\/voce-lingua.de\/tr\/wp-json\/wp\/v2\/comments?post=77"}],"version-history":[{"count":88,"href":"https:\/\/voce-lingua.de\/tr\/wp-json\/wp\/v2\/pages\/77\/revisions"}],"predecessor-version":[{"id":1760,"href":"https:\/\/voce-lingua.de\/tr\/wp-json\/wp\/v2\/pages\/77\/revisions\/1760"}],"wp:attachment":[{"href":"https:\/\/voce-lingua.de\/tr\/wp-json\/wp\/v2\/media?parent=77"}],"curies":[{"name":"wp","href":"https:\/\/api.w.org\/{rel}","templated":true}]}}