{"id":75,"date":"2024-12-06T11:54:23","date_gmt":"2024-12-06T11:54:23","guid":{"rendered":"http:\/\/voce-lingua.local\/?page_id=75"},"modified":"2025-04-16T15:23:17","modified_gmt":"2025-04-16T15:23:17","slug":"ses-terapisi","status":"publish","type":"page","link":"https:\/\/voce-lingua.de\/tr\/ses-terapisi\/","title":{"rendered":"Ses terapisi"},"content":{"rendered":"<div data-elementor-type=\"wp-page\" data-elementor-id=\"75\" class=\"elementor elementor-75\">\n\t\t\t\t<div class=\"elementor-element elementor-element-1be578a e-flex e-con-boxed e-con e-parent\" data-id=\"1be578a\" data-element_type=\"container\">\n\t\t\t\t\t<div class=\"e-con-inner\">\n\t\t\t\t<div class=\"elementor-element elementor-element-8b408aa elementor-widget elementor-widget-image\" data-id=\"8b408aa\" data-element_type=\"widget\" data-widget_type=\"image.default\">\n\t\t\t\t<div class=\"elementor-widget-container\">\n\t\t\t\t\t\t\t\t\t\t\t\t\t\t\t<img fetchpriority=\"high\" decoding=\"async\" width=\"768\" height=\"576\" src=\"https:\/\/voce-lingua.de\/wp-content\/uploads\/2025\/04\/paragliding-623721_960_720-768x576.jpg\" class=\"attachment-medium_large size-medium_large wp-image-1204\" alt=\"\" srcset=\"https:\/\/voce-lingua.de\/wp-content\/uploads\/2025\/04\/paragliding-623721_960_720-768x576.jpg 768w, https:\/\/voce-lingua.de\/wp-content\/uploads\/2025\/04\/paragliding-623721_960_720-300x225.jpg 300w, https:\/\/voce-lingua.de\/wp-content\/uploads\/2025\/04\/paragliding-623721_960_720.jpg 960w\" sizes=\"(max-width: 768px) 100vw, 768px\" \/>\t\t\t\t\t\t\t\t\t\t\t\t\t\t\t<\/div>\n\t\t\t\t<\/div>\n\t\t\t\t<div class=\"elementor-element elementor-element-9561184 elementor-widget elementor-widget-heading\" data-id=\"9561184\" data-element_type=\"widget\" data-widget_type=\"heading.default\">\n\t\t\t\t<div class=\"elementor-widget-container\">\n\t\t\t\t\t<h1 class=\"elementor-heading-title elementor-size-default\">\"onun sesiyle duyulmak <br>B\u0131rak\u0131n ta\u015f\u0131ns\u0131n.\"<\/h1>\t\t\t\t<\/div>\n\t\t\t\t<\/div>\n\t\t\t\t<div class=\"elementor-element elementor-element-d1131a4 elementor-widget elementor-widget-image\" data-id=\"d1131a4\" data-element_type=\"widget\" data-widget_type=\"image.default\">\n\t\t\t\t<div class=\"elementor-widget-container\">\n\t\t\t\t\t\t\t\t\t\t\t\t\t\t\t<img decoding=\"async\" width=\"800\" height=\"73\" src=\"https:\/\/voce-lingua.de\/wp-content\/uploads\/2024\/12\/trenner-3-1-1024x93.png\" class=\"attachment-large size-large wp-image-133\" alt=\"\" srcset=\"https:\/\/voce-lingua.de\/wp-content\/uploads\/2024\/12\/trenner-3-1-1024x93.png 1024w, https:\/\/voce-lingua.de\/wp-content\/uploads\/2024\/12\/trenner-3-1-300x27.png 300w, https:\/\/voce-lingua.de\/wp-content\/uploads\/2024\/12\/trenner-3-1-768x70.png 768w, https:\/\/voce-lingua.de\/wp-content\/uploads\/2024\/12\/trenner-3-1.png 1382w\" sizes=\"(max-width: 800px) 100vw, 800px\" \/>\t\t\t\t\t\t\t\t\t\t\t\t\t\t\t<\/div>\n\t\t\t\t<\/div>\n\t\t\t\t\t<\/div>\n\t\t\t\t<\/div>\n\t\t<div class=\"elementor-element elementor-element-b6c5209 e-flex e-con-boxed e-con e-parent\" data-id=\"b6c5209\" data-element_type=\"container\">\n\t\t\t\t\t<div class=\"e-con-inner\">\n\t\t\t\t<div class=\"elementor-element elementor-element-1d756e3 elementor-widget__width-initial elementor-widget elementor-widget-text-editor\" data-id=\"1d756e3\" data-element_type=\"widget\" data-widget_type=\"text-editor.default\">\n\t\t\t\t<div class=\"elementor-widget-container\">\n\t\t\t\t\t\t\t\t\t<p>Ses sa\u011fl\u0131\u011f\u0131n\u0131z bizim i\u00e7in \u00f6nemlidir.<\/p><p>\u00d6zel veya profesyonel ya\u015fam\u0131n\u0131zda, \u00f6rne\u011fin okulda y\u00fcksek sesle okurken veya i\u015f yerinde bir sunum s\u0131ras\u0131nda kendinizi ifade etmekte \u00f6zg\u00fcr hissetmelisiniz. Bu, kendinizi ifade etmenize ve \u00e7evrenizdekilerle ileti\u015fim kurman\u0131za olanak tan\u0131r.<\/p>\t\t\t\t\t\t\t\t<\/div>\n\t\t\t\t<\/div>\n\t\t\t\t<div class=\"elementor-element elementor-element-061085a elementor-widget__width-initial elementor-widget elementor-widget-text-editor\" data-id=\"061085a\" data-element_type=\"widget\" data-widget_type=\"text-editor.default\">\n\t\t\t\t<div class=\"elementor-widget-container\">\n\t\t\t\t\t\t\t\t\t<p>Sesi ki\u015fisel bir ifade ve kaynak olarak vurgulamak istiyoruz. Sesin geli\u015ftirilmesinden ve ses sa\u011fl\u0131\u011f\u0131n\u0131n korunmas\u0131ndan yanay\u0131z. \u00d6zellikle mesleki a\u00e7\u0131dan stresli mesleklerde (\u00f6rne\u011fin e\u011fitimciler ....) ses hastal\u0131klar\u0131n\u0131n \u00f6nlenmesi \u00f6nemlidir ve ne yaz\u0131k ki hala yeterince bilinmemektedir.<\/p>\t\t\t\t\t\t\t\t<\/div>\n\t\t\t\t<\/div>\n\t\t\t\t<div class=\"elementor-element elementor-element-2ee568a elementor-widget elementor-widget-heading\" data-id=\"2ee568a\" data-element_type=\"widget\" data-widget_type=\"heading.default\">\n\t\t\t\t<div class=\"elementor-widget-container\">\n\t\t\t\t\t<h2 class=\"elementor-heading-title elementor-size-default\">Mesleki a\u00e7\u0131dan stresli mesleklere \u00f6rnekler<\/h2>\t\t\t\t<\/div>\n\t\t\t\t<\/div>\n\t\t\t\t<div class=\"elementor-element elementor-element-006422a elementor-widget elementor-widget-image\" data-id=\"006422a\" data-element_type=\"widget\" data-widget_type=\"image.default\">\n\t\t\t\t<div class=\"elementor-widget-container\">\n\t\t\t\t\t\t\t\t\t\t\t\t\t\t\t<img decoding=\"async\" width=\"768\" height=\"64\" src=\"https:\/\/voce-lingua.de\/wp-content\/uploads\/2024\/12\/trenner-2-768x64.png\" class=\"attachment-medium_large size-medium_large wp-image-31\" alt=\"\" srcset=\"https:\/\/voce-lingua.de\/wp-content\/uploads\/2024\/12\/trenner-2-768x64.png 768w, https:\/\/voce-lingua.de\/wp-content\/uploads\/2024\/12\/trenner-2-300x25.png 300w, https:\/\/voce-lingua.de\/wp-content\/uploads\/2024\/12\/trenner-2-1024x85.png 1024w, https:\/\/voce-lingua.de\/wp-content\/uploads\/2024\/12\/trenner-2.png 1289w\" sizes=\"(max-width: 768px) 100vw, 768px\" \/>\t\t\t\t\t\t\t\t\t\t\t\t\t\t\t<\/div>\n\t\t\t\t<\/div>\n\t\t\t\t<div class=\"elementor-element elementor-element-56bbb1a elementor-widget__width-initial elementor-widget elementor-widget-text-editor\" data-id=\"56bbb1a\" data-element_type=\"widget\" data-widget_type=\"text-editor.default\">\n\t\t\t\t<div class=\"elementor-widget-container\">\n\t\t\t\t\t\t\t\t\t<ul><li>\u00d6\u011fretmenler ve<\/li><li>\u00d6\u011frenci \u00f6\u011fretmenler<\/li><li>E\u011fitimciler<\/li><li>Telefon operat\u00f6rleri<\/li><li>\u00c7a\u011fr\u0131 merkezi \u00e7al\u0131\u015fanlar\u0131<\/li><li>Konu\u015fmac\u0131lar<\/li><li>Akt\u00f6rler<\/li><li>\u015eark\u0131c\u0131lar<\/li><li>Y\u00f6neticiler<\/li><li>Papazlar<\/li><\/ul>\t\t\t\t\t\t\t\t<\/div>\n\t\t\t\t<\/div>\n\t\t\t\t<div class=\"elementor-element elementor-element-721f31e elementor-widget__width-initial elementor-widget elementor-widget-text-editor\" data-id=\"721f31e\" data-element_type=\"widget\" data-widget_type=\"text-editor.default\">\n\t\t\t\t<div class=\"elementor-widget-container\">\n\t\t\t\t\t\t\t\t\t<p>G\u00fcnl\u00fck i\u015flerinizde \u00e7ok konu\u015fmak zorunda kal\u0131yor ve ak\u015famlar\u0131 \"sesiniz \u00e7\u0131km\u0131yor\", s\u0131k s\u0131k bo\u011faz\u0131n\u0131z\u0131 temizliyor, \"bo\u011faz\u0131n\u0131zda bir kurba\u011fa\" oluyor veya s\u0131k s\u0131k sesiniz k\u0131s\u0131l\u0131yor, yanl\u0131\u015f anla\u015f\u0131ld\u0131\u011f\u0131n\u0131z\u0131 hissediyor ve sadece daha fazla nefesiniz olmas\u0131n\u0131 m\u0131 diliyorsunuz...?<\/p><p>\u00d6\u011fretme veya sunum durumlar\u0131, grup veya sat\u0131\u015f konu\u015fmalar\u0131 vb. gibi ses gerginli\u011fi ile s\u0131k s\u0131k kar\u015f\u0131la\u015fan herkes i\u00e7in profesyonel ses e\u011fitimi sunuyoruz.<\/p>\t\t\t\t\t\t\t\t<\/div>\n\t\t\t\t<\/div>\n\t\t\t\t<div class=\"elementor-element elementor-element-cbd74f3 elementor-widget elementor-widget-image\" data-id=\"cbd74f3\" data-element_type=\"widget\" data-widget_type=\"image.default\">\n\t\t\t\t<div class=\"elementor-widget-container\">\n\t\t\t\t\t\t\t\t\t\t\t\t\t\t\t<img decoding=\"async\" width=\"768\" height=\"64\" src=\"https:\/\/voce-lingua.de\/wp-content\/uploads\/2024\/12\/trenner-2-768x64.png\" class=\"attachment-medium_large size-medium_large wp-image-31\" alt=\"\" srcset=\"https:\/\/voce-lingua.de\/wp-content\/uploads\/2024\/12\/trenner-2-768x64.png 768w, https:\/\/voce-lingua.de\/wp-content\/uploads\/2024\/12\/trenner-2-300x25.png 300w, https:\/\/voce-lingua.de\/wp-content\/uploads\/2024\/12\/trenner-2-1024x85.png 1024w, https:\/\/voce-lingua.de\/wp-content\/uploads\/2024\/12\/trenner-2.png 1289w\" sizes=\"(max-width: 768px) 100vw, 768px\" \/>\t\t\t\t\t\t\t\t\t\t\t\t\t\t\t<\/div>\n\t\t\t\t<\/div>\n\t\t\t\t<div class=\"elementor-element elementor-element-a1fcbc7 elementor-widget elementor-widget-heading\" data-id=\"a1fcbc7\" data-element_type=\"widget\" data-widget_type=\"heading.default\">\n\t\t\t\t<div class=\"elementor-widget-container\">\n\t\t\t\t\t<h2 class=\"elementor-heading-title elementor-size-default\">E\u011fitimimizin odak noktalar\u0131<\/h2>\t\t\t\t<\/div>\n\t\t\t\t<\/div>\n\t\t\t\t<div class=\"elementor-element elementor-element-1173f3b elementor-widget elementor-widget-image\" data-id=\"1173f3b\" data-element_type=\"widget\" data-widget_type=\"image.default\">\n\t\t\t\t<div class=\"elementor-widget-container\">\n\t\t\t\t\t\t\t\t\t\t\t\t\t\t\t<img loading=\"lazy\" decoding=\"async\" width=\"768\" height=\"64\" src=\"https:\/\/voce-lingua.de\/wp-content\/uploads\/2024\/12\/trenner-2-upside-down-768x64.png\" class=\"attachment-medium_large size-medium_large wp-image-259\" alt=\"\" srcset=\"https:\/\/voce-lingua.de\/wp-content\/uploads\/2024\/12\/trenner-2-upside-down-768x64.png 768w, https:\/\/voce-lingua.de\/wp-content\/uploads\/2024\/12\/trenner-2-upside-down-300x25.png 300w, https:\/\/voce-lingua.de\/wp-content\/uploads\/2024\/12\/trenner-2-upside-down-1024x85.png 1024w, https:\/\/voce-lingua.de\/wp-content\/uploads\/2024\/12\/trenner-2-upside-down.png 1289w\" sizes=\"(max-width: 768px) 100vw, 768px\" \/>\t\t\t\t\t\t\t\t\t\t\t\t\t\t\t<\/div>\n\t\t\t\t<\/div>\n\t\t\t\t<div class=\"elementor-element elementor-element-5dee0a7 elementor-widget__width-initial elementor-widget elementor-widget-text-editor\" data-id=\"5dee0a7\" data-element_type=\"widget\" data-widget_type=\"text-editor.default\">\n\t\t\t\t<div class=\"elementor-widget-container\">\n\t\t\t\t\t\t\t\t\t<ul>\n \t\n \t<li>Sesin ekonomik kullan\u0131m\u0131, yani bir grup i\u00e7inde sesimi y\u00fckseltmeden, zorlamadan nas\u0131l konu\u015fabilirim ve anla\u015f\u0131labilirim.<\/li>\n \t<li>Benim ve sesim i\u00e7in rejenerasyon: Gereksiz gerginlikleri nas\u0131l azaltabilirim ve gerekli gerginlikleri nas\u0131l olu\u015fturup kullanabilirim, b\u00f6ylece daha y\u00fcksek performans ve ta\u015f\u0131ma kapasitesine nas\u0131l ula\u015fabilirim?<\/li>\n \t<li>Ses bak\u0131m\u0131 nedir ve ne kadar \u00f6nemlidir?<\/li>\n \t<li>Beden, nefes, artik\u00fclasyon ve bunlar\u0131n sesinizin ifade g\u00fcc\u00fc \u00fczerindeki etkileri aras\u0131ndaki temel ba\u011flant\u0131lar \u00fczerinde sizinle birlikte \u00e7al\u0131\u015faca\u011f\u0131z ve fiziksel, duygusal ve duyusal gibi \u00e7e\u015fitli d\u00fczeylerde kendinizi daha iyi alg\u0131laman\u0131z i\u00e7in e\u011fitim verece\u011fiz... Kendi ihtiya\u00e7lar\u0131m\u0131 nas\u0131l daha iyi hissedebilir ve \u015feffaf hale getirebilirim?<\/li>\n \t<li>Di\u011fer ki\u015fi(ler)in alg\u0131s\u0131. Sesimin tonu, duru\u015fum, ... fark\u0131nda olmad\u0131\u011f\u0131m hangi mesajlar\u0131 iletiyor? Dinleyici taraf\u0131ndan ne al\u0131n\u0131yor?<\/li><li><a href=\"\/tr\/karoline-kupperrothun-hayati\/\">Oylama masas\u0131nda bulu\u015fma f\u0131rsat\u0131.<\/a><\/li>\n<\/ul>\t\t\t\t\t\t\t\t<\/div>\n\t\t\t\t<\/div>\n\t\t\t\t<div class=\"elementor-element elementor-element-3b25e97 elementor-widget elementor-widget-image\" data-id=\"3b25e97\" data-element_type=\"widget\" data-widget_type=\"image.default\">\n\t\t\t\t<div class=\"elementor-widget-container\">\n\t\t\t\t\t\t\t\t\t\t\t\t\t\t\t<img decoding=\"async\" width=\"768\" height=\"64\" src=\"https:\/\/voce-lingua.de\/wp-content\/uploads\/2024\/12\/trenner-2-768x64.png\" class=\"attachment-medium_large size-medium_large wp-image-31\" alt=\"\" srcset=\"https:\/\/voce-lingua.de\/wp-content\/uploads\/2024\/12\/trenner-2-768x64.png 768w, https:\/\/voce-lingua.de\/wp-content\/uploads\/2024\/12\/trenner-2-300x25.png 300w, https:\/\/voce-lingua.de\/wp-content\/uploads\/2024\/12\/trenner-2-1024x85.png 1024w, https:\/\/voce-lingua.de\/wp-content\/uploads\/2024\/12\/trenner-2.png 1289w\" sizes=\"(max-width: 768px) 100vw, 768px\" \/>\t\t\t\t\t\t\t\t\t\t\t\t\t\t\t<\/div>\n\t\t\t\t<\/div>\n\t\t\t\t<div class=\"elementor-element elementor-element-f726227 elementor-widget elementor-widget-heading\" data-id=\"f726227\" data-element_type=\"widget\" data-widget_type=\"heading.default\">\n\t\t\t\t<div class=\"elementor-widget-container\">\n\t\t\t\t\t<h2 class=\"elementor-heading-title elementor-size-default\">Size nas\u0131l yard\u0131mc\u0131 olabiliriz<\/h2>\t\t\t\t<\/div>\n\t\t\t\t<\/div>\n\t\t\t\t<div class=\"elementor-element elementor-element-2ec70b4 elementor-widget elementor-widget-image\" data-id=\"2ec70b4\" data-element_type=\"widget\" data-widget_type=\"image.default\">\n\t\t\t\t<div class=\"elementor-widget-container\">\n\t\t\t\t\t\t\t\t\t\t\t\t\t\t\t<img loading=\"lazy\" decoding=\"async\" width=\"768\" height=\"64\" src=\"https:\/\/voce-lingua.de\/wp-content\/uploads\/2024\/12\/trenner-2-upside-down-768x64.png\" class=\"attachment-medium_large size-medium_large wp-image-259\" alt=\"\" srcset=\"https:\/\/voce-lingua.de\/wp-content\/uploads\/2024\/12\/trenner-2-upside-down-768x64.png 768w, https:\/\/voce-lingua.de\/wp-content\/uploads\/2024\/12\/trenner-2-upside-down-300x25.png 300w, https:\/\/voce-lingua.de\/wp-content\/uploads\/2024\/12\/trenner-2-upside-down-1024x85.png 1024w, https:\/\/voce-lingua.de\/wp-content\/uploads\/2024\/12\/trenner-2-upside-down.png 1289w\" sizes=\"(max-width: 768px) 100vw, 768px\" \/>\t\t\t\t\t\t\t\t\t\t\t\t\t\t\t<\/div>\n\t\t\t\t<\/div>\n\t\t\t\t<div class=\"elementor-element elementor-element-032ae22 elementor-widget__width-initial elementor-widget elementor-widget-text-editor\" data-id=\"032ae22\" data-element_type=\"widget\" data-widget_type=\"text-editor.default\">\n\t\t\t\t<div class=\"elementor-widget-container\">\n\t\t\t\t\t\t\t\t\t<ul><li>Bir ses bozuklu\u011funuz varsa, sa\u011fl\u0131k sigortan\u0131z masraflar\u0131 kar\u015f\u0131layacakt\u0131r (yeti\u015fkinler yasal 10% katk\u0131 pay\u0131 \u00f6der)<\/li><li>Kendi hesab\u0131na \u00f6deme yapan bir ki\u015fi olarak, yasal sa\u011fl\u0131k sigortas\u0131 \u015firketleri taraf\u0131ndan sa\u011flanan hizmetlere dayal\u0131 masraflara maruz kalacaks\u0131n\u0131z<\/li><\/ul>\t\t\t\t\t\t\t\t<\/div>\n\t\t\t\t<\/div>\n\t\t\t\t<div class=\"elementor-element elementor-element-1dac1c2 elementor-widget__width-initial elementor-widget elementor-widget-text-editor\" data-id=\"1dac1c2\" data-element_type=\"widget\" data-widget_type=\"text-editor.default\">\n\t\t\t\t<div class=\"elementor-widget-container\">\n\t\t\t\t\t\t\t\t\t<p>L\u00fctfen \u00f6ncelikle yetkili bir doktordan re\u00e7ete alman\u0131z gerekti\u011fini unutmay\u0131n, daha fazla bilgi i\u00e7in Ana Sayfa b\u00f6l\u00fcm\u00fcne bakabilirsiniz.<\/p>\t\t\t\t\t\t\t\t<\/div>\n\t\t\t\t<\/div>\n\t\t\t\t\t<\/div>\n\t\t\t\t<\/div>\n\t\t\t\t<\/div>","protected":false},"excerpt":{"rendered":"<p>&#8222;sich von seiner Stimme tragen lassen&#8220; Ihre stimmliche Gesundheit ist uns wichtig. Sie sollen sich in Ihrer privaten oder beruflichen Ausdrucksf\u00e4higkeit, zum Beispiel beim Vorlesen in der Schule oder w\u00e4hrend einer Pr\u00e4sentation auf der Arbeit frei f\u00fchlen. So k\u00f6nnen Sie sich entfalten und sich Ihrer Umgebung mitteilen. Uns liegt viel daran, auf die Stimme als [&hellip;]<\/p>","protected":false},"author":1,"featured_media":0,"parent":0,"menu_order":0,"comment_status":"closed","ping_status":"closed","template":"","meta":{"footnotes":""},"class_list":["post-75","page","type-page","status-publish","hentry"],"_links":{"self":[{"href":"https:\/\/voce-lingua.de\/tr\/wp-json\/wp\/v2\/pages\/75","targetHints":{"allow":["GET"]}}],"collection":[{"href":"https:\/\/voce-lingua.de\/tr\/wp-json\/wp\/v2\/pages"}],"about":[{"href":"https:\/\/voce-lingua.de\/tr\/wp-json\/wp\/v2\/types\/page"}],"author":[{"embeddable":true,"href":"https:\/\/voce-lingua.de\/tr\/wp-json\/wp\/v2\/users\/1"}],"replies":[{"embeddable":true,"href":"https:\/\/voce-lingua.de\/tr\/wp-json\/wp\/v2\/comments?post=75"}],"version-history":[{"count":88,"href":"https:\/\/voce-lingua.de\/tr\/wp-json\/wp\/v2\/pages\/75\/revisions"}],"predecessor-version":[{"id":1514,"href":"https:\/\/voce-lingua.de\/tr\/wp-json\/wp\/v2\/pages\/75\/revisions\/1514"}],"wp:attachment":[{"href":"https:\/\/voce-lingua.de\/tr\/wp-json\/wp\/v2\/media?parent=75"}],"curies":[{"name":"wp","href":"https:\/\/api.w.org\/{rel}","templated":true}]}}