{"id":73,"date":"2024-12-06T11:54:06","date_gmt":"2024-12-06T11:54:06","guid":{"rendered":"http:\/\/voce-lingua.local\/?page_id=73"},"modified":"2025-04-16T14:45:31","modified_gmt":"2025-04-16T14:45:31","slug":"noerolojik-hastalik-sonrasi-iletisim","status":"publish","type":"page","link":"https:\/\/voce-lingua.de\/tr\/noerolojik-hastalik-sonrasi-iletisim\/","title":{"rendered":"N\u00f6rolojik hastal\u0131k sonras\u0131 ileti\u015fim"},"content":{"rendered":"<div data-elementor-type=\"wp-page\" data-elementor-id=\"73\" class=\"elementor elementor-73\">\n\t\t\t\t<div class=\"elementor-element elementor-element-34e11bd e-flex e-con-boxed e-con e-parent\" data-id=\"34e11bd\" data-element_type=\"container\">\n\t\t\t\t\t<div class=\"e-con-inner\">\n\t\t\t\t<div class=\"elementor-element elementor-element-7846652 elementor-widget elementor-widget-image\" data-id=\"7846652\" data-element_type=\"widget\" data-widget_type=\"image.default\">\n\t\t\t\t<div class=\"elementor-widget-container\">\n\t\t\t\t\t\t\t\t\t\t\t\t\t\t\t<img fetchpriority=\"high\" decoding=\"async\" width=\"768\" height=\"431\" src=\"https:\/\/voce-lingua.de\/wp-content\/uploads\/2024\/12\/neurologische-erkrankung-768x431.jpg\" class=\"attachment-medium_large size-medium_large wp-image-164\" alt=\"\" srcset=\"https:\/\/voce-lingua.de\/wp-content\/uploads\/2024\/12\/neurologische-erkrankung-768x431.jpg 768w, https:\/\/voce-lingua.de\/wp-content\/uploads\/2024\/12\/neurologische-erkrankung-300x168.jpg 300w, https:\/\/voce-lingua.de\/wp-content\/uploads\/2024\/12\/neurologische-erkrankung-1024x574.jpg 1024w, https:\/\/voce-lingua.de\/wp-content\/uploads\/2024\/12\/neurologische-erkrankung.jpg 1280w\" sizes=\"(max-width: 768px) 100vw, 768px\" \/>\t\t\t\t\t\t\t\t\t\t\t\t\t\t\t<\/div>\n\t\t\t\t<\/div>\n\t\t\t\t<div class=\"elementor-element elementor-element-b4dcb7a elementor-widget elementor-widget-heading\" data-id=\"b4dcb7a\" data-element_type=\"widget\" data-widget_type=\"heading.default\">\n\t\t\t\t<div class=\"elementor-widget-container\">\n\t\t\t\t\t<h1 class=\"elementor-heading-title elementor-size-default\">Buna g\u00f6re ileti\u015fim <br>n\u00f6rolojik\nHastal\u0131k<\/h1>\t\t\t\t<\/div>\n\t\t\t\t<\/div>\n\t\t\t\t<div class=\"elementor-element elementor-element-41a240d elementor-widget elementor-widget-image\" data-id=\"41a240d\" data-element_type=\"widget\" data-widget_type=\"image.default\">\n\t\t\t\t<div class=\"elementor-widget-container\">\n\t\t\t\t\t\t\t\t\t\t\t\t\t\t\t<img decoding=\"async\" width=\"800\" height=\"73\" src=\"https:\/\/voce-lingua.de\/wp-content\/uploads\/2024\/12\/trenner-3-1-1024x93.png\" class=\"attachment-large size-large wp-image-133\" alt=\"\" srcset=\"https:\/\/voce-lingua.de\/wp-content\/uploads\/2024\/12\/trenner-3-1-1024x93.png 1024w, https:\/\/voce-lingua.de\/wp-content\/uploads\/2024\/12\/trenner-3-1-300x27.png 300w, https:\/\/voce-lingua.de\/wp-content\/uploads\/2024\/12\/trenner-3-1-768x70.png 768w, https:\/\/voce-lingua.de\/wp-content\/uploads\/2024\/12\/trenner-3-1.png 1382w\" sizes=\"(max-width: 800px) 100vw, 800px\" \/>\t\t\t\t\t\t\t\t\t\t\t\t\t\t\t<\/div>\n\t\t\t\t<\/div>\n\t\t\t\t<div class=\"elementor-element elementor-element-6899cdf elementor-widget__width-initial elementor-widget elementor-widget-text-editor\" data-id=\"6899cdf\" data-element_type=\"widget\" data-widget_type=\"text-editor.default\">\n\t\t\t\t<div class=\"elementor-widget-container\">\n\t\t\t\t\t\t\t\t\t<p style=\"text-align: center;\">Fel\u00e7 ge\u00e7irdiniz ve \u00e7evrenizi\/ki\u015fisel ortam\u0131n\u0131z\u0131 yeni bir \u015fekilde mi deneyimliyorsunuz?<br \/>Aniden hareket, konu\u015fma veya ba\u011f\u0131ms\u0131zl\u0131\u011f\u0131n\u0131z gibi bozukluklarla m\u0131 kar\u015f\u0131 kar\u015f\u0131ya kald\u0131n\u0131z?<br \/>Afazili (fel\u00e7 sonras\u0131 merkezi konu\u015fma bozuklu\u011fu) bir ki\u015finin yak\u0131n\u0131 m\u0131s\u0131n\u0131z ve etkilenen ki\u015fiyle birlikte ya\u015faman\u0131n t\u00fcm y\u00f6nlerinin de\u011fi\u015fti\u011fini mi d\u00fc\u015f\u00fcn\u00fcyorsunuz?<br \/>De\u011fi\u015fen diyalog ko\u015fullar\u0131 kar\u015f\u0131s\u0131nda bazen ne yapaca\u011f\u0131n\u0131z\u0131 \u015fa\u015f\u0131rd\u0131\u011f\u0131n\u0131z ya da kendinizi \u00e7aresiz hissetti\u011finiz oluyor mu?<\/p>\t\t\t\t\t\t\t\t<\/div>\n\t\t\t\t<\/div>\n\t\t\t\t<div class=\"elementor-element elementor-element-53646a4 elementor-widget elementor-widget-image\" data-id=\"53646a4\" data-element_type=\"widget\" data-widget_type=\"image.default\">\n\t\t\t\t<div class=\"elementor-widget-container\">\n\t\t\t\t\t\t\t\t\t\t\t\t\t\t\t<img decoding=\"async\" width=\"768\" height=\"64\" src=\"https:\/\/voce-lingua.de\/wp-content\/uploads\/2024\/12\/trenner-2-768x64.png\" class=\"attachment-medium_large size-medium_large wp-image-31\" alt=\"\" srcset=\"https:\/\/voce-lingua.de\/wp-content\/uploads\/2024\/12\/trenner-2-768x64.png 768w, https:\/\/voce-lingua.de\/wp-content\/uploads\/2024\/12\/trenner-2-300x25.png 300w, https:\/\/voce-lingua.de\/wp-content\/uploads\/2024\/12\/trenner-2-1024x85.png 1024w, https:\/\/voce-lingua.de\/wp-content\/uploads\/2024\/12\/trenner-2.png 1289w\" sizes=\"(max-width: 768px) 100vw, 768px\" \/>\t\t\t\t\t\t\t\t\t\t\t\t\t\t\t<\/div>\n\t\t\t\t<\/div>\n\t\t\t\t<div class=\"elementor-element elementor-element-eb4d221 elementor-widget elementor-widget-heading\" data-id=\"eb4d221\" data-element_type=\"widget\" data-widget_type=\"heading.default\">\n\t\t\t\t<div class=\"elementor-widget-container\">\n\t\t\t\t\t<h2 class=\"elementor-heading-title elementor-size-default\">Size nas\u0131l yard\u0131mc\u0131 olabiliriz?<\/h2>\t\t\t\t<\/div>\n\t\t\t\t<\/div>\n\t\t\t\t<div class=\"elementor-element elementor-element-b6db1f7 elementor-widget elementor-widget-heading\" data-id=\"b6db1f7\" data-element_type=\"widget\" data-widget_type=\"heading.default\">\n\t\t\t\t<div class=\"elementor-widget-container\">\n\t\t\t\t\t<h2 class=\"elementor-heading-title elementor-size-default\">1. Hastalara dan\u0131\u015fmanl\u0131k ve<br> Akrabalar<\/h2>\t\t\t\t<\/div>\n\t\t\t\t<\/div>\n\t\t\t\t<div class=\"elementor-element elementor-element-29e4960 elementor-widget elementor-widget-image\" data-id=\"29e4960\" data-element_type=\"widget\" data-widget_type=\"image.default\">\n\t\t\t\t<div class=\"elementor-widget-container\">\n\t\t\t\t\t\t\t\t\t\t\t\t\t\t\t<img loading=\"lazy\" decoding=\"async\" width=\"768\" height=\"64\" src=\"https:\/\/voce-lingua.de\/wp-content\/uploads\/2024\/12\/trenner-2-upside-down-768x64.png\" class=\"attachment-medium_large size-medium_large wp-image-259\" alt=\"\" srcset=\"https:\/\/voce-lingua.de\/wp-content\/uploads\/2024\/12\/trenner-2-upside-down-768x64.png 768w, https:\/\/voce-lingua.de\/wp-content\/uploads\/2024\/12\/trenner-2-upside-down-300x25.png 300w, https:\/\/voce-lingua.de\/wp-content\/uploads\/2024\/12\/trenner-2-upside-down-1024x85.png 1024w, https:\/\/voce-lingua.de\/wp-content\/uploads\/2024\/12\/trenner-2-upside-down.png 1289w\" sizes=\"(max-width: 768px) 100vw, 768px\" \/>\t\t\t\t\t\t\t\t\t\t\t\t\t\t\t<\/div>\n\t\t\t\t<\/div>\n\t\t\t\t<div class=\"elementor-element elementor-element-cf5ceed elementor-widget__width-initial elementor-widget elementor-widget-text-editor\" data-id=\"cf5ceed\" data-element_type=\"widget\" data-widget_type=\"text-editor.default\">\n\t\t\t\t<div class=\"elementor-widget-container\">\n\t\t\t\t\t\t\t\t\t<p>Siz veya yak\u0131nlar\u0131n\u0131z aile doktorunuz veya n\u00f6rolo\u011funuzla konu\u015fma terapisi yoluyla destek hakk\u0131nda konu\u015ftuysan\u0131z, bir te\u015fhis ve dan\u0131\u015fmanl\u0131k g\u00f6r\u00fc\u015fmesi se\u00e7ene\u011finiz vard\u0131r.<\/p>\t\t\t\t\t\t\t\t<\/div>\n\t\t\t\t<\/div>\n\t\t\t\t<div class=\"elementor-element elementor-element-61636a5 elementor-widget__width-initial elementor-widget elementor-widget-text-editor\" data-id=\"61636a5\" data-element_type=\"widget\" data-widget_type=\"text-editor.default\">\n\t\t\t\t<div class=\"elementor-widget-container\">\n\t\t\t\t\t\t\t\t\t<ul><li>Sizden sorumlu doktor size konu\u015fma terapisi i\u00e7in bir re\u00e7ete d\u00fczenleyecektir (ayakta tedavi veya ev ziyareti \/ bireysel veya grup terapisi olarak)<\/li><li>Muayenehanemizde ilk dan\u0131\u015fma i\u00e7in veya ev ziyareti i\u00e7in randevu al\u0131rs\u0131n\u0131z<\/li><\/ul>\t\t\t\t\t\t\t\t<\/div>\n\t\t\t\t<\/div>\n\t\t\t\t<div class=\"elementor-element elementor-element-ca2676e elementor-widget elementor-widget-image\" data-id=\"ca2676e\" data-element_type=\"widget\" data-widget_type=\"image.default\">\n\t\t\t\t<div class=\"elementor-widget-container\">\n\t\t\t\t\t\t\t\t\t\t\t\t\t\t\t<img decoding=\"async\" width=\"768\" height=\"64\" src=\"https:\/\/voce-lingua.de\/wp-content\/uploads\/2024\/12\/trenner-2-768x64.png\" class=\"attachment-medium_large size-medium_large wp-image-31\" alt=\"\" srcset=\"https:\/\/voce-lingua.de\/wp-content\/uploads\/2024\/12\/trenner-2-768x64.png 768w, https:\/\/voce-lingua.de\/wp-content\/uploads\/2024\/12\/trenner-2-300x25.png 300w, https:\/\/voce-lingua.de\/wp-content\/uploads\/2024\/12\/trenner-2-1024x85.png 1024w, https:\/\/voce-lingua.de\/wp-content\/uploads\/2024\/12\/trenner-2.png 1289w\" sizes=\"(max-width: 768px) 100vw, 768px\" \/>\t\t\t\t\t\t\t\t\t\t\t\t\t\t\t<\/div>\n\t\t\t\t<\/div>\n\t\t\t\t<div class=\"elementor-element elementor-element-a544547 elementor-widget elementor-widget-heading\" data-id=\"a544547\" data-element_type=\"widget\" data-widget_type=\"heading.default\">\n\t\t\t\t<div class=\"elementor-widget-container\">\n\t\t\t\t\t<h2 class=\"elementor-heading-title elementor-size-default\">2. Terapi planlamas\u0131<\/h2>\t\t\t\t<\/div>\n\t\t\t\t<\/div>\n\t\t\t\t<div class=\"elementor-element elementor-element-231c78c elementor-widget elementor-widget-image\" data-id=\"231c78c\" data-element_type=\"widget\" data-widget_type=\"image.default\">\n\t\t\t\t<div class=\"elementor-widget-container\">\n\t\t\t\t\t\t\t\t\t\t\t\t\t\t\t<img loading=\"lazy\" decoding=\"async\" width=\"800\" height=\"66\" src=\"https:\/\/voce-lingua.de\/wp-content\/uploads\/2024\/12\/trenner-2-upside-down-1024x85.png\" class=\"attachment-large size-large wp-image-259\" alt=\"\" srcset=\"https:\/\/voce-lingua.de\/wp-content\/uploads\/2024\/12\/trenner-2-upside-down-1024x85.png 1024w, https:\/\/voce-lingua.de\/wp-content\/uploads\/2024\/12\/trenner-2-upside-down-300x25.png 300w, https:\/\/voce-lingua.de\/wp-content\/uploads\/2024\/12\/trenner-2-upside-down-768x64.png 768w, https:\/\/voce-lingua.de\/wp-content\/uploads\/2024\/12\/trenner-2-upside-down.png 1289w\" sizes=\"(max-width: 800px) 100vw, 800px\" \/>\t\t\t\t\t\t\t\t\t\t\t\t\t\t\t<\/div>\n\t\t\t\t<\/div>\n\t\t\t\t<div class=\"elementor-element elementor-element-a93781c elementor-widget__width-initial elementor-widget elementor-widget-text-editor\" data-id=\"a93781c\" data-element_type=\"widget\" data-widget_type=\"text-editor.default\">\n\t\t\t\t<div class=\"elementor-widget-container\">\n\t\t\t\t\t\t\t\t\t<p>N\u00f6rolojik bulgular ve doktorunuzun te\u015fhisi sizin i\u00e7in konu\u015fma terapisi gerektiriyorsa, genellikle size k\u0131sa s\u00fcrede nitelikli konu\u015fma terapisi sunabiliriz<\/p><ul><li class=\"firstItem\">Masraflar doktor re\u00e7etesine g\u00f6re sa\u011fl\u0131k sigortas\u0131 \u015firketiniz taraf\u0131ndan kar\u015f\u0131lan\u0131r<\/li><li>Yeti\u015fkinler i\u00e7in 18 ya\u015f\u0131na kadar ve 10% katk\u0131 pay\u0131 ile tam maliyetli teminat (yasal h\u00fck\u00fcmlere uygun olarak)<\/li><li>grup terapisi olarak haftada 90 dakika<\/li><li class=\"lastItem\">Bireysel ihtiya\u00e7lara g\u00f6re haftada 1-2 kez 45 dakikal\u0131k bireysel terapi<\/li><\/ul>\t\t\t\t\t\t\t\t<\/div>\n\t\t\t\t<\/div>\n\t\t\t\t<div class=\"elementor-element elementor-element-3a3be1f elementor-widget elementor-widget-image\" data-id=\"3a3be1f\" data-element_type=\"widget\" data-widget_type=\"image.default\">\n\t\t\t\t<div class=\"elementor-widget-container\">\n\t\t\t\t\t\t\t\t\t\t\t\t\t\t\t<img decoding=\"async\" width=\"768\" height=\"64\" src=\"https:\/\/voce-lingua.de\/wp-content\/uploads\/2024\/12\/trenner-2-768x64.png\" class=\"attachment-medium_large size-medium_large wp-image-31\" alt=\"\" srcset=\"https:\/\/voce-lingua.de\/wp-content\/uploads\/2024\/12\/trenner-2-768x64.png 768w, https:\/\/voce-lingua.de\/wp-content\/uploads\/2024\/12\/trenner-2-300x25.png 300w, https:\/\/voce-lingua.de\/wp-content\/uploads\/2024\/12\/trenner-2-1024x85.png 1024w, https:\/\/voce-lingua.de\/wp-content\/uploads\/2024\/12\/trenner-2.png 1289w\" sizes=\"(max-width: 768px) 100vw, 768px\" \/>\t\t\t\t\t\t\t\t\t\t\t\t\t\t\t<\/div>\n\t\t\t\t<\/div>\n\t\t\t\t<div class=\"elementor-element elementor-element-9e1e2ab elementor-widget elementor-widget-heading\" data-id=\"9e1e2ab\" data-element_type=\"widget\" data-widget_type=\"heading.default\">\n\t\t\t\t<div class=\"elementor-widget-container\">\n\t\t\t\t\t<h2 class=\"elementor-heading-title elementor-size-default\">3. Kaynak odakl\u0131 olarak konu\u015fma terapisi <br>\u0130leti\u015fim deste\u011fi<\/h2>\t\t\t\t<\/div>\n\t\t\t\t<\/div>\n\t\t\t\t<div class=\"elementor-element elementor-element-e02bfe5 elementor-widget elementor-widget-image\" data-id=\"e02bfe5\" data-element_type=\"widget\" data-widget_type=\"image.default\">\n\t\t\t\t<div class=\"elementor-widget-container\">\n\t\t\t\t\t\t\t\t\t\t\t\t\t\t\t<img loading=\"lazy\" decoding=\"async\" width=\"768\" height=\"64\" src=\"https:\/\/voce-lingua.de\/wp-content\/uploads\/2024\/12\/trenner-2-upside-down-768x64.png\" class=\"attachment-medium_large size-medium_large wp-image-259\" alt=\"\" srcset=\"https:\/\/voce-lingua.de\/wp-content\/uploads\/2024\/12\/trenner-2-upside-down-768x64.png 768w, https:\/\/voce-lingua.de\/wp-content\/uploads\/2024\/12\/trenner-2-upside-down-300x25.png 300w, https:\/\/voce-lingua.de\/wp-content\/uploads\/2024\/12\/trenner-2-upside-down-1024x85.png 1024w, https:\/\/voce-lingua.de\/wp-content\/uploads\/2024\/12\/trenner-2-upside-down.png 1289w\" sizes=\"(max-width: 768px) 100vw, 768px\" \/>\t\t\t\t\t\t\t\t\t\t\t\t\t\t\t<\/div>\n\t\t\t\t<\/div>\n\t\t\t\t<div class=\"elementor-element elementor-element-38419a6 elementor-widget__width-initial elementor-widget elementor-widget-text-editor\" data-id=\"38419a6\" data-element_type=\"widget\" data-widget_type=\"text-editor.default\">\n\t\t\t\t<div class=\"elementor-widget-container\">\n\t\t\t\t\t\t\t\t\t<p>Dilsel ve dilsel olmayan ifade ara\u00e7lar\u0131n\u0131n \u00e7e\u015fitlili\u011fini ke\u015ffetmek ve geli\u015ftirmek i\u00e7in sizinle birlikte \u00e7al\u0131\u015fmak istiyoruz. N\u00f6rolojik engelli hastalar ve yak\u0131nlar\u0131 ile bireysel ve grup terapileri ger\u00e7ekle\u015ftiriyoruz.<\/p>\t\t\t\t\t\t\t\t<\/div>\n\t\t\t\t<\/div>\n\t\t\t\t<div class=\"elementor-element elementor-element-9c97d26 elementor-widget elementor-widget-image\" data-id=\"9c97d26\" data-element_type=\"widget\" data-widget_type=\"image.default\">\n\t\t\t\t<div class=\"elementor-widget-container\">\n\t\t\t\t\t\t\t\t\t\t\t\t\t\t\t<img decoding=\"async\" width=\"768\" height=\"64\" src=\"https:\/\/voce-lingua.de\/wp-content\/uploads\/2024\/12\/trenner-2-768x64.png\" class=\"attachment-medium_large size-medium_large wp-image-31\" alt=\"\" srcset=\"https:\/\/voce-lingua.de\/wp-content\/uploads\/2024\/12\/trenner-2-768x64.png 768w, https:\/\/voce-lingua.de\/wp-content\/uploads\/2024\/12\/trenner-2-300x25.png 300w, https:\/\/voce-lingua.de\/wp-content\/uploads\/2024\/12\/trenner-2-1024x85.png 1024w, https:\/\/voce-lingua.de\/wp-content\/uploads\/2024\/12\/trenner-2.png 1289w\" sizes=\"(max-width: 768px) 100vw, 768px\" \/>\t\t\t\t\t\t\t\t\t\t\t\t\t\t\t<\/div>\n\t\t\t\t<\/div>\n\t\t\t\t<div class=\"elementor-element elementor-element-686a94a elementor-widget elementor-widget-heading\" data-id=\"686a94a\" data-element_type=\"widget\" data-widget_type=\"heading.default\">\n\t\t\t\t<div class=\"elementor-widget-container\">\n\t\t\t\t\t<h2 class=\"elementor-heading-title elementor-size-default\">Kime ula\u015fmak istiyoruz?<\/h2>\t\t\t\t<\/div>\n\t\t\t\t<\/div>\n\t\t\t\t<div class=\"elementor-element elementor-element-24e2d1e elementor-widget elementor-widget-image\" data-id=\"24e2d1e\" data-element_type=\"widget\" data-widget_type=\"image.default\">\n\t\t\t\t<div class=\"elementor-widget-container\">\n\t\t\t\t\t\t\t\t\t\t\t\t\t\t\t<img loading=\"lazy\" decoding=\"async\" width=\"768\" height=\"64\" src=\"https:\/\/voce-lingua.de\/wp-content\/uploads\/2024\/12\/trenner-2-upside-down-768x64.png\" class=\"attachment-medium_large size-medium_large wp-image-259\" alt=\"\" srcset=\"https:\/\/voce-lingua.de\/wp-content\/uploads\/2024\/12\/trenner-2-upside-down-768x64.png 768w, https:\/\/voce-lingua.de\/wp-content\/uploads\/2024\/12\/trenner-2-upside-down-300x25.png 300w, https:\/\/voce-lingua.de\/wp-content\/uploads\/2024\/12\/trenner-2-upside-down-1024x85.png 1024w, https:\/\/voce-lingua.de\/wp-content\/uploads\/2024\/12\/trenner-2-upside-down.png 1289w\" sizes=\"(max-width: 768px) 100vw, 768px\" \/>\t\t\t\t\t\t\t\t\t\t\t\t\t\t\t<\/div>\n\t\t\t\t<\/div>\n\t\t\t\t\t<\/div>\n\t\t\t\t<\/div>\n\t\t<div class=\"elementor-element elementor-element-c467bb9 e-flex e-con-boxed e-con e-parent\" data-id=\"c467bb9\" data-element_type=\"container\">\n\t\t\t\t\t<div class=\"e-con-inner\">\n\t\t\t\t<div class=\"elementor-element elementor-element-d586764 elementor-widget__width-initial elementor-widget elementor-widget-text-editor\" data-id=\"d586764\" data-element_type=\"widget\" data-widget_type=\"text-editor.default\">\n\t\t\t\t<div class=\"elementor-widget-container\">\n\t\t\t\t\t\t\t\t\t<p style=\"text-align: center;\">N\u00f6rolojik konu\u015fma bozuklu\u011fu ve\/veya bili\u015fsel bozuklu\u011fu olan ki\u015filer<\/p>\t\t\t\t\t\t\t\t<\/div>\n\t\t\t\t<\/div>\n\t\t\t\t<div class=\"elementor-element elementor-element-36e43a0 elementor-widget__width-initial elementor-widget elementor-widget-text-editor\" data-id=\"36e43a0\" data-element_type=\"widget\" data-widget_type=\"text-editor.default\">\n\t\t\t\t<div class=\"elementor-widget-container\">\n\t\t\t\t\t\t\t\t\t<ul><li>Huzurevleri<\/li><li>G\u00fcnd\u00fcz klinikleri<\/li><li>Ya\u015fl\u0131lar toplant\u0131s\u0131 (AWO \/ K\u0131z\u0131l Ha\u00e7)<\/li><li>Ayakta tedavi<\/li><li>Afazik kendi kendine yard\u0131m gruplar\u0131 ve yak\u0131nlar\u0131<\/li><\/ul>\t\t\t\t\t\t\t\t<\/div>\n\t\t\t\t<\/div>\n\t\t\t\t\t<\/div>\n\t\t\t\t<\/div>\n\t\t\t\t<\/div>","protected":false},"excerpt":{"rendered":"<p>Kommunikation nach neurologischer Erkrankung Sie hatten einen Schlaganfall und erleben Ihre Umwelt\/Ihr pers\u00f6nliches Umfeld neu?Sie sind pl\u00f6tzlich konfrontiert mit Erkrankungen, z.B. in der Bewegung, der Sprache, Ihrer Selbstst\u00e4ndigkeit?Sie sind Angeh\u00f6riger eines Menschen mit einer sogenannten Aphasie (zentral bedingte Sprachst\u00f6rung nach Schlaganfall) und machen die Erfahrung, dass alle Aspekte des Zusammenlebens mit dem Betroffenen ver\u00e4ndert sind?Sie [&hellip;]<\/p>","protected":false},"author":1,"featured_media":0,"parent":0,"menu_order":0,"comment_status":"closed","ping_status":"closed","template":"","meta":{"footnotes":""},"class_list":["post-73","page","type-page","status-publish","hentry"],"_links":{"self":[{"href":"https:\/\/voce-lingua.de\/tr\/wp-json\/wp\/v2\/pages\/73","targetHints":{"allow":["GET"]}}],"collection":[{"href":"https:\/\/voce-lingua.de\/tr\/wp-json\/wp\/v2\/pages"}],"about":[{"href":"https:\/\/voce-lingua.de\/tr\/wp-json\/wp\/v2\/types\/page"}],"author":[{"embeddable":true,"href":"https:\/\/voce-lingua.de\/tr\/wp-json\/wp\/v2\/users\/1"}],"replies":[{"embeddable":true,"href":"https:\/\/voce-lingua.de\/tr\/wp-json\/wp\/v2\/comments?post=73"}],"version-history":[{"count":64,"href":"https:\/\/voce-lingua.de\/tr\/wp-json\/wp\/v2\/pages\/73\/revisions"}],"predecessor-version":[{"id":1425,"href":"https:\/\/voce-lingua.de\/tr\/wp-json\/wp\/v2\/pages\/73\/revisions\/1425"}],"wp:attachment":[{"href":"https:\/\/voce-lingua.de\/tr\/wp-json\/wp\/v2\/media?parent=73"}],"curies":[{"name":"wp","href":"https:\/\/api.w.org\/{rel}","templated":true}]}}