{"id":67,"date":"2024-12-06T11:52:25","date_gmt":"2024-12-06T11:52:25","guid":{"rendered":"http:\/\/voce-lingua.local\/?page_id=67"},"modified":"2025-04-16T14:41:43","modified_gmt":"2025-04-16T14:41:43","slug":"dil-gelisimi","status":"publish","type":"page","link":"https:\/\/voce-lingua.de\/tr\/dil-gelisimi\/","title":{"rendered":"Dil geli\u015fimi"},"content":{"rendered":"<div data-elementor-type=\"wp-page\" data-elementor-id=\"67\" class=\"elementor elementor-67\">\n\t\t\t\t<div class=\"elementor-element elementor-element-4c2860e e-flex e-con-boxed e-con e-parent\" data-id=\"4c2860e\" data-element_type=\"container\">\n\t\t\t\t\t<div class=\"e-con-inner\">\n\t\t\t\t<div class=\"elementor-element elementor-element-4b0790c elementor-widget elementor-widget-image\" data-id=\"4b0790c\" data-element_type=\"widget\" data-widget_type=\"image.default\">\n\t\t\t\t<div class=\"elementor-widget-container\">\n\t\t\t\t\t\t\t\t\t\t\t\t\t\t\t<img decoding=\"async\" src=\"https:\/\/voce-lingua.de\/wp-content\/uploads\/elementor\/thumbs\/therapieraum-rotated-qyem4e5afc59pqspjntr4iesbmye5nxaognd89v404.jpg\" title=\"TERAP\u0130 ODASI\" alt=\"TERAP\u0130 ODASI\" loading=\"lazy\" \/>\t\t\t\t\t\t\t\t\t\t\t\t\t\t\t<\/div>\n\t\t\t\t<\/div>\n\t\t\t\t\t<\/div>\n\t\t\t\t<\/div>\n\t\t<div class=\"elementor-element elementor-element-d2a8705 e-flex e-con-boxed e-con e-parent\" data-id=\"d2a8705\" data-element_type=\"container\">\n\t\t\t\t\t<div class=\"e-con-inner\">\n\t\t\t\t<div class=\"elementor-element elementor-element-fd0f2be elementor-widget elementor-widget-heading\" data-id=\"fd0f2be\" data-element_type=\"widget\" data-widget_type=\"heading.default\">\n\t\t\t\t<div class=\"elementor-widget-container\">\n\t\t\t\t\t<h1 class=\"elementor-heading-title elementor-size-default\"> Dilin geli\u015fimi<br>\u015fakac\u0131 bir \u015fekilde te\u015fvik eder...<\/h1>\t\t\t\t<\/div>\n\t\t\t\t<\/div>\n\t\t\t\t\t<\/div>\n\t\t\t\t<\/div>\n\t\t<div class=\"elementor-element elementor-element-9c11e88 e-flex e-con-boxed e-con e-parent\" data-id=\"9c11e88\" data-element_type=\"container\">\n\t\t\t\t\t<div class=\"e-con-inner\">\n\t\t\t\t<div class=\"elementor-element elementor-element-d01885c elementor-widget elementor-widget-image\" data-id=\"d01885c\" data-element_type=\"widget\" data-widget_type=\"image.default\">\n\t\t\t\t<div class=\"elementor-widget-container\">\n\t\t\t\t\t\t\t\t\t\t\t\t\t\t\t<img fetchpriority=\"high\" decoding=\"async\" width=\"800\" height=\"73\" src=\"https:\/\/voce-lingua.de\/wp-content\/uploads\/2024\/12\/trenner-3-1-1024x93.png\" class=\"attachment-large size-large wp-image-133\" alt=\"\" srcset=\"https:\/\/voce-lingua.de\/wp-content\/uploads\/2024\/12\/trenner-3-1-1024x93.png 1024w, https:\/\/voce-lingua.de\/wp-content\/uploads\/2024\/12\/trenner-3-1-300x27.png 300w, https:\/\/voce-lingua.de\/wp-content\/uploads\/2024\/12\/trenner-3-1-768x70.png 768w, https:\/\/voce-lingua.de\/wp-content\/uploads\/2024\/12\/trenner-3-1.png 1382w\" sizes=\"(max-width: 800px) 100vw, 800px\" \/>\t\t\t\t\t\t\t\t\t\t\t\t\t\t\t<\/div>\n\t\t\t\t<\/div>\n\t\t\t\t\t<\/div>\n\t\t\t\t<\/div>\n\t\t<div class=\"elementor-element elementor-element-6173ea8 e-flex e-con-boxed e-con e-parent\" data-id=\"6173ea8\" data-element_type=\"container\">\n\t\t\t\t\t<div class=\"e-con-inner\">\n\t\t\t\t<div class=\"elementor-element elementor-element-d9f0046 elementor-widget__width-initial elementor-widget elementor-widget-text-editor\" data-id=\"d9f0046\" data-element_type=\"widget\" data-widget_type=\"text-editor.default\">\n\t\t\t\t<div class=\"elementor-widget-container\">\n\t\t\t\t\t\t\t\t\t<p>Anla\u015f\u0131l\u0131r telaffuz ve dikkatli ve \u0131srarl\u0131 dinleme becerisi ile ya\u015fa uygun dil geli\u015fimi, \u00f6zellikle okuma ve yazmay\u0131 \u00f6\u011frenme s\u00fcrecinde okulda ba\u015far\u0131 i\u00e7in \u00f6nemli bir temeldir:<\/p>\t\t\t\t\t\t\t\t<\/div>\n\t\t\t\t<\/div>\n\t\t\t\t\t<\/div>\n\t\t\t\t<\/div>\n\t\t<div class=\"elementor-element elementor-element-f06624a e-flex e-con-boxed e-con e-parent\" data-id=\"f06624a\" data-element_type=\"container\">\n\t\t\t\t\t<div class=\"e-con-inner\">\n\t\t\t\t<div class=\"elementor-element elementor-element-bcf7ef8 elementor-widget elementor-widget-image\" data-id=\"bcf7ef8\" data-element_type=\"widget\" data-widget_type=\"image.default\">\n\t\t\t\t<div class=\"elementor-widget-container\">\n\t\t\t\t\t\t\t\t\t\t\t\t\t\t\t<img decoding=\"async\" width=\"768\" height=\"64\" src=\"https:\/\/voce-lingua.de\/wp-content\/uploads\/2024\/12\/trenner-2-768x64.png\" class=\"attachment-medium_large size-medium_large wp-image-31\" alt=\"\" srcset=\"https:\/\/voce-lingua.de\/wp-content\/uploads\/2024\/12\/trenner-2-768x64.png 768w, https:\/\/voce-lingua.de\/wp-content\/uploads\/2024\/12\/trenner-2-300x25.png 300w, https:\/\/voce-lingua.de\/wp-content\/uploads\/2024\/12\/trenner-2-1024x85.png 1024w, https:\/\/voce-lingua.de\/wp-content\/uploads\/2024\/12\/trenner-2.png 1289w\" sizes=\"(max-width: 768px) 100vw, 768px\" \/>\t\t\t\t\t\t\t\t\t\t\t\t\t\t\t<\/div>\n\t\t\t\t<\/div>\n\t\t\t\t\t<\/div>\n\t\t\t\t<\/div>\n\t\t<div class=\"elementor-element elementor-element-d5611ef e-flex e-con-boxed e-con e-parent\" data-id=\"d5611ef\" data-element_type=\"container\">\n\t\t\t\t\t<div class=\"e-con-inner\">\n\t\t\t\t<div class=\"elementor-element elementor-element-3b616ec elementor-widget__width-initial elementor-widget elementor-widget-heading\" data-id=\"3b616ec\" data-element_type=\"widget\" data-widget_type=\"heading.default\">\n\t\t\t\t<div class=\"elementor-widget-container\">\n\t\t\t\t\t<h2 class=\"elementor-heading-title elementor-size-default\">Belirtileri fark edersiniz <br>\u00d6rne\u011fin konu\u015fma bozukluklar\u0131 i\u00e7in:<\/h2>\t\t\t\t<\/div>\n\t\t\t\t<\/div>\n\t\t\t\t\t<\/div>\n\t\t\t\t<\/div>\n\t\t<div class=\"elementor-element elementor-element-1f34dde e-flex e-con-boxed e-con e-parent\" data-id=\"1f34dde\" data-element_type=\"container\">\n\t\t\t\t\t<div class=\"e-con-inner\">\n\t\t\t\t<div class=\"elementor-element elementor-element-6c64a92 elementor-widget elementor-widget-image\" data-id=\"6c64a92\" data-element_type=\"widget\" data-widget_type=\"image.default\">\n\t\t\t\t<div class=\"elementor-widget-container\">\n\t\t\t\t\t\t\t\t\t\t\t\t\t\t\t<img decoding=\"async\" width=\"768\" height=\"64\" src=\"https:\/\/voce-lingua.de\/wp-content\/uploads\/2024\/12\/trenner-2-upside-down-768x64.png\" class=\"attachment-medium_large size-medium_large wp-image-259\" alt=\"\" srcset=\"https:\/\/voce-lingua.de\/wp-content\/uploads\/2024\/12\/trenner-2-upside-down-768x64.png 768w, https:\/\/voce-lingua.de\/wp-content\/uploads\/2024\/12\/trenner-2-upside-down-300x25.png 300w, https:\/\/voce-lingua.de\/wp-content\/uploads\/2024\/12\/trenner-2-upside-down-1024x85.png 1024w, https:\/\/voce-lingua.de\/wp-content\/uploads\/2024\/12\/trenner-2-upside-down.png 1289w\" sizes=\"(max-width: 768px) 100vw, 768px\" \/>\t\t\t\t\t\t\t\t\t\t\t\t\t\t\t<\/div>\n\t\t\t\t<\/div>\n\t\t\t\t\t<\/div>\n\t\t\t\t<\/div>\n\t\t<div class=\"elementor-element elementor-element-6ba7367 e-con-full e-flex e-con e-parent\" data-id=\"6ba7367\" data-element_type=\"container\">\n\t\t\t\t<div class=\"elementor-element elementor-element-a6a1e60 elementor-widget__width-initial elementor-widget elementor-widget-text-editor\" data-id=\"a6a1e60\" data-element_type=\"widget\" data-widget_type=\"text-editor.default\">\n\t\t\t\t<div class=\"elementor-widget-container\">\n\t\t\t\t\t\t\t\t\t<ul><li>Benzer seslere sahip harfler ve harf dizileri aras\u0131nda kar\u0131\u015f\u0131kl\u0131k olabilir, \u00f6rne\u011fin \"Kanne\" yerine \"Tanne\" gibi.<\/li><li>Hecelerin veya t\u00fcm kelimelerin atlanmas\u0131 veya de\u011fi\u015ftirilmesi, \u00f6rne\u011fin geh\u00f6rt yerine \"deh\u00f6rt\" veya \"h\u00f6rt\".<\/li><li>\u00c7ocu\u011fun anlad\u0131klar\u0131 ile kendini ifade etme becerisi aras\u0131nda g\u00f6zle g\u00f6r\u00fcl\u00fcr fark.<\/li><li>\u00c7ocu\u011fun s\u00f6zl\u00fc olarak s\u00f6yledikleri ile yazabildikleri aras\u0131nda g\u00f6zle g\u00f6r\u00fcl\u00fcr fark: C\u00fcce yerine \"Zerg\" veya telefon yerine \"Tefelon\" gibi harflerin atlanmas\u0131, de\u011fi\u015ftirilmesi.<\/li><li>Yanl\u0131\u015f hizalanm\u0131\u015f di\u015fler, \u00f6rne\u011fin emme al\u0131\u015fkanl\u0131klar\u0131 veya yanl\u0131\u015f yutma nedeniyle.<\/li><\/ul>\t\t\t\t\t\t\t\t<\/div>\n\t\t\t\t<\/div>\n\t\t\t\t<\/div>\n\t\t<div class=\"elementor-element elementor-element-cbe3fc9 e-flex e-con-boxed e-con e-parent\" data-id=\"cbe3fc9\" data-element_type=\"container\">\n\t\t\t\t\t<div class=\"e-con-inner\">\n\t\t\t\t<div class=\"elementor-element elementor-element-bce47d9 elementor-widget elementor-widget-image\" data-id=\"bce47d9\" data-element_type=\"widget\" data-widget_type=\"image.default\">\n\t\t\t\t<div class=\"elementor-widget-container\">\n\t\t\t\t\t\t\t\t\t\t\t\t\t\t\t<img decoding=\"async\" width=\"768\" height=\"64\" src=\"https:\/\/voce-lingua.de\/wp-content\/uploads\/2024\/12\/trenner-2-upside-down-768x64.png\" class=\"attachment-medium_large size-medium_large wp-image-259\" alt=\"\" srcset=\"https:\/\/voce-lingua.de\/wp-content\/uploads\/2024\/12\/trenner-2-upside-down-768x64.png 768w, https:\/\/voce-lingua.de\/wp-content\/uploads\/2024\/12\/trenner-2-upside-down-300x25.png 300w, https:\/\/voce-lingua.de\/wp-content\/uploads\/2024\/12\/trenner-2-upside-down-1024x85.png 1024w, https:\/\/voce-lingua.de\/wp-content\/uploads\/2024\/12\/trenner-2-upside-down.png 1289w\" sizes=\"(max-width: 768px) 100vw, 768px\" \/>\t\t\t\t\t\t\t\t\t\t\t\t\t\t\t<\/div>\n\t\t\t\t<\/div>\n\t\t\t\t<div class=\"elementor-element elementor-element-10dc352 elementor-widget__width-initial elementor-widget elementor-widget-text-editor\" data-id=\"10dc352\" data-element_type=\"widget\" data-widget_type=\"text-editor.default\">\n\t\t\t\t<div class=\"elementor-widget-container\">\n\t\t\t\t\t\t\t\t\t<ul><li>Yetersiz kelime da\u011farc\u0131\u011f\u0131<\/li><li>\u00c7ok basit c\u00fcmle yap\u0131s\u0131, k\u0131sa veya devrik c\u00fcmleler, \u00f6rne\u011fin \"der tut kommen\".<\/li><li>Konu\u015fma korkusu y\u00fcz\u00fcnden konu\u015fmay\u0131 kesmek.<\/li><li>\"K\u00f6pek i\u00e7ti\" gibi dilbilgisi a\u00e7\u0131s\u0131ndan yanl\u0131\u015f konu\u015fma veya yazma.<\/li><li>Alg\u0131lama alan\u0131ndaki hiperaktivite veya anormallikler konu\u015fma anormalliklerine e\u015flik edebilir.<\/li><li>Kekeleme, seslere, hecelere veya bunlar\u0131n tekrar\u0131na tak\u0131lma.<\/li><\/ul>\t\t\t\t\t\t\t\t<\/div>\n\t\t\t\t<\/div>\n\t\t\t\t\t<\/div>\n\t\t\t\t<\/div>\n\t\t\t\t<\/div>","protected":false},"excerpt":{"rendered":"<p>Die Sprachentwicklungspielerisch f\u00f6rdern&#8230; Die altersgerechte Sprachentwicklung mit deutlicher Ausprache und genauem, ausdauerndem Hin- und Zuh\u00f6ren k\u00f6nnen, ist eine wesentliche Grundlage f\u00fcr den Schulerfolg, besonders im Schreib- und Leselernprozess: Sie erkennen Symptome f\u00fcr Sprachauff\u00e4lligkeiten zum Beispiel an: Es k\u00f6nnen Verwechslungen klang\u00e4hnlicher Buchstaben und Buchstabenfolgen auftreten wie \u201eTanne\u201c statt Kanne. Auslassen und Vertauschen von Silben oder ganzen [&hellip;]<\/p>","protected":false},"author":1,"featured_media":0,"parent":0,"menu_order":0,"comment_status":"closed","ping_status":"closed","template":"","meta":{"footnotes":""},"class_list":["post-67","page","type-page","status-publish","hentry"],"_links":{"self":[{"href":"https:\/\/voce-lingua.de\/tr\/wp-json\/wp\/v2\/pages\/67","targetHints":{"allow":["GET"]}}],"collection":[{"href":"https:\/\/voce-lingua.de\/tr\/wp-json\/wp\/v2\/pages"}],"about":[{"href":"https:\/\/voce-lingua.de\/tr\/wp-json\/wp\/v2\/types\/page"}],"author":[{"embeddable":true,"href":"https:\/\/voce-lingua.de\/tr\/wp-json\/wp\/v2\/users\/1"}],"replies":[{"embeddable":true,"href":"https:\/\/voce-lingua.de\/tr\/wp-json\/wp\/v2\/comments?post=67"}],"version-history":[{"count":67,"href":"https:\/\/voce-lingua.de\/tr\/wp-json\/wp\/v2\/pages\/67\/revisions"}],"predecessor-version":[{"id":1413,"href":"https:\/\/voce-lingua.de\/tr\/wp-json\/wp\/v2\/pages\/67\/revisions\/1413"}],"wp:attachment":[{"href":"https:\/\/voce-lingua.de\/tr\/wp-json\/wp\/v2\/media?parent=67"}],"curies":[{"name":"wp","href":"https:\/\/api.w.org\/{rel}","templated":true}]}}