{"id":63,"date":"2024-12-06T11:51:13","date_gmt":"2024-12-06T11:51:13","guid":{"rendered":"http:\/\/voce-lingua.local\/?page_id=63"},"modified":"2025-10-28T21:42:36","modified_gmt":"2025-10-28T21:42:36","slug":"hakkimizda","status":"publish","type":"page","link":"https:\/\/voce-lingua.de\/tr\/hakkimizda\/","title":{"rendered":"Hakk\u0131m\u0131zda"},"content":{"rendered":"<div data-elementor-type=\"wp-page\" data-elementor-id=\"63\" class=\"elementor elementor-63\">\n\t\t\t\t<div class=\"elementor-element elementor-element-003923e e-flex e-con-boxed e-con e-parent\" data-id=\"003923e\" data-element_type=\"container\">\n\t\t\t\t\t<div class=\"e-con-inner\">\n\t\t\t\t<div class=\"elementor-element elementor-element-e40afd5 elementor-widget elementor-widget-heading\" data-id=\"e40afd5\" data-element_type=\"widget\" data-widget_type=\"heading.default\">\n\t\t\t\t<div class=\"elementor-widget-container\">\n\t\t\t\t\t<h1 class=\"elementor-heading-title elementor-size-default\">S\u0131cak bir kar\u015f\u0131lama!<\/h1>\t\t\t\t<\/div>\n\t\t\t\t<\/div>\n\t\t\t\t<div class=\"elementor-element elementor-element-38df15b elementor-widget elementor-widget-image\" data-id=\"38df15b\" data-element_type=\"widget\" data-widget_type=\"image.default\">\n\t\t\t\t<div class=\"elementor-widget-container\">\n\t\t\t\t\t\t\t\t\t\t\t\t\t\t\t<img fetchpriority=\"high\" decoding=\"async\" width=\"800\" height=\"73\" src=\"https:\/\/voce-lingua.de\/wp-content\/uploads\/2024\/12\/trenner-3-1-1024x93.png\" class=\"attachment-large size-large wp-image-133\" alt=\"\" srcset=\"https:\/\/voce-lingua.de\/wp-content\/uploads\/2024\/12\/trenner-3-1-1024x93.png 1024w, https:\/\/voce-lingua.de\/wp-content\/uploads\/2024\/12\/trenner-3-1-300x27.png 300w, https:\/\/voce-lingua.de\/wp-content\/uploads\/2024\/12\/trenner-3-1-768x70.png 768w, https:\/\/voce-lingua.de\/wp-content\/uploads\/2024\/12\/trenner-3-1.png 1382w\" sizes=\"(max-width: 800px) 100vw, 800px\" \/>\t\t\t\t\t\t\t\t\t\t\t\t\t\t\t<\/div>\n\t\t\t\t<\/div>\n\t\t\t\t<div class=\"elementor-element elementor-element-7342d86 elementor-widget__width-initial elementor-widget elementor-widget-text-editor\" data-id=\"7342d86\" data-element_type=\"widget\" data-widget_type=\"text-editor.default\">\n\t\t\t\t<div class=\"elementor-widget-container\">\n\t\t\t\t\t\t\t\t\t<p><span style=\"white-space-collapse: preserve;\">Konu\u015fman\u0131z bizim i\u00e7in \u00f6nemli. Bu da bizi ses ve konu\u015fma i\u00e7in muhatab\u0131n\u0131z yapar.<br \/>\u00c7ok \u00e7e\u015fitli e\u011fitim programlar\u0131na sahip samimi bir konu\u015fma terapisi muayenehanesiyiz.\u00a0<\/span><\/p>\t\t\t\t\t\t\t\t<\/div>\n\t\t\t\t<\/div>\n\t\t\t\t<div class=\"elementor-element elementor-element-57bac9e elementor-widget elementor-widget-image\" data-id=\"57bac9e\" data-element_type=\"widget\" data-widget_type=\"image.default\">\n\t\t\t\t<div class=\"elementor-widget-container\">\n\t\t\t\t\t\t\t\t\t\t\t\t\t\t\t<img decoding=\"async\" width=\"768\" height=\"64\" src=\"https:\/\/voce-lingua.de\/wp-content\/uploads\/2024\/12\/trenner-2-768x64.png\" class=\"attachment-medium_large size-medium_large wp-image-31\" alt=\"\" srcset=\"https:\/\/voce-lingua.de\/wp-content\/uploads\/2024\/12\/trenner-2-768x64.png 768w, https:\/\/voce-lingua.de\/wp-content\/uploads\/2024\/12\/trenner-2-300x25.png 300w, https:\/\/voce-lingua.de\/wp-content\/uploads\/2024\/12\/trenner-2-1024x85.png 1024w, https:\/\/voce-lingua.de\/wp-content\/uploads\/2024\/12\/trenner-2.png 1289w\" sizes=\"(max-width: 768px) 100vw, 768px\" \/>\t\t\t\t\t\t\t\t\t\t\t\t\t\t\t<\/div>\n\t\t\t\t<\/div>\n\t\t\t\t<div class=\"elementor-element elementor-element-7b8f2a4 elementor-widget elementor-widget-heading\" data-id=\"7b8f2a4\" data-element_type=\"widget\" data-widget_type=\"heading.default\">\n\t\t\t\t<div class=\"elementor-widget-container\">\n\t\t\t\t\t<h2 class=\"elementor-heading-title elementor-size-default\">Bu biziz.<\/h2>\t\t\t\t<\/div>\n\t\t\t\t<\/div>\n\t\t\t\t<div class=\"elementor-element elementor-element-a9fd7d4 elementor-widget elementor-widget-image\" data-id=\"a9fd7d4\" data-element_type=\"widget\" data-widget_type=\"image.default\">\n\t\t\t\t<div class=\"elementor-widget-container\">\n\t\t\t\t\t\t\t\t\t\t\t\t\t\t\t<img decoding=\"async\" width=\"768\" height=\"64\" src=\"https:\/\/voce-lingua.de\/wp-content\/uploads\/2024\/12\/trenner-2-upside-down-768x64.png\" class=\"attachment-medium_large size-medium_large wp-image-259\" alt=\"\" srcset=\"https:\/\/voce-lingua.de\/wp-content\/uploads\/2024\/12\/trenner-2-upside-down-768x64.png 768w, https:\/\/voce-lingua.de\/wp-content\/uploads\/2024\/12\/trenner-2-upside-down-300x25.png 300w, https:\/\/voce-lingua.de\/wp-content\/uploads\/2024\/12\/trenner-2-upside-down-1024x85.png 1024w, https:\/\/voce-lingua.de\/wp-content\/uploads\/2024\/12\/trenner-2-upside-down.png 1289w\" sizes=\"(max-width: 768px) 100vw, 768px\" \/>\t\t\t\t\t\t\t\t\t\t\t\t\t\t\t<\/div>\n\t\t\t\t<\/div>\n\t\t\t\t<div class=\"elementor-element elementor-element-da667b6 elementor-widget__width-initial elementor-widget elementor-widget-image\" data-id=\"da667b6\" data-element_type=\"widget\" data-widget_type=\"image.default\">\n\t\t\t\t<div class=\"elementor-widget-container\">\n\t\t\t\t\t\t\t\t\t\t\t\t\t\t\t\t<a href=\"https:\/\/voce-lingua.de\/tr\/vita-kirsten-muller\/\" https=\"\">\n\t\t\t\t\t\t\t<img loading=\"lazy\" decoding=\"async\" width=\"300\" height=\"300\" src=\"https:\/\/voce-lingua.de\/wp-content\/uploads\/2024\/12\/Kirsten-Muller-geschminkt.jpg\" class=\"attachment-medium size-medium wp-image-191\" alt=\"\" srcset=\"https:\/\/voce-lingua.de\/wp-content\/uploads\/2024\/12\/Kirsten-Muller-geschminkt.jpg 300w, https:\/\/voce-lingua.de\/wp-content\/uploads\/2024\/12\/Kirsten-Muller-geschminkt-150x150.jpg 150w\" sizes=\"(max-width: 300px) 100vw, 300px\" \/>\t\t\t\t\t\t\t\t<\/a>\n\t\t\t\t\t\t\t\t\t\t\t\t\t\t\t<\/div>\n\t\t\t\t<\/div>\n\t\t\t\t<div class=\"elementor-element elementor-element-036ec68 elementor-widget elementor-widget-heading\" data-id=\"036ec68\" data-element_type=\"widget\" data-widget_type=\"heading.default\">\n\t\t\t\t<div class=\"elementor-widget-container\">\n\t\t\t\t\t<h3 class=\"elementor-heading-title elementor-size-default\">Kirsten M\u00fcller<br>\nUygulama y\u00f6netimi<\/h3>\t\t\t\t<\/div>\n\t\t\t\t<\/div>\n\t\t\t\t<div class=\"elementor-element elementor-element-3e45f66 elementor-widget__width-initial elementor-widget elementor-widget-text-editor\" data-id=\"3e45f66\" data-element_type=\"widget\" data-widget_type=\"text-editor.default\">\n\t\t\t\t<div class=\"elementor-widget-container\">\n\t\t\t\t\t\t\t\t\t<p><span style=\"white-space-collapse: preserve;\">Akademik konu\u015fma terapisti<\/span><\/p><p><span style=\"white-space-collapse: preserve;\">Alternatif uygulay\u0131c\u0131 (konu\u015fma terapisi)<\/span><\/p><p><span style=\"white-space-collapse: preserve;\">Sertifikal\u0131 Gestalt terapisti <\/span><\/p><p><span style=\"white-space-collapse: preserve;\">Kekemelik terapisti<\/span><\/p>\t\t\t\t\t\t\t\t<\/div>\n\t\t\t\t<\/div>\n\t\t\t\t\t<\/div>\n\t\t\t\t<\/div>\n\t\t<div class=\"elementor-element elementor-element-e362675 e-grid e-con-boxed e-con e-parent\" data-id=\"e362675\" data-element_type=\"container\">\n\t\t\t\t\t<div class=\"e-con-inner\">\n\t\t<div class=\"elementor-element elementor-element-d7bb2eb e-con-full e-flex e-con e-child\" data-id=\"d7bb2eb\" data-element_type=\"container\">\n\t\t\t\t<div class=\"elementor-element elementor-element-22f884f elementor-widget__width-initial elementor-widget elementor-widget-image\" data-id=\"22f884f\" data-element_type=\"widget\" data-widget_type=\"image.default\">\n\t\t\t\t<div class=\"elementor-widget-container\">\n\t\t\t\t\t\t\t\t\t\t\t\t\t\t\t\t<a href=\"\/tr\/karoline-kupperrothun-hayati\/\" https=\"\">\n\t\t\t\t\t\t\t<img loading=\"lazy\" decoding=\"async\" width=\"300\" height=\"300\" src=\"https:\/\/voce-lingua.de\/wp-content\/uploads\/2025\/02\/Karoline-Kupperoth.jpg\" class=\"attachment-medium_large size-medium_large wp-image-1055\" alt=\"\" srcset=\"https:\/\/voce-lingua.de\/wp-content\/uploads\/2025\/02\/Karoline-Kupperoth.jpg 300w, https:\/\/voce-lingua.de\/wp-content\/uploads\/2025\/02\/Karoline-Kupperoth-150x150.jpg 150w\" sizes=\"(max-width: 300px) 100vw, 300px\" \/>\t\t\t\t\t\t\t\t<\/a>\n\t\t\t\t\t\t\t\t\t\t\t\t\t\t\t<\/div>\n\t\t\t\t<\/div>\n\t\t\t\t<div class=\"elementor-element elementor-element-5017a00 elementor-widget elementor-widget-heading\" data-id=\"5017a00\" data-element_type=\"widget\" data-widget_type=\"heading.default\">\n\t\t\t\t<div class=\"elementor-widget-container\">\n\t\t\t\t\t<h3 class=\"elementor-heading-title elementor-size-default\">Karoline Kupperroth<\/h3>\t\t\t\t<\/div>\n\t\t\t\t<\/div>\n\t\t\t\t<div class=\"elementor-element elementor-element-0de6274 elementor-widget__width-initial elementor-widget elementor-widget-text-editor\" data-id=\"0de6274\" data-element_type=\"widget\" data-widget_type=\"text-editor.default\">\n\t\t\t\t<div class=\"elementor-widget-container\">\n\t\t\t\t\t\t\t\t\t<p style=\"text-align: center;\">Devlet sertifikal\u0131 nefes, konu\u015fma ve ses \u00f6\u011fretmeni Pantomim, dans ve oyunculuk e\u011fitimi Lichtenberg Metodu sertifikas\u0131, nefes-ses semineri lideri<\/p>\t\t\t\t\t\t\t\t<\/div>\n\t\t\t\t<\/div>\n\t\t\t\t<\/div>\n\t\t<div class=\"elementor-element elementor-element-8f8cbb2 e-con-full elementor-hidden-mobile e-flex e-con e-child\" data-id=\"8f8cbb2\" data-element_type=\"container\">\n\t\t\t\t<div class=\"elementor-element elementor-element-fee2735 elementor-widget__width-initial elementor-widget elementor-widget-image\" data-id=\"fee2735\" data-element_type=\"widget\" data-widget_type=\"image.default\">\n\t\t\t\t<div class=\"elementor-widget-container\">\n\t\t\t\t\t\t\t\t\t\t\t\t\t\t\t<img loading=\"lazy\" decoding=\"async\" width=\"300\" height=\"300\" src=\"https:\/\/voce-lingua.de\/wp-content\/uploads\/2025\/04\/BlumenKreis-300x300.jpg\" class=\"attachment-medium size-medium wp-image-1577\" alt=\"\" srcset=\"https:\/\/voce-lingua.de\/wp-content\/uploads\/2025\/04\/BlumenKreis-300x300.jpg 300w, https:\/\/voce-lingua.de\/wp-content\/uploads\/2025\/04\/BlumenKreis-150x150.jpg 150w, https:\/\/voce-lingua.de\/wp-content\/uploads\/2025\/04\/BlumenKreis-768x768.jpg 768w, https:\/\/voce-lingua.de\/wp-content\/uploads\/2025\/04\/BlumenKreis.jpg 800w\" sizes=\"(max-width: 300px) 100vw, 300px\" \/>\t\t\t\t\t\t\t\t\t\t\t\t\t\t\t<\/div>\n\t\t\t\t<\/div>\n\t\t\t\t<\/div>\n\t\t<div class=\"elementor-element elementor-element-eb85f4c e-con-full e-flex e-con e-child\" data-id=\"eb85f4c\" data-element_type=\"container\">\n\t\t\t\t<div class=\"elementor-element elementor-element-bd0ff74 elementor-widget__width-initial elementor-widget elementor-widget-image\" data-id=\"bd0ff74\" data-element_type=\"widget\" data-widget_type=\"image.default\">\n\t\t\t\t<div class=\"elementor-widget-container\">\n\t\t\t\t\t\t\t\t\t\t\t\t\t\t\t\t<a href=\"\/tr\/lisa-wangerin-hayati\/\" https=\"\">\n\t\t\t\t\t\t\t<img loading=\"lazy\" decoding=\"async\" width=\"300\" height=\"300\" src=\"https:\/\/voce-lingua.de\/wp-content\/uploads\/2025\/04\/Lisa-Wagner.jpg\" class=\"attachment-medium_large size-medium_large wp-image-1567\" alt=\"\" srcset=\"https:\/\/voce-lingua.de\/wp-content\/uploads\/2025\/04\/Lisa-Wagner.jpg 300w, https:\/\/voce-lingua.de\/wp-content\/uploads\/2025\/04\/Lisa-Wagner-150x150.jpg 150w\" sizes=\"(max-width: 300px) 100vw, 300px\" \/>\t\t\t\t\t\t\t\t<\/a>\n\t\t\t\t\t\t\t\t\t\t\t\t\t\t\t<\/div>\n\t\t\t\t<\/div>\n\t\t\t\t<div class=\"elementor-element elementor-element-6f5031b elementor-widget elementor-widget-heading\" data-id=\"6f5031b\" data-element_type=\"widget\" data-widget_type=\"heading.default\">\n\t\t\t\t<div class=\"elementor-widget-container\">\n\t\t\t\t\t<h3 class=\"elementor-heading-title elementor-size-default\">Lisa Wagner<\/h3>\t\t\t\t<\/div>\n\t\t\t\t<\/div>\n\t\t\t\t<div class=\"elementor-element elementor-element-521030f elementor-widget__width-initial elementor-widget elementor-widget-text-editor\" data-id=\"521030f\" data-element_type=\"widget\" data-widget_type=\"text-editor.default\">\n\t\t\t\t<div class=\"elementor-widget-container\">\n\t\t\t\t\t\t\t\t\t<p>Devlet taraf\u0131ndan tan\u0131nan konu\u015fma terapisti ve \u00f6\u011frenme ko\u00e7u n. Warnke \u00c7ok dilli konu\u015fma geli\u015fimi ve \u00e7ocuk dili, miyo- ve yutma terapisi ve n\u00f6rolojik bozukluklar uzman\u0131, Warnke Terapi<\/p>\t\t\t\t\t\t\t\t<\/div>\n\t\t\t\t<\/div>\n\t\t\t\t<\/div>\n\t\t\t\t\t<\/div>\n\t\t\t\t<\/div>\n\t\t<div class=\"elementor-element elementor-element-82f8999 e-grid e-con-boxed e-con e-parent\" data-id=\"82f8999\" data-element_type=\"container\">\n\t\t\t\t\t<div class=\"e-con-inner\">\n\t\t<div class=\"elementor-element elementor-element-289c866 e-con-full e-flex e-con e-child\" data-id=\"289c866\" data-element_type=\"container\">\n\t\t<div class=\"elementor-element elementor-element-152349f e-con-full e-flex e-con e-child\" data-id=\"152349f\" data-element_type=\"container\">\n\t\t\t\t<div class=\"elementor-element elementor-element-0e8eb17 elementor-widget elementor-widget-image\" data-id=\"0e8eb17\" data-element_type=\"widget\" data-widget_type=\"image.default\">\n\t\t\t\t<div class=\"elementor-widget-container\">\n\t\t\t\t\t\t\t\t\t\t\t\t\t\t\t<img loading=\"lazy\" decoding=\"async\" width=\"287\" height=\"300\" src=\"https:\/\/voce-lingua.de\/wp-content\/uploads\/2025\/02\/Heinke-Steffens-287x300.png\" class=\"attachment-medium size-medium wp-image-1054\" alt=\"\" srcset=\"https:\/\/voce-lingua.de\/wp-content\/uploads\/2025\/02\/Heinke-Steffens-287x300.png 287w, https:\/\/voce-lingua.de\/wp-content\/uploads\/2025\/02\/Heinke-Steffens-978x1024.png 978w, https:\/\/voce-lingua.de\/wp-content\/uploads\/2025\/02\/Heinke-Steffens-768x804.png 768w, https:\/\/voce-lingua.de\/wp-content\/uploads\/2025\/02\/Heinke-Steffens.png 1075w\" sizes=\"(max-width: 287px) 100vw, 287px\" \/>\t\t\t\t\t\t\t\t\t\t\t\t\t\t\t<\/div>\n\t\t\t\t<\/div>\n\t\t\t\t<div class=\"elementor-element elementor-element-8ea98c8 elementor-widget elementor-widget-heading\" data-id=\"8ea98c8\" data-element_type=\"widget\" data-widget_type=\"heading.default\">\n\t\t\t\t<div class=\"elementor-widget-container\">\n\t\t\t\t\t<h3 class=\"elementor-heading-title elementor-size-default\">Heinke Steffens<\/h3>\t\t\t\t<\/div>\n\t\t\t\t<\/div>\n\t\t\t\t<div class=\"elementor-element elementor-element-4a3f822 elementor-widget__width-initial elementor-widget elementor-widget-text-editor\" data-id=\"4a3f822\" data-element_type=\"widget\" data-widget_type=\"text-editor.default\">\n\t\t\t\t<div class=\"elementor-widget-container\">\n\t\t\t\t\t\t\t\t\t<p>Nefes, konu\u015fma ve ses \u00f6\u011fretmeni, ESPERE (empatik ileti\u015fim) e\u011fitmeni, ERES (duygusal rahats\u0131zl\u0131klar\u0131n \u00e7\u00f6z\u00fcm\u00fc) e\u011fitmeni\u00a0\u00a0<\/p>\t\t\t\t\t\t\t\t<\/div>\n\t\t\t\t<\/div>\n\t\t\t\t<\/div>\n\t\t\t\t<\/div>\n\t\t\t\t\t<\/div>\n\t\t\t\t<\/div>\n\t\t\t\t<\/div>","protected":false},"excerpt":{"rendered":"<p>Herzlich Willkommen! Ihr Sprechen liegt uns am Herzen. Das macht uns zu Ihren Ansprechpartnerinnen f\u00fcr Stimme und Sprache.Wir sind eine freundliche Praxis f\u00fcr Sprachtherapie mit vielf\u00e4ltigen Ausbildungen.\u00a0 Das sind wir Kirsten M\u00fcller Praxisleitung \u2028Akademische Sprachtherapeutin \u2028Heilpraktikerin (Sprachtherapie) \u2028zertifizierte Gestalttherapeutin Stotterertherapeutin Karoline Kupperroth staatl. gepr\u00fcfte Atem-\u00a0 Sprech- und Stimmlehrerin Pantomime-, Tanz- und Schauspielausbildung Zertifikat f\u00fcr die [&hellip;]<\/p>","protected":false},"author":1,"featured_media":0,"parent":0,"menu_order":0,"comment_status":"closed","ping_status":"closed","template":"","meta":{"footnotes":""},"class_list":["post-63","page","type-page","status-publish","hentry"],"_links":{"self":[{"href":"https:\/\/voce-lingua.de\/tr\/wp-json\/wp\/v2\/pages\/63","targetHints":{"allow":["GET"]}}],"collection":[{"href":"https:\/\/voce-lingua.de\/tr\/wp-json\/wp\/v2\/pages"}],"about":[{"href":"https:\/\/voce-lingua.de\/tr\/wp-json\/wp\/v2\/types\/page"}],"author":[{"embeddable":true,"href":"https:\/\/voce-lingua.de\/tr\/wp-json\/wp\/v2\/users\/1"}],"replies":[{"embeddable":true,"href":"https:\/\/voce-lingua.de\/tr\/wp-json\/wp\/v2\/comments?post=63"}],"version-history":[{"count":193,"href":"https:\/\/voce-lingua.de\/tr\/wp-json\/wp\/v2\/pages\/63\/revisions"}],"predecessor-version":[{"id":1815,"href":"https:\/\/voce-lingua.de\/tr\/wp-json\/wp\/v2\/pages\/63\/revisions\/1815"}],"wp:attachment":[{"href":"https:\/\/voce-lingua.de\/tr\/wp-json\/wp\/v2\/media?parent=63"}],"curies":[{"name":"wp","href":"https:\/\/api.w.org\/{rel}","templated":true}]}}