{"id":57,"date":"2024-12-06T11:29:08","date_gmt":"2024-12-06T11:29:08","guid":{"rendered":"http:\/\/voce-lingua.local\/?page_id=57"},"modified":"2025-05-27T13:40:32","modified_gmt":"2025-05-27T13:40:32","slug":"ses-sagligi","status":"publish","type":"page","link":"https:\/\/voce-lingua.de\/tr\/ses-sagligi\/","title":{"rendered":"Ses sa\u011fl\u0131\u011f\u0131"},"content":{"rendered":"<div data-elementor-type=\"wp-page\" data-elementor-id=\"57\" class=\"elementor elementor-57\">\n\t\t\t\t<div class=\"elementor-element elementor-element-cc2f87e e-flex e-con-boxed e-con e-parent\" data-id=\"cc2f87e\" data-element_type=\"container\">\n\t\t\t\t\t<div class=\"e-con-inner\">\n\t\t\t\t<div class=\"elementor-element elementor-element-dbaf8ea elementor-widget elementor-widget-heading\" data-id=\"dbaf8ea\" data-element_type=\"widget\" data-widget_type=\"heading.default\">\n\t\t\t\t<div class=\"elementor-widget-container\">\n\t\t\t\t\t<h2 class=\"elementor-heading-title elementor-size-default\">Ses sa\u011fl\u0131\u011f\u0131<\/h2>\t\t\t\t<\/div>\n\t\t\t\t<\/div>\n\t\t\t\t\t<\/div>\n\t\t\t\t<\/div>\n\t\t<div class=\"elementor-element elementor-element-facd2ed e-flex e-con-boxed e-con e-parent\" data-id=\"facd2ed\" data-element_type=\"container\">\n\t\t\t\t\t<div class=\"e-con-inner\">\n\t\t\t\t<div class=\"elementor-element elementor-element-edecf19 elementor-widget elementor-widget-image\" data-id=\"edecf19\" data-element_type=\"widget\" data-widget_type=\"image.default\">\n\t\t\t\t<div class=\"elementor-widget-container\">\n\t\t\t\t\t\t\t\t\t\t\t\t\t\t\t<img fetchpriority=\"high\" decoding=\"async\" width=\"800\" height=\"73\" src=\"https:\/\/voce-lingua.de\/wp-content\/uploads\/2024\/12\/trenner-3-1-1024x93.png\" class=\"attachment-large size-large wp-image-133\" alt=\"\" srcset=\"https:\/\/voce-lingua.de\/wp-content\/uploads\/2024\/12\/trenner-3-1-1024x93.png 1024w, https:\/\/voce-lingua.de\/wp-content\/uploads\/2024\/12\/trenner-3-1-300x27.png 300w, https:\/\/voce-lingua.de\/wp-content\/uploads\/2024\/12\/trenner-3-1-768x70.png 768w, https:\/\/voce-lingua.de\/wp-content\/uploads\/2024\/12\/trenner-3-1.png 1382w\" sizes=\"(max-width: 800px) 100vw, 800px\" \/>\t\t\t\t\t\t\t\t\t\t\t\t\t\t\t<\/div>\n\t\t\t\t<\/div>\n\t\t\t\t<div class=\"elementor-element elementor-element-9d7c329 elementor-widget elementor-widget-text-editor\" data-id=\"9d7c329\" data-element_type=\"widget\" data-widget_type=\"text-editor.default\">\n\t\t\t\t<div class=\"elementor-widget-container\">\n\t\t\t\t\t\t\t\t\t<p style=\"text-align: center;\">Yeti\u015fkinlerde ses sa\u011fl\u0131\u011f\u0131n\u0131n g\u00fc\u00e7lendirilmesi:<\/p>\t\t\t\t\t\t\t\t<\/div>\n\t\t\t\t<\/div>\n\t\t\t\t<div class=\"elementor-element elementor-element-a0352fb elementor-widget__width-initial elementor-widget elementor-widget-text-editor\" data-id=\"a0352fb\" data-element_type=\"widget\" data-widget_type=\"text-editor.default\">\n\t\t\t\t<div class=\"elementor-widget-container\">\n\t\t\t\t\t\t\t\t\t<ul><li>\u0130leti\u015fimsel yetkinli\u011finiz<\/li><li>Kendinizi profesyonel ve \u00f6zel olarak ifade etme beceriniz, \u00f6rne\u011fin konu\u015furken, y\u00fcksek sesle okurken, \u015fark\u0131 s\u00f6ylerken, sunum yaparken vb.<\/li><li>\u00f6zg\u00fcven<\/li><\/ul>\t\t\t\t\t\t\t\t<\/div>\n\t\t\t\t<\/div>\n\t\t\t\t<div class=\"elementor-element elementor-element-01f4178 elementor-widget__width-initial elementor-widget elementor-widget-text-editor\" data-id=\"01f4178\" data-element_type=\"widget\" data-widget_type=\"text-editor.default\">\n\t\t\t\t<div class=\"elementor-widget-container\">\n\t\t\t\t\t\t\t\t\t<p>ve konu\u015fma mesleklerinde, \u015fark\u0131c\u0131 olarak veya sadece sesinizin duyulmas\u0131n\u0131 istedi\u011finizde vazge\u00e7ilmezdir.<\/p>\t\t\t\t\t\t\t\t<\/div>\n\t\t\t\t<\/div>\n\t\t\t\t<div class=\"elementor-element elementor-element-86290e4 elementor-widget elementor-widget-image\" data-id=\"86290e4\" data-element_type=\"widget\" data-widget_type=\"image.default\">\n\t\t\t\t<div class=\"elementor-widget-container\">\n\t\t\t\t\t\t\t\t\t\t\t\t\t\t\t<img decoding=\"async\" width=\"768\" height=\"64\" src=\"https:\/\/voce-lingua.de\/wp-content\/uploads\/2024\/12\/trenner-2-768x64.png\" class=\"attachment-medium_large size-medium_large wp-image-31\" alt=\"\" srcset=\"https:\/\/voce-lingua.de\/wp-content\/uploads\/2024\/12\/trenner-2-768x64.png 768w, https:\/\/voce-lingua.de\/wp-content\/uploads\/2024\/12\/trenner-2-300x25.png 300w, https:\/\/voce-lingua.de\/wp-content\/uploads\/2024\/12\/trenner-2-1024x85.png 1024w, https:\/\/voce-lingua.de\/wp-content\/uploads\/2024\/12\/trenner-2.png 1289w\" sizes=\"(max-width: 768px) 100vw, 768px\" \/>\t\t\t\t\t\t\t\t\t\t\t\t\t\t\t<\/div>\n\t\t\t\t<\/div>\n\t\t\t\t<div class=\"elementor-element elementor-element-972c170 elementor-widget elementor-widget-heading\" data-id=\"972c170\" data-element_type=\"widget\" data-widget_type=\"heading.default\">\n\t\t\t\t<div class=\"elementor-widget-container\">\n\t\t\t\t\t<h2 class=\"elementor-heading-title elementor-size-default\">Belirtileri tan\u0131yorsunuz<br>\u00d6rne\u011fin:<\/h2>\t\t\t\t<\/div>\n\t\t\t\t<\/div>\n\t\t\t\t<div class=\"elementor-element elementor-element-4328c57 elementor-widget elementor-widget-image\" data-id=\"4328c57\" data-element_type=\"widget\" data-widget_type=\"image.default\">\n\t\t\t\t<div class=\"elementor-widget-container\">\n\t\t\t\t\t\t\t\t\t\t\t\t\t\t\t<img decoding=\"async\" width=\"768\" height=\"64\" src=\"https:\/\/voce-lingua.de\/wp-content\/uploads\/2024\/12\/trenner-2-upside-down-768x64.png\" class=\"attachment-medium_large size-medium_large wp-image-259\" alt=\"\" srcset=\"https:\/\/voce-lingua.de\/wp-content\/uploads\/2024\/12\/trenner-2-upside-down-768x64.png 768w, https:\/\/voce-lingua.de\/wp-content\/uploads\/2024\/12\/trenner-2-upside-down-300x25.png 300w, https:\/\/voce-lingua.de\/wp-content\/uploads\/2024\/12\/trenner-2-upside-down-1024x85.png 1024w, https:\/\/voce-lingua.de\/wp-content\/uploads\/2024\/12\/trenner-2-upside-down.png 1289w\" sizes=\"(max-width: 768px) 100vw, 768px\" \/>\t\t\t\t\t\t\t\t\t\t\t\t\t\t\t<\/div>\n\t\t\t\t<\/div>\n\t\t\t\t<div class=\"elementor-element elementor-element-d409b59 elementor-widget__width-initial elementor-widget elementor-widget-text-editor\" data-id=\"d409b59\" data-element_type=\"widget\" data-widget_type=\"text-editor.default\">\n\t\t\t\t<div class=\"elementor-widget-container\">\n\t\t\t\t\t\t\t\t\t<ul><li>s\u0131k konu\u015fma ile sessiz hale gelmek<\/li><li>Bo\u011faz\u0131n\u0131z\u0131 temizlemekte zorluk, bask\u0131 hissi, gergin konu\u015fma veya h\u0131zl\u0131 ses yorgunlu\u011fu ya\u015fayabilirsiniz<\/li><li>ses p\u00fcr\u00fczl\u00fc veya nefes nefese geliyor ve monoton<\/li><li>Bo\u011fazda yabanc\u0131 cisim hissi veya bo\u011fazda s\u0131k\u0131\u015fma ya\u015f\u0131yorsan\u0131z<\/li><li>V\u00fccut hareketlili\u011finizi k\u0131s\u0131tlanm\u0131\u015f hissediyor ve \u00e7ene, boyun ve omuz b\u00f6lgenizde gerginlik ya\u015f\u0131yorsunuz<\/li><li>Nefes darl\u0131\u011f\u0131<\/li><\/ul>\t\t\t\t\t\t\t\t<\/div>\n\t\t\t\t<\/div>\n\t\t\t\t<div class=\"elementor-element elementor-element-692abee elementor-widget elementor-widget-image\" data-id=\"692abee\" data-element_type=\"widget\" data-widget_type=\"image.default\">\n\t\t\t\t<div class=\"elementor-widget-container\">\n\t\t\t\t\t\t\t\t\t\t\t\t\t\t\t<img decoding=\"async\" width=\"768\" height=\"64\" src=\"https:\/\/voce-lingua.de\/wp-content\/uploads\/2024\/12\/trenner-2-768x64.png\" class=\"attachment-medium_large size-medium_large wp-image-31\" alt=\"\" srcset=\"https:\/\/voce-lingua.de\/wp-content\/uploads\/2024\/12\/trenner-2-768x64.png 768w, https:\/\/voce-lingua.de\/wp-content\/uploads\/2024\/12\/trenner-2-300x25.png 300w, https:\/\/voce-lingua.de\/wp-content\/uploads\/2024\/12\/trenner-2-1024x85.png 1024w, https:\/\/voce-lingua.de\/wp-content\/uploads\/2024\/12\/trenner-2.png 1289w\" sizes=\"(max-width: 768px) 100vw, 768px\" \/>\t\t\t\t\t\t\t\t\t\t\t\t\t\t\t<\/div>\n\t\t\t\t<\/div>\n\t\t\t\t<div class=\"elementor-element elementor-element-46afcc5 elementor-widget elementor-widget-heading\" data-id=\"46afcc5\" data-element_type=\"widget\" data-widget_type=\"heading.default\">\n\t\t\t\t<div class=\"elementor-widget-container\">\n\t\t\t\t\t<h2 class=\"elementor-heading-title elementor-size-default\">Bireysel ses terapisi<br>Tedavi<\/h2>\t\t\t\t<\/div>\n\t\t\t\t<\/div>\n\t\t\t\t<div class=\"elementor-element elementor-element-eb662af elementor-widget elementor-widget-image\" data-id=\"eb662af\" data-element_type=\"widget\" data-widget_type=\"image.default\">\n\t\t\t\t<div class=\"elementor-widget-container\">\n\t\t\t\t\t\t\t\t\t\t\t\t\t\t\t<img decoding=\"async\" width=\"768\" height=\"64\" src=\"https:\/\/voce-lingua.de\/wp-content\/uploads\/2024\/12\/trenner-2-upside-down-768x64.png\" class=\"attachment-medium_large size-medium_large wp-image-259\" alt=\"\" srcset=\"https:\/\/voce-lingua.de\/wp-content\/uploads\/2024\/12\/trenner-2-upside-down-768x64.png 768w, https:\/\/voce-lingua.de\/wp-content\/uploads\/2024\/12\/trenner-2-upside-down-300x25.png 300w, https:\/\/voce-lingua.de\/wp-content\/uploads\/2024\/12\/trenner-2-upside-down-1024x85.png 1024w, https:\/\/voce-lingua.de\/wp-content\/uploads\/2024\/12\/trenner-2-upside-down.png 1289w\" sizes=\"(max-width: 768px) 100vw, 768px\" \/>\t\t\t\t\t\t\t\t\t\t\t\t\t\t\t<\/div>\n\t\t\t\t<\/div>\n\t\t\t\t<div class=\"elementor-element elementor-element-20dd79e elementor-widget__width-initial elementor-widget elementor-widget-text-editor\" data-id=\"20dd79e\" data-element_type=\"widget\" data-widget_type=\"text-editor.default\">\n\t\t\t\t<div class=\"elementor-widget-container\">\n\t\t\t\t\t\t\t\t\t<p>Ses terapisini se\u00e7tiyseniz, muayenehanemizde neler bekleyebilece\u011finiz konusunda size bir fikir vermek i\u00e7in profesyonel ses e\u011fitimi hakk\u0131nda baz\u0131 bilgileri bir araya getirdik. T\u00fcm masraflar 18 ya\u015f\u0131na kadar sa\u011fl\u0131k sigortas\u0131 taraf\u0131ndan ve yeti\u015fkinler i\u00e7in 10% katk\u0131 pay\u0131 ile kar\u015f\u0131lanmaktad\u0131r (yasal d\u00fczenlemelere uygun olarak).<\/p>\t\t\t\t\t\t\t\t<\/div>\n\t\t\t\t<\/div>\n\t\t\t\t<div class=\"elementor-element elementor-element-b4f9286 elementor-widget elementor-widget-text-editor\" data-id=\"b4f9286\" data-element_type=\"widget\" data-widget_type=\"text-editor.default\">\n\t\t\t\t<div class=\"elementor-widget-container\">\n\t\t\t\t\t\t\t\t\t<p>\"Ses terapisi\" sekmesi alt\u0131nda daha fazla bilgi bulabilirsiniz<\/p>\t\t\t\t\t\t\t\t<\/div>\n\t\t\t\t<\/div>\n\t\t\t\t\t<\/div>\n\t\t\t\t<\/div>\n\t\t\t\t<\/div>","protected":false},"excerpt":{"rendered":"<p>Stimmliche Gesundheit Die stimmliche Gesundheit bei Erwachsenen st\u00e4rkt: Ihre kommunikative Kompetenz Sie beruflich und privat in Ihrer Ausdrucksf\u00e4higkeit, z.B. beim Reden, Vorlesen, Singen, Vortraghalten etc. das Selbstbewusstsein und ist in Sprecherberufen, als S\u00e4nger\/-in oder allein bei dem Wunsch, mit der Stimme Geh\u00f6r zu finden, unverzichtbar. Sie erkennen die Symptomezum Beispiel an: stimmlos werden bei h\u00e4ufigem [&hellip;]<\/p>","protected":false},"author":1,"featured_media":0,"parent":0,"menu_order":0,"comment_status":"closed","ping_status":"closed","template":"","meta":{"footnotes":""},"class_list":["post-57","page","type-page","status-publish","hentry"],"_links":{"self":[{"href":"https:\/\/voce-lingua.de\/tr\/wp-json\/wp\/v2\/pages\/57","targetHints":{"allow":["GET"]}}],"collection":[{"href":"https:\/\/voce-lingua.de\/tr\/wp-json\/wp\/v2\/pages"}],"about":[{"href":"https:\/\/voce-lingua.de\/tr\/wp-json\/wp\/v2\/types\/page"}],"author":[{"embeddable":true,"href":"https:\/\/voce-lingua.de\/tr\/wp-json\/wp\/v2\/users\/1"}],"replies":[{"embeddable":true,"href":"https:\/\/voce-lingua.de\/tr\/wp-json\/wp\/v2\/comments?post=57"}],"version-history":[{"count":46,"href":"https:\/\/voce-lingua.de\/tr\/wp-json\/wp\/v2\/pages\/57\/revisions"}],"predecessor-version":[{"id":1749,"href":"https:\/\/voce-lingua.de\/tr\/wp-json\/wp\/v2\/pages\/57\/revisions\/1749"}],"wp:attachment":[{"href":"https:\/\/voce-lingua.de\/tr\/wp-json\/wp\/v2\/media?parent=57"}],"curies":[{"name":"wp","href":"https:\/\/api.w.org\/{rel}","templated":true}]}}