{"id":52,"date":"2024-12-06T11:27:51","date_gmt":"2024-12-06T11:27:51","guid":{"rendered":"http:\/\/voce-lingua.local\/?page_id=52"},"modified":"2025-04-29T17:12:30","modified_gmt":"2025-04-29T17:12:30","slug":"home","status":"publish","type":"page","link":"https:\/\/voce-lingua.de\/tr\/","title":{"rendered":"Ev"},"content":{"rendered":"<div data-elementor-type=\"wp-page\" data-elementor-id=\"52\" class=\"elementor elementor-52\">\n\t\t\t\t<div class=\"elementor-element elementor-element-787a759 e-flex e-con-boxed e-con e-parent\" data-id=\"787a759\" data-element_type=\"container\">\n\t\t\t\t\t<div class=\"e-con-inner\">\n\t\t\t\t<div class=\"elementor-element elementor-element-7949b89 elementor-widget elementor-widget-image\" data-id=\"7949b89\" data-element_type=\"widget\" data-widget_type=\"image.default\">\n\t\t\t\t<div class=\"elementor-widget-container\">\n\t\t\t\t\t\t\t\t\t\t\t\t\t\t\t<img fetchpriority=\"high\" decoding=\"async\" width=\"800\" height=\"403\" src=\"https:\/\/voce-lingua.de\/wp-content\/uploads\/2025\/01\/Schiff-002.png\" class=\"attachment-large size-large wp-image-742\" alt=\"\" srcset=\"https:\/\/voce-lingua.de\/wp-content\/uploads\/2025\/01\/Schiff-002.png 1021w, https:\/\/voce-lingua.de\/wp-content\/uploads\/2025\/01\/Schiff-002-300x151.png 300w, https:\/\/voce-lingua.de\/wp-content\/uploads\/2025\/01\/Schiff-002-768x387.png 768w\" sizes=\"(max-width: 800px) 100vw, 800px\" \/>\t\t\t\t\t\t\t\t\t\t\t\t\t\t\t<\/div>\n\t\t\t\t<\/div>\n\t\t\t\t<div class=\"elementor-element elementor-element-6348072 elementor-widget elementor-widget-heading\" data-id=\"6348072\" data-element_type=\"widget\" data-widget_type=\"heading.default\">\n\t\t\t\t<div class=\"elementor-widget-container\">\n\t\t\t\t\t<h2 class=\"elementor-heading-title elementor-size-default\">voce lingua<\/h2>\t\t\t\t<\/div>\n\t\t\t\t<\/div>\n\t\t\t\t<div class=\"elementor-element elementor-element-4ece742 elementor-widget elementor-widget-image\" data-id=\"4ece742\" data-element_type=\"widget\" data-widget_type=\"image.default\">\n\t\t\t\t<div class=\"elementor-widget-container\">\n\t\t\t\t\t\t\t\t\t\t\t\t\t\t\t<img decoding=\"async\" width=\"800\" height=\"73\" src=\"https:\/\/voce-lingua.de\/wp-content\/uploads\/2024\/12\/trenner-3-1-1024x93.png\" class=\"attachment-large size-large wp-image-133\" alt=\"\" srcset=\"https:\/\/voce-lingua.de\/wp-content\/uploads\/2024\/12\/trenner-3-1-1024x93.png 1024w, https:\/\/voce-lingua.de\/wp-content\/uploads\/2024\/12\/trenner-3-1-300x27.png 300w, https:\/\/voce-lingua.de\/wp-content\/uploads\/2024\/12\/trenner-3-1-768x70.png 768w, https:\/\/voce-lingua.de\/wp-content\/uploads\/2024\/12\/trenner-3-1.png 1382w\" sizes=\"(max-width: 800px) 100vw, 800px\" \/>\t\t\t\t\t\t\t\t\t\t\t\t\t\t\t<\/div>\n\t\t\t\t<\/div>\n\t\t\t\t\t<\/div>\n\t\t\t\t<\/div>\n\t\t<div class=\"elementor-element elementor-element-d4a85a7 e-flex e-con-boxed e-con e-parent\" data-id=\"d4a85a7\" data-element_type=\"container\">\n\t\t\t\t\t<div class=\"e-con-inner\">\n\t\t\t\t<div class=\"elementor-element elementor-element-3c705e8 elementor-widget__width-initial elementor-widget elementor-widget-text-editor\" data-id=\"3c705e8\" data-element_type=\"widget\" data-widget_type=\"text-editor.default\">\n\t\t\t\t<div class=\"elementor-widget-container\">\n\t\t\t\t\t\t\t\t\t<p>\u0130leti\u015fim, ki\u015filer aras\u0131 ili\u015fkilerin ve kendinizi rahat hissedip hissetmedi\u011finizin \u00f6nemli bir temel ta\u015f\u0131d\u0131r. Kekemelik, ses \u00fczerinde bask\u0131 hissi, ses yorgunlu\u011fu, monotomi veya konu\u015furken nefes darl\u0131\u011f\u0131 nedeniyle kendinizi ifade etmekten \u00e7ekinmek, s\u00fcrekli yolda\u015f\u0131n\u0131z olmak zorunda de\u011fildir ve tedavi edilebilir. Ya\u015f, cinsiyet veya ki\u015fisel kimlikten ba\u011f\u0131ms\u0131z olarak sizi bize y\u00f6nlendirebilecek bir\u00e7ok farkl\u0131 neden vard\u0131r.<\/p>\t\t\t\t\t\t\t\t<\/div>\n\t\t\t\t<\/div>\n\t\t\t\t\t<\/div>\n\t\t\t\t<\/div>\n\t\t<div class=\"elementor-element elementor-element-7a982ca e-flex e-con-boxed e-con e-parent\" data-id=\"7a982ca\" data-element_type=\"container\">\n\t\t\t\t\t<div class=\"e-con-inner\">\n\t\t\t\t<div class=\"elementor-element elementor-element-faba910 elementor-widget elementor-widget-image\" data-id=\"faba910\" data-element_type=\"widget\" data-widget_type=\"image.default\">\n\t\t\t\t<div class=\"elementor-widget-container\">\n\t\t\t\t\t\t\t\t\t\t\t\t\t\t\t<img decoding=\"async\" width=\"768\" height=\"64\" src=\"https:\/\/voce-lingua.de\/wp-content\/uploads\/2024\/12\/trenner-2-upside-down-768x64.png\" class=\"attachment-medium_large size-medium_large wp-image-259\" alt=\"\" srcset=\"https:\/\/voce-lingua.de\/wp-content\/uploads\/2024\/12\/trenner-2-upside-down-768x64.png 768w, https:\/\/voce-lingua.de\/wp-content\/uploads\/2024\/12\/trenner-2-upside-down-300x25.png 300w, https:\/\/voce-lingua.de\/wp-content\/uploads\/2024\/12\/trenner-2-upside-down-1024x85.png 1024w, https:\/\/voce-lingua.de\/wp-content\/uploads\/2024\/12\/trenner-2-upside-down.png 1289w\" sizes=\"(max-width: 768px) 100vw, 768px\" \/>\t\t\t\t\t\t\t\t\t\t\t\t\t\t\t<\/div>\n\t\t\t\t<\/div>\n\t\t\t\t<div class=\"elementor-element elementor-element-2609a66 elementor-widget-tablet__width-initial elementor-widget__width-initial elementor-widget elementor-widget-text-editor\" data-id=\"2609a66\" data-element_type=\"widget\" data-widget_type=\"text-editor.default\">\n\t\t\t\t<div class=\"elementor-widget-container\">\n\t\t\t\t\t\t\t\t\t<p>Konu\u015fman\u0131z bizim i\u00e7in \u00f6nemli. Bu da bizi ses ve konu\u015fma i\u00e7in muhatab\u0131n\u0131z yapar.<\/p><p>Herkes burada ho\u015f kar\u015f\u0131lan\u0131r ve g\u00fcvenli bir ortamda a\u00e7\u0131k kulaklar bulacakt\u0131r.<\/p><p>\u00c7ok \u00e7e\u015fitli e\u011fitim programlar\u0131na sahip samimi bir konu\u015fma terapisi muayenehanesiyiz.<\/p>\t\t\t\t\t\t\t\t<\/div>\n\t\t\t\t<\/div>\n\t\t\t\t\t<\/div>\n\t\t\t\t<\/div>\n\t\t<div class=\"elementor-element elementor-element-54d293a e-flex e-con-boxed e-con e-parent\" data-id=\"54d293a\" data-element_type=\"container\">\n\t\t\t\t\t<div class=\"e-con-inner\">\n\t\t\t\t<div class=\"elementor-element elementor-element-f3bd5d2 elementor-widget elementor-widget-heading\" data-id=\"f3bd5d2\" data-element_type=\"widget\" data-widget_type=\"heading.default\">\n\t\t\t\t<div class=\"elementor-widget-container\">\n\t\t\t\t\t<h2 class=\"elementor-heading-title elementor-size-default\">Yolculuk nerede ba\u015fl\u0131yor<\/h2>\t\t\t\t<\/div>\n\t\t\t\t<\/div>\n\t\t\t\t\t<\/div>\n\t\t\t\t<\/div>\n\t\t<div class=\"elementor-element elementor-element-5fa311c e-flex e-con-boxed e-con e-parent\" data-id=\"5fa311c\" data-element_type=\"container\">\n\t\t\t\t\t<div class=\"e-con-inner\">\n\t\t\t\t<div class=\"elementor-element elementor-element-c0ceacc elementor-widget elementor-widget-image\" data-id=\"c0ceacc\" data-element_type=\"widget\" data-widget_type=\"image.default\">\n\t\t\t\t<div class=\"elementor-widget-container\">\n\t\t\t\t\t\t\t\t\t\t\t\t\t\t\t<img loading=\"lazy\" decoding=\"async\" width=\"768\" height=\"64\" src=\"https:\/\/voce-lingua.de\/wp-content\/uploads\/2024\/12\/trenner-2-768x64.png\" class=\"attachment-medium_large size-medium_large wp-image-31\" alt=\"\" srcset=\"https:\/\/voce-lingua.de\/wp-content\/uploads\/2024\/12\/trenner-2-768x64.png 768w, https:\/\/voce-lingua.de\/wp-content\/uploads\/2024\/12\/trenner-2-300x25.png 300w, https:\/\/voce-lingua.de\/wp-content\/uploads\/2024\/12\/trenner-2-1024x85.png 1024w, https:\/\/voce-lingua.de\/wp-content\/uploads\/2024\/12\/trenner-2.png 1289w\" sizes=\"(max-width: 768px) 100vw, 768px\" \/>\t\t\t\t\t\t\t\t\t\t\t\t\t\t\t<\/div>\n\t\t\t\t<\/div>\n\t\t\t\t\t<\/div>\n\t\t\t\t<\/div>\n\t\t<div class=\"elementor-element elementor-element-dfe01d3 e-flex e-con-boxed e-con e-parent\" data-id=\"dfe01d3\" data-element_type=\"container\">\n\t\t\t\t\t<div class=\"e-con-inner\">\n\t\t\t\t<div class=\"elementor-element elementor-element-1f1d96e elementor-widget elementor-widget-heading\" data-id=\"1f1d96e\" data-element_type=\"widget\" data-widget_type=\"heading.default\">\n\t\t\t\t<div class=\"elementor-widget-container\">\n\t\t\t\t\t<h2 class=\"elementor-heading-title elementor-size-default\">Yolculuk nerede ba\u015fl\u0131yor<\/h2>\t\t\t\t<\/div>\n\t\t\t\t<\/div>\n\t\t\t\t\t<\/div>\n\t\t\t\t<\/div>\n\t\t<div class=\"elementor-element elementor-element-c3e4c1a e-flex e-con-boxed e-con e-parent\" data-id=\"c3e4c1a\" data-element_type=\"container\">\n\t\t\t\t\t<div class=\"e-con-inner\">\n\t\t\t\t<div class=\"elementor-element elementor-element-3da9328 elementor-widget elementor-widget-image\" data-id=\"3da9328\" data-element_type=\"widget\" data-widget_type=\"image.default\">\n\t\t\t\t<div class=\"elementor-widget-container\">\n\t\t\t\t\t\t\t\t\t\t\t\t\t\t\t<img decoding=\"async\" width=\"768\" height=\"64\" src=\"https:\/\/voce-lingua.de\/wp-content\/uploads\/2024\/12\/trenner-2-upside-down-768x64.png\" class=\"attachment-medium_large size-medium_large wp-image-259\" alt=\"\" srcset=\"https:\/\/voce-lingua.de\/wp-content\/uploads\/2024\/12\/trenner-2-upside-down-768x64.png 768w, https:\/\/voce-lingua.de\/wp-content\/uploads\/2024\/12\/trenner-2-upside-down-300x25.png 300w, https:\/\/voce-lingua.de\/wp-content\/uploads\/2024\/12\/trenner-2-upside-down-1024x85.png 1024w, https:\/\/voce-lingua.de\/wp-content\/uploads\/2024\/12\/trenner-2-upside-down.png 1289w\" sizes=\"(max-width: 768px) 100vw, 768px\" \/>\t\t\t\t\t\t\t\t\t\t\t\t\t\t\t<\/div>\n\t\t\t\t<\/div>\n\t\t\t\t\t<\/div>\n\t\t\t\t<\/div>\n\t\t<div class=\"elementor-element elementor-element-1afbeb2 e-flex e-con-boxed e-con e-parent\" data-id=\"1afbeb2\" data-element_type=\"container\">\n\t\t\t\t\t<div class=\"e-con-inner\">\n\t\t\t\t<div class=\"elementor-element elementor-element-df2bdf9 elementor-widget__width-initial elementor-widget elementor-widget-text-editor\" data-id=\"df2bdf9\" data-element_type=\"widget\" data-widget_type=\"text-editor.default\">\n\t\t\t\t<div class=\"elementor-widget-container\">\n\t\t\t\t\t\t\t\t\t<p><strong>1. dikkatli dan\u0131\u015fmanl\u0131k<\/strong><\/p><p>\u00c7ocuk doktorunuza, aile hekiminize veya kulak burun bo\u011faz uzman\u0131n\u0131za dan\u0131\u015farak sizi ilk te\u015fhis ve kons\u00fcltasyon i\u00e7in davet edebiliriz. \u015eunlar olacakt\u0131r:<\/p>\t\t\t\t\t\t\t\t<\/div>\n\t\t\t\t<\/div>\n\t\t\t\t\t<\/div>\n\t\t\t\t<\/div>\n\t\t<div class=\"elementor-element elementor-element-3e798e5 e-flex e-con-boxed e-con e-parent\" data-id=\"3e798e5\" data-element_type=\"container\">\n\t\t\t\t\t<div class=\"e-con-inner\">\n\t\t\t\t<div class=\"elementor-element elementor-element-d1b17f2 elementor-widget elementor-widget-text-editor\" data-id=\"d1b17f2\" data-element_type=\"widget\" data-widget_type=\"text-editor.default\">\n\t\t\t\t<div class=\"elementor-widget-container\">\n\t\t\t\t\t\t\t\t\t<ul><li class=\"firstItem\">Doktorunuz taraf\u0131ndan re\u00e7ete edilen ilk konu\u015fma terapisi kons\u00fcltasyonu<\/li><li class=\"lastItem\">Muayenehanede bir randevu i\u00e7in randevu al\u0131rs\u0131n\u0131z<\/li><\/ul>\t\t\t\t\t\t\t\t<\/div>\n\t\t\t\t<\/div>\n\t\t\t\t<div class=\"elementor-element elementor-element-271dca4 elementor-widget elementor-widget-image\" data-id=\"271dca4\" data-element_type=\"widget\" data-widget_type=\"image.default\">\n\t\t\t\t<div class=\"elementor-widget-container\">\n\t\t\t\t\t\t\t\t\t\t\t\t\t\t\t<img loading=\"lazy\" decoding=\"async\" width=\"768\" height=\"64\" src=\"https:\/\/voce-lingua.de\/wp-content\/uploads\/2024\/12\/trenner-2-768x64.png\" class=\"attachment-medium_large size-medium_large wp-image-31\" alt=\"\" srcset=\"https:\/\/voce-lingua.de\/wp-content\/uploads\/2024\/12\/trenner-2-768x64.png 768w, https:\/\/voce-lingua.de\/wp-content\/uploads\/2024\/12\/trenner-2-300x25.png 300w, https:\/\/voce-lingua.de\/wp-content\/uploads\/2024\/12\/trenner-2-1024x85.png 1024w, https:\/\/voce-lingua.de\/wp-content\/uploads\/2024\/12\/trenner-2.png 1289w\" sizes=\"(max-width: 768px) 100vw, 768px\" \/>\t\t\t\t\t\t\t\t\t\t\t\t\t\t\t<\/div>\n\t\t\t\t<\/div>\n\t\t\t\t\t<\/div>\n\t\t\t\t<\/div>\n\t\t<div class=\"elementor-element elementor-element-0cce0eb e-flex e-con-boxed e-con e-parent\" data-id=\"0cce0eb\" data-element_type=\"container\">\n\t\t\t\t\t<div class=\"e-con-inner\">\n\t\t\t\t<div class=\"elementor-element elementor-element-8e27829 elementor-widget__width-initial elementor-widget elementor-widget-text-editor\" data-id=\"8e27829\" data-element_type=\"widget\" data-widget_type=\"text-editor.default\">\n\t\t\t\t<div class=\"elementor-widget-container\">\n\t\t\t\t\t\t\t\t\t<p><strong>2. Terapi planlamas\u0131<\/strong><\/p><p>Konu\u015fma terapisi bulgular\u0131 ve t\u0131bbi te\u015fhis sonu\u00e7lar\u0131 konu\u015fma\/konu\u015fma\/yutma veya ses terapisini gerekli k\u0131l\u0131yorsa, genellikle k\u0131sa s\u00fcrede nitelikli tedavi sunabiliriz.<\/p>\t\t\t\t\t\t\t\t<\/div>\n\t\t\t\t<\/div>\n\t\t\t\t\t<\/div>\n\t\t\t\t<\/div>\n\t\t<div class=\"elementor-element elementor-element-eb7ed54 e-flex e-con-boxed e-con e-parent\" data-id=\"eb7ed54\" data-element_type=\"container\">\n\t\t\t\t\t<div class=\"e-con-inner\">\n\t\t\t\t<div class=\"elementor-element elementor-element-9683cd3 elementor-widget elementor-widget-text-editor\" data-id=\"9683cd3\" data-element_type=\"widget\" data-widget_type=\"text-editor.default\">\n\t\t\t\t<div class=\"elementor-widget-container\">\n\t\t\t\t\t\t\t\t\t<ul><li class=\"firstItem\">Doktor taraf\u0131ndan re\u00e7ete<\/li><li class=\"lastItem\">Sa\u011fl\u0131k sigortas\u0131 \u015firketleri taraf\u0131ndan masraflar\u0131n kar\u015f\u0131lanmas\u0131 garanti alt\u0131na al\u0131nm\u0131\u015ft\u0131r<\/li><\/ul>\t\t\t\t\t\t\t\t<\/div>\n\t\t\t\t<\/div>\n\t\t\t\t<div class=\"elementor-element elementor-element-cac8644 elementor-widget elementor-widget-image\" data-id=\"cac8644\" data-element_type=\"widget\" data-widget_type=\"image.default\">\n\t\t\t\t<div class=\"elementor-widget-container\">\n\t\t\t\t\t\t\t\t\t\t\t\t\t\t\t<img decoding=\"async\" width=\"768\" height=\"64\" src=\"https:\/\/voce-lingua.de\/wp-content\/uploads\/2024\/12\/trenner-2-upside-down-768x64.png\" class=\"attachment-medium_large size-medium_large wp-image-259\" alt=\"\" srcset=\"https:\/\/voce-lingua.de\/wp-content\/uploads\/2024\/12\/trenner-2-upside-down-768x64.png 768w, https:\/\/voce-lingua.de\/wp-content\/uploads\/2024\/12\/trenner-2-upside-down-300x25.png 300w, https:\/\/voce-lingua.de\/wp-content\/uploads\/2024\/12\/trenner-2-upside-down-1024x85.png 1024w, https:\/\/voce-lingua.de\/wp-content\/uploads\/2024\/12\/trenner-2-upside-down.png 1289w\" sizes=\"(max-width: 768px) 100vw, 768px\" \/>\t\t\t\t\t\t\t\t\t\t\t\t\t\t\t<\/div>\n\t\t\t\t<\/div>\n\t\t\t\t\t<\/div>\n\t\t\t\t<\/div>\n\t\t<div class=\"elementor-element elementor-element-41fc2b4 e-flex e-con-boxed e-con e-parent\" data-id=\"41fc2b4\" data-element_type=\"container\">\n\t\t\t\t\t<div class=\"e-con-inner\">\n\t\t\t\t<div class=\"elementor-element elementor-element-0ebadef elementor-widget__width-initial elementor-widget elementor-widget-text-editor\" data-id=\"0ebadef\" data-element_type=\"widget\" data-widget_type=\"text-editor.default\">\n\t\t\t\t<div class=\"elementor-widget-container\">\n\t\t\t\t\t\t\t\t\t<p><strong>3. bireyselle\u015ftirilmi\u015f tedavi<\/strong><\/p><p>Siz ve \u00e7ocu\u011funuz ya da bir yeti\u015fkin ve aile \u00fcyesi olarak muayenehanemizden ne bekleyebilirsiniz?<\/p><p>Sizinle\/\u00e7ocu\u011funuzla veya akrabalar\u0131n\u0131zla i\u015fbirli\u011fi i\u00e7inde bireysel bir destek program\u0131 geli\u015ftiriyoruz.\u00a0<\/p>\t\t\t\t\t\t\t\t<\/div>\n\t\t\t\t<\/div>\n\t\t\t\t\t<\/div>\n\t\t\t\t<\/div>\n\t\t<div class=\"elementor-element elementor-element-9fca2a9 e-flex e-con-boxed e-con e-parent\" data-id=\"9fca2a9\" data-element_type=\"container\">\n\t\t\t\t\t<div class=\"e-con-inner\">\n\t\t\t\t<div class=\"elementor-element elementor-element-c03005c elementor-widget__width-initial elementor-widget elementor-widget-text-editor\" data-id=\"c03005c\" data-element_type=\"widget\" data-widget_type=\"text-editor.default\">\n\t\t\t\t<div class=\"elementor-widget-container\">\n\t\t\t\t\t\t\t\t\t<ul><li class=\"firstItem\">dan\u0131\u015fmanl\u0131k seanslar\u0131 ve<\/li><li class=\"lastItem\">Evde pratik yapmak i\u00e7in talimatlar<\/li><\/ul>\t\t\t\t\t\t\t\t<\/div>\n\t\t\t\t<\/div>\n\t\t\t\t<div class=\"elementor-element elementor-element-ed31077 elementor-widget__width-initial elementor-widget elementor-widget-text-editor\" data-id=\"ed31077\" data-element_type=\"widget\" data-widget_type=\"text-editor.default\">\n\t\t\t\t<div class=\"elementor-widget-container\">\n\t\t\t\t\t\t\t\t\t<p>Ekibimizden sabit bir irtibat ki\u015fisi ile her hafta bir veya iki randevu ger\u00e7ekle\u015fir. \u0130ste\u011finiz \u00fczerine, di\u011fer tesislerle (anaokulu\/okul\/ev vb.) ileti\u015fime ge\u00e7ece\u011fiz.<\/p>\t\t\t\t\t\t\t\t<\/div>\n\t\t\t\t<\/div>\n\t\t\t\t<div class=\"elementor-element elementor-element-32c2d40 elementor-widget__width-initial elementor-widget elementor-widget-text-editor\" data-id=\"32c2d40\" data-element_type=\"widget\" data-widget_type=\"text-editor.default\">\n\t\t\t\t<div class=\"elementor-widget-container\">\n\t\t\t\t\t\t\t\t\t<p>Ebeveynler, \u00e7ocuklar\u0131n\u0131n\/gen\u00e7lerinin dil geli\u015fimi ve konu\u015fmas\u0131yla ilgili endi\u015feleri i\u00e7in bizimle ileti\u015fime ge\u00e7ebilirler.<\/p>\t\t\t\t\t\t\t\t<\/div>\n\t\t\t\t<\/div>\n\t\t\t\t<div class=\"elementor-element elementor-element-0dc22ff elementor-widget elementor-widget-image\" data-id=\"0dc22ff\" data-element_type=\"widget\" data-widget_type=\"image.default\">\n\t\t\t\t<div class=\"elementor-widget-container\">\n\t\t\t\t\t\t\t\t\t\t\t\t\t\t\t<img loading=\"lazy\" decoding=\"async\" width=\"768\" height=\"64\" src=\"https:\/\/voce-lingua.de\/wp-content\/uploads\/2024\/12\/trenner-2-768x64.png\" class=\"attachment-medium_large size-medium_large wp-image-31\" alt=\"\" srcset=\"https:\/\/voce-lingua.de\/wp-content\/uploads\/2024\/12\/trenner-2-768x64.png 768w, https:\/\/voce-lingua.de\/wp-content\/uploads\/2024\/12\/trenner-2-300x25.png 300w, https:\/\/voce-lingua.de\/wp-content\/uploads\/2024\/12\/trenner-2-1024x85.png 1024w, https:\/\/voce-lingua.de\/wp-content\/uploads\/2024\/12\/trenner-2.png 1289w\" sizes=\"(max-width: 768px) 100vw, 768px\" \/>\t\t\t\t\t\t\t\t\t\t\t\t\t\t\t<\/div>\n\t\t\t\t<\/div>\n\t\t\t\t\t<\/div>\n\t\t\t\t<\/div>\n\t\t<div class=\"elementor-element elementor-element-4778e62 e-flex e-con-boxed e-con e-parent\" data-id=\"4778e62\" data-element_type=\"container\">\n\t\t\t\t\t<div class=\"e-con-inner\">\n\t\t\t\t<div class=\"elementor-element elementor-element-a1ef51a elementor-widget__width-initial elementor-widget elementor-widget-text-editor\" data-id=\"a1ef51a\" data-element_type=\"widget\" data-widget_type=\"text-editor.default\">\n\t\t\t\t<div class=\"elementor-widget-container\">\n\t\t\t\t\t\t\t\t\t<p><strong>4. \u00f6nemli de\u015farj<\/strong><\/p><p>Zaman\u0131nda tedavi ba\u015far\u0131 \u015fans\u0131 i\u00e7in elveri\u015flidir: \u00e7\u00fcnk\u00fc zaman\u0131nda tedavi semptomlar\u0131n yerle\u015fmesini \u00f6nler. Tedavimiz sadece hastalar\u0131m\u0131za de\u011fil, bir hasta yak\u0131n\u0131 olarak size de yard\u0131mc\u0131 olur. \u00c7ocu\u011funuz\/yak\u0131n\u0131n\u0131z bizimle tedavi g\u00f6r\u00fcyorsa, gelecekle ilgili endi\u015felerinizden biraz olsun kurtulmu\u015f hissedebilirsiniz.<\/p>\t\t\t\t\t\t\t\t<\/div>\n\t\t\t\t<\/div>\n\t\t\t\t\t<\/div>\n\t\t\t\t<\/div>\n\t\t<div class=\"elementor-element elementor-element-2913236 e-flex e-con-boxed e-con e-parent\" data-id=\"2913236\" data-element_type=\"container\">\n\t\t\t\t\t<div class=\"e-con-inner\">\n\t\t\t\t<div class=\"elementor-element elementor-element-7dee424 elementor-widget elementor-widget-image\" data-id=\"7dee424\" data-element_type=\"widget\" data-widget_type=\"image.default\">\n\t\t\t\t<div class=\"elementor-widget-container\">\n\t\t\t\t\t\t\t\t\t\t\t\t\t\t\t<img decoding=\"async\" width=\"768\" height=\"64\" src=\"https:\/\/voce-lingua.de\/wp-content\/uploads\/2024\/12\/trenner-2-upside-down-768x64.png\" class=\"attachment-medium_large size-medium_large wp-image-259\" alt=\"\" srcset=\"https:\/\/voce-lingua.de\/wp-content\/uploads\/2024\/12\/trenner-2-upside-down-768x64.png 768w, https:\/\/voce-lingua.de\/wp-content\/uploads\/2024\/12\/trenner-2-upside-down-300x25.png 300w, https:\/\/voce-lingua.de\/wp-content\/uploads\/2024\/12\/trenner-2-upside-down-1024x85.png 1024w, https:\/\/voce-lingua.de\/wp-content\/uploads\/2024\/12\/trenner-2-upside-down.png 1289w\" sizes=\"(max-width: 768px) 100vw, 768px\" \/>\t\t\t\t\t\t\t\t\t\t\t\t\t\t\t<\/div>\n\t\t\t\t<\/div>\n\t\t\t\t\t<\/div>\n\t\t\t\t<\/div>\n\t\t<div class=\"elementor-element elementor-element-a6c9129 e-flex e-con-boxed e-con e-parent\" data-id=\"a6c9129\" data-element_type=\"container\">\n\t\t\t\t\t<div class=\"e-con-inner\">\n\t\t\t\t<div class=\"elementor-element elementor-element-b3032ca elementor-widget elementor-widget-heading\" data-id=\"b3032ca\" data-element_type=\"widget\" data-widget_type=\"heading.default\">\n\t\t\t\t<div class=\"elementor-widget-container\">\n\t\t\t\t\t<h2 class=\"elementor-heading-title elementor-size-default\">Kay\u0131t:<\/h2>\t\t\t\t<\/div>\n\t\t\t\t<\/div>\n\t\t\t\t<div class=\"elementor-element elementor-element-bc87852 elementor-widget elementor-widget-text-editor\" data-id=\"bc87852\" data-element_type=\"widget\" data-widget_type=\"text-editor.default\">\n\t\t\t\t<div class=\"elementor-widget-container\">\n\t\t\t\t\t\t\t\t\t<p style=\"text-align: center;\">Kay\u0131t i\u00e7in l\u00fctfen bu numaray\u0131 aray\u0131n:<\/p>\n<p style=\"text-align: center;\"><strong><a href=\"tel:+492217088162\">0221\/ 70 88 162<\/a>\u00a0<\/strong><\/p>\n<p style=\"text-align: center;\">ve bizimle kaset \u00fczerinde konu\u015fun, size geri d\u00f6nece\u011fiz<\/p>\n<p style=\"text-align: center;\">Bizimle e-posta yoluyla ileti\u015fime ge\u00e7ebilirsiniz:<\/p>\n<p style=\"text-align: center;\"><a href=\"mailto:info@voce-lingua.de\"><strong>info@voce-lingua.de<\/strong><\/a><\/p>\n<p style=\"text-align: center;\">herhangi bir zamanda.<\/p>\n<p style=\"text-align: center;\">E-posta ile kay\u0131t yapt\u0131r\u0131rsan\u0131z, sizinle ileti\u015fime ge\u00e7ebilmemiz i\u00e7in l\u00fctfen telefon numaran\u0131z\u0131 b\u0131rak\u0131n.<\/p>\t\t\t\t\t\t\t\t<\/div>\n\t\t\t\t<\/div>\n\t\t\t\t\t<\/div>\n\t\t\t\t<\/div>\n\t\t\t\t<\/div>","protected":false},"excerpt":{"rendered":"<p>voce lingua Kommunikation ist ein wichtiger Grundstein zwischenmenschlicher Beziehungen und ob man sich in seiner Haut wohl f\u00fchlt. Das Z\u00f6gern sich zu \u00e4u\u00dfern auf Grund eines Stotterns, Druckgef\u00fchls auf der Stimme, Stimmerm\u00fcdung, Monotomie oder Kurzatmigkeit w\u00e4hrend des Sprechens muss nicht Ihr st\u00e4ndiger Wegbegleiter sein und l\u00e4sst sich behandeln. Es gibt viele unterschiedliche Gr\u00fcnde, die Sie [&hellip;]<\/p>","protected":false},"author":1,"featured_media":0,"parent":0,"menu_order":0,"comment_status":"closed","ping_status":"closed","template":"","meta":{"footnotes":""},"class_list":["post-52","page","type-page","status-publish","hentry"],"_links":{"self":[{"href":"https:\/\/voce-lingua.de\/tr\/wp-json\/wp\/v2\/pages\/52","targetHints":{"allow":["GET"]}}],"collection":[{"href":"https:\/\/voce-lingua.de\/tr\/wp-json\/wp\/v2\/pages"}],"about":[{"href":"https:\/\/voce-lingua.de\/tr\/wp-json\/wp\/v2\/types\/page"}],"author":[{"embeddable":true,"href":"https:\/\/voce-lingua.de\/tr\/wp-json\/wp\/v2\/users\/1"}],"replies":[{"embeddable":true,"href":"https:\/\/voce-lingua.de\/tr\/wp-json\/wp\/v2\/comments?post=52"}],"version-history":[{"count":120,"href":"https:\/\/voce-lingua.de\/tr\/wp-json\/wp\/v2\/pages\/52\/revisions"}],"predecessor-version":[{"id":1658,"href":"https:\/\/voce-lingua.de\/tr\/wp-json\/wp\/v2\/pages\/52\/revisions\/1658"}],"wp:attachment":[{"href":"https:\/\/voce-lingua.de\/tr\/wp-json\/wp\/v2\/media?parent=52"}],"curies":[{"name":"wp","href":"https:\/\/api.w.org\/{rel}","templated":true}]}}