{"id":479,"date":"2024-12-13T11:00:09","date_gmt":"2024-12-13T11:00:09","guid":{"rendered":"http:\/\/voce-lingua.local\/?page_id=479"},"modified":"2025-04-16T15:49:09","modified_gmt":"2025-04-16T15:49:09","slug":"lisa-wangerin-hayati","status":"publish","type":"page","link":"https:\/\/voce-lingua.de\/tr\/lisa-wangerin-hayati\/","title":{"rendered":"Lisa Wanger'in Vita's\u0131"},"content":{"rendered":"<div data-elementor-type=\"wp-page\" data-elementor-id=\"479\" class=\"elementor elementor-479\">\n\t\t\t\t<div class=\"elementor-element elementor-element-18147cd e-flex e-con-boxed e-con e-parent\" data-id=\"18147cd\" data-element_type=\"container\">\n\t\t\t\t\t<div class=\"e-con-inner\">\n\t\t\t\t<div class=\"elementor-element elementor-element-ca1a8b3 elementor-widget elementor-widget-heading\" data-id=\"ca1a8b3\" data-element_type=\"widget\" data-widget_type=\"heading.default\">\n\t\t\t\t<div class=\"elementor-widget-container\">\n\t\t\t\t\t<h1 class=\"elementor-heading-title elementor-size-default\">Lisa Wagner'in Vita's\u0131<\/h1>\t\t\t\t<\/div>\n\t\t\t\t<\/div>\n\t\t\t\t<div class=\"elementor-element elementor-element-e00f7e6 elementor-widget elementor-widget-image\" data-id=\"e00f7e6\" data-element_type=\"widget\" data-widget_type=\"image.default\">\n\t\t\t\t<div class=\"elementor-widget-container\">\n\t\t\t\t\t\t\t\t\t\t\t\t\t\t\t<img fetchpriority=\"high\" decoding=\"async\" width=\"285\" height=\"300\" src=\"https:\/\/voce-lingua.de\/wp-content\/uploads\/2025\/02\/Lisa-Wagner.jpg\" class=\"attachment-large size-large wp-image-1056\" alt=\"\" \/>\t\t\t\t\t\t\t\t\t\t\t\t\t\t\t<\/div>\n\t\t\t\t<\/div>\n\t\t\t\t<div class=\"elementor-element elementor-element-5793f00 elementor-widget elementor-widget-image\" data-id=\"5793f00\" data-element_type=\"widget\" data-widget_type=\"image.default\">\n\t\t\t\t<div class=\"elementor-widget-container\">\n\t\t\t\t\t\t\t\t\t\t\t\t\t\t\t<img decoding=\"async\" width=\"800\" height=\"73\" src=\"https:\/\/voce-lingua.de\/wp-content\/uploads\/2024\/12\/trenner-3-1-1024x93.png\" class=\"attachment-large size-large wp-image-133\" alt=\"\" srcset=\"https:\/\/voce-lingua.de\/wp-content\/uploads\/2024\/12\/trenner-3-1-1024x93.png 1024w, https:\/\/voce-lingua.de\/wp-content\/uploads\/2024\/12\/trenner-3-1-300x27.png 300w, https:\/\/voce-lingua.de\/wp-content\/uploads\/2024\/12\/trenner-3-1-768x70.png 768w, https:\/\/voce-lingua.de\/wp-content\/uploads\/2024\/12\/trenner-3-1.png 1382w\" sizes=\"(max-width: 800px) 100vw, 800px\" \/>\t\t\t\t\t\t\t\t\t\t\t\t\t\t\t<\/div>\n\t\t\t\t<\/div>\n\t\t\t\t<div class=\"elementor-element elementor-element-c1230c3 elementor-widget elementor-widget-heading\" data-id=\"c1230c3\" data-element_type=\"widget\" data-widget_type=\"heading.default\">\n\t\t\t\t<div class=\"elementor-widget-container\">\n\t\t\t\t\t<h2 class=\"elementor-heading-title elementor-size-default\">\u00d6zel odak noktalar\u0131<\/h2>\t\t\t\t<\/div>\n\t\t\t\t<\/div>\n\t\t\t\t<div class=\"elementor-element elementor-element-30fb7e4 elementor-widget elementor-widget-text-editor\" data-id=\"30fb7e4\" data-element_type=\"widget\" data-widget_type=\"text-editor.default\">\n\t\t\t\t<div class=\"elementor-widget-container\">\n\t\t\t\t\t\t\t\t\t<p><strong>2009\/2012 Konu\u015fma terapisti olarak e\u011fitim<\/strong><\/p><p><strong>A\u015fa\u011f\u0131daki alanlara odaklan\u0131n:<\/strong><\/p><p>\u00a0<\/p><p>\u00c7ok dillilik (daha fazla bilgi i\u00e7in <a href=\"http:\/\/www.logo-com.net\" target=\"_blank\" rel=\"noopener\">www.logo-com.net<\/a>):<\/p><ul><li class=\"firstItem\">\u00c7ok dilli e\u011fitimle ilgili t\u00fcm konularda ebeveyn dan\u0131\u015fmanl\u0131\u011f\u0131<\/li><li>\u0130ki dilli veya \u00e7ok dilli dil geli\u015fimi olan \u00e7ocuklar i\u00e7in ebeveyn dan\u0131\u015fmanl\u0131\u011f\u0131 e\u015fli\u011finde dil geli\u015fimi<\/li><li class=\"lastItem\">\u00c7ok dilli \u00e7ocuklar i\u00e7in konu\u015fma terapisi<\/li><\/ul><p>\u00a0<\/p><p>\u00c7ocuk dili:<\/p><ul><li class=\"firstItem\">Dil geli\u015fimi gecikmeleri ve bozukluklar\u0131 olan \u00e7ocuklar i\u00e7in Kauschke\/Siegm\u00fcller'e (PLAN) g\u00f6re patolinguistik yakla\u015f\u0131ma dayal\u0131 terapi<\/li><li class=\"lastItem\">Telaffuz sorunlar\u0131 ve bozukluklar\u0131 olan \u00e7ocuklar i\u00e7in Fox'a g\u00f6re psikodilbilimsel y\u00f6nelimli terapi (P.O.P.T.)<\/li><\/ul><p>\u00a0<\/p><p>Miyofonksiyonel terapi ve yutma terapisi:<\/p><ul><li class=\"lastItem firstItem\">Zay\u0131f a\u011f\u0131z kaslar\u0131, dil disfonksiyonu, kas dengesizli\u011fi ve \u00e7i\u011fneme ve yutma bozukluklar\u0131 olan \u00e7ocuklar i\u00e7in A. Kittel'e (MfT) g\u00f6re miyofonksiyonel terapi<\/li><\/ul><p>\u00a0<\/p><p>Ya\u015fl\u0131lar i\u00e7in kaynak odakl\u0131 ileti\u015fim deste\u011fi:<\/p><ul><li class=\"firstItem\">N\u00f6rolojik hastal\u0131k sonras\u0131 ileti\u015fim<\/li><li class=\"lastItem\">Yutma bozuklu\u011fu olan yeti\u015fkinler ve ya\u015fl\u0131lar i\u00e7in terapi<\/li><\/ul>\t\t\t\t\t\t\t\t<\/div>\n\t\t\t\t<\/div>\n\t\t\t\t\t<\/div>\n\t\t\t\t<\/div>\n\t\t\t\t<\/div>","protected":false},"excerpt":{"rendered":"<p>Vita von Lisa Wagner Besondere Schwerpunkte 2009\/2012 Ausbildung zur Logop\u00e4din Schwerpunkte in den Bereichen: \u00a0 Mehrsprachigkeit (mehr Information unter www.logo-com.net): Elternberatung in Bezug auf alle Fragen zur mehrsprachigen Erziehung Sprachanbahnung mit begleitender Elternberatung bei Kindern mit zwei- oder mehrsprachiger Sprachentwicklung Sprachtherapie mehrsprachiger Kinder \u00a0 Kindersprache: Therapie nach dem Patholinguistischen Ansatz nach Kauschke\/ Siegm\u00fcller (PLAN) f\u00fcr [&hellip;]<\/p>","protected":false},"author":1,"featured_media":0,"parent":0,"menu_order":0,"comment_status":"closed","ping_status":"closed","template":"","meta":{"footnotes":""},"class_list":["post-479","page","type-page","status-publish","hentry"],"_links":{"self":[{"href":"https:\/\/voce-lingua.de\/tr\/wp-json\/wp\/v2\/pages\/479","targetHints":{"allow":["GET"]}}],"collection":[{"href":"https:\/\/voce-lingua.de\/tr\/wp-json\/wp\/v2\/pages"}],"about":[{"href":"https:\/\/voce-lingua.de\/tr\/wp-json\/wp\/v2\/types\/page"}],"author":[{"embeddable":true,"href":"https:\/\/voce-lingua.de\/tr\/wp-json\/wp\/v2\/users\/1"}],"replies":[{"embeddable":true,"href":"https:\/\/voce-lingua.de\/tr\/wp-json\/wp\/v2\/comments?post=479"}],"version-history":[{"count":16,"href":"https:\/\/voce-lingua.de\/tr\/wp-json\/wp\/v2\/pages\/479\/revisions"}],"predecessor-version":[{"id":1557,"href":"https:\/\/voce-lingua.de\/tr\/wp-json\/wp\/v2\/pages\/479\/revisions\/1557"}],"wp:attachment":[{"href":"https:\/\/voce-lingua.de\/tr\/wp-json\/wp\/v2\/media?parent=479"}],"curies":[{"name":"wp","href":"https:\/\/api.w.org\/{rel}","templated":true}]}}