{"id":470,"date":"2024-12-13T10:48:11","date_gmt":"2024-12-13T10:48:11","guid":{"rendered":"http:\/\/voce-lingua.local\/?page_id=470"},"modified":"2025-04-16T15:49:26","modified_gmt":"2025-04-16T15:49:26","slug":"karoline-kupperrothun-hayati","status":"publish","type":"page","link":"https:\/\/voce-lingua.de\/tr\/karoline-kupperrothun-hayati\/","title":{"rendered":"Karoline Kupperroth'un Vita's\u0131"},"content":{"rendered":"<div data-elementor-type=\"wp-page\" data-elementor-id=\"470\" class=\"elementor elementor-470\">\n\t\t\t\t<div class=\"elementor-element elementor-element-4ecfbb0 e-flex e-con-boxed e-con e-parent\" data-id=\"4ecfbb0\" data-element_type=\"container\">\n\t\t\t\t\t<div class=\"e-con-inner\">\n\t\t\t\t<div class=\"elementor-element elementor-element-244d393 elementor-widget elementor-widget-heading\" data-id=\"244d393\" data-element_type=\"widget\" data-widget_type=\"heading.default\">\n\t\t\t\t<div class=\"elementor-widget-container\">\n\t\t\t\t\t<h1 class=\"elementor-heading-title elementor-size-default\">Karoline Kupperroth'un Vita's\u0131<\/h1>\t\t\t\t<\/div>\n\t\t\t\t<\/div>\n\t\t\t\t<div class=\"elementor-element elementor-element-b6f7fe7 elementor-widget elementor-widget-image\" data-id=\"b6f7fe7\" data-element_type=\"widget\" data-widget_type=\"image.default\">\n\t\t\t\t<div class=\"elementor-widget-container\">\n\t\t\t\t\t\t\t\t\t\t\t\t\t\t\t<img fetchpriority=\"high\" decoding=\"async\" width=\"300\" height=\"300\" src=\"https:\/\/voce-lingua.de\/wp-content\/uploads\/2025\/02\/Karoline-Kupperoth.jpg\" class=\"attachment-large size-large wp-image-1055\" alt=\"\" srcset=\"https:\/\/voce-lingua.de\/wp-content\/uploads\/2025\/02\/Karoline-Kupperoth.jpg 300w, https:\/\/voce-lingua.de\/wp-content\/uploads\/2025\/02\/Karoline-Kupperoth-150x150.jpg 150w\" sizes=\"(max-width: 300px) 100vw, 300px\" \/>\t\t\t\t\t\t\t\t\t\t\t\t\t\t\t<\/div>\n\t\t\t\t<\/div>\n\t\t\t\t<div class=\"elementor-element elementor-element-8cc3234 elementor-widget elementor-widget-image\" data-id=\"8cc3234\" data-element_type=\"widget\" data-widget_type=\"image.default\">\n\t\t\t\t<div class=\"elementor-widget-container\">\n\t\t\t\t\t\t\t\t\t\t\t\t\t\t\t<img decoding=\"async\" width=\"800\" height=\"73\" src=\"https:\/\/voce-lingua.de\/wp-content\/uploads\/2024\/12\/trenner-3-1-1024x93.png\" class=\"attachment-large size-large wp-image-133\" alt=\"\" srcset=\"https:\/\/voce-lingua.de\/wp-content\/uploads\/2024\/12\/trenner-3-1-1024x93.png 1024w, https:\/\/voce-lingua.de\/wp-content\/uploads\/2024\/12\/trenner-3-1-300x27.png 300w, https:\/\/voce-lingua.de\/wp-content\/uploads\/2024\/12\/trenner-3-1-768x70.png 768w, https:\/\/voce-lingua.de\/wp-content\/uploads\/2024\/12\/trenner-3-1.png 1382w\" sizes=\"(max-width: 800px) 100vw, 800px\" \/>\t\t\t\t\t\t\t\t\t\t\t\t\t\t\t<\/div>\n\t\t\t\t<\/div>\n\t\t\t\t<div class=\"elementor-element elementor-element-e28da13 elementor-widget elementor-widget-heading\" data-id=\"e28da13\" data-element_type=\"widget\" data-widget_type=\"heading.default\">\n\t\t\t\t<div class=\"elementor-widget-container\">\n\t\t\t\t\t<h2 class=\"elementor-heading-title elementor-size-default\">\u00d6zel odak noktalar\u0131<\/h2>\t\t\t\t<\/div>\n\t\t\t\t<\/div>\n\t\t\t\t<div class=\"elementor-element elementor-element-f39c2dc elementor-widget elementor-widget-text-editor\" data-id=\"f39c2dc\" data-element_type=\"widget\" data-widget_type=\"text-editor.default\">\n\t\t\t\t<div class=\"elementor-widget-container\">\n\t\t\t\t\t\t\t\t\t<table><tbody><tr><td><p><strong>1990<br \/><\/strong><\/p><\/td><td><p>E\u011fitim :<\/p><ul><li class=\"firstItem\">Pantomim (\"Etage\" Berlin)<\/li><li>Dans (Martha Graham tekni\u011fi ve Elly's Dance okulunda bale)<\/li><li class=\"lastItem\">Drama (\"Theaterlabor\" Berlin)<\/li><\/ul><\/td><\/tr><tr><td><p><strong>2000\u00a0\u00a0\u00a0\u00a0 <\/strong><\/p><\/td><td><p>Schlaffhorst-Andersen'e g\u00f6re devlet sertifikal\u0131 nefes, konu\u015fma ve ses \u00f6\u011fretmeni olarak e\u011fitim<\/p><\/td><\/tr><tr><td><p><strong>2003 y\u0131l\u0131ndan beri<\/strong><\/p><\/td><td><p>Heide Lex ve Kirsten M\u00fcller'in konu\u015fma terapisi ve psikoterapi grup uygulamas\u0131nda i\u015fbirli\u011fi. Uzmanl\u0131k alanlar\u0131: Ses, konu\u015fma ve nefes terapisi<\/p><\/td><\/tr><tr><td><strong>2009'dan beri<\/strong><\/td><td><p>\"Tsaziken\" ile \u015eark\u0131c\u0131<\/p><\/td><\/tr><tr><td><p><strong>2014\/2016<\/strong>\u00a0\u00a0\u00a0\u00a0\u00a0\u00a0\u00a0\u00a0\u00a0<\/p><\/td><td><p>Lichtenberg Enstit\u00fcs\u00fc'nde ileri e\u011fitim (sertifika)<\/p><\/td><\/tr><\/tbody><\/table><p>\u00a0<\/p><p>\u00a0<\/p><p><strong>Ek nitelikler:<\/strong><\/p><ul><li class=\"lastItem firstItem\">Ilse Middendorf'a g\u00f6re nefes terapisi, Berlin<\/li><\/ul><ul><li class=\"lastItem firstItem\">Robert Tettero ile \"Nefes \u00c7al\u0131\u015fan\u0131\" E\u011fitimi, Amsterdam<\/li><\/ul><ul><li class=\"lastItem firstItem\">M\u00fczik e\u011fitimi:<\/li><\/ul><p>Enine fl\u00fct (1976-1984 aras\u0131 dersler), Rheinland-Pfalz M\u00fczik Derne\u011fi ve Gen\u00e7lik Nefesli Orkestras\u0131'na kat\u0131l\u0131m<\/p><p>Pirmasens M\u00fczik Okulu'nda piyano dersleri \/ Bernardo Martinez ile<\/p><ul><li class=\"lastItem firstItem\">\u015ean dersleri:<\/li><\/ul><p>Nancy Bello, Ortrud Blase, Mfa Kera (Berlin), Jan Tuitman, Filippa Gojo (K\u00f6ln)<\/p><ul><li class=\"lastItem firstItem\">Meditasyon, fark\u0131ndal\u0131k, rahatlama ve hareketler konusunda deneyimli \u00f6\u011fretmen<\/li><\/ul><ul><li class=\"lastItem firstItem\">Regina Biermann ile beden zihin merkezleme<\/li><\/ul><ul><li class=\"lastItem firstItem\">Alexander Tekni\u011fi<\/li><\/ul>\t\t\t\t\t\t\t\t<\/div>\n\t\t\t\t<\/div>\n\t\t\t\t\t<\/div>\n\t\t\t\t<\/div>\n\t\t\t\t<\/div>","protected":false},"excerpt":{"rendered":"<p>Vita von Karoline Kupperroth Besondere Schwerpunke 1990 Ausbildung in : Pantomime (&#8222;Etage&#8220; Berlin) Tanz (Martha Graham Technik und Ballett in &#8222;Elly\u00b4s Dance school) Schauspiel (&#8222;Theaterlabor&#8220; \u00a0Berlin) 2000\u00a0\u00a0\u00a0\u00a0 Ausbildung zur staatlich gepr\u00fcften Atem-, Sprech \u2013 und Stimmlehrerin nach Schlaffhorst-Andersen seit 2003 Mitarbeit in der Logop\u00e4disch-Psychotherapeutischen Gemeinschaftspraxis Heide Lex und Kirsten M\u00fcller. Schwerpunkte: Stimm-, Sprach- und Atemtherapie [&hellip;]<\/p>","protected":false},"author":1,"featured_media":0,"parent":0,"menu_order":0,"comment_status":"closed","ping_status":"closed","template":"","meta":{"footnotes":""},"class_list":["post-470","page","type-page","status-publish","hentry"],"_links":{"self":[{"href":"https:\/\/voce-lingua.de\/tr\/wp-json\/wp\/v2\/pages\/470","targetHints":{"allow":["GET"]}}],"collection":[{"href":"https:\/\/voce-lingua.de\/tr\/wp-json\/wp\/v2\/pages"}],"about":[{"href":"https:\/\/voce-lingua.de\/tr\/wp-json\/wp\/v2\/types\/page"}],"author":[{"embeddable":true,"href":"https:\/\/voce-lingua.de\/tr\/wp-json\/wp\/v2\/users\/1"}],"replies":[{"embeddable":true,"href":"https:\/\/voce-lingua.de\/tr\/wp-json\/wp\/v2\/comments?post=470"}],"version-history":[{"count":22,"href":"https:\/\/voce-lingua.de\/tr\/wp-json\/wp\/v2\/pages\/470\/revisions"}],"predecessor-version":[{"id":1560,"href":"https:\/\/voce-lingua.de\/tr\/wp-json\/wp\/v2\/pages\/470\/revisions\/1560"}],"wp:attachment":[{"href":"https:\/\/voce-lingua.de\/tr\/wp-json\/wp\/v2\/media?parent=470"}],"curies":[{"name":"wp","href":"https:\/\/api.w.org\/{rel}","templated":true}]}}