{"id":465,"date":"2024-12-13T10:28:15","date_gmt":"2024-12-13T10:28:15","guid":{"rendered":"http:\/\/voce-lingua.local\/?page_id=465"},"modified":"2025-04-16T15:47:51","modified_gmt":"2025-04-16T15:47:51","slug":"vita-kirsten-muller","status":"publish","type":"page","link":"https:\/\/voce-lingua.de\/tr\/vita-kirsten-muller\/","title":{"rendered":"Vita Kirsten M\u00fcller"},"content":{"rendered":"<div data-elementor-type=\"wp-page\" data-elementor-id=\"465\" class=\"elementor elementor-465\">\n\t\t\t\t<div class=\"elementor-element elementor-element-44b1361 e-flex e-con-boxed e-con e-parent\" data-id=\"44b1361\" data-element_type=\"container\">\n\t\t\t\t\t<div class=\"e-con-inner\">\n\t\t\t\t<div class=\"elementor-element elementor-element-6f5eddb elementor-widget elementor-widget-heading\" data-id=\"6f5eddb\" data-element_type=\"widget\" data-widget_type=\"heading.default\">\n\t\t\t\t<div class=\"elementor-widget-container\">\n\t\t\t\t\t<h1 class=\"elementor-heading-title elementor-size-default\"> Kirsten M\u00fcller'in Vita's\u0131<\/h1>\t\t\t\t<\/div>\n\t\t\t\t<\/div>\n\t\t\t\t<div class=\"elementor-element elementor-element-0ebbd81 elementor-widget elementor-widget-image\" data-id=\"0ebbd81\" data-element_type=\"widget\" data-widget_type=\"image.default\">\n\t\t\t\t<div class=\"elementor-widget-container\">\n\t\t\t\t\t\t\t\t\t\t\t\t\t\t\t<img fetchpriority=\"high\" decoding=\"async\" width=\"300\" height=\"300\" src=\"https:\/\/voce-lingua.de\/wp-content\/uploads\/2024\/12\/Kirsten-Muller-geschminkt.jpg\" class=\"attachment-large size-large wp-image-191\" alt=\"\" srcset=\"https:\/\/voce-lingua.de\/wp-content\/uploads\/2024\/12\/Kirsten-Muller-geschminkt.jpg 300w, https:\/\/voce-lingua.de\/wp-content\/uploads\/2024\/12\/Kirsten-Muller-geschminkt-150x150.jpg 150w\" sizes=\"(max-width: 300px) 100vw, 300px\" \/>\t\t\t\t\t\t\t\t\t\t\t\t\t\t\t<\/div>\n\t\t\t\t<\/div>\n\t\t\t\t<div class=\"elementor-element elementor-element-062ce3b elementor-widget elementor-widget-image\" data-id=\"062ce3b\" data-element_type=\"widget\" data-widget_type=\"image.default\">\n\t\t\t\t<div class=\"elementor-widget-container\">\n\t\t\t\t\t\t\t\t\t\t\t\t\t\t\t<img decoding=\"async\" width=\"800\" height=\"73\" src=\"https:\/\/voce-lingua.de\/wp-content\/uploads\/2024\/12\/trenner-3-1-1024x93.png\" class=\"attachment-large size-large wp-image-133\" alt=\"\" srcset=\"https:\/\/voce-lingua.de\/wp-content\/uploads\/2024\/12\/trenner-3-1-1024x93.png 1024w, https:\/\/voce-lingua.de\/wp-content\/uploads\/2024\/12\/trenner-3-1-300x27.png 300w, https:\/\/voce-lingua.de\/wp-content\/uploads\/2024\/12\/trenner-3-1-768x70.png 768w, https:\/\/voce-lingua.de\/wp-content\/uploads\/2024\/12\/trenner-3-1.png 1382w\" sizes=\"(max-width: 800px) 100vw, 800px\" \/>\t\t\t\t\t\t\t\t\t\t\t\t\t\t\t<\/div>\n\t\t\t\t<\/div>\n\t\t\t\t<div class=\"elementor-element elementor-element-1045fba elementor-widget elementor-widget-heading\" data-id=\"1045fba\" data-element_type=\"widget\" data-widget_type=\"heading.default\">\n\t\t\t\t<div class=\"elementor-widget-container\">\n\t\t\t\t\t<h2 class=\"elementor-heading-title elementor-size-default\">\u00d6zel odak noktas\u0131:<\/h2>\t\t\t\t<\/div>\n\t\t\t\t<\/div>\n\t\t\t\t<div class=\"elementor-element elementor-element-e0f1450 elementor-widget elementor-widget-text-editor\" data-id=\"e0f1450\" data-element_type=\"widget\" data-widget_type=\"text-editor.default\">\n\t\t\t\t<div class=\"elementor-widget-container\">\n\t\t\t\t\t\t\t\t\t<table>\n<tbody>\n<tr>\n<td width=\"12%\"><strong>1995<\/strong><\/td>\n<td><span style=\"font-weight: 400;\">\u00a0Dil ve konu\u015fma terapisti \/ K\u00f6ln \u00dcniversitesi<\/span><\/td>\n<\/tr>\n<tr>\n<td><strong>1997<\/strong>\n\n<span style=\"font-weight: 400;\">\u00a0<\/span><\/td>\n<td><span style=\"font-weight: 400;\">Ses ve konu\u015fma terapisi uzmanlar\u0131 i\u00e7in ileri e\u011fitim ve ileri d\u00fczey kurs<\/span>\n\n<span style=\"font-weight: 400;\">Terap\u00f6tik \u00e7al\u0131\u015fma i\u00e7in ek bir temel olarak Schlaffhorst-Andersen nefes ve ses \u00e7al\u0131\u015fmas\u0131na giri\u015f \/ S. Gensing-Podschun, D. Rathke; Bad Nenndorf <\/span><\/td>\n<\/tr>\n<tr>\n<td><strong>1998 \/ 2002<\/strong><\/td>\n<td><span style=\"font-weight: 400;\">Sosyal a\u00e7\u0131dan yoksun bir b\u00f6lgedeki \u00e7ocuklara y\u00f6nelik bir g\u00fcnd\u00fcz bak\u0131m merkezinde ayakta konu\u015fma terapisi; K\u00f6ln<\/span><\/td>\n<\/tr>\n<tr>\n<td><strong>2000<\/strong><\/td>\n<td><span style=\"font-weight: 400;\">Heilpraktiker lisans\u0131 (konu\u015fma terapisi)<\/span><\/td>\n<\/tr>\n<tr>\n<td><strong>2000<\/strong><\/td>\n<td><span style=\"font-weight: 400;\">Kekemelik terapisti olarak ileri e\u011fitim \/ Yeti\u015fkin kekemelerin terapisinde ka\u00e7\u0131nma d\u0131\u015f\u0131 yakla\u015f\u0131mlar \/ Seminer konu\u015fmac\u0131s\u0131: Prof. Dr. W. Wendlandt; Berlin<\/span><\/td>\n<\/tr>\n<tr>\n<td><strong>2002<\/strong><\/td>\n<td><span style=\"font-weight: 400;\">\u0130nfantil ve juvenil disfoninin tan\u0131, tedavi ve profilaksisi \/ Dr. S. Zimmermann; K\u00f6ln<\/span><\/td>\n<\/tr>\n<tr>\n<td><strong>2002<\/strong><\/td>\n<td><span style=\"font-weight: 400;\">Ses terapisinde yeni yard\u0131mlar\u0131 deneyimlemek ve aktarmak \/ S. M. Samant; K\u00f6ln<\/span><\/td>\n<\/tr>\n<tr>\n<td><strong>2003<\/strong><\/td>\n<td><span style=\"font-weight: 400;\">Ses terapisinde y\u00f6ntemler: uygulama semineri \/ Dr. S. Zimmermann; D\u00fcsseldorf<\/span><\/td>\n<\/tr>\n<tr>\n<td><strong>2002 \/ 2007<\/strong><\/td>\n<td><span style=\"font-weight: 400;\">Gestalt terapisti olarak e\u011fitim<\/span><\/td>\n<\/tr>\n<tr>\n<td><strong>2010<\/strong><\/td>\n<td><span style=\"font-weight: 400;\">Miyofonksiyonel bozukluklar\u0131n ustal\u0131kla te\u015fhis ve tedavisi - Uygulamada MFT \/ Veronika Struck; Moers<\/span><\/td>\n<\/tr>\n<tr>\n<td><strong>2010<\/strong><\/td>\n<td><span style=\"font-weight: 400;\">\u00c7ocuklarda ve ergenlerde se\u00e7ici mutizm \u00fczerine ileri e\u011fitim \/ Dr. K. Subellok &amp; Prof. Dr. N. Katz-Bernstein; K\u00f6ln<\/span><\/td>\n<\/tr>\n<tr>\n<td><strong>2010<\/strong><\/td>\n<td><span style=\"font-weight: 400;\">Kekemelik \u00fczerine bilimsel sempozyum; Halle (Saale)<\/span><\/td>\n<\/tr>\n<tr>\n<td><strong>2011<\/strong><\/td>\n<td><span style=\"font-weight: 400;\">Uygulama temel semineri \/ RA V. Gerlich, K. Schubert, K. Weiffen; Moers<\/span><\/td>\n<\/tr>\n<tr>\n<td><strong>2011<\/strong><\/td>\n<td><span style=\"font-weight: 400;\">T\u00fcm ya\u015f gruplar\u0131nda konu\u015fma, dil, ses ve yutma bozukluklar\u0131 i\u00e7in konu\u015fma terapisi i\u00e7in tam yetki<\/span><\/td>\n<\/tr>\n<tr>\n<td><strong>2011<\/strong><\/td>\n<td><span style=\"font-weight: 400;\">Grup muayenehanesi y\u00f6netimi <\/span><\/td>\n<\/tr>\n<tr>\n<td><strong>2011<\/strong><\/td>\n<td><span style=\"font-weight: 400;\">K\u00f6ln'deki Erken Tedavi ve Erken M\u00fcdahale Merkezi ile i\u015fbirli\u011fi ortakl\u0131\u011f\u0131n\u0131n ba\u015flang\u0131c\u0131<\/span><\/td>\n<\/tr>\n<tr>\n<td><strong>2012<\/strong><\/td>\n<td><span style=\"font-weight: 400;\">Yo\u011fun e\u011fitim; b\u00fcy\u00fck \u00e7ocuklarda, ergenlerde ve yeti\u015fkinlerde kekemelik terapisi \/ Holger Pr\u00fc\u00df; Bonn Kekemelik Terapisi<\/span><\/td>\n<\/tr>\n<tr>\n<td><strong>2013<\/strong><\/td>\n<td><span style=\"font-weight: 400;\">Bilimsel sempozyum: Konu\u015fma terapisi ba\u011flam\u0131nda \u00e7ok dillilik; K\u00f6ln<\/span><\/td>\n<\/tr>\n<tr>\n<td><strong>2014<\/strong><\/td>\n<td><span style=\"font-weight: 400;\">Kekemelik terapisi ve in-vivo \u00e7al\u0131\u015fma \/ Dorothea Beckmann; Berlin<\/span><\/td>\n<\/tr>\n<tr>\n<td><strong>2015<\/strong><\/td>\n<td><span style=\"font-weight: 400;\">\u00c7ok dilli \u00e7ocuklar i\u00e7in te\u015fhis ve terapi \/ Dr. Lilli Wagner; Moers <\/span><\/td>\n<\/tr>\n<tr>\n<td><strong>2017<\/strong><\/td>\n<td><span style=\"font-weight: 400;\">Muayenehanelerin devral\u0131nmas\u0131 ve tek ba\u015f\u0131na muayenehane y\u00f6netimi <\/span><\/td>\n<\/tr>\n<\/tbody>\n<\/table>\t\t\t\t\t\t\t\t<\/div>\n\t\t\t\t<\/div>\n\t\t\t\t\t<\/div>\n\t\t\t\t<\/div>\n\t\t\t\t<\/div>","protected":false},"excerpt":{"rendered":"<p>Vita von Kirsten M\u00fcller Besondere Schwerpunkte: 1995 \u00a0Dipl.-Sprachheilp\u00e4dagogin \/ Universit\u00e4t zu K\u00f6ln 1997 \u00a0 Fortbildungs- und Aufbaukurs f\u00fcr stimm- und sprachtherapeutische Berufsgruppen Einf\u00fchrung in die Atem- und Stimmarbeit Schlaffhorst-Andersen als weitere Basis therapeutischer Arbeit \/ S. Gensing-Podschun, D. Rathke; Bad Nenndorf 1998 \/ 2002 Ambulante Sprachtherapie in einer Tageseinrichtung f\u00fcr Kinder im sozialen Brennpunkt; K\u00f6ln [&hellip;]<\/p>","protected":false},"author":1,"featured_media":0,"parent":0,"menu_order":0,"comment_status":"closed","ping_status":"closed","template":"","meta":{"footnotes":""},"class_list":["post-465","page","type-page","status-publish","hentry"],"_links":{"self":[{"href":"https:\/\/voce-lingua.de\/tr\/wp-json\/wp\/v2\/pages\/465","targetHints":{"allow":["GET"]}}],"collection":[{"href":"https:\/\/voce-lingua.de\/tr\/wp-json\/wp\/v2\/pages"}],"about":[{"href":"https:\/\/voce-lingua.de\/tr\/wp-json\/wp\/v2\/types\/page"}],"author":[{"embeddable":true,"href":"https:\/\/voce-lingua.de\/tr\/wp-json\/wp\/v2\/users\/1"}],"replies":[{"embeddable":true,"href":"https:\/\/voce-lingua.de\/tr\/wp-json\/wp\/v2\/comments?post=465"}],"version-history":[{"count":40,"href":"https:\/\/voce-lingua.de\/tr\/wp-json\/wp\/v2\/pages\/465\/revisions"}],"predecessor-version":[{"id":1551,"href":"https:\/\/voce-lingua.de\/tr\/wp-json\/wp\/v2\/pages\/465\/revisions\/1551"}],"wp:attachment":[{"href":"https:\/\/voce-lingua.de\/tr\/wp-json\/wp\/v2\/media?parent=465"}],"curies":[{"name":"wp","href":"https:\/\/api.w.org\/{rel}","templated":true}]}}