{"id":85,"date":"2024-12-06T11:55:33","date_gmt":"2024-12-06T11:55:33","guid":{"rendered":"http:\/\/voce-lingua.local\/?page_id=85"},"modified":"2025-10-28T21:43:20","modified_gmt":"2025-10-28T21:43:20","slug":"%d0%bf%d1%80%d0%b5%d0%b4%d0%bb%d0%be%d0%b6%d0%b5%d0%bd%d0%b8%d1%8f-%d1%80%d0%b0%d0%b1%d0%be%d1%82%d1%8b","status":"publish","type":"page","link":"https:\/\/voce-lingua.de\/ru\/%d0%bf%d1%80%d0%b5%d0%b4%d0%bb%d0%be%d0%b6%d0%b5%d0%bd%d0%b8%d1%8f-%d1%80%d0%b0%d0%b1%d0%be%d1%82%d1%8b\/","title":{"rendered":"\u0412\u0430\u043a\u0430\u043d\u0441\u0438\u0438"},"content":{"rendered":"<div data-elementor-type=\"wp-page\" data-elementor-id=\"85\" class=\"elementor elementor-85\">\n\t\t\t\t<div class=\"elementor-element elementor-element-9d26773 e-flex e-con-boxed e-con e-parent\" data-id=\"9d26773\" data-element_type=\"container\">\n\t\t\t\t\t<div class=\"e-con-inner\">\n\t\t\t\t<div class=\"elementor-element elementor-element-738266b elementor-widget__width-initial elementor-widget elementor-widget-text-editor\" data-id=\"738266b\" data-element_type=\"widget\" data-widget_type=\"text-editor.default\">\n\t\t\t\t<div class=\"elementor-widget-container\">\n\t\t\t\t\t\t\t\t\t<p>\u041c\u044b \u043f\u0440\u0438\u0433\u043b\u0430\u0448\u0430\u0435\u043c \u0432\u0430\u0441 \u043e\u0431\u0440\u0430\u0442\u0438\u0442\u044c\u0441\u044f \u043a \u043d\u0430\u043c \u0441\u043e \u0441\u0432\u043e\u0438\u043c \u043d\u0435\u0437\u0430\u043f\u0440\u043e\u0448\u0435\u043d\u043d\u044b\u043c \u0437\u0430\u044f\u0432\u043b\u0435\u043d\u0438\u0435\u043c.<\/p>\t\t\t\t\t\t\t\t<\/div>\n\t\t\t\t<\/div>\n\t\t\t\t\t<\/div>\n\t\t\t\t<\/div>\n\t\t<div class=\"elementor-element elementor-element-42cddad e-flex e-con-boxed e-con e-parent\" data-id=\"42cddad\" data-element_type=\"container\">\n\t\t\t\t\t<div class=\"e-con-inner\">\n\t\t\t\t<div class=\"elementor-element elementor-element-9db22a2 elementor-widget elementor-widget-image\" data-id=\"9db22a2\" data-element_type=\"widget\" data-widget_type=\"image.default\">\n\t\t\t\t<div class=\"elementor-widget-container\">\n\t\t\t\t\t\t\t\t\t\t\t\t\t\t\t<img decoding=\"async\" width=\"768\" height=\"64\" src=\"https:\/\/voce-lingua.de\/wp-content\/uploads\/2024\/12\/trenner-2-768x64.png\" class=\"attachment-medium_large size-medium_large wp-image-31\" alt=\"\" srcset=\"https:\/\/voce-lingua.de\/wp-content\/uploads\/2024\/12\/trenner-2-768x64.png 768w, https:\/\/voce-lingua.de\/wp-content\/uploads\/2024\/12\/trenner-2-300x25.png 300w, https:\/\/voce-lingua.de\/wp-content\/uploads\/2024\/12\/trenner-2-1024x85.png 1024w, https:\/\/voce-lingua.de\/wp-content\/uploads\/2024\/12\/trenner-2.png 1289w\" sizes=\"(max-width: 768px) 100vw, 768px\" \/>\t\t\t\t\t\t\t\t\t\t\t\t\t\t\t<\/div>\n\t\t\t\t<\/div>\n\t\t\t\t<div class=\"elementor-element elementor-element-eec199f elementor-widget elementor-widget-heading\" data-id=\"eec199f\" data-element_type=\"widget\" data-widget_type=\"heading.default\">\n\t\t\t\t<div class=\"elementor-widget-container\">\n\t\t\t\t\t<h1 class=\"elementor-heading-title elementor-size-default\">\u0412\u0410\u041a\u0410\u041d\u0421\u0418\u0418 \u0412 \u041a\u0415\u041b\u042c\u041d\u0415<\/h1>\t\t\t\t<\/div>\n\t\t\t\t<\/div>\n\t\t\t\t<div class=\"elementor-element elementor-element-e5e97fd elementor-widget elementor-widget-image\" data-id=\"e5e97fd\" data-element_type=\"widget\" data-widget_type=\"image.default\">\n\t\t\t\t<div class=\"elementor-widget-container\">\n\t\t\t\t\t\t\t\t\t\t\t\t\t\t\t<img decoding=\"async\" width=\"768\" height=\"64\" src=\"https:\/\/voce-lingua.de\/wp-content\/uploads\/2024\/12\/trenner-2-upside-down-768x64.png\" class=\"attachment-medium_large size-medium_large wp-image-259\" alt=\"\" srcset=\"https:\/\/voce-lingua.de\/wp-content\/uploads\/2024\/12\/trenner-2-upside-down-768x64.png 768w, https:\/\/voce-lingua.de\/wp-content\/uploads\/2024\/12\/trenner-2-upside-down-300x25.png 300w, https:\/\/voce-lingua.de\/wp-content\/uploads\/2024\/12\/trenner-2-upside-down-1024x85.png 1024w, https:\/\/voce-lingua.de\/wp-content\/uploads\/2024\/12\/trenner-2-upside-down.png 1289w\" sizes=\"(max-width: 768px) 100vw, 768px\" \/>\t\t\t\t\t\t\t\t\t\t\t\t\t\t\t<\/div>\n\t\t\t\t<\/div>\n\t\t\t\t\t<\/div>\n\t\t\t\t<\/div>\n\t\t<div class=\"elementor-element elementor-element-260478e e-flex e-con-boxed e-con e-parent\" data-id=\"260478e\" data-element_type=\"container\">\n\t\t\t\t\t<div class=\"e-con-inner\">\n\t\t\t\t<div class=\"elementor-element elementor-element-edef5d0 elementor-widget elementor-widget-text-editor\" data-id=\"edef5d0\" data-element_type=\"widget\" data-widget_type=\"text-editor.default\">\n\t\t\t\t<div class=\"elementor-widget-container\">\n\t\t\t\t\t\t\t\t\t<p>\u0427\u0442\u043e\u0431\u044b \u0443\u043a\u0440\u0435\u043f\u0438\u0442\u044c \u043c\u043e\u0439\u00a0<strong>\u041f\u0440\u0430\u043a\u0442\u0438\u043a\u0430 \u0434\u043b\u044f \u043b\u043e\u0433\u043e\u043f\u0435\u0434\u0430<\/strong> suche ich zum 01.12.25 eine*n Sprachtherapeut*in oder Logop\u00e4d*in (Teilzeitstelle, 20-30 Stunden).<\/p><p>\u0412\u044b \u0434\u043e\u043b\u0436\u043d\u044b \u043e\u0431\u043b\u0430\u0434\u0430\u0442\u044c \u0433\u043b\u0443\u0431\u043e\u043a\u0438\u043c\u0438 \u0437\u043d\u0430\u043d\u0438\u044f\u043c\u0438 \u0438 \u043f\u0440\u043e\u0444\u0435\u0441\u0441\u0438\u043e\u043d\u0430\u043b\u044c\u043d\u044b\u043c \u043e\u043f\u044b\u0442\u043e\u043c \u0432 \u0442\u0435\u0440\u0430\u043f\u0435\u0432\u0442\u0438\u0447\u0435\u0441\u043a\u0438\u0445 \u043e\u0431\u043b\u0430\u0441\u0442\u044f\u0445 \u043f\u0435\u0434\u0438\u0430\u0442\u0440\u0438\u0447\u0435\u0441\u043a\u0438\u0445 \u0438 \u043f\u043e\u0434\u0440\u043e\u0441\u0442\u043a\u043e\u0432\u044b\u0445 \u043d\u0430\u0440\u0443\u0448\u0435\u043d\u0438\u0439 \u0440\u0435\u0447\u0438, \u044f\u0437\u044b\u043a\u0430 \u0438 \u0433\u043b\u043e\u0442\u0430\u043d\u0438\u044f (\u043e\u0440\u043e\u0444\u0430\u0446\u0438\u0430\u043b\u044c\u043d\u044b\u0435 \u0438 \u043c\u0438\u043e\u0444\u0443\u043d\u043a\u0446\u0438\u043e\u043d\u0430\u043b\u044c\u043d\u044b\u0435 \u043d\u0430\u0440\u0443\u0448\u0435\u043d\u0438\u044f \u0433\u043b\u043e\u0442\u0430\u043d\u0438\u044f) \u0438 \u0443\u043c\u0435\u0442\u044c \u043f\u0440\u043e\u0432\u043e\u0434\u0438\u0442\u044c \u043b\u043e\u0433\u043e\u043f\u0435\u0434\u0438\u0447\u0435\u0441\u043a\u0443\u044e \u0442\u0435\u0440\u0430\u043f\u0438\u044e \u043d\u0435\u0432\u0440\u043e\u043b\u043e\u0433\u0438\u0447\u0435\u0441\u043a\u0438\u0445 \u043d\u0430\u0440\u0443\u0448\u0435\u043d\u0438\u0439 \u0440\u0435\u0447\u0438, \u044f\u0437\u044b\u043a\u0430 \u0438 \u0433\u043b\u043e\u0442\u0430\u043d\u0438\u044f \u0443 \u0432\u0437\u0440\u043e\u0441\u043b\u044b\u0445 (\u0432\u043a\u043b\u044e\u0447\u0430\u044f \u0432\u044b\u0435\u0437\u0434\u044b \u043d\u0430 \u0434\u043e\u043c).<\/p><p>\u041a\u0440\u043e\u043c\u0435 \u0442\u043e\u0433\u043e, \u043d\u0435\u043e\u0431\u0445\u043e\u0434\u0438\u043c\u044b \u0432\u0430\u0448\u0438 \u0437\u043d\u0430\u043d\u0438\u044f \u043e \u043d\u0430\u0440\u0443\u0448\u0435\u043d\u0438\u044f\u0445 \u0441\u043b\u0443\u0445\u043e\u0432\u043e\u0433\u043e \u0432\u043e\u0441\u043f\u0440\u0438\u044f\u0442\u0438\u044f (\u0443 \u0434\u0435\u0442\u0435\u0439 \u0438 \u043f\u043e\u0434\u0440\u043e\u0441\u0442\u043a\u043e\u0432) \u0438 \u0442\u0435\u0440\u0430\u043f\u0438\u0438 \u0434\u0438\u0441\u043b\u0435\u043a\u0441\u0438\u0438.<\/p><p>\u0412\u044b \u043f\u0440\u0438\u0441\u043e\u0435\u0434\u0438\u043d\u0438\u0442\u0435\u0441\u044c \u043a \u0434\u0440\u0443\u0436\u043d\u043e\u0439 \u043a\u043e\u043c\u0430\u043d\u0434\u0435, \u043a\u043e\u0442\u043e\u0440\u0430\u044f \u0440\u0430\u0431\u043e\u0442\u0430\u0435\u0442 \u0432\u043c\u0435\u0441\u0442\u0435 \u043d\u0430 \u043f\u0440\u043e\u0442\u044f\u0436\u0435\u043d\u0438\u0438 \u0434\u043e\u043b\u0433\u043e\u0433\u043e \u0432\u0440\u0435\u043c\u0435\u043d\u0438. \u0420\u0430\u0437\u0443\u043c\u0435\u0435\u0442\u0441\u044f, \u0432\u044b \u043c\u043e\u0436\u0435\u0442\u0435 \u0432\u043e\u0441\u043f\u043e\u043b\u044c\u0437\u043e\u0432\u0430\u0442\u044c\u0441\u044f \u043f\u0440\u0435\u0434\u043b\u043e\u0436\u0435\u043d\u0438\u044f\u043c\u0438 \u043f\u043e \u043f\u043e\u0432\u044b\u0448\u0435\u043d\u0438\u044e \u043a\u0432\u0430\u043b\u0438\u0444\u0438\u043a\u0430\u0446\u0438\u0438, \u043f\u043e\u043b\u0443\u0447\u0435\u043d\u0438\u044e \u0440\u0430\u0431\u043e\u0447\u0435\u0433\u043e \u0431\u0438\u043b\u0435\u0442\u0430 \u0438\u043b\u0438 \u0432\u043e\u0437\u043d\u0430\u0433\u0440\u0430\u0436\u0434\u0435\u043d\u0438\u044f \u0437\u0430 \u0432\u0438\u0437\u0438\u0442\u044b \u043d\u0430 \u0434\u043e\u043c. \u0417\u0430\u0440\u0430\u0431\u043e\u0442\u043d\u0430\u044f \u043f\u043b\u0430\u0442\u0430 \u043e\u0441\u043d\u043e\u0432\u0430\u043d\u0430 \u043d\u0430 \u0442\u0435\u043a\u0443\u0449\u0438\u0445 \u0440\u0435\u043a\u043e\u043c\u0435\u043d\u0434\u0430\u0446\u0438\u044f\u0445 \u043f\u0440\u043e\u0444\u0435\u0441\u0441\u0438\u043e\u043d\u0430\u043b\u044c\u043d\u043e\u0439 \u0430\u0441\u0441\u043e\u0446\u0438\u0430\u0446\u0438\u0438 (dbs). \u0412\u044b \u0434\u043e\u043b\u0436\u043d\u044b \u0443\u043c\u0435\u0442\u044c \u0432\u044b\u043f\u043e\u043b\u043d\u044f\u0442\u044c \u0441\u0432\u043e\u044e \u0440\u0430\u0431\u043e\u0442\u0443 \u0441\u0430\u043c\u043e\u0441\u0442\u043e\u044f\u0442\u0435\u043b\u044c\u043d\u043e \u0438 \u0431\u044b\u0442\u044c \u0445\u043e\u0440\u043e\u0448\u043e \u043e\u0440\u0433\u0430\u043d\u0438\u0437\u043e\u0432\u0430\u043d\u043d\u044b\u043c. \u0415\u0441\u043b\u0438 \u0443 \u0432\u0430\u0441 \u0435\u0441\u0442\u044c \u043a\u043e\u043c\u0430\u043d\u0434\u043d\u044b\u0439 \u0434\u0443\u0445 \u0438 \u0432\u044b \u043c\u043e\u0436\u0435\u0442\u0435 \u0438\u043d\u0442\u0435\u0433\u0440\u0438\u0440\u043e\u0432\u0430\u0442\u044c\u0441\u044f \u0432 \u043a\u043e\u043b\u043b\u0435\u043a\u0442\u0438\u0432, \u0432\u044b \u0445\u043e\u0440\u043e\u0448\u043e \u0432\u043f\u0438\u0448\u0435\u0442\u0435\u0441\u044c \u0432 \u043d\u0430\u0448\u0443 \u043a\u043e\u043c\u043f\u0430\u043d\u0438\u044e.<\/p><p>\u041c\u044b \u0441 \u043d\u0435\u0442\u0435\u0440\u043f\u0435\u043d\u0438\u0435\u043c \u0436\u0434\u0435\u043c \u0432\u0430\u0448\u0435\u0433\u043e \u0437\u0430\u044f\u0432\u043b\u0435\u043d\u0438\u044f.<\/p><p>\u0412\u0430\u043c \u0438\u043d\u0442\u0435\u0440\u0435\u0441\u043d\u043e?<\/p><p><a href=\"https:\/\/voce-lingua.de\/ru\/\">www.voce-lingua.de<\/a><\/p><p>\u041f\u043e\u0436\u0430\u043b\u0443\u0439\u0441\u0442\u0430, \u043e\u0442\u043f\u0440\u0430\u0432\u044c\u0442\u0435 \u0434\u043e\u043a\u0443\u043c\u0435\u043d\u0442\u044b \u0434\u043b\u044f \u043f\u043e\u0434\u0430\u0447\u0438 \u0437\u0430\u044f\u0432\u043a\u0438 \u0434\u043e 15.08.25 \u043f\u043e \u0430\u0434\u0440\u0435\u0441\u0443:<\/p><p><a href=\"mailto:info@voce-lingua.de\">info@voce-lingua.de<\/a><\/p><p>\u0415\u0441\u043b\u0438 \u0443 \u0432\u0430\u0441 \u0435\u0441\u0442\u044c \u0432\u043e\u043f\u0440\u043e\u0441\u044b \u043f\u043e \u043f\u043e\u0432\u043e\u0434\u0443 \u0432\u0430\u043a\u0430\u043d\u0441\u0438\u0438, \u043f\u043e\u0437\u0432\u043e\u043d\u0438\u0442\u0435 \u043d\u0430\u043c:<\/p><p>02217088162<\/p>\t\t\t\t\t\t\t\t<\/div>\n\t\t\t\t<\/div>\n\t\t\t\t\t<\/div>\n\t\t\t\t<\/div>\n\t\t<div class=\"elementor-element elementor-element-4807f55 e-flex e-con-boxed e-con e-parent\" data-id=\"4807f55\" data-element_type=\"container\">\n\t\t\t\t\t<div class=\"e-con-inner\">\n\t\t\t\t<div class=\"elementor-element elementor-element-9c9612b elementor-widget elementor-widget-image\" data-id=\"9c9612b\" data-element_type=\"widget\" data-widget_type=\"image.default\">\n\t\t\t\t<div class=\"elementor-widget-container\">\n\t\t\t\t\t\t\t\t\t\t\t\t\t\t\t<img decoding=\"async\" width=\"768\" height=\"64\" src=\"https:\/\/voce-lingua.de\/wp-content\/uploads\/2024\/12\/trenner-2-768x64.png\" class=\"attachment-medium_large size-medium_large wp-image-31\" alt=\"\" srcset=\"https:\/\/voce-lingua.de\/wp-content\/uploads\/2024\/12\/trenner-2-768x64.png 768w, https:\/\/voce-lingua.de\/wp-content\/uploads\/2024\/12\/trenner-2-300x25.png 300w, https:\/\/voce-lingua.de\/wp-content\/uploads\/2024\/12\/trenner-2-1024x85.png 1024w, https:\/\/voce-lingua.de\/wp-content\/uploads\/2024\/12\/trenner-2.png 1289w\" sizes=\"(max-width: 768px) 100vw, 768px\" \/>\t\t\t\t\t\t\t\t\t\t\t\t\t\t\t<\/div>\n\t\t\t\t<\/div>\n\t\t\t\t<div class=\"elementor-element elementor-element-ec4ef17 elementor-widget elementor-widget-heading\" data-id=\"ec4ef17\" data-element_type=\"widget\" data-widget_type=\"heading.default\">\n\t\t\t\t<div class=\"elementor-widget-container\">\n\t\t\t\t\t<h2 class=\"elementor-heading-title elementor-size-default\">\u0412\u0410\u041a\u0410\u041d\u0421\u0418\u042f<\/h2>\t\t\t\t<\/div>\n\t\t\t\t<\/div>\n\t\t\t\t<div class=\"elementor-element elementor-element-ea7cc16 elementor-widget elementor-widget-image\" data-id=\"ea7cc16\" data-element_type=\"widget\" data-widget_type=\"image.default\">\n\t\t\t\t<div class=\"elementor-widget-container\">\n\t\t\t\t\t\t\t\t\t\t\t\t\t\t\t<img decoding=\"async\" width=\"768\" height=\"64\" src=\"https:\/\/voce-lingua.de\/wp-content\/uploads\/2024\/12\/trenner-2-upside-down-768x64.png\" class=\"attachment-medium_large size-medium_large wp-image-259\" alt=\"\" srcset=\"https:\/\/voce-lingua.de\/wp-content\/uploads\/2024\/12\/trenner-2-upside-down-768x64.png 768w, https:\/\/voce-lingua.de\/wp-content\/uploads\/2024\/12\/trenner-2-upside-down-300x25.png 300w, https:\/\/voce-lingua.de\/wp-content\/uploads\/2024\/12\/trenner-2-upside-down-1024x85.png 1024w, https:\/\/voce-lingua.de\/wp-content\/uploads\/2024\/12\/trenner-2-upside-down.png 1289w\" sizes=\"(max-width: 768px) 100vw, 768px\" \/>\t\t\t\t\t\t\t\t\t\t\t\t\t\t\t<\/div>\n\t\t\t\t<\/div>\n\t\t\t\t\t<\/div>\n\t\t\t\t<\/div>\n\t\t<div class=\"elementor-element elementor-element-0848989 e-flex e-con-boxed e-con e-parent\" data-id=\"0848989\" data-element_type=\"container\">\n\t\t\t\t\t<div class=\"e-con-inner\">\n\t\t\t\t<div class=\"elementor-element elementor-element-3463e6d elementor-widget elementor-widget-text-editor\" data-id=\"3463e6d\" data-element_type=\"widget\" data-widget_type=\"text-editor.default\">\n\t\t\t\t<div class=\"elementor-widget-container\">\n\t\t\t\t\t\t\t\t\t<p>\u0412\u044b \u043f\u0435\u0440\u0441\u043f\u0435\u043a\u0442\u0438\u0432\u043d\u044b\u0439, \u0430\u043a\u0430\u0434\u0435\u043c\u0438\u0447\u0435\u0441\u043a\u0438\u0439, \u044f\u0437\u044b\u043a\u043e\u0432\u043e\u0439 \u0442\u0435\u0440\u0430\u043f\u0435\u0432\u0442 \/ \u043b\u043e\u0433\u043e\u043f\u0435\u0434 \u0438 \u0432 \u0441\u043e\u0432\u0435\u0440\u0448\u0435\u043d\u0441\u0442\u0432\u0435 \u0432\u043b\u0430\u0434\u0435\u0435\u0442\u0435 \u0440\u0443\u0441\u0441\u043a\u0438\u043c \u044f\u0437\u044b\u043a\u043e\u043c, \u043f\u0438\u0441\u044c\u043c\u0435\u043d\u043d\u043e\u0439 \u0438 \u0443\u0441\u0442\u043d\u043e\u0439 \u0440\u0435\u0447\u044c\u044e? \u0423 \u043d\u0430\u0441 \u0435\u0441\u0442\u044c \u043f\u0440\u0435\u043a\u0440\u0430\u0441\u043d\u0430\u044f \u0432\u043e\u0437\u043c\u043e\u0436\u043d\u043e\u0441\u0442\u044c \u0440\u0430\u0431\u043e\u0442\u044b \u0434\u043b\u044f \u0412\u0430\u0441!<\/p><p>\u041b\u043e\u0433\u043e\u043f\u0435\u0434\u0438\u0447\u0435\u0441\u043a\u0438\u0439 \u043f\u0440\u0430\u043a\u0441\u0438\u0441 <a href=\"\/ru\/%d0%bc%d0%b5%d1%81%d1%82%d0%b0\/\">Voce Lingua<\/a> \u0412 \u041a\u0435\u043b\u044c\u043d\u0435 \u0411\u0430\u0439\u0435\u043d\u0442\u0430\u043b\u044c \u0438\u0449\u0435\u0442 \u0441\u0442\u0443\u0434\u0435\u043d\u0442\u0430 (\u043c\/\u0436) \u0434\u043b\u044f \u0440\u0430\u0431\u043e\u0442\u044b \u0432 \u043e\u0431\u043b\u0430\u0441\u0442\u0438 \u0440\u0435\u0447\u0435\u0432\u043e\u0439 \u0442\u0435\u0440\u0430\u043f\u0438\u0438, \u043a\u043e\u0442\u043e\u0440\u044b\u0439 \u0441\u043c\u043e\u0436\u0435\u0442 \u043f\u0440\u0438\u0432\u043d\u0435\u0441\u0442\u0438 \u0432 \u043c\u0438\u0440 \u0440\u0435\u0447\u0435\u0432\u043e\u0439 \u0442\u0435\u0440\u0430\u043f\u0438\u0438 \u0440\u0430\u0437\u043d\u043e\u043e\u0431\u0440\u0430\u0437\u0438\u0435 \u0440\u0443\u0441\u0441\u043a\u043e\u0433\u043e \u044f\u0437\u044b\u043a\u0430.<\/p><p>\u0415\u0441\u043b\u0438 \u0432\u0430\u043c \u0438\u043d\u0442\u0435\u0440\u0435\u0441\u043d\u043e \u044d\u0442\u043e \u043f\u0440\u0435\u0434\u043b\u043e\u0436\u0435\u043d\u0438\u0435, \u0441\u043e\u043e\u0431\u0449\u0438\u0442\u0435 \u043d\u0430\u043c \u0438\u043b\u0438 \u043f\u0440\u0438\u0448\u043b\u0438\u0442\u0435 \u0438\u043d\u0444\u043e\u0440\u043c\u0430\u0446\u0438\u044e.<\/p><p>\u0420\u0435\u0437\u044e\u043c\u0435 \u043d\u0430\u043f\u0440\u0430\u0432\u043b\u044f\u0439\u0442\u0435 \u043d\u0430: <span id=\"cloak40f1aa3142963a0295eaa5cbf3aa9c1b\"><a href=\"mailto:kirsten.mueller@voce-lingua.de\">kirsten.mueller@voce-lingua.de<\/a><\/span><\/p>\t\t\t\t\t\t\t\t<\/div>\n\t\t\t\t<\/div>\n\t\t\t\t\t<\/div>\n\t\t\t\t<\/div>\n\t\t\t\t<\/div>","protected":false},"excerpt":{"rendered":"<p>Bewerben Sie sich gerne in unserer Praxis mit Ihrer Initiativbewerbung. STELLENANGEBOTE IN K\u00d6LN Zur Verst\u00e4rkung meiner\u00a0Praxis f\u00fcr Sprachtherapie suche ich zum 01.12.25 eine*n Sprachtherapeut*in oder Logop\u00e4d*in (Teilzeitstelle, 20-30 Stunden). Sie sollten vertiefte Kenntnisse und Berufserfahrung f\u00fcr die Therapieschwerpunkte kindliche und jugendliche Sprach-, Sprech- und Schluckst\u00f6rungen (orofaziale und myofunktionelle Schluckst\u00f6rungen) haben sowie Sprachtherapie f\u00fcr neurologisch bedingte [&hellip;]<\/p>","protected":false},"author":1,"featured_media":0,"parent":0,"menu_order":0,"comment_status":"closed","ping_status":"closed","template":"","meta":{"footnotes":""},"class_list":["post-85","page","type-page","status-publish","hentry"],"_links":{"self":[{"href":"https:\/\/voce-lingua.de\/ru\/wp-json\/wp\/v2\/pages\/85","targetHints":{"allow":["GET"]}}],"collection":[{"href":"https:\/\/voce-lingua.de\/ru\/wp-json\/wp\/v2\/pages"}],"about":[{"href":"https:\/\/voce-lingua.de\/ru\/wp-json\/wp\/v2\/types\/page"}],"author":[{"embeddable":true,"href":"https:\/\/voce-lingua.de\/ru\/wp-json\/wp\/v2\/users\/1"}],"replies":[{"embeddable":true,"href":"https:\/\/voce-lingua.de\/ru\/wp-json\/wp\/v2\/comments?post=85"}],"version-history":[{"count":52,"href":"https:\/\/voce-lingua.de\/ru\/wp-json\/wp\/v2\/pages\/85\/revisions"}],"predecessor-version":[{"id":1818,"href":"https:\/\/voce-lingua.de\/ru\/wp-json\/wp\/v2\/pages\/85\/revisions\/1818"}],"wp:attachment":[{"href":"https:\/\/voce-lingua.de\/ru\/wp-json\/wp\/v2\/media?parent=85"}],"curies":[{"name":"wp","href":"https:\/\/api.w.org\/{rel}","templated":true}]}}