{"id":79,"date":"2024-12-06T11:54:51","date_gmt":"2024-12-06T11:54:51","guid":{"rendered":"http:\/\/voce-lingua.local\/?page_id=79"},"modified":"2025-04-29T16:56:52","modified_gmt":"2025-04-29T16:56:52","slug":"%d0%bf%d0%b5%d1%82%d1%8c","status":"publish","type":"page","link":"https:\/\/voce-lingua.de\/ru\/%d0%bf%d0%b5%d1%82%d1%8c\/","title":{"rendered":"\u041f\u043e\u044e\u0449\u0438\u0435"},"content":{"rendered":"<div data-elementor-type=\"wp-page\" data-elementor-id=\"79\" class=\"elementor elementor-79\">\n\t\t\t\t<div class=\"elementor-element elementor-element-7197669 e-flex e-con-boxed e-con e-parent\" data-id=\"7197669\" data-element_type=\"container\">\n\t\t\t\t\t<div class=\"e-con-inner\">\n\t\t\t\t<div class=\"elementor-element elementor-element-a5a033b elementor-widget elementor-widget-image\" data-id=\"a5a033b\" data-element_type=\"widget\" data-widget_type=\"image.default\">\n\t\t\t\t<div class=\"elementor-widget-container\">\n\t\t\t\t\t\t\t\t\t\t\t\t\t\t\t<img fetchpriority=\"high\" decoding=\"async\" width=\"768\" height=\"376\" src=\"https:\/\/voce-lingua.de\/wp-content\/uploads\/2025\/01\/Singenbewegen-2-768x376.jpg\" class=\"attachment-medium_large size-medium_large wp-image-586\" alt=\"\" srcset=\"https:\/\/voce-lingua.de\/wp-content\/uploads\/2025\/01\/Singenbewegen-2-768x376.jpg 768w, https:\/\/voce-lingua.de\/wp-content\/uploads\/2025\/01\/Singenbewegen-2-300x147.jpg 300w, https:\/\/voce-lingua.de\/wp-content\/uploads\/2025\/01\/Singenbewegen-2-1024x501.jpg 1024w, https:\/\/voce-lingua.de\/wp-content\/uploads\/2025\/01\/Singenbewegen-2.jpg 1280w\" sizes=\"(max-width: 768px) 100vw, 768px\" \/>\t\t\t\t\t\t\t\t\t\t\t\t\t\t\t<\/div>\n\t\t\t\t<\/div>\n\t\t\t\t<div class=\"elementor-element elementor-element-6e3d60c elementor-widget elementor-widget-heading\" data-id=\"6e3d60c\" data-element_type=\"widget\" data-widget_type=\"heading.default\">\n\t\t\t\t<div class=\"elementor-widget-container\">\n\t\t\t\t\t<h1 class=\"elementor-heading-title elementor-size-default\">\u041f\u0435\u043d\u0438\u0435 \u0413\u043e\u0432\u043e\u0440\u0435\u043d\u0438\u0435 \u0414\u0432\u0438\u0436\u0435\u043d\u0438\u0435<\/h1>\t\t\t\t<\/div>\n\t\t\t\t<\/div>\n\t\t\t\t<div class=\"elementor-element elementor-element-dda2118 elementor-widget elementor-widget-image\" data-id=\"dda2118\" data-element_type=\"widget\" data-widget_type=\"image.default\">\n\t\t\t\t<div class=\"elementor-widget-container\">\n\t\t\t\t\t\t\t\t\t\t\t\t\t\t\t<img decoding=\"async\" width=\"800\" height=\"73\" src=\"https:\/\/voce-lingua.de\/wp-content\/uploads\/2024\/12\/trenner-3-1-1024x93.png\" class=\"attachment-large size-large wp-image-133\" alt=\"\" srcset=\"https:\/\/voce-lingua.de\/wp-content\/uploads\/2024\/12\/trenner-3-1-1024x93.png 1024w, https:\/\/voce-lingua.de\/wp-content\/uploads\/2024\/12\/trenner-3-1-300x27.png 300w, https:\/\/voce-lingua.de\/wp-content\/uploads\/2024\/12\/trenner-3-1-768x70.png 768w, https:\/\/voce-lingua.de\/wp-content\/uploads\/2024\/12\/trenner-3-1.png 1382w\" sizes=\"(max-width: 800px) 100vw, 800px\" \/>\t\t\t\t\t\t\t\t\t\t\t\t\t\t\t<\/div>\n\t\t\t\t<\/div>\n\t\t\t\t<div class=\"elementor-element elementor-element-118381c elementor-widget__width-initial elementor-widget elementor-widget-text-editor\" data-id=\"118381c\" data-element_type=\"widget\" data-widget_type=\"text-editor.default\">\n\t\t\t\t<div class=\"elementor-widget-container\">\n\t\t\t\t\t\t\t\t\t<p style=\"text-align: center;\">\u041b\u044e\u0431\u0438\u0442\u0435 \u043b\u0438 \u0432\u044b <em>\u0421\u0442\u0438\u0445\u0438<\/em>\u0445\u043e\u0442\u0435\u043b\u0438 \u0431\u044b \u0432\u044b \u0440\u0430\u0431\u043e\u0442\u0430\u0442\u044c \u0432\u043c\u0435\u0441\u0442\u0435 \u0441 \u0434\u0440\u0443\u0433\u0438\u043c\u0438 <em>\u041f\u043e\u044e\u0449\u0438\u0435<\/em>\u0438 \u0445\u043e\u0442\u0435\u043b\u0438 \u0431\u044b \u043e\u0441\u0432\u0435\u0436\u0438\u0442\u044c \u0438\u043b\u0438 \u043e\u0431\u043d\u043e\u0432\u0438\u0442\u044c \u0441\u0432\u043e\u0439 \u0440\u0435\u043f\u0435\u0440\u0442\u0443\u0430\u0440? \u0412\u044b \u0432\u0441\u0435\u0433\u0434\u0430 \u0434\u0443\u043c\u0430\u043b\u0438: \u044f \u043d\u0435 \u0443\u043c\u0435\u044e \u043f\u0435\u0442\u044c, \u043d\u043e \u043b\u044e\u0431\u043b\u044e \u043f\u0435\u0442\u044c, \u044f \u0447\u0430\u0441\u0442\u043e \u0445\u0440\u0438\u043f\u043b\u044e \u0438 \u043c\u043e\u0433\u0443 \u043f\u043e\u043c\u043e\u0447\u044c \u0441\u0435\u0431\u0435 \u0442\u043e\u043b\u044c\u043a\u043e \u043f\u0440\u043e\u0447\u0438\u0441\u0442\u0438\u0432 \u0433\u043e\u0440\u043b\u043e?<\/p><p style=\"text-align: center;\">\u0411\u044b\u0441\u0442\u0440\u043e \u043b\u0438 \u0432\u044b \u0437\u0430\u0434\u044b\u0445\u0430\u0435\u0442\u0435\u0441\u044c \u0438 \u043c\u0443\u0447\u0430\u0435\u0442\u0435\u0441\u044c \u043e\u0442 \u043d\u0430\u043f\u0440\u044f\u0436\u0435\u043d\u0438\u044f?<\/p><p style=\"text-align: center;\">\u0412\u043c\u0435\u0441\u0442\u0435 \u0441 \u0432\u0430\u043c\u0438 \u043c\u044b \u0445\u043e\u0442\u0435\u043b\u0438 \u0431\u044b <em>\u0421\u0432\u044f\u0437\u044c \u043c\u0435\u0436\u0434\u0443 \u0434\u044b\u0445\u0430\u043d\u0438\u0435\u043c, \u0433\u043e\u043b\u043e\u0441\u043e\u043c \u0438 \u043e\u0441\u0430\u043d\u043a\u043e\u0439<\/em> \u0438 \u043f\u043e\u0437\u043d\u0430\u043a\u043e\u043c\u0438\u0442\u0435\u0441\u044c \u0441 \u0443\u043f\u0440\u0430\u0436\u043d\u0435\u043d\u0438\u044f\u043c\u0438 \u043d\u0430 \u0440\u0430\u0441\u0441\u043b\u0430\u0431\u043b\u0435\u043d\u0438\u0435 \u0438 \u0434\u044b\u0445\u0430\u043d\u0438\u0435. \u0421 \u043f\u043e\u043c\u043e\u0449\u044c\u044e \u043f\u0440\u043e\u0441\u0442\u044b\u0445 \u0438 \u043a\u0440\u0430\u0441\u0438\u0432\u044b\u0445 \u043f\u0435\u0441\u0435\u043d \u043d\u0435\u043c\u0435\u0446\u043a\u043e\u0439 \u0438 \u0434\u0440\u0443\u0433\u0438\u0445 \u043a\u0443\u043b\u044c\u0442\u0443\u0440 \u043c\u044b \u0445\u043e\u0442\u0438\u043c \u0432\u043c\u0435\u0441\u0442\u0435 \u0441 \u0432\u0430\u043c\u0438 \u0438\u0441\u043f\u044b\u0442\u0430\u0442\u044c \u0440\u0430\u0434\u043e\u0441\u0442\u044c \u043f\u0435\u043d\u0438\u044f \u0438 \u0443\u0431\u0435\u0434\u0438\u0442\u044c\u0441\u044f \u0432 \u0442\u043e\u043c, \u0447\u0442\u043e \u043f\u0435\u043d\u0438\u0435 \u0434\u0435\u043b\u0430\u0435\u0442 \u0432\u0430\u0441 \u0441\u0447\u0430\u0441\u0442\u043b\u0438\u0432\u044b\u043c\u0438.<\/p><p style=\"text-align: center;\">\u041c\u044b \u0443\u0437\u043d\u0430\u0435\u043c, \u043a\u0430\u043a \u0447\u0442\u0435\u043d\u0438\u0435 \u0441\u0442\u0438\u0445\u043e\u0432 \u043c\u043e\u0436\u0435\u0442 \u0438\u0437\u043c\u0435\u043d\u0438\u0442\u044c \u043d\u0430\u0448 \u0433\u043e\u043b\u043e\u0441 \u0438 \u043d\u0430\u0448\u0435 \u043d\u0430\u0441\u0442\u0440\u043e\u0435\u043d\u0438\u0435, \u0438\u043b\u0438 \u043a\u0430\u043a \u043c\u044b \u043c\u043e\u0436\u0435\u043c \u043f\u0440\u0438\u0434\u0430\u0442\u044c \u0441\u0442\u0438\u0445\u043e\u0442\u0432\u043e\u0440\u0435\u043d\u0438\u044e \u0444\u043e\u0440\u043c\u0443 \u0438 \u043d\u0430\u0439\u0442\u0438 \u0432\u0440\u0435\u043c\u044f, \u0447\u0442\u043e\u0431\u044b \u0440\u0430\u0441\u0441\u043b\u0430\u0431\u0438\u0442\u044c\u0441\u044f, \u0432\u043e\u0441\u0441\u0442\u0430\u043d\u043e\u0432\u0438\u0442\u044c\u0441\u044f \u0438 \u043f\u043e\u0434\u044b\u0448\u0430\u0442\u044c \u0447\u0435\u0440\u0435\u0437 \u043e\u043f\u044b\u0442 \u0437\u0432\u0443\u043a\u0430, <br \/><em>...\u0432\u0440\u0435\u043c\u044f \u0434\u043b\u044f \u043c\u0435\u043d\u044f<\/em>.<\/p><p style=\"text-align: center;\">\u041c\u044b \u0436\u0435\u043b\u0430\u0435\u043c \u0432\u0430\u043c \u0438 \u043d\u0430\u043c \u0434\u043e\u043b\u0433\u0438\u0445 \u0447\u0430\u0441\u043e\u0432 \u0441\u043e\u0432\u043c\u0435\u0441\u0442\u043d\u044b\u0445 \u044d\u043a\u0441\u043f\u0435\u0440\u0438\u043c\u0435\u043d\u0442\u043e\u0432, \u0440\u0430\u0434\u043e\u0441\u0442\u043d\u043e\u0433\u043e \u043f\u0435\u043d\u0438\u044f \u0438 \u0440\u0435\u0447\u0438, \u0432\u0434\u043e\u0445\u043d\u043e\u0432\u0435\u043d\u0438\u044f, \u043e\u0442\u0434\u044b\u0445\u0430 \u0438 \u0443\u044e\u0442\u043d\u043e\u0439 \u0432\u0441\u0442\u0440\u0435\u0447\u0438.<\/p>\t\t\t\t\t\t\t\t<\/div>\n\t\t\t\t<\/div>\n\t\t\t\t<div class=\"elementor-element elementor-element-c118490 elementor-widget elementor-widget-image\" data-id=\"c118490\" data-element_type=\"widget\" data-widget_type=\"image.default\">\n\t\t\t\t<div class=\"elementor-widget-container\">\n\t\t\t\t\t\t\t\t\t\t\t\t\t\t\t<img decoding=\"async\" width=\"800\" height=\"66\" src=\"https:\/\/voce-lingua.de\/wp-content\/uploads\/2024\/12\/trenner-2-1024x85.png\" class=\"attachment-large size-large wp-image-31\" alt=\"\" srcset=\"https:\/\/voce-lingua.de\/wp-content\/uploads\/2024\/12\/trenner-2-1024x85.png 1024w, https:\/\/voce-lingua.de\/wp-content\/uploads\/2024\/12\/trenner-2-300x25.png 300w, https:\/\/voce-lingua.de\/wp-content\/uploads\/2024\/12\/trenner-2-768x64.png 768w, https:\/\/voce-lingua.de\/wp-content\/uploads\/2024\/12\/trenner-2.png 1289w\" sizes=\"(max-width: 800px) 100vw, 800px\" \/>\t\t\t\t\t\t\t\t\t\t\t\t\t\t\t<\/div>\n\t\t\t\t<\/div>\n\t\t\t\t<div class=\"elementor-element elementor-element-a29c01a elementor-widget elementor-widget-heading\" data-id=\"a29c01a\" data-element_type=\"widget\" data-widget_type=\"heading.default\">\n\t\t\t\t<div class=\"elementor-widget-container\">\n\t\t\t\t\t<h2 class=\"elementor-heading-title elementor-size-default\">\u0427\u0442\u043e \u043c\u044b \u0432\u0430\u043c \u043f\u0440\u0435\u0434\u043b\u0430\u0433\u0430\u0435\u043c<\/h2>\t\t\t\t<\/div>\n\t\t\t\t<\/div>\n\t\t\t\t<div class=\"elementor-element elementor-element-e88ac42 elementor-widget elementor-widget-image\" data-id=\"e88ac42\" data-element_type=\"widget\" data-widget_type=\"image.default\">\n\t\t\t\t<div class=\"elementor-widget-container\">\n\t\t\t\t\t\t\t\t\t\t\t\t\t\t\t<img loading=\"lazy\" decoding=\"async\" width=\"800\" height=\"66\" src=\"https:\/\/voce-lingua.de\/wp-content\/uploads\/2024\/12\/trenner-2-upside-down-1024x85.png\" class=\"attachment-large size-large wp-image-259\" alt=\"\" srcset=\"https:\/\/voce-lingua.de\/wp-content\/uploads\/2024\/12\/trenner-2-upside-down-1024x85.png 1024w, https:\/\/voce-lingua.de\/wp-content\/uploads\/2024\/12\/trenner-2-upside-down-300x25.png 300w, https:\/\/voce-lingua.de\/wp-content\/uploads\/2024\/12\/trenner-2-upside-down-768x64.png 768w, https:\/\/voce-lingua.de\/wp-content\/uploads\/2024\/12\/trenner-2-upside-down.png 1289w\" sizes=\"(max-width: 800px) 100vw, 800px\" \/>\t\t\t\t\t\t\t\t\t\t\t\t\t\t\t<\/div>\n\t\t\t\t<\/div>\n\t\t\t\t<div class=\"elementor-element elementor-element-eff027a elementor-widget__width-initial elementor-widget elementor-widget-text-editor\" data-id=\"eff027a\" data-element_type=\"widget\" data-widget_type=\"text-editor.default\">\n\t\t\t\t<div class=\"elementor-widget-container\">\n\t\t\t\t\t\t\t\t\t<ul><li>\u0414\u044b\u0445\u0430\u0442\u0435\u043b\u044c\u043d\u044b\u0435, \u0433\u043e\u043b\u043e\u0441\u043e\u0432\u044b\u0435 \u0438 \u0434\u0432\u0438\u0433\u0430\u0442\u0435\u043b\u044c\u043d\u044b\u0435 \u0443\u043f\u0440\u0430\u0436\u043d\u0435\u043d\u0438\u044f<\/li><li>\u0420\u0430\u0437\u0440\u0430\u0431\u043e\u0442\u043a\u0430 \u0437\u043d\u0430\u043a\u043e\u043c\u044b\u0445 \u0438 \u043d\u043e\u0432\u044b\u0445 \u043f\u0435\u0441\u0435\u043d \u0438 \u0442\u0435\u043a\u0441\u0442\u043e\u0432<\/li><li>\u041e\u0431\u043d\u0430\u0440\u0443\u0436\u0435\u043d\u0438\u0435 \u0438 \u0441\u0435\u0440\u044c\u0435\u0437\u043d\u043e\u0435 \u043e\u0442\u043d\u043e\u0448\u0435\u043d\u0438\u0435 \u043a \u0441\u043e\u0431\u0441\u0442\u0432\u0435\u043d\u043d\u044b\u043c \u043f\u043e\u0442\u0440\u0435\u0431\u043d\u043e\u0441\u0442\u044f\u043c<\/li><li>\u0423\u043f\u0440\u0430\u0436\u043d\u0435\u043d\u0438\u044f \u043d\u0430 \u0440\u0435\u043b\u0430\u043a\u0441\u0430\u0446\u0438\u044e<\/li><li>\u0413\u0440\u0443\u043f\u043f\u043e\u0432\u0430\u044f, \u043f\u0430\u0440\u0442\u043d\u0435\u0440\u0441\u043a\u0430\u044f \u0438 \u0438\u043d\u0434\u0438\u0432\u0438\u0434\u0443\u0430\u043b\u044c\u043d\u0430\u044f \u0440\u0430\u0431\u043e\u0442\u0430<\/li><li>\u041c\u0430\u0441\u0441\u0430\u0436<\/li><li>\u0422\u0430\u0431\u043b\u0438\u0446\u0430 \u043d\u0430\u0441\u0442\u0440\u043e\u0439\u043a\u0438<\/li><li>\u0423\u043f\u0440\u0430\u0436\u043d\u0435\u043d\u0438\u044f \u043d\u0430 \u0432\u043e\u0441\u043f\u0440\u0438\u044f\u0442\u0438\u0435<\/li><li>\u041a\u0430\u043a \u044f \u043c\u043e\u0433\u0443 \u0434\u044b\u0448\u0430\u0442\u044c \u0435\u0449\u0435 \"\u043b\u0443\u0447\u0448\u0435\"?<\/li><\/ul>\t\t\t\t\t\t\t\t<\/div>\n\t\t\t\t<\/div>\n\t\t\t\t<div class=\"elementor-element elementor-element-bd43996 elementor-widget elementor-widget-image\" data-id=\"bd43996\" data-element_type=\"widget\" data-widget_type=\"image.default\">\n\t\t\t\t<div class=\"elementor-widget-container\">\n\t\t\t\t\t\t\t\t\t\t\t\t\t\t\t<img loading=\"lazy\" decoding=\"async\" width=\"768\" height=\"64\" src=\"https:\/\/voce-lingua.de\/wp-content\/uploads\/2024\/12\/trenner-2-768x64.png\" class=\"attachment-medium_large size-medium_large wp-image-31\" alt=\"\" srcset=\"https:\/\/voce-lingua.de\/wp-content\/uploads\/2024\/12\/trenner-2-768x64.png 768w, https:\/\/voce-lingua.de\/wp-content\/uploads\/2024\/12\/trenner-2-300x25.png 300w, https:\/\/voce-lingua.de\/wp-content\/uploads\/2024\/12\/trenner-2-1024x85.png 1024w, https:\/\/voce-lingua.de\/wp-content\/uploads\/2024\/12\/trenner-2.png 1289w\" sizes=\"(max-width: 768px) 100vw, 768px\" \/>\t\t\t\t\t\t\t\t\t\t\t\t\t\t\t<\/div>\n\t\t\t\t<\/div>\n\t\t\t\t<div class=\"elementor-element elementor-element-8959ff4 elementor-widget elementor-widget-heading\" data-id=\"8959ff4\" data-element_type=\"widget\" data-widget_type=\"heading.default\">\n\t\t\t\t<div class=\"elementor-widget-container\">\n\t\t\t\t\t<h2 class=\"elementor-heading-title elementor-size-default\">\u041a \u043a\u043e\u043c\u0443 \u043c\u044b \u0445\u043e\u0442\u0438\u043c \u043e\u0431\u0440\u0430\u0442\u0438\u0442\u044c\u0441\u044f<\/h2>\t\t\t\t<\/div>\n\t\t\t\t<\/div>\n\t\t\t\t<div class=\"elementor-element elementor-element-e662601 elementor-widget elementor-widget-image\" data-id=\"e662601\" data-element_type=\"widget\" data-widget_type=\"image.default\">\n\t\t\t\t<div class=\"elementor-widget-container\">\n\t\t\t\t\t\t\t\t\t\t\t\t\t\t\t<img loading=\"lazy\" decoding=\"async\" width=\"800\" height=\"66\" src=\"https:\/\/voce-lingua.de\/wp-content\/uploads\/2024\/12\/trenner-2-upside-down-1024x85.png\" class=\"attachment-large size-large wp-image-259\" alt=\"\" srcset=\"https:\/\/voce-lingua.de\/wp-content\/uploads\/2024\/12\/trenner-2-upside-down-1024x85.png 1024w, https:\/\/voce-lingua.de\/wp-content\/uploads\/2024\/12\/trenner-2-upside-down-300x25.png 300w, https:\/\/voce-lingua.de\/wp-content\/uploads\/2024\/12\/trenner-2-upside-down-768x64.png 768w, https:\/\/voce-lingua.de\/wp-content\/uploads\/2024\/12\/trenner-2-upside-down.png 1289w\" sizes=\"(max-width: 800px) 100vw, 800px\" \/>\t\t\t\t\t\t\t\t\t\t\t\t\t\t\t<\/div>\n\t\t\t\t<\/div>\n\t\t\t\t<div class=\"elementor-element elementor-element-02bf2a1 elementor-widget__width-initial elementor-widget elementor-widget-text-editor\" data-id=\"02bf2a1\" data-element_type=\"widget\" data-widget_type=\"text-editor.default\">\n\t\t\t\t<div class=\"elementor-widget-container\">\n\t\t\t\t\t\t\t\t\t<ul><li>\u0432\u0441\u0435 \u0437\u0430\u0438\u043d\u0442\u0435\u0440\u0435\u0441\u043e\u0432\u0430\u043d\u043d\u044b\u0435 \u0441\u0442\u043e\u0440\u043e\u043d\u044b<\/li><li>\u041b\u044e\u0434\u0438, \u043a\u043e\u0442\u043e\u0440\u044b\u043c \u0442\u0440\u0435\u0431\u0443\u0435\u0442\u0441\u044f \u043b\u043e\u0433\u043e\u043f\u0435\u0434\u0438\u0447\u0435\u0441\u043a\u0430\u044f \u043f\u043e\u043c\u043e\u0449\u044c \u043f\u043e\u0441\u043b\u0435 \u0438\u043d\u0441\u0443\u043b\u044c\u0442\u0430<\/li><li>\u041b\u044e\u0434\u0438 \u0441 \u043f\u0440\u043e\u0431\u043b\u0435\u043c\u0430\u043c\u0438 \u0433\u043e\u043b\u043e\u0441\u0430<\/li><li>\u041b\u044e\u0434\u0438 \u0441 \u043f\u0440\u043e\u0431\u043b\u0435\u043c\u0430\u043c\u0438 \u0440\u0435\u0447\u0438 \u0438 \u044f\u0437\u044b\u043a\u0430<\/li><li>\u041b\u044e\u0434\u0438 \u0432 \u0434\u043e\u043c\u0430\u0445 \u043f\u0440\u0435\u0441\u0442\u0430\u0440\u0435\u043b\u044b\u0445 \u0438 \u043d\u0430 \u0441\u043e\u0431\u0440\u0430\u043d\u0438\u044f\u0445 \u043f\u043e\u0436\u0438\u043b\u044b\u0445 \u043b\u044e\u0434\u0435\u0439 (AWO \/ \u041a\u0440\u0430\u0441\u043d\u044b\u0439 \u041a\u0440\u0435\u0441\u0442)<\/li><\/ul>\t\t\t\t\t\t\t\t<\/div>\n\t\t\t\t<\/div>\n\t\t\t\t<div class=\"elementor-element elementor-element-b407cf5 elementor-widget__width-initial elementor-widget elementor-widget-text-editor\" data-id=\"b407cf5\" data-element_type=\"widget\" data-widget_type=\"text-editor.default\">\n\t\t\t\t<div class=\"elementor-widget-container\">\n\t\t\t\t\t\t\t\t\t<p style=\"text-align: center;\">\u041f\u043e \u043d\u0430\u0437\u043d\u0430\u0447\u0435\u043d\u0438\u044e \u043b\u0435\u0447\u0430\u0449\u0435\u0433\u043e \u0432\u0440\u0430\u0447\u0430 (\u043d\u0430\u043f\u0440\u0438\u043c\u0435\u0440, \u041b\u041e\u0420\u0430, \u0442\u0435\u0440\u0430\u043f\u0435\u0432\u0442\u0430, \u043d\u0435\u0432\u0440\u043e\u043f\u0430\u0442\u043e\u043b\u043e\u0433\u0430) \u0438 \u0432 \u043a\u0430\u0447\u0435\u0441\u0442\u0432\u0435 \u0441\u0430\u043c\u043e\u0441\u0442\u043e\u044f\u0442\u0435\u043b\u044c\u043d\u043e\u0433\u043e \u043f\u043b\u0430\u0442\u0435\u043b\u044c\u0449\u0438\u043a\u0430 (\u0440\u0430\u0441\u0445\u043e\u0434\u044b \u0437\u0430\u0432\u0438\u0441\u044f\u0442 \u043e\u0442 \u0432\u044b\u043f\u043b\u0430\u0442 \u0431\u043e\u043b\u044c\u043d\u0438\u0447\u043d\u044b\u0445 \u043a\u0430\u0441\u0441) \u043c\u044b \u043f\u0440\u0435\u0434\u043b\u0430\u0433\u0430\u0435\u043c \u0432\u0430\u043c \u043a\u0432\u0430\u043b\u0438\u0444\u0438\u0446\u0438\u0440\u043e\u0432\u0430\u043d\u043d\u0443\u044e \u0433\u043e\u043b\u043e\u0441\u043e\u0432\u0443\u044e \u0442\u0435\u0440\u0430\u043f\u0438\u044e \/ \u043b\u043e\u0433\u043e\u043f\u0435\u0434\u0438\u044e, \u043e\u0431\u044b\u0447\u043d\u043e \u0432 \u043a\u043e\u0440\u043e\u0442\u043a\u0438\u0435 \u0441\u0440\u043e\u043a\u0438, \u0441 \u043a\u043e\u043d\u0446\u0435\u043f\u0446\u0438\u0435\u0439 \u043f\u0435\u043d\u0438\u044f-\u0433\u043e\u0432\u043e\u0440\u0435\u043d\u0438\u044f-\u0434\u0432\u0438\u0436\u0435\u043d\u0438\u044f.<\/p>\t\t\t\t\t\t\t\t<\/div>\n\t\t\t\t<\/div>\n\t\t\t\t\t<\/div>\n\t\t\t\t<\/div>\n\t\t\t\t<\/div>","protected":false},"excerpt":{"rendered":"<p>Singen Sprechen Bewegen Lieben Sie Gedichte, haben Sie Lust, gemeinsam mit anderen zu Singen, und m\u00f6chten Ihr Repertoire wieder auffrischen oder erneuern? dachten Sie immer: ich kann nicht singen, singe aber so gerne, sind h\u00e4ufiger mal heiser und k\u00f6nnen sich nur mit R\u00e4uspern helfen? Sind sie schnell au\u00dfer Atem und Verspannungen plagen Sie? Gemeinsam mit [&hellip;]<\/p>","protected":false},"author":1,"featured_media":0,"parent":0,"menu_order":0,"comment_status":"closed","ping_status":"closed","template":"","meta":{"footnotes":""},"class_list":["post-79","page","type-page","status-publish","hentry"],"_links":{"self":[{"href":"https:\/\/voce-lingua.de\/ru\/wp-json\/wp\/v2\/pages\/79","targetHints":{"allow":["GET"]}}],"collection":[{"href":"https:\/\/voce-lingua.de\/ru\/wp-json\/wp\/v2\/pages"}],"about":[{"href":"https:\/\/voce-lingua.de\/ru\/wp-json\/wp\/v2\/types\/page"}],"author":[{"embeddable":true,"href":"https:\/\/voce-lingua.de\/ru\/wp-json\/wp\/v2\/users\/1"}],"replies":[{"embeddable":true,"href":"https:\/\/voce-lingua.de\/ru\/wp-json\/wp\/v2\/comments?post=79"}],"version-history":[{"count":37,"href":"https:\/\/voce-lingua.de\/ru\/wp-json\/wp\/v2\/pages\/79\/revisions"}],"predecessor-version":[{"id":1622,"href":"https:\/\/voce-lingua.de\/ru\/wp-json\/wp\/v2\/pages\/79\/revisions\/1622"}],"wp:attachment":[{"href":"https:\/\/voce-lingua.de\/ru\/wp-json\/wp\/v2\/media?parent=79"}],"curies":[{"name":"wp","href":"https:\/\/api.w.org\/{rel}","templated":true}]}}