{"id":75,"date":"2024-12-06T11:54:23","date_gmt":"2024-12-06T11:54:23","guid":{"rendered":"http:\/\/voce-lingua.local\/?page_id=75"},"modified":"2025-04-16T15:23:17","modified_gmt":"2025-04-16T15:23:17","slug":"%d0%b3%d0%be%d0%bb%d0%be%d1%81%d0%be%d0%b2%d0%b0%d1%8f-%d1%82%d0%b5%d1%80%d0%b0%d0%bf%d0%b8%d1%8f","status":"publish","type":"page","link":"https:\/\/voce-lingua.de\/ru\/%d0%b3%d0%be%d0%bb%d0%be%d1%81%d0%be%d0%b2%d0%b0%d1%8f-%d1%82%d0%b5%d1%80%d0%b0%d0%bf%d0%b8%d1%8f\/","title":{"rendered":"\u0413\u043e\u043b\u043e\u0441\u043e\u0432\u0430\u044f \u0442\u0435\u0440\u0430\u043f\u0438\u044f"},"content":{"rendered":"<div data-elementor-type=\"wp-page\" data-elementor-id=\"75\" class=\"elementor elementor-75\">\n\t\t\t\t<div class=\"elementor-element elementor-element-1be578a e-flex e-con-boxed e-con e-parent\" data-id=\"1be578a\" data-element_type=\"container\">\n\t\t\t\t\t<div class=\"e-con-inner\">\n\t\t\t\t<div class=\"elementor-element elementor-element-8b408aa elementor-widget elementor-widget-image\" data-id=\"8b408aa\" data-element_type=\"widget\" data-widget_type=\"image.default\">\n\t\t\t\t<div class=\"elementor-widget-container\">\n\t\t\t\t\t\t\t\t\t\t\t\t\t\t\t<img fetchpriority=\"high\" decoding=\"async\" width=\"768\" height=\"576\" src=\"https:\/\/voce-lingua.de\/wp-content\/uploads\/2025\/04\/paragliding-623721_960_720-768x576.jpg\" class=\"attachment-medium_large size-medium_large wp-image-1204\" alt=\"\" srcset=\"https:\/\/voce-lingua.de\/wp-content\/uploads\/2025\/04\/paragliding-623721_960_720-768x576.jpg 768w, https:\/\/voce-lingua.de\/wp-content\/uploads\/2025\/04\/paragliding-623721_960_720-300x225.jpg 300w, https:\/\/voce-lingua.de\/wp-content\/uploads\/2025\/04\/paragliding-623721_960_720.jpg 960w\" sizes=\"(max-width: 768px) 100vw, 768px\" \/>\t\t\t\t\t\t\t\t\t\t\t\t\t\t\t<\/div>\n\t\t\t\t<\/div>\n\t\t\t\t<div class=\"elementor-element elementor-element-9561184 elementor-widget elementor-widget-heading\" data-id=\"9561184\" data-element_type=\"widget\" data-widget_type=\"heading.default\">\n\t\t\t\t<div class=\"elementor-widget-container\">\n\t\t\t\t\t<h1 class=\"elementor-heading-title elementor-size-default\">\"\u0431\u044b\u0442\u044c \u0443\u0441\u043b\u044b\u0448\u0430\u043d\u043d\u044b\u043c \u0435\u0433\u043e \u0433\u043e\u043b\u043e\u0441\u043e\u043c <br>\u0434\u0430 \u0431\u0443\u0434\u0435\u0442 \u0442\u0430\u043a\"<\/h1>\t\t\t\t<\/div>\n\t\t\t\t<\/div>\n\t\t\t\t<div class=\"elementor-element elementor-element-d1131a4 elementor-widget elementor-widget-image\" data-id=\"d1131a4\" data-element_type=\"widget\" data-widget_type=\"image.default\">\n\t\t\t\t<div class=\"elementor-widget-container\">\n\t\t\t\t\t\t\t\t\t\t\t\t\t\t\t<img decoding=\"async\" width=\"800\" height=\"73\" src=\"https:\/\/voce-lingua.de\/wp-content\/uploads\/2024\/12\/trenner-3-1-1024x93.png\" class=\"attachment-large size-large wp-image-133\" alt=\"\" srcset=\"https:\/\/voce-lingua.de\/wp-content\/uploads\/2024\/12\/trenner-3-1-1024x93.png 1024w, https:\/\/voce-lingua.de\/wp-content\/uploads\/2024\/12\/trenner-3-1-300x27.png 300w, https:\/\/voce-lingua.de\/wp-content\/uploads\/2024\/12\/trenner-3-1-768x70.png 768w, https:\/\/voce-lingua.de\/wp-content\/uploads\/2024\/12\/trenner-3-1.png 1382w\" sizes=\"(max-width: 800px) 100vw, 800px\" \/>\t\t\t\t\t\t\t\t\t\t\t\t\t\t\t<\/div>\n\t\t\t\t<\/div>\n\t\t\t\t\t<\/div>\n\t\t\t\t<\/div>\n\t\t<div class=\"elementor-element elementor-element-b6c5209 e-flex e-con-boxed e-con e-parent\" data-id=\"b6c5209\" data-element_type=\"container\">\n\t\t\t\t\t<div class=\"e-con-inner\">\n\t\t\t\t<div class=\"elementor-element elementor-element-1d756e3 elementor-widget__width-initial elementor-widget elementor-widget-text-editor\" data-id=\"1d756e3\" data-element_type=\"widget\" data-widget_type=\"text-editor.default\">\n\t\t\t\t<div class=\"elementor-widget-container\">\n\t\t\t\t\t\t\t\t\t<p>\u0412\u0430\u0448\u0435 \u0433\u043e\u043b\u043e\u0441\u043e\u0432\u043e\u0435 \u0437\u0434\u043e\u0440\u043e\u0432\u044c\u0435 \u043e\u0447\u0435\u043d\u044c \u0432\u0430\u0436\u043d\u043e \u0434\u043b\u044f \u043d\u0430\u0441.<\/p><p>\u0412\u044b \u0434\u043e\u043b\u0436\u043d\u044b \u0447\u0443\u0432\u0441\u0442\u0432\u043e\u0432\u0430\u0442\u044c \u0441\u0435\u0431\u044f \u0441\u0432\u043e\u0431\u043e\u0434\u043d\u043e \u0432 \u043b\u0438\u0447\u043d\u043e\u0439 \u0438\u043b\u0438 \u043f\u0440\u043e\u0444\u0435\u0441\u0441\u0438\u043e\u043d\u0430\u043b\u044c\u043d\u043e\u0439 \u0436\u0438\u0437\u043d\u0438, \u043d\u0430\u043f\u0440\u0438\u043c\u0435\u0440, \u0447\u0438\u0442\u0430\u044f \u0432\u0441\u043b\u0443\u0445 \u0432 \u0448\u043a\u043e\u043b\u0435 \u0438\u043b\u0438 \u0432\u043e \u0432\u0440\u0435\u043c\u044f \u043f\u0440\u0435\u0437\u0435\u043d\u0442\u0430\u0446\u0438\u0438 \u043d\u0430 \u0440\u0430\u0431\u043e\u0442\u0435. \u042d\u0442\u043e \u043f\u043e\u0437\u0432\u043e\u043b\u0438\u0442 \u0432\u0430\u043c \u0432\u044b\u0440\u0430\u0436\u0430\u0442\u044c \u0441\u0435\u0431\u044f \u0438 \u043e\u0431\u0449\u0430\u0442\u044c\u0441\u044f \u0441 \u043e\u043a\u0440\u0443\u0436\u0430\u044e\u0449\u0438\u043c\u0438.<\/p>\t\t\t\t\t\t\t\t<\/div>\n\t\t\t\t<\/div>\n\t\t\t\t<div class=\"elementor-element elementor-element-061085a elementor-widget__width-initial elementor-widget elementor-widget-text-editor\" data-id=\"061085a\" data-element_type=\"widget\" data-widget_type=\"text-editor.default\">\n\t\t\t\t<div class=\"elementor-widget-container\">\n\t\t\t\t\t\t\t\t\t<p>\u041c\u044b \u0441\u0442\u0440\u0435\u043c\u0438\u043c\u0441\u044f \u043f\u043e\u0434\u0447\u0435\u0440\u043a\u043d\u0443\u0442\u044c, \u0447\u0442\u043e \u0433\u043e\u043b\u043e\u0441 - \u044d\u0442\u043e \u0441\u0440\u0435\u0434\u0441\u0442\u0432\u043e \u0441\u0430\u043c\u043e\u0432\u044b\u0440\u0430\u0436\u0435\u043d\u0438\u044f \u0438 \u0440\u0435\u0441\u0443\u0440\u0441 \u043b\u0438\u0447\u043d\u043e\u0441\u0442\u0438. \u041c\u044b \u0432\u044b\u0441\u0442\u0443\u043f\u0430\u0435\u043c \u0437\u0430 \u0435\u0433\u043e \u0440\u0430\u0437\u0432\u0438\u0442\u0438\u0435 \u0438 \u043f\u0440\u043e\u0444\u0438\u043b\u0430\u043a\u0442\u0438\u043a\u0443 \u0432\u043e\u043a\u0430\u043b\u044c\u043d\u043e\u0433\u043e \u0437\u0434\u043e\u0440\u043e\u0432\u044c\u044f. \u041f\u0440\u043e\u0444\u0438\u043b\u0430\u043a\u0442\u0438\u043a\u0430 \u0437\u0430\u0431\u043e\u043b\u0435\u0432\u0430\u043d\u0438\u0439 \u0433\u043e\u043b\u043e\u0441\u0430, \u043e\u0441\u043e\u0431\u0435\u043d\u043d\u043e \u0432 \u043f\u0440\u043e\u0444\u0435\u0441\u0441\u0438\u044f\u0445, \u0441\u0432\u044f\u0437\u0430\u043d\u043d\u044b\u0445 \u0441 \u0432\u043e\u043a\u0430\u043b\u044c\u043d\u044b\u043c\u0438 \u043d\u0430\u0433\u0440\u0443\u0437\u043a\u0430\u043c\u0438 (\u043d\u0430\u043f\u0440\u0438\u043c\u0435\u0440, \u0443 \u043f\u0435\u0434\u0430\u0433\u043e\u0433\u043e\u0432 ....), \u043e\u0447\u0435\u043d\u044c \u0432\u0430\u0436\u043d\u0430 \u0438, \u043a \u0441\u043e\u0436\u0430\u043b\u0435\u043d\u0438\u044e, \u0434\u043e \u0441\u0438\u0445 \u043f\u043e\u0440 \u043d\u0435\u0434\u043e\u0441\u0442\u0430\u0442\u043e\u0447\u043d\u043e \u0438\u0437\u0432\u0435\u0441\u0442\u043d\u0430.<\/p>\t\t\t\t\t\t\t\t<\/div>\n\t\t\t\t<\/div>\n\t\t\t\t<div class=\"elementor-element elementor-element-2ee568a elementor-widget elementor-widget-heading\" data-id=\"2ee568a\" data-element_type=\"widget\" data-widget_type=\"heading.default\">\n\t\t\t\t<div class=\"elementor-widget-container\">\n\t\t\t\t\t<h2 class=\"elementor-heading-title elementor-size-default\">\u041f\u0440\u0438\u043c\u0435\u0440\u044b \u043f\u0440\u043e\u0444\u0435\u0441\u0441\u0438\u0439, \u0441\u0432\u044f\u0437\u0430\u043d\u043d\u044b\u0445 \u0441 \u0432\u043e\u043a\u0430\u043b\u044c\u043d\u044b\u043c \u0441\u0442\u0440\u0435\u0441\u0441\u043e\u043c<\/h2>\t\t\t\t<\/div>\n\t\t\t\t<\/div>\n\t\t\t\t<div class=\"elementor-element elementor-element-006422a elementor-widget elementor-widget-image\" data-id=\"006422a\" data-element_type=\"widget\" data-widget_type=\"image.default\">\n\t\t\t\t<div class=\"elementor-widget-container\">\n\t\t\t\t\t\t\t\t\t\t\t\t\t\t\t<img decoding=\"async\" width=\"768\" height=\"64\" src=\"https:\/\/voce-lingua.de\/wp-content\/uploads\/2024\/12\/trenner-2-768x64.png\" class=\"attachment-medium_large size-medium_large wp-image-31\" alt=\"\" srcset=\"https:\/\/voce-lingua.de\/wp-content\/uploads\/2024\/12\/trenner-2-768x64.png 768w, https:\/\/voce-lingua.de\/wp-content\/uploads\/2024\/12\/trenner-2-300x25.png 300w, https:\/\/voce-lingua.de\/wp-content\/uploads\/2024\/12\/trenner-2-1024x85.png 1024w, https:\/\/voce-lingua.de\/wp-content\/uploads\/2024\/12\/trenner-2.png 1289w\" sizes=\"(max-width: 768px) 100vw, 768px\" \/>\t\t\t\t\t\t\t\t\t\t\t\t\t\t\t<\/div>\n\t\t\t\t<\/div>\n\t\t\t\t<div class=\"elementor-element elementor-element-56bbb1a elementor-widget__width-initial elementor-widget elementor-widget-text-editor\" data-id=\"56bbb1a\" data-element_type=\"widget\" data-widget_type=\"text-editor.default\">\n\t\t\t\t<div class=\"elementor-widget-container\">\n\t\t\t\t\t\t\t\t\t<ul><li>\u0423\u0447\u0438\u0442\u0435\u043b\u044f \u0438<\/li><li>\u0421\u0442\u0443\u0434\u0435\u043d\u0442\u044b-\u043f\u0440\u0435\u043f\u043e\u0434\u0430\u0432\u0430\u0442\u0435\u043b\u0438<\/li><li>\u041f\u0435\u0434\u0430\u0433\u043e\u0433\u0438<\/li><li>\u041e\u043f\u0435\u0440\u0430\u0442\u043e\u0440\u044b \u0442\u0435\u043b\u0435\u0444\u043e\u043d\u043d\u043e\u0439 \u0441\u0432\u044f\u0437\u0438<\/li><li>\u0421\u043e\u0442\u0440\u0443\u0434\u043d\u0438\u043a\u0438 \u043a\u043e\u043b\u043b-\u0446\u0435\u043d\u0442\u0440\u043e\u0432<\/li><li>\u0414\u0438\u043d\u0430\u043c\u0438\u043a\u0438<\/li><li>\u0410\u043a\u0442\u0435\u0440\u044b<\/li><li>\u041f\u0435\u0432\u0446\u044b<\/li><li>\u041c\u0435\u043d\u0435\u0434\u0436\u0435\u0440\u044b<\/li><li>\u041f\u0430\u0441\u0442\u043e\u0440\u044b<\/li><\/ul>\t\t\t\t\t\t\t\t<\/div>\n\t\t\t\t<\/div>\n\t\t\t\t<div class=\"elementor-element elementor-element-721f31e elementor-widget__width-initial elementor-widget elementor-widget-text-editor\" data-id=\"721f31e\" data-element_type=\"widget\" data-widget_type=\"text-editor.default\">\n\t\t\t\t<div class=\"elementor-widget-container\">\n\t\t\t\t\t\t\t\t\t<p>\u0412\u0430\u043c \u043f\u0440\u0438\u0445\u043e\u0434\u0438\u0442\u0441\u044f \u043c\u043d\u043e\u0433\u043e \u0433\u043e\u0432\u043e\u0440\u0438\u0442\u044c \u0432 \u043f\u043e\u0432\u0441\u0435\u0434\u043d\u0435\u0432\u043d\u043e\u0439 \u0440\u0430\u0431\u043e\u0442\u0435, \u0430 \u0432\u0435\u0447\u0435\u0440\u043e\u043c \u0432\u044b \"\u0442\u0435\u0440\u044f\u0435\u0442\u0435 \u0433\u043e\u043b\u043e\u0441\", \u0447\u0430\u0441\u0442\u043e \u043f\u0440\u043e\u0447\u0438\u0449\u0430\u0435\u0442\u0435 \u0433\u043e\u0440\u043b\u043e, \u0443 \u0432\u0430\u0441 \"\u043b\u044f\u0433\u0443\u0448\u043a\u0430 \u0432 \u0433\u043e\u0440\u043b\u0435\" \u0438\u043b\u0438 \u0432\u044b \u0447\u0430\u0441\u0442\u043e \u0445\u0440\u0438\u043f\u0438\u0442\u0435, \u0447\u0443\u0432\u0441\u0442\u0432\u0443\u0435\u0442\u0435 \u0441\u0435\u0431\u044f \u043d\u0435\u043f\u043e\u043d\u044f\u0442\u044b\u043c \u0438 \u043f\u0440\u043e\u0441\u0442\u043e \u0445\u043e\u0442\u0438\u0442\u0435, \u0447\u0442\u043e\u0431\u044b \u0443 \u0432\u0430\u0441 \u0431\u044b\u043b\u043e \u0431\u043e\u043b\u044c\u0448\u0435 \u0434\u044b\u0445\u0430\u043d\u0438\u044f...?<\/p><p>\u041c\u044b \u043f\u0440\u0435\u0434\u043b\u0430\u0433\u0430\u0435\u043c \u043f\u0440\u043e\u0444\u0435\u0441\u0441\u0438\u043e\u043d\u0430\u043b\u044c\u043d\u0443\u044e \u043f\u043e\u0441\u0442\u0430\u043d\u043e\u0432\u043a\u0443 \u0433\u043e\u043b\u043e\u0441\u0430 \u0434\u043b\u044f \u0432\u0441\u0435\u0445, \u043a\u0442\u043e \u0447\u0430\u0441\u0442\u043e \u0441\u0442\u0430\u043b\u043a\u0438\u0432\u0430\u0435\u0442\u0441\u044f \u0441 \u0432\u043e\u043a\u0430\u043b\u044c\u043d\u044b\u043c \u043d\u0430\u043f\u0440\u044f\u0436\u0435\u043d\u0438\u0435\u043c \u0432 \u043f\u0440\u043e\u0446\u0435\u0441\u0441\u0435 \u043e\u0431\u0443\u0447\u0435\u043d\u0438\u044f \u0438\u043b\u0438 \u043f\u0440\u0435\u0437\u0435\u043d\u0442\u0430\u0446\u0438\u0438, \u0433\u0440\u0443\u043f\u043f\u043e\u0432\u044b\u0445 \u0438\u043b\u0438 \u0442\u043e\u0440\u0433\u043e\u0432\u044b\u0445 \u043f\u0435\u0440\u0435\u0433\u043e\u0432\u043e\u0440\u043e\u0432 \u0438 \u0442.\u0434.<\/p>\t\t\t\t\t\t\t\t<\/div>\n\t\t\t\t<\/div>\n\t\t\t\t<div class=\"elementor-element elementor-element-cbd74f3 elementor-widget elementor-widget-image\" data-id=\"cbd74f3\" data-element_type=\"widget\" data-widget_type=\"image.default\">\n\t\t\t\t<div class=\"elementor-widget-container\">\n\t\t\t\t\t\t\t\t\t\t\t\t\t\t\t<img decoding=\"async\" width=\"768\" height=\"64\" src=\"https:\/\/voce-lingua.de\/wp-content\/uploads\/2024\/12\/trenner-2-768x64.png\" class=\"attachment-medium_large size-medium_large wp-image-31\" alt=\"\" srcset=\"https:\/\/voce-lingua.de\/wp-content\/uploads\/2024\/12\/trenner-2-768x64.png 768w, https:\/\/voce-lingua.de\/wp-content\/uploads\/2024\/12\/trenner-2-300x25.png 300w, https:\/\/voce-lingua.de\/wp-content\/uploads\/2024\/12\/trenner-2-1024x85.png 1024w, https:\/\/voce-lingua.de\/wp-content\/uploads\/2024\/12\/trenner-2.png 1289w\" sizes=\"(max-width: 768px) 100vw, 768px\" \/>\t\t\t\t\t\t\t\t\t\t\t\t\t\t\t<\/div>\n\t\t\t\t<\/div>\n\t\t\t\t<div class=\"elementor-element elementor-element-a1fcbc7 elementor-widget elementor-widget-heading\" data-id=\"a1fcbc7\" data-element_type=\"widget\" data-widget_type=\"heading.default\">\n\t\t\t\t<div class=\"elementor-widget-container\">\n\t\t\t\t\t<h2 class=\"elementor-heading-title elementor-size-default\">\u041e\u0441\u043d\u043e\u0432\u043d\u044b\u0435 \u043d\u0430\u043f\u0440\u0430\u0432\u043b\u0435\u043d\u0438\u044f \u043d\u0430\u0448\u0435\u0433\u043e \u043e\u0431\u0443\u0447\u0435\u043d\u0438\u044f<\/h2>\t\t\t\t<\/div>\n\t\t\t\t<\/div>\n\t\t\t\t<div class=\"elementor-element elementor-element-1173f3b elementor-widget elementor-widget-image\" data-id=\"1173f3b\" data-element_type=\"widget\" data-widget_type=\"image.default\">\n\t\t\t\t<div class=\"elementor-widget-container\">\n\t\t\t\t\t\t\t\t\t\t\t\t\t\t\t<img loading=\"lazy\" decoding=\"async\" width=\"768\" height=\"64\" src=\"https:\/\/voce-lingua.de\/wp-content\/uploads\/2024\/12\/trenner-2-upside-down-768x64.png\" class=\"attachment-medium_large size-medium_large wp-image-259\" alt=\"\" srcset=\"https:\/\/voce-lingua.de\/wp-content\/uploads\/2024\/12\/trenner-2-upside-down-768x64.png 768w, https:\/\/voce-lingua.de\/wp-content\/uploads\/2024\/12\/trenner-2-upside-down-300x25.png 300w, https:\/\/voce-lingua.de\/wp-content\/uploads\/2024\/12\/trenner-2-upside-down-1024x85.png 1024w, https:\/\/voce-lingua.de\/wp-content\/uploads\/2024\/12\/trenner-2-upside-down.png 1289w\" sizes=\"(max-width: 768px) 100vw, 768px\" \/>\t\t\t\t\t\t\t\t\t\t\t\t\t\t\t<\/div>\n\t\t\t\t<\/div>\n\t\t\t\t<div class=\"elementor-element elementor-element-5dee0a7 elementor-widget__width-initial elementor-widget elementor-widget-text-editor\" data-id=\"5dee0a7\" data-element_type=\"widget\" data-widget_type=\"text-editor.default\">\n\t\t\t\t<div class=\"elementor-widget-container\">\n\t\t\t\t\t\t\t\t\t<ul>\n \t\n \t<li>\u042d\u043a\u043e\u043d\u043e\u043c\u0438\u0447\u043d\u043e\u0435 \u0438\u0441\u043f\u043e\u043b\u044c\u0437\u043e\u0432\u0430\u043d\u0438\u0435 \u0433\u043e\u043b\u043e\u0441\u0430, \u0442.\u0435. \u043a\u0430\u043a \u044f \u043c\u043e\u0433\u0443 \u0433\u043e\u0432\u043e\u0440\u0438\u0442\u044c \u0432 \u0433\u0440\u0443\u043f\u043f\u0435 \u0438 \u0431\u044b\u0442\u044c \u043f\u043e\u043d\u044f\u0442\u044b\u043c, \u043d\u0435 \u043f\u043e\u0432\u044b\u0448\u0430\u044f \u0433\u043e\u043b\u043e\u0441\u0430, \u043d\u0435 \u043d\u0430\u043f\u0440\u044f\u0433\u0430\u044f\u0441\u044c.<\/li>\n \t<li>\u0420\u0435\u0433\u0435\u043d\u0435\u0440\u0430\u0446\u0438\u044f \u0434\u043b\u044f \u043c\u0435\u043d\u044f \u0438 \u043c\u043e\u0435\u0433\u043e \u0433\u043e\u043b\u043e\u0441\u0430: \u041a\u0430\u043a \u044f \u043c\u043e\u0433\u0443 \u0443\u043c\u0435\u043d\u044c\u0448\u0438\u0442\u044c \u043d\u0435\u043d\u0443\u0436\u043d\u044b\u0435 \u043d\u0430\u043f\u0440\u044f\u0436\u0435\u043d\u0438\u044f \u0438 \u0441\u043e\u0437\u0434\u0430\u0442\u044c \u0438 \u0438\u0441\u043f\u043e\u043b\u044c\u0437\u043e\u0432\u0430\u0442\u044c \u043d\u0435\u043e\u0431\u0445\u043e\u0434\u0438\u043c\u044b\u0435 \u043d\u0430\u043f\u0440\u044f\u0436\u0435\u043d\u0438\u044f, \u0442\u0435\u043c \u0441\u0430\u043c\u044b\u043c \u0434\u043e\u0441\u0442\u0438\u0433\u0430\u044f \u0431\u043e\u043b\u044c\u0448\u0435\u0439 \u043f\u0440\u043e\u0438\u0437\u0432\u043e\u0434\u0438\u0442\u0435\u043b\u044c\u043d\u043e\u0441\u0442\u0438 \u0438 \u043d\u0435\u0441\u0443\u0449\u0435\u0439 \u0441\u043f\u043e\u0441\u043e\u0431\u043d\u043e\u0441\u0442\u0438?<\/li>\n \t<li>\u0427\u0442\u043e \u0442\u0430\u043a\u043e\u0435 \u0443\u0445\u043e\u0434 \u0437\u0430 \u0433\u043e\u043b\u043e\u0441\u043e\u043c \u0438 \u043d\u0430\u0441\u043a\u043e\u043b\u044c\u043a\u043e \u043e\u043d \u0432\u0430\u0436\u0435\u043d?<\/li>\n \t<li>\u041c\u044b \u043f\u0440\u043e\u0440\u0430\u0431\u043e\u0442\u0430\u0435\u043c \u0441 \u0432\u0430\u043c\u0438 \u043e\u0441\u043d\u043e\u0432\u043d\u044b\u0435 \u0441\u0432\u044f\u0437\u0438 \u043c\u0435\u0436\u0434\u0443 \u0442\u0435\u043b\u043e\u043c, \u0434\u044b\u0445\u0430\u043d\u0438\u0435\u043c, \u0430\u0440\u0442\u0438\u043a\u0443\u043b\u044f\u0446\u0438\u0435\u0439 \u0438 \u0438\u0445 \u0432\u043b\u0438\u044f\u043d\u0438\u0435 \u043d\u0430 \u0432\u044b\u0440\u0430\u0437\u0438\u0442\u0435\u043b\u044c\u043d\u043e\u0441\u0442\u044c \u0432\u0430\u0448\u0435\u0433\u043e \u0433\u043e\u043b\u043e\u0441\u0430, \u0430 \u0442\u0430\u043a\u0436\u0435 \u043e\u0431\u0443\u0447\u0438\u043c \u043b\u0443\u0447\u0448\u0435\u043c\u0443 \u0432\u043e\u0441\u043f\u0440\u0438\u044f\u0442\u0438\u044e \u0441\u0435\u0431\u044f \u043d\u0430 \u0440\u0430\u0437\u043b\u0438\u0447\u043d\u044b\u0445 \u0443\u0440\u043e\u0432\u043d\u044f\u0445, \u0442\u0430\u043a\u0438\u0445 \u043a\u0430\u043a \u0444\u0438\u0437\u0438\u0447\u0435\u0441\u043a\u0438\u0439, \u044d\u043c\u043e\u0446\u0438\u043e\u043d\u0430\u043b\u044c\u043d\u044b\u0439 \u0438 \u0441\u0435\u043d\u0441\u043e\u0440\u043d\u044b\u0439... \u041a\u0430\u043a \u044f \u043c\u043e\u0433\u0443 \u043b\u0443\u0447\u0448\u0435 \u0447\u0443\u0432\u0441\u0442\u0432\u043e\u0432\u0430\u0442\u044c \u0441\u0432\u043e\u0438 \u043f\u043e\u0442\u0440\u0435\u0431\u043d\u043e\u0441\u0442\u0438 \u0438 \u0434\u0435\u043b\u0430\u0442\u044c \u0438\u0445 \u043f\u0440\u043e\u0437\u0440\u0430\u0447\u043d\u044b\u043c\u0438?<\/li>\n \t<li>\u0412\u043e\u0441\u043f\u0440\u0438\u044f\u0442\u0438\u0435 \u0434\u0440\u0443\u0433\u043e\u0433\u043e \u0447\u0435\u043b\u043e\u0432\u0435\u043a\u0430 (\u043b\u044e\u0434\u0435\u0439). \u041a\u0430\u043a\u0438\u0435 \u0441\u043e\u043e\u0431\u0449\u0435\u043d\u0438\u044f \u043f\u0435\u0440\u0435\u0434\u0430\u044e\u0442\u0441\u044f \u0437\u0432\u0443\u043a\u043e\u043c \u043c\u043e\u0435\u0433\u043e \u0433\u043e\u043b\u043e\u0441\u0430, \u043f\u043e\u0437\u043e\u0439, ... \u043a\u043e\u0442\u043e\u0440\u044b\u0435 \u044f \u043d\u0435 \u043e\u0441\u043e\u0437\u043d\u0430\u044e? \u0427\u0442\u043e \u043f\u043e\u043b\u0443\u0447\u0430\u0435\u0442 \u0441\u043b\u0443\u0448\u0430\u0442\u0435\u043b\u044c?<\/li><li><a href=\"\/ru\/%d0%b6%d0%b8%d1%82%d0%b8%d0%b5-%d0%ba%d0%b0%d1%80%d0%be%d0%bb%d0%b8%d0%bd%d1%8b-%d0%ba%d1%83%d0%bf%d0%bf%d0%b5%d1%80%d1%80%d0%be%d1%82\/\">\u0412\u043e\u0437\u043c\u043e\u0436\u043d\u043e\u0441\u0442\u044c \u0432\u0441\u0442\u0440\u0435\u0442\u0438\u0442\u044c\u0441\u044f \u0437\u0430 \u0441\u0442\u043e\u043b\u043e\u043c \u0434\u043b\u044f \u0433\u043e\u043b\u043e\u0441\u043e\u0432\u0430\u043d\u0438\u044f.<\/a><\/li>\n<\/ul>\t\t\t\t\t\t\t\t<\/div>\n\t\t\t\t<\/div>\n\t\t\t\t<div class=\"elementor-element elementor-element-3b25e97 elementor-widget elementor-widget-image\" data-id=\"3b25e97\" data-element_type=\"widget\" data-widget_type=\"image.default\">\n\t\t\t\t<div class=\"elementor-widget-container\">\n\t\t\t\t\t\t\t\t\t\t\t\t\t\t\t<img decoding=\"async\" width=\"768\" height=\"64\" src=\"https:\/\/voce-lingua.de\/wp-content\/uploads\/2024\/12\/trenner-2-768x64.png\" class=\"attachment-medium_large size-medium_large wp-image-31\" alt=\"\" srcset=\"https:\/\/voce-lingua.de\/wp-content\/uploads\/2024\/12\/trenner-2-768x64.png 768w, https:\/\/voce-lingua.de\/wp-content\/uploads\/2024\/12\/trenner-2-300x25.png 300w, https:\/\/voce-lingua.de\/wp-content\/uploads\/2024\/12\/trenner-2-1024x85.png 1024w, https:\/\/voce-lingua.de\/wp-content\/uploads\/2024\/12\/trenner-2.png 1289w\" sizes=\"(max-width: 768px) 100vw, 768px\" \/>\t\t\t\t\t\t\t\t\t\t\t\t\t\t\t<\/div>\n\t\t\t\t<\/div>\n\t\t\t\t<div class=\"elementor-element elementor-element-f726227 elementor-widget elementor-widget-heading\" data-id=\"f726227\" data-element_type=\"widget\" data-widget_type=\"heading.default\">\n\t\t\t\t<div class=\"elementor-widget-container\">\n\t\t\t\t\t<h2 class=\"elementor-heading-title elementor-size-default\">\u041a\u0430\u043a \u043c\u044b \u043c\u043e\u0436\u0435\u043c \u0432\u0430\u043c \u043f\u043e\u043c\u043e\u0447\u044c<\/h2>\t\t\t\t<\/div>\n\t\t\t\t<\/div>\n\t\t\t\t<div class=\"elementor-element elementor-element-2ec70b4 elementor-widget elementor-widget-image\" data-id=\"2ec70b4\" data-element_type=\"widget\" data-widget_type=\"image.default\">\n\t\t\t\t<div class=\"elementor-widget-container\">\n\t\t\t\t\t\t\t\t\t\t\t\t\t\t\t<img loading=\"lazy\" decoding=\"async\" width=\"768\" height=\"64\" src=\"https:\/\/voce-lingua.de\/wp-content\/uploads\/2024\/12\/trenner-2-upside-down-768x64.png\" class=\"attachment-medium_large size-medium_large wp-image-259\" alt=\"\" srcset=\"https:\/\/voce-lingua.de\/wp-content\/uploads\/2024\/12\/trenner-2-upside-down-768x64.png 768w, https:\/\/voce-lingua.de\/wp-content\/uploads\/2024\/12\/trenner-2-upside-down-300x25.png 300w, https:\/\/voce-lingua.de\/wp-content\/uploads\/2024\/12\/trenner-2-upside-down-1024x85.png 1024w, https:\/\/voce-lingua.de\/wp-content\/uploads\/2024\/12\/trenner-2-upside-down.png 1289w\" sizes=\"(max-width: 768px) 100vw, 768px\" \/>\t\t\t\t\t\t\t\t\t\t\t\t\t\t\t<\/div>\n\t\t\t\t<\/div>\n\t\t\t\t<div class=\"elementor-element elementor-element-032ae22 elementor-widget__width-initial elementor-widget elementor-widget-text-editor\" data-id=\"032ae22\" data-element_type=\"widget\" data-widget_type=\"text-editor.default\">\n\t\t\t\t<div class=\"elementor-widget-container\">\n\t\t\t\t\t\t\t\t\t<ul><li>\u0415\u0441\u043b\u0438 \u0443 \u0432\u0430\u0441 \u0435\u0441\u0442\u044c \u0433\u043e\u043b\u043e\u0441\u043e\u0432\u043e\u0435 \u0440\u0430\u0441\u0441\u0442\u0440\u043e\u0439\u0441\u0442\u0432\u043e, \u0432\u0430\u0448\u0430 \u043c\u0435\u0434\u0438\u0446\u0438\u043d\u0441\u043a\u0430\u044f \u0441\u0442\u0440\u0430\u0445\u043e\u0432\u043a\u0430 \u043f\u043e\u043a\u0440\u043e\u0435\u0442 \u0440\u0430\u0441\u0445\u043e\u0434\u044b (\u0432\u0437\u0440\u043e\u0441\u043b\u044b\u0435 \u043f\u043b\u0430\u0442\u044f\u0442 \u0443\u0441\u0442\u0430\u043d\u043e\u0432\u043b\u0435\u043d\u043d\u0443\u044e \u0437\u0430\u043a\u043e\u043d\u043e\u043c \u0434\u043e\u043f\u043b\u0430\u0442\u0443 \u0432 \u0440\u0430\u0437\u043c\u0435\u0440\u0435 10%)<\/li><li>\u041a\u0430\u043a \u0441\u0430\u043c\u043e\u0441\u0442\u043e\u044f\u0442\u0435\u043b\u044c\u043d\u044b\u0439 \u043f\u043b\u0430\u0442\u0435\u043b\u044c\u0449\u0438\u043a, \u0432\u044b \u0431\u0443\u0434\u0435\u0442\u0435 \u043d\u0435\u0441\u0442\u0438 \u0440\u0430\u0441\u0445\u043e\u0434\u044b, \u043e\u0441\u043d\u043e\u0432\u0430\u043d\u043d\u044b\u0435 \u043d\u0430 \u0443\u0441\u043b\u0443\u0433\u0430\u0445, \u043f\u0440\u0435\u0434\u043e\u0441\u0442\u0430\u0432\u043b\u044f\u0435\u043c\u044b\u0445 \u043a\u043e\u043c\u043f\u0430\u043d\u0438\u044f\u043c\u0438 \u043e\u0431\u044f\u0437\u0430\u0442\u0435\u043b\u044c\u043d\u043e\u0433\u043e \u043c\u0435\u0434\u0438\u0446\u0438\u043d\u0441\u043a\u043e\u0433\u043e \u0441\u0442\u0440\u0430\u0445\u043e\u0432\u0430\u043d\u0438\u044f<\/li><\/ul>\t\t\t\t\t\t\t\t<\/div>\n\t\t\t\t<\/div>\n\t\t\t\t<div class=\"elementor-element elementor-element-1dac1c2 elementor-widget__width-initial elementor-widget elementor-widget-text-editor\" data-id=\"1dac1c2\" data-element_type=\"widget\" data-widget_type=\"text-editor.default\">\n\t\t\t\t<div class=\"elementor-widget-container\">\n\t\t\t\t\t\t\t\t\t<p>\u041e\u0431\u0440\u0430\u0442\u0438\u0442\u0435 \u0432\u043d\u0438\u043c\u0430\u043d\u0438\u0435, \u0447\u0442\u043e \u0441\u043d\u0430\u0447\u0430\u043b\u0430 \u0432\u0430\u043c \u043d\u0435\u043e\u0431\u0445\u043e\u0434\u0438\u043c\u043e \u043f\u043e\u043b\u0443\u0447\u0438\u0442\u044c \u0440\u0435\u0446\u0435\u043f\u0442 \u043e\u0442 \u043a\u043e\u043c\u043f\u0435\u0442\u0435\u043d\u0442\u043d\u043e\u0433\u043e \u0432\u0440\u0430\u0447\u0430, \u0431\u043e\u043b\u0435\u0435 \u043f\u043e\u0434\u0440\u043e\u0431\u043d\u0443\u044e \u0438\u043d\u0444\u043e\u0440\u043c\u0430\u0446\u0438\u044e \u0432\u044b \u043d\u0430\u0439\u0434\u0435\u0442\u0435 \u0432 \u0440\u0430\u0437\u0434\u0435\u043b\u0435 \"\u0413\u043b\u0430\u0432\u043d\u0430\u044f\".<\/p>\t\t\t\t\t\t\t\t<\/div>\n\t\t\t\t<\/div>\n\t\t\t\t\t<\/div>\n\t\t\t\t<\/div>\n\t\t\t\t<\/div>","protected":false},"excerpt":{"rendered":"<p>&#8222;sich von seiner Stimme tragen lassen&#8220; Ihre stimmliche Gesundheit ist uns wichtig. Sie sollen sich in Ihrer privaten oder beruflichen Ausdrucksf\u00e4higkeit, zum Beispiel beim Vorlesen in der Schule oder w\u00e4hrend einer Pr\u00e4sentation auf der Arbeit frei f\u00fchlen. So k\u00f6nnen Sie sich entfalten und sich Ihrer Umgebung mitteilen. Uns liegt viel daran, auf die Stimme als [&hellip;]<\/p>","protected":false},"author":1,"featured_media":0,"parent":0,"menu_order":0,"comment_status":"closed","ping_status":"closed","template":"","meta":{"footnotes":""},"class_list":["post-75","page","type-page","status-publish","hentry"],"_links":{"self":[{"href":"https:\/\/voce-lingua.de\/ru\/wp-json\/wp\/v2\/pages\/75","targetHints":{"allow":["GET"]}}],"collection":[{"href":"https:\/\/voce-lingua.de\/ru\/wp-json\/wp\/v2\/pages"}],"about":[{"href":"https:\/\/voce-lingua.de\/ru\/wp-json\/wp\/v2\/types\/page"}],"author":[{"embeddable":true,"href":"https:\/\/voce-lingua.de\/ru\/wp-json\/wp\/v2\/users\/1"}],"replies":[{"embeddable":true,"href":"https:\/\/voce-lingua.de\/ru\/wp-json\/wp\/v2\/comments?post=75"}],"version-history":[{"count":88,"href":"https:\/\/voce-lingua.de\/ru\/wp-json\/wp\/v2\/pages\/75\/revisions"}],"predecessor-version":[{"id":1514,"href":"https:\/\/voce-lingua.de\/ru\/wp-json\/wp\/v2\/pages\/75\/revisions\/1514"}],"wp:attachment":[{"href":"https:\/\/voce-lingua.de\/ru\/wp-json\/wp\/v2\/media?parent=75"}],"curies":[{"name":"wp","href":"https:\/\/api.w.org\/{rel}","templated":true}]}}