{"id":67,"date":"2024-12-06T11:52:25","date_gmt":"2024-12-06T11:52:25","guid":{"rendered":"http:\/\/voce-lingua.local\/?page_id=67"},"modified":"2025-04-16T14:41:43","modified_gmt":"2025-04-16T14:41:43","slug":"%d1%80%d0%b0%d0%b7%d0%b2%d0%b8%d1%82%d0%b8%d0%b5-%d1%8f%d0%b7%d1%8b%d0%ba%d0%b0","status":"publish","type":"page","link":"https:\/\/voce-lingua.de\/ru\/%d1%80%d0%b0%d0%b7%d0%b2%d0%b8%d1%82%d0%b8%d0%b5-%d1%8f%d0%b7%d1%8b%d0%ba%d0%b0\/","title":{"rendered":"\u0420\u0430\u0437\u0432\u0438\u0442\u0438\u0435 \u044f\u0437\u044b\u043a\u0430"},"content":{"rendered":"<div data-elementor-type=\"wp-page\" data-elementor-id=\"67\" class=\"elementor elementor-67\">\n\t\t\t\t<div class=\"elementor-element elementor-element-4c2860e e-flex e-con-boxed e-con e-parent\" data-id=\"4c2860e\" data-element_type=\"container\">\n\t\t\t\t\t<div class=\"e-con-inner\">\n\t\t\t\t<div class=\"elementor-element elementor-element-4b0790c elementor-widget elementor-widget-image\" data-id=\"4b0790c\" data-element_type=\"widget\" data-widget_type=\"image.default\">\n\t\t\t\t<div class=\"elementor-widget-container\">\n\t\t\t\t\t\t\t\t\t\t\t\t\t\t\t<img decoding=\"async\" src=\"https:\/\/voce-lingua.de\/wp-content\/uploads\/elementor\/thumbs\/therapieraum-rotated-qyem4e5afc59pqspjntr4iesbmye5nxaognd89v404.jpg\" title=\"\u0442\u0435\u0440\u0430\u043f\u0435\u0432\u0442\u0438\u0447\u0435\u0441\u043a\u0438\u0439 \u043a\u0430\u0431\u0438\u043d\u0435\u0442\" alt=\"\u0442\u0435\u0440\u0430\u043f\u0435\u0432\u0442\u0438\u0447\u0435\u0441\u043a\u0438\u0439 \u043a\u0430\u0431\u0438\u043d\u0435\u0442\" loading=\"lazy\" \/>\t\t\t\t\t\t\t\t\t\t\t\t\t\t\t<\/div>\n\t\t\t\t<\/div>\n\t\t\t\t\t<\/div>\n\t\t\t\t<\/div>\n\t\t<div class=\"elementor-element elementor-element-d2a8705 e-flex e-con-boxed e-con e-parent\" data-id=\"d2a8705\" data-element_type=\"container\">\n\t\t\t\t\t<div class=\"e-con-inner\">\n\t\t\t\t<div class=\"elementor-element elementor-element-fd0f2be elementor-widget elementor-widget-heading\" data-id=\"fd0f2be\" data-element_type=\"widget\" data-widget_type=\"heading.default\">\n\t\t\t\t<div class=\"elementor-widget-container\">\n\t\t\t\t\t<h1 class=\"elementor-heading-title elementor-size-default\"> \u0420\u0430\u0437\u0432\u0438\u0442\u0438\u0435 \u044f\u0437\u044b\u043a\u0430<br>\u0438\u0433\u0440\u0438\u0432\u043e \u043f\u0440\u043e\u0434\u0432\u0438\u0433\u0430\u0442\u044c...<\/h1>\t\t\t\t<\/div>\n\t\t\t\t<\/div>\n\t\t\t\t\t<\/div>\n\t\t\t\t<\/div>\n\t\t<div class=\"elementor-element elementor-element-9c11e88 e-flex e-con-boxed e-con e-parent\" data-id=\"9c11e88\" data-element_type=\"container\">\n\t\t\t\t\t<div class=\"e-con-inner\">\n\t\t\t\t<div class=\"elementor-element elementor-element-d01885c elementor-widget elementor-widget-image\" data-id=\"d01885c\" data-element_type=\"widget\" data-widget_type=\"image.default\">\n\t\t\t\t<div class=\"elementor-widget-container\">\n\t\t\t\t\t\t\t\t\t\t\t\t\t\t\t<img fetchpriority=\"high\" decoding=\"async\" width=\"800\" height=\"73\" src=\"https:\/\/voce-lingua.de\/wp-content\/uploads\/2024\/12\/trenner-3-1-1024x93.png\" class=\"attachment-large size-large wp-image-133\" alt=\"\" srcset=\"https:\/\/voce-lingua.de\/wp-content\/uploads\/2024\/12\/trenner-3-1-1024x93.png 1024w, https:\/\/voce-lingua.de\/wp-content\/uploads\/2024\/12\/trenner-3-1-300x27.png 300w, https:\/\/voce-lingua.de\/wp-content\/uploads\/2024\/12\/trenner-3-1-768x70.png 768w, https:\/\/voce-lingua.de\/wp-content\/uploads\/2024\/12\/trenner-3-1.png 1382w\" sizes=\"(max-width: 800px) 100vw, 800px\" \/>\t\t\t\t\t\t\t\t\t\t\t\t\t\t\t<\/div>\n\t\t\t\t<\/div>\n\t\t\t\t\t<\/div>\n\t\t\t\t<\/div>\n\t\t<div class=\"elementor-element elementor-element-6173ea8 e-flex e-con-boxed e-con e-parent\" data-id=\"6173ea8\" data-element_type=\"container\">\n\t\t\t\t\t<div class=\"e-con-inner\">\n\t\t\t\t<div class=\"elementor-element elementor-element-d9f0046 elementor-widget__width-initial elementor-widget elementor-widget-text-editor\" data-id=\"d9f0046\" data-element_type=\"widget\" data-widget_type=\"text-editor.default\">\n\t\t\t\t<div class=\"elementor-widget-container\">\n\t\t\t\t\t\t\t\t\t<p>\u0421\u043e\u043e\u0442\u0432\u0435\u0442\u0441\u0442\u0432\u0443\u044e\u0449\u0435\u0435 \u0432\u043e\u0437\u0440\u0430\u0441\u0442\u0443 \u0440\u0430\u0437\u0432\u0438\u0442\u0438\u0435 \u0440\u0435\u0447\u0438 \u0441 \u0447\u0435\u0442\u043a\u0438\u043c \u043f\u0440\u043e\u0438\u0437\u043d\u043e\u0448\u0435\u043d\u0438\u0435\u043c \u0438 \u0443\u043c\u0435\u043d\u0438\u0435\u043c \u0432\u043d\u0438\u043c\u0430\u0442\u0435\u043b\u044c\u043d\u043e \u0438 \u043d\u0430\u0441\u0442\u043e\u0439\u0447\u0438\u0432\u043e \u0441\u043b\u0443\u0448\u0430\u0442\u044c - \u043d\u0435\u043e\u0431\u0445\u043e\u0434\u0438\u043c\u0430\u044f \u043e\u0441\u043d\u043e\u0432\u0430 \u0434\u043b\u044f \u0443\u0441\u043f\u0435\u0445\u0430 \u0432 \u0448\u043a\u043e\u043b\u0435, \u043e\u0441\u043e\u0431\u0435\u043d\u043d\u043e \u0432 \u043f\u0440\u043e\u0446\u0435\u0441\u0441\u0435 \u043e\u0431\u0443\u0447\u0435\u043d\u0438\u044f \u0447\u0442\u0435\u043d\u0438\u044e \u0438 \u043f\u0438\u0441\u044c\u043c\u0443:<\/p>\t\t\t\t\t\t\t\t<\/div>\n\t\t\t\t<\/div>\n\t\t\t\t\t<\/div>\n\t\t\t\t<\/div>\n\t\t<div class=\"elementor-element elementor-element-f06624a e-flex e-con-boxed e-con e-parent\" data-id=\"f06624a\" data-element_type=\"container\">\n\t\t\t\t\t<div class=\"e-con-inner\">\n\t\t\t\t<div class=\"elementor-element elementor-element-bcf7ef8 elementor-widget elementor-widget-image\" data-id=\"bcf7ef8\" data-element_type=\"widget\" data-widget_type=\"image.default\">\n\t\t\t\t<div class=\"elementor-widget-container\">\n\t\t\t\t\t\t\t\t\t\t\t\t\t\t\t<img decoding=\"async\" width=\"768\" height=\"64\" src=\"https:\/\/voce-lingua.de\/wp-content\/uploads\/2024\/12\/trenner-2-768x64.png\" class=\"attachment-medium_large size-medium_large wp-image-31\" alt=\"\" srcset=\"https:\/\/voce-lingua.de\/wp-content\/uploads\/2024\/12\/trenner-2-768x64.png 768w, https:\/\/voce-lingua.de\/wp-content\/uploads\/2024\/12\/trenner-2-300x25.png 300w, https:\/\/voce-lingua.de\/wp-content\/uploads\/2024\/12\/trenner-2-1024x85.png 1024w, https:\/\/voce-lingua.de\/wp-content\/uploads\/2024\/12\/trenner-2.png 1289w\" sizes=\"(max-width: 768px) 100vw, 768px\" \/>\t\t\t\t\t\t\t\t\t\t\t\t\t\t\t<\/div>\n\t\t\t\t<\/div>\n\t\t\t\t\t<\/div>\n\t\t\t\t<\/div>\n\t\t<div class=\"elementor-element elementor-element-d5611ef e-flex e-con-boxed e-con e-parent\" data-id=\"d5611ef\" data-element_type=\"container\">\n\t\t\t\t\t<div class=\"e-con-inner\">\n\t\t\t\t<div class=\"elementor-element elementor-element-3b616ec elementor-widget__width-initial elementor-widget elementor-widget-heading\" data-id=\"3b616ec\" data-element_type=\"widget\" data-widget_type=\"heading.default\">\n\t\t\t\t<div class=\"elementor-widget-container\">\n\t\t\t\t\t<h2 class=\"elementor-heading-title elementor-size-default\">\u0412\u044b \u0443\u0437\u043d\u0430\u0435\u0442\u0435 \u0441\u0438\u043c\u043f\u0442\u043e\u043c\u044b <br>\u043d\u0430\u043f\u0440\u0438\u043c\u0435\u0440, \u0434\u043b\u044f \u043b\u0435\u0447\u0435\u043d\u0438\u044f \u0440\u0435\u0447\u0435\u0432\u044b\u0445 \u0440\u0430\u0441\u0441\u0442\u0440\u043e\u0439\u0441\u0442\u0432:<\/h2>\t\t\t\t<\/div>\n\t\t\t\t<\/div>\n\t\t\t\t\t<\/div>\n\t\t\t\t<\/div>\n\t\t<div class=\"elementor-element elementor-element-1f34dde e-flex e-con-boxed e-con e-parent\" data-id=\"1f34dde\" data-element_type=\"container\">\n\t\t\t\t\t<div class=\"e-con-inner\">\n\t\t\t\t<div class=\"elementor-element elementor-element-6c64a92 elementor-widget elementor-widget-image\" data-id=\"6c64a92\" data-element_type=\"widget\" data-widget_type=\"image.default\">\n\t\t\t\t<div class=\"elementor-widget-container\">\n\t\t\t\t\t\t\t\t\t\t\t\t\t\t\t<img decoding=\"async\" width=\"768\" height=\"64\" src=\"https:\/\/voce-lingua.de\/wp-content\/uploads\/2024\/12\/trenner-2-upside-down-768x64.png\" class=\"attachment-medium_large size-medium_large wp-image-259\" alt=\"\" srcset=\"https:\/\/voce-lingua.de\/wp-content\/uploads\/2024\/12\/trenner-2-upside-down-768x64.png 768w, https:\/\/voce-lingua.de\/wp-content\/uploads\/2024\/12\/trenner-2-upside-down-300x25.png 300w, https:\/\/voce-lingua.de\/wp-content\/uploads\/2024\/12\/trenner-2-upside-down-1024x85.png 1024w, https:\/\/voce-lingua.de\/wp-content\/uploads\/2024\/12\/trenner-2-upside-down.png 1289w\" sizes=\"(max-width: 768px) 100vw, 768px\" \/>\t\t\t\t\t\t\t\t\t\t\t\t\t\t\t<\/div>\n\t\t\t\t<\/div>\n\t\t\t\t\t<\/div>\n\t\t\t\t<\/div>\n\t\t<div class=\"elementor-element elementor-element-6ba7367 e-con-full e-flex e-con e-parent\" data-id=\"6ba7367\" data-element_type=\"container\">\n\t\t\t\t<div class=\"elementor-element elementor-element-a6a1e60 elementor-widget__width-initial elementor-widget elementor-widget-text-editor\" data-id=\"a6a1e60\" data-element_type=\"widget\" data-widget_type=\"text-editor.default\">\n\t\t\t\t<div class=\"elementor-widget-container\">\n\t\t\t\t\t\t\t\t\t<ul><li>\u0412\u043e\u0437\u043c\u043e\u0436\u043d\u0430 \u043f\u0443\u0442\u0430\u043d\u0438\u0446\u0430 \u043c\u0435\u0436\u0434\u0443 \u0431\u0443\u043a\u0432\u0430\u043c\u0438 \u0438 \u043f\u043e\u0441\u043b\u0435\u0434\u043e\u0432\u0430\u0442\u0435\u043b\u044c\u043d\u043e\u0441\u0442\u044f\u043c\u0438 \u0431\u0443\u043a\u0432 \u0441 \u043f\u043e\u0445\u043e\u0436\u0438\u043c\u0438 \u0437\u0432\u0443\u043a\u0430\u043c\u0438, \u043d\u0430\u043f\u0440\u0438\u043c\u0435\u0440, \"Tanne\" \u0432\u043c\u0435\u0441\u0442\u043e \"Kanne\".<\/li><li>\u041e\u043f\u0443\u0449\u0435\u043d\u0438\u0435 \u0438 \u0437\u0430\u043c\u0435\u043d\u0430 \u0441\u043b\u043e\u0433\u043e\u0432 \u0438\u043b\u0438 \u0446\u0435\u043b\u044b\u0445 \u0441\u043b\u043e\u0432, \u043d\u0430\u043f\u0440\u0438\u043c\u0435\u0440, \"deh\u00f6rt\" \u0438\u043b\u0438 \"h\u00f6rt\" \u0432\u043c\u0435\u0441\u0442\u043e geh\u00f6rt.<\/li><li>\u0417\u0430\u043c\u0435\u0442\u043d\u0430\u044f \u0440\u0430\u0437\u043d\u0438\u0446\u0430 \u043c\u0435\u0436\u0434\u0443 \u0442\u0435\u043c, \u0447\u0442\u043e \u0440\u0435\u0431\u0435\u043d\u043e\u043a \u043f\u043e\u043d\u0438\u043c\u0430\u0435\u0442, \u0438 \u0435\u0433\u043e \u0441\u043f\u043e\u0441\u043e\u0431\u043d\u043e\u0441\u0442\u044c\u044e \u0432\u044b\u0440\u0430\u0436\u0430\u0442\u044c \u0441\u0432\u043e\u0438 \u043c\u044b\u0441\u043b\u0438.<\/li><li>\u0417\u0430\u043c\u0435\u0442\u043d\u0430\u044f \u0440\u0430\u0437\u043d\u0438\u0446\u0430 \u043c\u0435\u0436\u0434\u0443 \u0442\u0435\u043c, \u0447\u0442\u043e \u0440\u0435\u0431\u0435\u043d\u043e\u043a \u0433\u043e\u0432\u043e\u0440\u0438\u0442 \u0443\u0441\u0442\u043d\u043e \u0438 \u043c\u043e\u0436\u0435\u0442 \u0437\u0430\u043f\u0438\u0441\u0430\u0442\u044c: \u041e\u043f\u0443\u0449\u0435\u043d\u0438\u0435, \u0437\u0430\u043c\u0435\u043d\u0430 \u0431\u0443\u043a\u0432, \u043d\u0430\u043f\u0440\u0438\u043c\u0435\u0440, \"\u0437\u0435\u0440\u0433\" \u043d\u0430 \"\u0433\u043d\u043e\u043c\" \u0438\u043b\u0438 \"\u0442\u0435\u0444\u0435\u043b\u043e\u043d\" \u0432\u043c\u0435\u0441\u0442\u043e \"\u0442\u0435\u043b\u0435\u0444\u043e\u043d\".<\/li><li>\u041d\u0435\u043f\u0440\u0430\u0432\u0438\u043b\u044c\u043d\u043e\u0435 \u0440\u0430\u0441\u043f\u043e\u043b\u043e\u0436\u0435\u043d\u0438\u0435 \u0437\u0443\u0431\u043e\u0432, \u043d\u0430\u043f\u0440\u0438\u043c\u0435\u0440, \u0438\u0437-\u0437\u0430 \u043f\u0440\u0438\u0432\u044b\u0447\u043a\u0438 \u0441\u043e\u0441\u0430\u0442\u044c \u0438\u043b\u0438 \u043d\u0435\u043f\u0440\u0430\u0432\u0438\u043b\u044c\u043d\u043e\u0433\u043e \u0433\u043b\u043e\u0442\u0430\u043d\u0438\u044f.<\/li><\/ul>\t\t\t\t\t\t\t\t<\/div>\n\t\t\t\t<\/div>\n\t\t\t\t<\/div>\n\t\t<div class=\"elementor-element elementor-element-cbe3fc9 e-flex e-con-boxed e-con e-parent\" data-id=\"cbe3fc9\" data-element_type=\"container\">\n\t\t\t\t\t<div class=\"e-con-inner\">\n\t\t\t\t<div class=\"elementor-element elementor-element-bce47d9 elementor-widget elementor-widget-image\" data-id=\"bce47d9\" data-element_type=\"widget\" data-widget_type=\"image.default\">\n\t\t\t\t<div class=\"elementor-widget-container\">\n\t\t\t\t\t\t\t\t\t\t\t\t\t\t\t<img decoding=\"async\" width=\"768\" height=\"64\" src=\"https:\/\/voce-lingua.de\/wp-content\/uploads\/2024\/12\/trenner-2-upside-down-768x64.png\" class=\"attachment-medium_large size-medium_large wp-image-259\" alt=\"\" srcset=\"https:\/\/voce-lingua.de\/wp-content\/uploads\/2024\/12\/trenner-2-upside-down-768x64.png 768w, https:\/\/voce-lingua.de\/wp-content\/uploads\/2024\/12\/trenner-2-upside-down-300x25.png 300w, https:\/\/voce-lingua.de\/wp-content\/uploads\/2024\/12\/trenner-2-upside-down-1024x85.png 1024w, https:\/\/voce-lingua.de\/wp-content\/uploads\/2024\/12\/trenner-2-upside-down.png 1289w\" sizes=\"(max-width: 768px) 100vw, 768px\" \/>\t\t\t\t\t\t\t\t\t\t\t\t\t\t\t<\/div>\n\t\t\t\t<\/div>\n\t\t\t\t<div class=\"elementor-element elementor-element-10dc352 elementor-widget__width-initial elementor-widget elementor-widget-text-editor\" data-id=\"10dc352\" data-element_type=\"widget\" data-widget_type=\"text-editor.default\">\n\t\t\t\t<div class=\"elementor-widget-container\">\n\t\t\t\t\t\t\t\t\t<ul><li>\u041d\u0435\u0434\u043e\u0441\u0442\u0430\u0442\u043e\u0447\u043d\u044b\u0439 \u0441\u043b\u043e\u0432\u0430\u0440\u043d\u044b\u0439 \u0437\u0430\u043f\u0430\u0441<\/li><li>\u0421\u043b\u0438\u0448\u043a\u043e\u043c \u043f\u0440\u043e\u0441\u0442\u0430\u044f \u0441\u0442\u0440\u0443\u043a\u0442\u0443\u0440\u0430 \u043f\u0440\u0435\u0434\u043b\u043e\u0436\u0435\u043d\u0438\u0439, \u043a\u043e\u0440\u043e\u0442\u043a\u0438\u0435 \u0438\u043b\u0438 \u0438\u0441\u043a\u0430\u0436\u0435\u043d\u043d\u044b\u0435 \u043f\u0440\u0435\u0434\u043b\u043e\u0436\u0435\u043d\u0438\u044f, \u043d\u0430\u043f\u0440\u0438\u043c\u0435\u0440, \"der tut kommen\".<\/li><li>\u041f\u0440\u0435\u043a\u0440\u0430\u0449\u0435\u043d\u0438\u0435 \u0440\u0435\u0447\u0438 \u0438\u0437-\u0437\u0430 \u0441\u0442\u0440\u0430\u0445\u0430 \u0433\u043e\u0432\u043e\u0440\u0438\u0442\u044c.<\/li><li>\u0413\u0440\u0430\u043c\u043c\u0430\u0442\u0438\u0447\u0435\u0441\u043a\u0438 \u043d\u0435\u043f\u0440\u0430\u0432\u0438\u043b\u044c\u043d\u0430\u044f \u0440\u0435\u0447\u044c \u0438\u043b\u0438 \u043f\u0438\u0441\u044c\u043c\u043e, \u043d\u0430\u043f\u0440\u0438\u043c\u0435\u0440: \"\u0441\u043e\u0431\u0430\u043a\u0430 \u043f\u0438\u043b\u0430\".<\/li><li>\u0413\u0438\u043f\u0435\u0440\u0430\u043a\u0442\u0438\u0432\u043d\u043e\u0441\u0442\u044c \u0438\u043b\u0438 \u0430\u043d\u043e\u043c\u0430\u043b\u0438\u0438 \u0432 \u043e\u0431\u043b\u0430\u0441\u0442\u0438 \u0432\u043e\u0441\u043f\u0440\u0438\u044f\u0442\u0438\u044f \u043c\u043e\u0433\u0443\u0442 \u0441\u043e\u043f\u0440\u043e\u0432\u043e\u0436\u0434\u0430\u0442\u044c \u0440\u0435\u0447\u0435\u0432\u044b\u0435 \u0430\u043d\u043e\u043c\u0430\u043b\u0438\u0438.<\/li><li>\u0417\u0430\u0438\u043a\u0430\u043d\u0438\u0435, \u0437\u0430\u0441\u0442\u0440\u0435\u0432\u0430\u043d\u0438\u0435 \u043d\u0430 \u0437\u0432\u0443\u043a\u0430\u0445, \u0441\u043b\u043e\u0433\u0430\u0445 \u0438\u043b\u0438 \u0438\u0445 \u043f\u043e\u0432\u0442\u043e\u0440\u0435\u043d\u0438\u0438.<\/li><\/ul>\t\t\t\t\t\t\t\t<\/div>\n\t\t\t\t<\/div>\n\t\t\t\t\t<\/div>\n\t\t\t\t<\/div>\n\t\t\t\t<\/div>","protected":false},"excerpt":{"rendered":"<p>Die Sprachentwicklungspielerisch f\u00f6rdern&#8230; Die altersgerechte Sprachentwicklung mit deutlicher Ausprache und genauem, ausdauerndem Hin- und Zuh\u00f6ren k\u00f6nnen, ist eine wesentliche Grundlage f\u00fcr den Schulerfolg, besonders im Schreib- und Leselernprozess: Sie erkennen Symptome f\u00fcr Sprachauff\u00e4lligkeiten zum Beispiel an: Es k\u00f6nnen Verwechslungen klang\u00e4hnlicher Buchstaben und Buchstabenfolgen auftreten wie \u201eTanne\u201c statt Kanne. Auslassen und Vertauschen von Silben oder ganzen [&hellip;]<\/p>","protected":false},"author":1,"featured_media":0,"parent":0,"menu_order":0,"comment_status":"closed","ping_status":"closed","template":"","meta":{"footnotes":""},"class_list":["post-67","page","type-page","status-publish","hentry"],"_links":{"self":[{"href":"https:\/\/voce-lingua.de\/ru\/wp-json\/wp\/v2\/pages\/67","targetHints":{"allow":["GET"]}}],"collection":[{"href":"https:\/\/voce-lingua.de\/ru\/wp-json\/wp\/v2\/pages"}],"about":[{"href":"https:\/\/voce-lingua.de\/ru\/wp-json\/wp\/v2\/types\/page"}],"author":[{"embeddable":true,"href":"https:\/\/voce-lingua.de\/ru\/wp-json\/wp\/v2\/users\/1"}],"replies":[{"embeddable":true,"href":"https:\/\/voce-lingua.de\/ru\/wp-json\/wp\/v2\/comments?post=67"}],"version-history":[{"count":67,"href":"https:\/\/voce-lingua.de\/ru\/wp-json\/wp\/v2\/pages\/67\/revisions"}],"predecessor-version":[{"id":1413,"href":"https:\/\/voce-lingua.de\/ru\/wp-json\/wp\/v2\/pages\/67\/revisions\/1413"}],"wp:attachment":[{"href":"https:\/\/voce-lingua.de\/ru\/wp-json\/wp\/v2\/media?parent=67"}],"curies":[{"name":"wp","href":"https:\/\/api.w.org\/{rel}","templated":true}]}}