{"id":63,"date":"2024-12-06T11:51:13","date_gmt":"2024-12-06T11:51:13","guid":{"rendered":"http:\/\/voce-lingua.local\/?page_id=63"},"modified":"2025-10-28T21:42:36","modified_gmt":"2025-10-28T21:42:36","slug":"%d0%be-%d0%bd%d0%b0%d1%81","status":"publish","type":"page","link":"https:\/\/voce-lingua.de\/ru\/%d0%be-%d0%bd%d0%b0%d1%81\/","title":{"rendered":"\u041e \u043d\u0430\u0441"},"content":{"rendered":"<div data-elementor-type=\"wp-page\" data-elementor-id=\"63\" class=\"elementor elementor-63\">\n\t\t\t\t<div class=\"elementor-element elementor-element-003923e e-flex e-con-boxed e-con e-parent\" data-id=\"003923e\" data-element_type=\"container\">\n\t\t\t\t\t<div class=\"e-con-inner\">\n\t\t\t\t<div class=\"elementor-element elementor-element-e40afd5 elementor-widget elementor-widget-heading\" data-id=\"e40afd5\" data-element_type=\"widget\" data-widget_type=\"heading.default\">\n\t\t\t\t<div class=\"elementor-widget-container\">\n\t\t\t\t\t<h1 class=\"elementor-heading-title elementor-size-default\">\u0422\u0435\u043f\u043b\u043e\u0435 \u043f\u0440\u0438\u0432\u0435\u0442\u0441\u0442\u0432\u0438\u0435!<\/h1>\t\t\t\t<\/div>\n\t\t\t\t<\/div>\n\t\t\t\t<div class=\"elementor-element elementor-element-38df15b elementor-widget elementor-widget-image\" data-id=\"38df15b\" data-element_type=\"widget\" data-widget_type=\"image.default\">\n\t\t\t\t<div class=\"elementor-widget-container\">\n\t\t\t\t\t\t\t\t\t\t\t\t\t\t\t<img fetchpriority=\"high\" decoding=\"async\" width=\"800\" height=\"73\" src=\"https:\/\/voce-lingua.de\/wp-content\/uploads\/2024\/12\/trenner-3-1-1024x93.png\" class=\"attachment-large size-large wp-image-133\" alt=\"\" srcset=\"https:\/\/voce-lingua.de\/wp-content\/uploads\/2024\/12\/trenner-3-1-1024x93.png 1024w, https:\/\/voce-lingua.de\/wp-content\/uploads\/2024\/12\/trenner-3-1-300x27.png 300w, https:\/\/voce-lingua.de\/wp-content\/uploads\/2024\/12\/trenner-3-1-768x70.png 768w, https:\/\/voce-lingua.de\/wp-content\/uploads\/2024\/12\/trenner-3-1.png 1382w\" sizes=\"(max-width: 800px) 100vw, 800px\" \/>\t\t\t\t\t\t\t\t\t\t\t\t\t\t\t<\/div>\n\t\t\t\t<\/div>\n\t\t\t\t<div class=\"elementor-element elementor-element-7342d86 elementor-widget__width-initial elementor-widget elementor-widget-text-editor\" data-id=\"7342d86\" data-element_type=\"widget\" data-widget_type=\"text-editor.default\">\n\t\t\t\t<div class=\"elementor-widget-container\">\n\t\t\t\t\t\t\t\t\t<p><span style=\"white-space-collapse: preserve;\">\u0412\u0430\u0448\u0430 \u0440\u0435\u0447\u044c \u0432\u0430\u0436\u043d\u0430 \u0434\u043b\u044f \u043d\u0430\u0441. \u042d\u0442\u043e \u0434\u0435\u043b\u0430\u0435\u0442 \u043d\u0430\u0441 \u0432\u0430\u0448\u0438\u043c \u043a\u043e\u043d\u0442\u0430\u043a\u0442\u043d\u044b\u043c \u043b\u0438\u0446\u043e\u043c \u043f\u043e \u0432\u043e\u043f\u0440\u043e\u0441\u0430\u043c \u0433\u043e\u043b\u043e\u0441\u0430 \u0438 \u0440\u0435\u0447\u0438.<br \/>\u041c\u044b - \u0434\u0440\u0443\u0436\u0435\u043b\u044e\u0431\u043d\u0430\u044f \u043b\u043e\u0433\u043e\u043f\u0435\u0434\u0438\u0447\u0435\u0441\u043a\u0430\u044f \u043f\u0440\u0430\u043a\u0442\u0438\u043a\u0430 \u0441 \u0448\u0438\u0440\u043e\u043a\u0438\u043c \u0441\u043f\u0435\u043a\u0442\u0440\u043e\u043c \u043e\u0431\u0443\u0447\u0430\u044e\u0449\u0438\u0445 \u043f\u0440\u043e\u0433\u0440\u0430\u043c\u043c.\u00a0<\/span><\/p>\t\t\t\t\t\t\t\t<\/div>\n\t\t\t\t<\/div>\n\t\t\t\t<div class=\"elementor-element elementor-element-57bac9e elementor-widget elementor-widget-image\" data-id=\"57bac9e\" data-element_type=\"widget\" data-widget_type=\"image.default\">\n\t\t\t\t<div class=\"elementor-widget-container\">\n\t\t\t\t\t\t\t\t\t\t\t\t\t\t\t<img decoding=\"async\" width=\"768\" height=\"64\" src=\"https:\/\/voce-lingua.de\/wp-content\/uploads\/2024\/12\/trenner-2-768x64.png\" class=\"attachment-medium_large size-medium_large wp-image-31\" alt=\"\" srcset=\"https:\/\/voce-lingua.de\/wp-content\/uploads\/2024\/12\/trenner-2-768x64.png 768w, https:\/\/voce-lingua.de\/wp-content\/uploads\/2024\/12\/trenner-2-300x25.png 300w, https:\/\/voce-lingua.de\/wp-content\/uploads\/2024\/12\/trenner-2-1024x85.png 1024w, https:\/\/voce-lingua.de\/wp-content\/uploads\/2024\/12\/trenner-2.png 1289w\" sizes=\"(max-width: 768px) 100vw, 768px\" \/>\t\t\t\t\t\t\t\t\t\t\t\t\t\t\t<\/div>\n\t\t\t\t<\/div>\n\t\t\t\t<div class=\"elementor-element elementor-element-7b8f2a4 elementor-widget elementor-widget-heading\" data-id=\"7b8f2a4\" data-element_type=\"widget\" data-widget_type=\"heading.default\">\n\t\t\t\t<div class=\"elementor-widget-container\">\n\t\t\t\t\t<h2 class=\"elementor-heading-title elementor-size-default\">\u042d\u0442\u043e \u043c\u044b<\/h2>\t\t\t\t<\/div>\n\t\t\t\t<\/div>\n\t\t\t\t<div class=\"elementor-element elementor-element-a9fd7d4 elementor-widget elementor-widget-image\" data-id=\"a9fd7d4\" data-element_type=\"widget\" data-widget_type=\"image.default\">\n\t\t\t\t<div class=\"elementor-widget-container\">\n\t\t\t\t\t\t\t\t\t\t\t\t\t\t\t<img decoding=\"async\" width=\"768\" height=\"64\" src=\"https:\/\/voce-lingua.de\/wp-content\/uploads\/2024\/12\/trenner-2-upside-down-768x64.png\" class=\"attachment-medium_large size-medium_large wp-image-259\" alt=\"\" srcset=\"https:\/\/voce-lingua.de\/wp-content\/uploads\/2024\/12\/trenner-2-upside-down-768x64.png 768w, https:\/\/voce-lingua.de\/wp-content\/uploads\/2024\/12\/trenner-2-upside-down-300x25.png 300w, https:\/\/voce-lingua.de\/wp-content\/uploads\/2024\/12\/trenner-2-upside-down-1024x85.png 1024w, https:\/\/voce-lingua.de\/wp-content\/uploads\/2024\/12\/trenner-2-upside-down.png 1289w\" sizes=\"(max-width: 768px) 100vw, 768px\" \/>\t\t\t\t\t\t\t\t\t\t\t\t\t\t\t<\/div>\n\t\t\t\t<\/div>\n\t\t\t\t<div class=\"elementor-element elementor-element-da667b6 elementor-widget__width-initial elementor-widget elementor-widget-image\" data-id=\"da667b6\" data-element_type=\"widget\" data-widget_type=\"image.default\">\n\t\t\t\t<div class=\"elementor-widget-container\">\n\t\t\t\t\t\t\t\t\t\t\t\t\t\t\t\t<a href=\"https:\/\/voce-lingua.de\/ru\/%d0%b2%d0%b8%d1%82%d0%b0-%d0%ba%d0%b8%d1%80%d1%81%d1%82%d0%b5%d0%bd-%d0%bc%d1%8e%d0%bb%d0%bb%d0%b5%d1%80\/\" https=\"\">\n\t\t\t\t\t\t\t<img loading=\"lazy\" decoding=\"async\" width=\"300\" height=\"300\" src=\"https:\/\/voce-lingua.de\/wp-content\/uploads\/2024\/12\/Kirsten-Muller-geschminkt.jpg\" class=\"attachment-medium size-medium wp-image-191\" alt=\"\" srcset=\"https:\/\/voce-lingua.de\/wp-content\/uploads\/2024\/12\/Kirsten-Muller-geschminkt.jpg 300w, https:\/\/voce-lingua.de\/wp-content\/uploads\/2024\/12\/Kirsten-Muller-geschminkt-150x150.jpg 150w\" sizes=\"(max-width: 300px) 100vw, 300px\" \/>\t\t\t\t\t\t\t\t<\/a>\n\t\t\t\t\t\t\t\t\t\t\t\t\t\t\t<\/div>\n\t\t\t\t<\/div>\n\t\t\t\t<div class=\"elementor-element elementor-element-036ec68 elementor-widget elementor-widget-heading\" data-id=\"036ec68\" data-element_type=\"widget\" data-widget_type=\"heading.default\">\n\t\t\t\t<div class=\"elementor-widget-container\">\n\t\t\t\t\t<h3 class=\"elementor-heading-title elementor-size-default\">\u041a\u0438\u0440\u0441\u0442\u0435\u043d \u041c\u044e\u043b\u043b\u0435\u0440<br>\n\u0423\u043f\u0440\u0430\u0432\u043b\u0435\u043d\u0438\u0435 \u043f\u0440\u0430\u043a\u0442\u0438\u043a\u043e\u0439<\/h3>\t\t\t\t<\/div>\n\t\t\t\t<\/div>\n\t\t\t\t<div class=\"elementor-element elementor-element-3e45f66 elementor-widget__width-initial elementor-widget elementor-widget-text-editor\" data-id=\"3e45f66\" data-element_type=\"widget\" data-widget_type=\"text-editor.default\">\n\t\t\t\t<div class=\"elementor-widget-container\">\n\t\t\t\t\t\t\t\t\t<p><span style=\"white-space-collapse: preserve;\">\u0410\u043a\u0430\u0434\u0435\u043c\u0438\u0447\u0435\u0441\u043a\u0438\u0439 \u043b\u043e\u0433\u043e\u043f\u0435\u0434<\/span><\/p><p><span style=\"white-space-collapse: preserve;\">\u0410\u043b\u044c\u0442\u0435\u0440\u043d\u0430\u0442\u0438\u0432\u043d\u0430\u044f \u043f\u0440\u0430\u043a\u0442\u0438\u043a\u0430 (\u043b\u043e\u0433\u043e\u043f\u0435\u0434\u0438\u044f)<\/span><\/p><p><span style=\"white-space-collapse: preserve;\">\u0421\u0435\u0440\u0442\u0438\u0444\u0438\u0446\u0438\u0440\u043e\u0432\u0430\u043d\u043d\u044b\u0439 \u0433\u0435\u0448\u0442\u0430\u043b\u044c\u0442-\u0442\u0435\u0440\u0430\u043f\u0435\u0432\u0442 <\/span><\/p><p><span style=\"white-space-collapse: preserve;\">\u0422\u0435\u0440\u0430\u043f\u0435\u0432\u0442 \u043f\u043e \u043b\u0435\u0447\u0435\u043d\u0438\u044e \u0437\u0430\u0438\u043a\u0430\u043d\u0438\u044f<\/span><\/p>\t\t\t\t\t\t\t\t<\/div>\n\t\t\t\t<\/div>\n\t\t\t\t\t<\/div>\n\t\t\t\t<\/div>\n\t\t<div class=\"elementor-element elementor-element-e362675 e-grid e-con-boxed e-con e-parent\" data-id=\"e362675\" data-element_type=\"container\">\n\t\t\t\t\t<div class=\"e-con-inner\">\n\t\t<div class=\"elementor-element elementor-element-d7bb2eb e-con-full e-flex e-con e-child\" data-id=\"d7bb2eb\" data-element_type=\"container\">\n\t\t\t\t<div class=\"elementor-element elementor-element-22f884f elementor-widget__width-initial elementor-widget elementor-widget-image\" data-id=\"22f884f\" data-element_type=\"widget\" data-widget_type=\"image.default\">\n\t\t\t\t<div class=\"elementor-widget-container\">\n\t\t\t\t\t\t\t\t\t\t\t\t\t\t\t\t<a href=\"\/ru\/%d0%b6%d0%b8%d1%82%d0%b8%d0%b5-%d0%ba%d0%b0%d1%80%d0%be%d0%bb%d0%b8%d0%bd%d1%8b-%d0%ba%d1%83%d0%bf%d0%bf%d0%b5%d1%80%d1%80%d0%be%d1%82\/\" https=\"\">\n\t\t\t\t\t\t\t<img loading=\"lazy\" decoding=\"async\" width=\"300\" height=\"300\" src=\"https:\/\/voce-lingua.de\/wp-content\/uploads\/2025\/02\/Karoline-Kupperoth.jpg\" class=\"attachment-medium_large size-medium_large wp-image-1055\" alt=\"\" srcset=\"https:\/\/voce-lingua.de\/wp-content\/uploads\/2025\/02\/Karoline-Kupperoth.jpg 300w, https:\/\/voce-lingua.de\/wp-content\/uploads\/2025\/02\/Karoline-Kupperoth-150x150.jpg 150w\" sizes=\"(max-width: 300px) 100vw, 300px\" \/>\t\t\t\t\t\t\t\t<\/a>\n\t\t\t\t\t\t\t\t\t\t\t\t\t\t\t<\/div>\n\t\t\t\t<\/div>\n\t\t\t\t<div class=\"elementor-element elementor-element-5017a00 elementor-widget elementor-widget-heading\" data-id=\"5017a00\" data-element_type=\"widget\" data-widget_type=\"heading.default\">\n\t\t\t\t<div class=\"elementor-widget-container\">\n\t\t\t\t\t<h3 class=\"elementor-heading-title elementor-size-default\">\u041a\u0430\u0440\u043e\u043b\u0438\u043d\u0430 \u041a\u0443\u043f\u043f\u0435\u0440\u0440\u043e\u0442<\/h3>\t\t\t\t<\/div>\n\t\t\t\t<\/div>\n\t\t\t\t<div class=\"elementor-element elementor-element-0de6274 elementor-widget__width-initial elementor-widget elementor-widget-text-editor\" data-id=\"0de6274\" data-element_type=\"widget\" data-widget_type=\"text-editor.default\">\n\t\t\t\t<div class=\"elementor-widget-container\">\n\t\t\t\t\t\t\t\t\t<p style=\"text-align: center;\">\u0413\u043e\u0441\u0443\u0434\u0430\u0440\u0441\u0442\u0432\u0435\u043d\u043d\u044b\u0439 \u0441\u0435\u0440\u0442\u0438\u0444\u0438\u0446\u0438\u0440\u043e\u0432\u0430\u043d\u043d\u044b\u0439 \u043f\u0440\u0435\u043f\u043e\u0434\u0430\u0432\u0430\u0442\u0435\u043b\u044c \u0434\u044b\u0445\u0430\u043d\u0438\u044f, \u0440\u0435\u0447\u0438 \u0438 \u0433\u043e\u043b\u043e\u0441\u0430 \u041e\u0431\u0443\u0447\u0435\u043d\u0438\u0435 \u043f\u0430\u043d\u0442\u043e\u043c\u0438\u043c\u0435, \u0442\u0430\u043d\u0446\u0430\u043c \u0438 \u0430\u043a\u0442\u0435\u0440\u0441\u043a\u043e\u043c\u0443 \u043c\u0430\u0441\u0442\u0435\u0440\u0441\u0442\u0432\u0443 \u0421\u0435\u0440\u0442\u0438\u0444\u0438\u043a\u0430\u0442 \u043f\u043e \u043c\u0435\u0442\u043e\u0434\u0443 \u041b\u0438\u0445\u0442\u0435\u043d\u0431\u0435\u0440\u0433\u0430, \u0432\u0435\u0434\u0443\u0449\u0438\u0439 \u0441\u0435\u043c\u0438\u043d\u0430\u0440\u043e\u0432 \u043f\u043e \u0434\u044b\u0445\u0430\u043d\u0438\u044e \u0438 \u0433\u043e\u043b\u043e\u0441\u0443<\/p>\t\t\t\t\t\t\t\t<\/div>\n\t\t\t\t<\/div>\n\t\t\t\t<\/div>\n\t\t<div class=\"elementor-element elementor-element-8f8cbb2 e-con-full elementor-hidden-mobile e-flex e-con e-child\" data-id=\"8f8cbb2\" data-element_type=\"container\">\n\t\t\t\t<div class=\"elementor-element elementor-element-fee2735 elementor-widget__width-initial elementor-widget elementor-widget-image\" data-id=\"fee2735\" data-element_type=\"widget\" data-widget_type=\"image.default\">\n\t\t\t\t<div class=\"elementor-widget-container\">\n\t\t\t\t\t\t\t\t\t\t\t\t\t\t\t<img loading=\"lazy\" decoding=\"async\" width=\"300\" height=\"300\" src=\"https:\/\/voce-lingua.de\/wp-content\/uploads\/2025\/04\/BlumenKreis-300x300.jpg\" class=\"attachment-medium size-medium wp-image-1577\" alt=\"\" srcset=\"https:\/\/voce-lingua.de\/wp-content\/uploads\/2025\/04\/BlumenKreis-300x300.jpg 300w, https:\/\/voce-lingua.de\/wp-content\/uploads\/2025\/04\/BlumenKreis-150x150.jpg 150w, https:\/\/voce-lingua.de\/wp-content\/uploads\/2025\/04\/BlumenKreis-768x768.jpg 768w, https:\/\/voce-lingua.de\/wp-content\/uploads\/2025\/04\/BlumenKreis.jpg 800w\" sizes=\"(max-width: 300px) 100vw, 300px\" \/>\t\t\t\t\t\t\t\t\t\t\t\t\t\t\t<\/div>\n\t\t\t\t<\/div>\n\t\t\t\t<\/div>\n\t\t<div class=\"elementor-element elementor-element-eb85f4c e-con-full e-flex e-con e-child\" data-id=\"eb85f4c\" data-element_type=\"container\">\n\t\t\t\t<div class=\"elementor-element elementor-element-bd0ff74 elementor-widget__width-initial elementor-widget elementor-widget-image\" data-id=\"bd0ff74\" data-element_type=\"widget\" data-widget_type=\"image.default\">\n\t\t\t\t<div class=\"elementor-widget-container\">\n\t\t\t\t\t\t\t\t\t\t\t\t\t\t\t\t<a href=\"\/ru\/%d0%b6%d0%b8%d0%b7%d0%bd%d1%8c-%d0%bb%d0%b8%d0%b7%d1%8b-%d0%b2%d0%b0%d0%bd%d0%b3%d0%b5%d1%80\/\" https=\"\">\n\t\t\t\t\t\t\t<img loading=\"lazy\" decoding=\"async\" width=\"300\" height=\"300\" src=\"https:\/\/voce-lingua.de\/wp-content\/uploads\/2025\/04\/Lisa-Wagner.jpg\" class=\"attachment-medium_large size-medium_large wp-image-1567\" alt=\"\" srcset=\"https:\/\/voce-lingua.de\/wp-content\/uploads\/2025\/04\/Lisa-Wagner.jpg 300w, https:\/\/voce-lingua.de\/wp-content\/uploads\/2025\/04\/Lisa-Wagner-150x150.jpg 150w\" sizes=\"(max-width: 300px) 100vw, 300px\" \/>\t\t\t\t\t\t\t\t<\/a>\n\t\t\t\t\t\t\t\t\t\t\t\t\t\t\t<\/div>\n\t\t\t\t<\/div>\n\t\t\t\t<div class=\"elementor-element elementor-element-6f5031b elementor-widget elementor-widget-heading\" data-id=\"6f5031b\" data-element_type=\"widget\" data-widget_type=\"heading.default\">\n\t\t\t\t<div class=\"elementor-widget-container\">\n\t\t\t\t\t<h3 class=\"elementor-heading-title elementor-size-default\">\u041b\u0438\u0437\u0430 \u0412\u0430\u0433\u043d\u0435\u0440<\/h3>\t\t\t\t<\/div>\n\t\t\t\t<\/div>\n\t\t\t\t<div class=\"elementor-element elementor-element-521030f elementor-widget__width-initial elementor-widget elementor-widget-text-editor\" data-id=\"521030f\" data-element_type=\"widget\" data-widget_type=\"text-editor.default\">\n\t\t\t\t<div class=\"elementor-widget-container\">\n\t\t\t\t\t\t\t\t\t<p>\u041f\u0440\u0438\u0437\u043d\u0430\u043d\u043d\u044b\u0439 \u0433\u043e\u0441\u0443\u0434\u0430\u0440\u0441\u0442\u0432\u043e\u043c \u043b\u043e\u0433\u043e\u043f\u0435\u0434 \u0438 \u0442\u0440\u0435\u043d\u0435\u0440 \u043f\u043e \u043e\u0431\u0443\u0447\u0435\u043d\u0438\u044e \u043d. \u0412\u0430\u0440\u043d\u043a\u0435 \u0421\u043f\u0435\u0446\u0438\u0430\u043b\u0438\u0441\u0442 \u043f\u043e \u043c\u043d\u043e\u0433\u043e\u044f\u0437\u044b\u0447\u043d\u043e\u043c\u0443 \u0440\u0430\u0437\u0432\u0438\u0442\u0438\u044e \u0440\u0435\u0447\u0438 \u0438 \u0434\u0435\u0442\u0441\u043a\u043e\u043c\u0443 \u044f\u0437\u044b\u043a\u0443, \u043f\u043e \u0442\u0435\u0440\u0430\u043f\u0438\u0438 \u043c\u0438\u043e- \u0438 \u0433\u043b\u043e\u0442\u0430\u043d\u0438\u044f, \u0430 \u0442\u0430\u043a\u0436\u0435 \u043f\u043e \u043d\u0435\u0432\u0440\u043e\u043b\u043e\u0433\u0438\u0447\u0435\u0441\u043a\u0438\u043c \u0440\u0430\u0441\u0441\u0442\u0440\u043e\u0439\u0441\u0442\u0432\u0430\u043c, \u0412\u0430\u0440\u043d\u043a\u0435 \u0422\u0435\u0440\u0430\u043f\u0438\u044f<\/p>\t\t\t\t\t\t\t\t<\/div>\n\t\t\t\t<\/div>\n\t\t\t\t<\/div>\n\t\t\t\t\t<\/div>\n\t\t\t\t<\/div>\n\t\t<div class=\"elementor-element elementor-element-82f8999 e-grid e-con-boxed e-con e-parent\" data-id=\"82f8999\" data-element_type=\"container\">\n\t\t\t\t\t<div class=\"e-con-inner\">\n\t\t<div class=\"elementor-element elementor-element-289c866 e-con-full e-flex e-con e-child\" data-id=\"289c866\" data-element_type=\"container\">\n\t\t<div class=\"elementor-element elementor-element-152349f e-con-full e-flex e-con e-child\" data-id=\"152349f\" data-element_type=\"container\">\n\t\t\t\t<div class=\"elementor-element elementor-element-0e8eb17 elementor-widget elementor-widget-image\" data-id=\"0e8eb17\" data-element_type=\"widget\" data-widget_type=\"image.default\">\n\t\t\t\t<div class=\"elementor-widget-container\">\n\t\t\t\t\t\t\t\t\t\t\t\t\t\t\t<img loading=\"lazy\" decoding=\"async\" width=\"287\" height=\"300\" src=\"https:\/\/voce-lingua.de\/wp-content\/uploads\/2025\/02\/Heinke-Steffens-287x300.png\" class=\"attachment-medium size-medium wp-image-1054\" alt=\"\" srcset=\"https:\/\/voce-lingua.de\/wp-content\/uploads\/2025\/02\/Heinke-Steffens-287x300.png 287w, https:\/\/voce-lingua.de\/wp-content\/uploads\/2025\/02\/Heinke-Steffens-978x1024.png 978w, https:\/\/voce-lingua.de\/wp-content\/uploads\/2025\/02\/Heinke-Steffens-768x804.png 768w, https:\/\/voce-lingua.de\/wp-content\/uploads\/2025\/02\/Heinke-Steffens.png 1075w\" sizes=\"(max-width: 287px) 100vw, 287px\" \/>\t\t\t\t\t\t\t\t\t\t\t\t\t\t\t<\/div>\n\t\t\t\t<\/div>\n\t\t\t\t<div class=\"elementor-element elementor-element-8ea98c8 elementor-widget elementor-widget-heading\" data-id=\"8ea98c8\" data-element_type=\"widget\" data-widget_type=\"heading.default\">\n\t\t\t\t<div class=\"elementor-widget-container\">\n\t\t\t\t\t<h3 class=\"elementor-heading-title elementor-size-default\">\u0425\u0435\u0439\u043d\u043a\u0435 \u0428\u0442\u0435\u0444\u0444\u0435\u043d\u0441<\/h3>\t\t\t\t<\/div>\n\t\t\t\t<\/div>\n\t\t\t\t<div class=\"elementor-element elementor-element-4a3f822 elementor-widget__width-initial elementor-widget elementor-widget-text-editor\" data-id=\"4a3f822\" data-element_type=\"widget\" data-widget_type=\"text-editor.default\">\n\t\t\t\t<div class=\"elementor-widget-container\">\n\t\t\t\t\t\t\t\t\t<p>\u041f\u0440\u0435\u043f\u043e\u0434\u0430\u0432\u0430\u0442\u0435\u043b\u044c \u0434\u044b\u0445\u0430\u043d\u0438\u044f, \u0440\u0435\u0447\u0438 \u0438 \u0433\u043e\u043b\u043e\u0441\u0430, \u0442\u0440\u0435\u043d\u0435\u0440 \u043f\u043e ESPERE (\u044d\u043c\u043f\u0430\u0442\u0438\u0447\u0435\u0441\u043a\u043e\u0435 \u043e\u0431\u0449\u0435\u043d\u0438\u0435), \u0442\u0440\u0435\u043d\u0435\u0440 \u043f\u043e ERES (\u0440\u0430\u0437\u0440\u0435\u0448\u0435\u043d\u0438\u0435 \u044d\u043c\u043e\u0446\u0438\u043e\u043d\u0430\u043b\u044c\u043d\u043e\u0433\u043e \u0434\u0438\u0441\u043a\u043e\u043c\u0444\u043e\u0440\u0442\u0430)\u00a0\u00a0<\/p>\t\t\t\t\t\t\t\t<\/div>\n\t\t\t\t<\/div>\n\t\t\t\t<\/div>\n\t\t\t\t<\/div>\n\t\t\t\t\t<\/div>\n\t\t\t\t<\/div>\n\t\t\t\t<\/div>","protected":false},"excerpt":{"rendered":"<p>Herzlich Willkommen! Ihr Sprechen liegt uns am Herzen. Das macht uns zu Ihren Ansprechpartnerinnen f\u00fcr Stimme und Sprache.Wir sind eine freundliche Praxis f\u00fcr Sprachtherapie mit vielf\u00e4ltigen Ausbildungen.\u00a0 Das sind wir Kirsten M\u00fcller Praxisleitung \u2028Akademische Sprachtherapeutin \u2028Heilpraktikerin (Sprachtherapie) \u2028zertifizierte Gestalttherapeutin Stotterertherapeutin Karoline Kupperroth staatl. gepr\u00fcfte Atem-\u00a0 Sprech- und Stimmlehrerin Pantomime-, Tanz- und Schauspielausbildung Zertifikat f\u00fcr die [&hellip;]<\/p>","protected":false},"author":1,"featured_media":0,"parent":0,"menu_order":0,"comment_status":"closed","ping_status":"closed","template":"","meta":{"footnotes":""},"class_list":["post-63","page","type-page","status-publish","hentry"],"_links":{"self":[{"href":"https:\/\/voce-lingua.de\/ru\/wp-json\/wp\/v2\/pages\/63","targetHints":{"allow":["GET"]}}],"collection":[{"href":"https:\/\/voce-lingua.de\/ru\/wp-json\/wp\/v2\/pages"}],"about":[{"href":"https:\/\/voce-lingua.de\/ru\/wp-json\/wp\/v2\/types\/page"}],"author":[{"embeddable":true,"href":"https:\/\/voce-lingua.de\/ru\/wp-json\/wp\/v2\/users\/1"}],"replies":[{"embeddable":true,"href":"https:\/\/voce-lingua.de\/ru\/wp-json\/wp\/v2\/comments?post=63"}],"version-history":[{"count":193,"href":"https:\/\/voce-lingua.de\/ru\/wp-json\/wp\/v2\/pages\/63\/revisions"}],"predecessor-version":[{"id":1815,"href":"https:\/\/voce-lingua.de\/ru\/wp-json\/wp\/v2\/pages\/63\/revisions\/1815"}],"wp:attachment":[{"href":"https:\/\/voce-lingua.de\/ru\/wp-json\/wp\/v2\/media?parent=63"}],"curies":[{"name":"wp","href":"https:\/\/api.w.org\/{rel}","templated":true}]}}