{"id":57,"date":"2024-12-06T11:29:08","date_gmt":"2024-12-06T11:29:08","guid":{"rendered":"http:\/\/voce-lingua.local\/?page_id=57"},"modified":"2025-05-27T13:40:32","modified_gmt":"2025-05-27T13:40:32","slug":"%d0%b7%d0%b4%d0%be%d1%80%d0%be%d0%b2%d1%8c%d0%b5-%d0%b2%d0%be%d0%ba%d0%b0%d0%bb%d0%b0","status":"publish","type":"page","link":"https:\/\/voce-lingua.de\/ru\/%d0%b7%d0%b4%d0%be%d1%80%d0%be%d0%b2%d1%8c%d0%b5-%d0%b2%d0%be%d0%ba%d0%b0%d0%bb%d0%b0\/","title":{"rendered":"\u0417\u0434\u043e\u0440\u043e\u0432\u044c\u0435 \u0433\u043e\u043b\u043e\u0441\u0430"},"content":{"rendered":"<div data-elementor-type=\"wp-page\" data-elementor-id=\"57\" class=\"elementor elementor-57\">\n\t\t\t\t<div class=\"elementor-element elementor-element-cc2f87e e-flex e-con-boxed e-con e-parent\" data-id=\"cc2f87e\" data-element_type=\"container\">\n\t\t\t\t\t<div class=\"e-con-inner\">\n\t\t\t\t<div class=\"elementor-element elementor-element-dbaf8ea elementor-widget elementor-widget-heading\" data-id=\"dbaf8ea\" data-element_type=\"widget\" data-widget_type=\"heading.default\">\n\t\t\t\t<div class=\"elementor-widget-container\">\n\t\t\t\t\t<h2 class=\"elementor-heading-title elementor-size-default\">\u0417\u0434\u043e\u0440\u043e\u0432\u044c\u0435 \u0433\u043e\u043b\u043e\u0441\u0430<\/h2>\t\t\t\t<\/div>\n\t\t\t\t<\/div>\n\t\t\t\t\t<\/div>\n\t\t\t\t<\/div>\n\t\t<div class=\"elementor-element elementor-element-facd2ed e-flex e-con-boxed e-con e-parent\" data-id=\"facd2ed\" data-element_type=\"container\">\n\t\t\t\t\t<div class=\"e-con-inner\">\n\t\t\t\t<div class=\"elementor-element elementor-element-edecf19 elementor-widget elementor-widget-image\" data-id=\"edecf19\" data-element_type=\"widget\" data-widget_type=\"image.default\">\n\t\t\t\t<div class=\"elementor-widget-container\">\n\t\t\t\t\t\t\t\t\t\t\t\t\t\t\t<img fetchpriority=\"high\" decoding=\"async\" width=\"800\" height=\"73\" src=\"https:\/\/voce-lingua.de\/wp-content\/uploads\/2024\/12\/trenner-3-1-1024x93.png\" class=\"attachment-large size-large wp-image-133\" alt=\"\" srcset=\"https:\/\/voce-lingua.de\/wp-content\/uploads\/2024\/12\/trenner-3-1-1024x93.png 1024w, https:\/\/voce-lingua.de\/wp-content\/uploads\/2024\/12\/trenner-3-1-300x27.png 300w, https:\/\/voce-lingua.de\/wp-content\/uploads\/2024\/12\/trenner-3-1-768x70.png 768w, https:\/\/voce-lingua.de\/wp-content\/uploads\/2024\/12\/trenner-3-1.png 1382w\" sizes=\"(max-width: 800px) 100vw, 800px\" \/>\t\t\t\t\t\t\t\t\t\t\t\t\t\t\t<\/div>\n\t\t\t\t<\/div>\n\t\t\t\t<div class=\"elementor-element elementor-element-9d7c329 elementor-widget elementor-widget-text-editor\" data-id=\"9d7c329\" data-element_type=\"widget\" data-widget_type=\"text-editor.default\">\n\t\t\t\t<div class=\"elementor-widget-container\">\n\t\t\t\t\t\t\t\t\t<p style=\"text-align: center;\">\u0423\u043a\u0440\u0435\u043f\u043b\u0435\u043d\u0438\u0435 \u0432\u043e\u043a\u0430\u043b\u044c\u043d\u043e\u0433\u043e \u0437\u0434\u043e\u0440\u043e\u0432\u044c\u044f \u0443 \u0432\u0437\u0440\u043e\u0441\u043b\u044b\u0445:<\/p>\t\t\t\t\t\t\t\t<\/div>\n\t\t\t\t<\/div>\n\t\t\t\t<div class=\"elementor-element elementor-element-a0352fb elementor-widget__width-initial elementor-widget elementor-widget-text-editor\" data-id=\"a0352fb\" data-element_type=\"widget\" data-widget_type=\"text-editor.default\">\n\t\t\t\t<div class=\"elementor-widget-container\">\n\t\t\t\t\t\t\t\t\t<ul><li>\u0412\u0430\u0448\u0430 \u043a\u043e\u043c\u043c\u0443\u043d\u0438\u043a\u0430\u0442\u0438\u0432\u043d\u0430\u044f \u043a\u043e\u043c\u043f\u0435\u0442\u0435\u043d\u0442\u043d\u043e\u0441\u0442\u044c<\/li><li>\u0412\u0430\u0448\u0430 \u0441\u043f\u043e\u0441\u043e\u0431\u043d\u043e\u0441\u0442\u044c \u0432\u044b\u0440\u0430\u0436\u0430\u0442\u044c \u0441\u0432\u043e\u0438 \u043c\u044b\u0441\u043b\u0438 \u043f\u0440\u043e\u0444\u0435\u0441\u0441\u0438\u043e\u043d\u0430\u043b\u044c\u043d\u043e \u0438 \u0432 \u0447\u0430\u0441\u0442\u043d\u043e\u043c \u043f\u043e\u0440\u044f\u0434\u043a\u0435, \u043d\u0430\u043f\u0440\u0438\u043c\u0435\u0440, \u043a\u043e\u0433\u0434\u0430 \u0432\u044b \u0433\u043e\u0432\u043e\u0440\u0438\u0442\u0435, \u0447\u0438\u0442\u0430\u0435\u0442\u0435 \u0432\u0441\u043b\u0443\u0445, \u043f\u043e\u0435\u0442\u0435, \u043f\u0440\u043e\u0432\u043e\u0434\u0438\u0442\u0435 \u043f\u0440\u0435\u0437\u0435\u043d\u0442\u0430\u0446\u0438\u0438 \u0438 \u0442.\u0434.<\/li><li>\u0443\u0432\u0435\u0440\u0435\u043d\u043d\u043e\u0441\u0442\u044c \u0432 \u0441\u0435\u0431\u0435<\/li><\/ul>\t\t\t\t\t\t\t\t<\/div>\n\t\t\t\t<\/div>\n\t\t\t\t<div class=\"elementor-element elementor-element-01f4178 elementor-widget__width-initial elementor-widget elementor-widget-text-editor\" data-id=\"01f4178\" data-element_type=\"widget\" data-widget_type=\"text-editor.default\">\n\t\t\t\t<div class=\"elementor-widget-container\">\n\t\t\t\t\t\t\t\t\t<p>\u0438 \u043d\u0435\u0437\u0430\u043c\u0435\u043d\u0438\u043c \u0432 \u043e\u0440\u0430\u0442\u043e\u0440\u0441\u043a\u043e\u043c \u0438\u0441\u043a\u0443\u0441\u0441\u0442\u0432\u0435, \u0432 \u043a\u0430\u0447\u0435\u0441\u0442\u0432\u0435 \u043f\u0435\u0432\u0446\u0430 \u0438\u043b\u0438 \u043f\u0440\u043e\u0441\u0442\u043e \u043a\u043e\u0433\u0434\u0430 \u0432\u044b \u0445\u043e\u0442\u0438\u0442\u0435, \u0447\u0442\u043e\u0431\u044b \u0432\u0430\u0448 \u0433\u043e\u043b\u043e\u0441 \u0431\u044b\u043b \u0443\u0441\u043b\u044b\u0448\u0430\u043d.<\/p>\t\t\t\t\t\t\t\t<\/div>\n\t\t\t\t<\/div>\n\t\t\t\t<div class=\"elementor-element elementor-element-86290e4 elementor-widget elementor-widget-image\" data-id=\"86290e4\" data-element_type=\"widget\" data-widget_type=\"image.default\">\n\t\t\t\t<div class=\"elementor-widget-container\">\n\t\t\t\t\t\t\t\t\t\t\t\t\t\t\t<img decoding=\"async\" width=\"768\" height=\"64\" src=\"https:\/\/voce-lingua.de\/wp-content\/uploads\/2024\/12\/trenner-2-768x64.png\" class=\"attachment-medium_large size-medium_large wp-image-31\" alt=\"\" srcset=\"https:\/\/voce-lingua.de\/wp-content\/uploads\/2024\/12\/trenner-2-768x64.png 768w, https:\/\/voce-lingua.de\/wp-content\/uploads\/2024\/12\/trenner-2-300x25.png 300w, https:\/\/voce-lingua.de\/wp-content\/uploads\/2024\/12\/trenner-2-1024x85.png 1024w, https:\/\/voce-lingua.de\/wp-content\/uploads\/2024\/12\/trenner-2.png 1289w\" sizes=\"(max-width: 768px) 100vw, 768px\" \/>\t\t\t\t\t\t\t\t\t\t\t\t\t\t\t<\/div>\n\t\t\t\t<\/div>\n\t\t\t\t<div class=\"elementor-element elementor-element-972c170 elementor-widget elementor-widget-heading\" data-id=\"972c170\" data-element_type=\"widget\" data-widget_type=\"heading.default\">\n\t\t\t\t<div class=\"elementor-widget-container\">\n\t\t\t\t\t<h2 class=\"elementor-heading-title elementor-size-default\">\u0412\u044b \u0443\u0437\u043d\u0430\u0435\u0442\u0435 \u0441\u0438\u043c\u043f\u0442\u043e\u043c\u044b<br>\u043d\u0430\u043f\u0440\u0438\u043c\u0435\u0440:<\/h2>\t\t\t\t<\/div>\n\t\t\t\t<\/div>\n\t\t\t\t<div class=\"elementor-element elementor-element-4328c57 elementor-widget elementor-widget-image\" data-id=\"4328c57\" data-element_type=\"widget\" data-widget_type=\"image.default\">\n\t\t\t\t<div class=\"elementor-widget-container\">\n\t\t\t\t\t\t\t\t\t\t\t\t\t\t\t<img decoding=\"async\" width=\"768\" height=\"64\" src=\"https:\/\/voce-lingua.de\/wp-content\/uploads\/2024\/12\/trenner-2-upside-down-768x64.png\" class=\"attachment-medium_large size-medium_large wp-image-259\" alt=\"\" srcset=\"https:\/\/voce-lingua.de\/wp-content\/uploads\/2024\/12\/trenner-2-upside-down-768x64.png 768w, https:\/\/voce-lingua.de\/wp-content\/uploads\/2024\/12\/trenner-2-upside-down-300x25.png 300w, https:\/\/voce-lingua.de\/wp-content\/uploads\/2024\/12\/trenner-2-upside-down-1024x85.png 1024w, https:\/\/voce-lingua.de\/wp-content\/uploads\/2024\/12\/trenner-2-upside-down.png 1289w\" sizes=\"(max-width: 768px) 100vw, 768px\" \/>\t\t\t\t\t\t\t\t\t\t\t\t\t\t\t<\/div>\n\t\t\t\t<\/div>\n\t\t\t\t<div class=\"elementor-element elementor-element-d409b59 elementor-widget__width-initial elementor-widget elementor-widget-text-editor\" data-id=\"d409b59\" data-element_type=\"widget\" data-widget_type=\"text-editor.default\">\n\t\t\t\t<div class=\"elementor-widget-container\">\n\t\t\t\t\t\t\t\t\t<ul><li>\u0441\u0442\u0430\u043d\u043e\u0432\u0438\u0442\u0441\u044f \u0431\u0435\u0437\u0433\u043e\u043b\u043e\u0441\u044b\u043c \u043f\u0440\u0438 \u0447\u0430\u0441\u0442\u043e\u043c \u0440\u0430\u0437\u0433\u043e\u0432\u043e\u0440\u0435<\/li><li>\u0412\u044b \u043c\u043e\u0436\u0435\u0442\u0435 \u0438\u0441\u043f\u044b\u0442\u044b\u0432\u0430\u0442\u044c \u0442\u0440\u0443\u0434\u043d\u043e\u0441\u0442\u0438 \u0441 \u043e\u0447\u0438\u0449\u0435\u043d\u0438\u0435\u043c \u0433\u043e\u0440\u043b\u0430, \u0447\u0443\u0432\u0441\u0442\u0432\u043e \u0434\u0430\u0432\u043b\u0435\u043d\u0438\u044f, \u043d\u0430\u043f\u0440\u044f\u0436\u0435\u043d\u043d\u0443\u044e \u0440\u0435\u0447\u044c \u0438\u043b\u0438 \u0431\u044b\u0441\u0442\u0440\u0443\u044e \u0443\u0441\u0442\u0430\u043b\u043e\u0441\u0442\u044c \u0433\u043e\u043b\u043e\u0441\u0430<\/li><li>\u0433\u043e\u043b\u043e\u0441 \u0437\u0432\u0443\u0447\u0438\u0442 \u0433\u0440\u0443\u0431\u043e \u0438\u043b\u0438 \u0441 \u043f\u0440\u0438\u0434\u044b\u0445\u0430\u043d\u0438\u0435\u043c \u0438 \u044f\u0432\u043b\u044f\u0435\u0442\u0441\u044f \u043c\u043e\u043d\u043e\u0442\u043e\u043d\u043d\u044b\u043c<\/li><li>\u0412\u044b \u0447\u0443\u0432\u0441\u0442\u0432\u0443\u0435\u0442\u0435 \u043e\u0449\u0443\u0449\u0435\u043d\u0438\u0435 \u0438\u043d\u043e\u0440\u043e\u0434\u043d\u043e\u0433\u043e \u0442\u0435\u043b\u0430 \u0432 \u043e\u0431\u043b\u0430\u0441\u0442\u0438 \u0433\u043e\u0440\u043b\u0430 \u0438\u043b\u0438 \u043f\u0435\u0440\u0448\u0435\u043d\u0438\u0435 \u0432 \u0433\u043e\u0440\u043b\u0435<\/li><li>\u0412\u044b \u0447\u0443\u0432\u0441\u0442\u0432\u0443\u0435\u0442\u0435 \u043e\u0433\u0440\u0430\u043d\u0438\u0447\u0435\u043d\u0438\u0435 \u043f\u043e\u0434\u0432\u0438\u0436\u043d\u043e\u0441\u0442\u0438 \u0442\u0435\u043b\u0430 \u0438 \u043d\u0430\u043f\u0440\u044f\u0436\u0435\u043d\u0438\u0435 \u0432 \u043e\u0431\u043b\u0430\u0441\u0442\u0438 \u0447\u0435\u043b\u044e\u0441\u0442\u0438, \u0448\u0435\u0438 \u0438 \u043f\u043b\u0435\u0447<\/li><li>\u041e\u0434\u044b\u0448\u043a\u0430<\/li><\/ul>\t\t\t\t\t\t\t\t<\/div>\n\t\t\t\t<\/div>\n\t\t\t\t<div class=\"elementor-element elementor-element-692abee elementor-widget elementor-widget-image\" data-id=\"692abee\" data-element_type=\"widget\" data-widget_type=\"image.default\">\n\t\t\t\t<div class=\"elementor-widget-container\">\n\t\t\t\t\t\t\t\t\t\t\t\t\t\t\t<img decoding=\"async\" width=\"768\" height=\"64\" src=\"https:\/\/voce-lingua.de\/wp-content\/uploads\/2024\/12\/trenner-2-768x64.png\" class=\"attachment-medium_large size-medium_large wp-image-31\" alt=\"\" srcset=\"https:\/\/voce-lingua.de\/wp-content\/uploads\/2024\/12\/trenner-2-768x64.png 768w, https:\/\/voce-lingua.de\/wp-content\/uploads\/2024\/12\/trenner-2-300x25.png 300w, https:\/\/voce-lingua.de\/wp-content\/uploads\/2024\/12\/trenner-2-1024x85.png 1024w, https:\/\/voce-lingua.de\/wp-content\/uploads\/2024\/12\/trenner-2.png 1289w\" sizes=\"(max-width: 768px) 100vw, 768px\" \/>\t\t\t\t\t\t\t\t\t\t\t\t\t\t\t<\/div>\n\t\t\t\t<\/div>\n\t\t\t\t<div class=\"elementor-element elementor-element-46afcc5 elementor-widget elementor-widget-heading\" data-id=\"46afcc5\" data-element_type=\"widget\" data-widget_type=\"heading.default\">\n\t\t\t\t<div class=\"elementor-widget-container\">\n\t\t\t\t\t<h2 class=\"elementor-heading-title elementor-size-default\">\u0418\u043d\u0434\u0438\u0432\u0438\u0434\u0443\u0430\u043b\u044c\u043d\u0430\u044f \u0433\u043e\u043b\u043e\u0441\u043e\u0432\u0430\u044f \u0442\u0435\u0440\u0430\u043f\u0438\u044f<br>\u041b\u0435\u0447\u0435\u043d\u0438\u0435<\/h2>\t\t\t\t<\/div>\n\t\t\t\t<\/div>\n\t\t\t\t<div class=\"elementor-element elementor-element-eb662af elementor-widget elementor-widget-image\" data-id=\"eb662af\" data-element_type=\"widget\" data-widget_type=\"image.default\">\n\t\t\t\t<div class=\"elementor-widget-container\">\n\t\t\t\t\t\t\t\t\t\t\t\t\t\t\t<img decoding=\"async\" width=\"768\" height=\"64\" src=\"https:\/\/voce-lingua.de\/wp-content\/uploads\/2024\/12\/trenner-2-upside-down-768x64.png\" class=\"attachment-medium_large size-medium_large wp-image-259\" alt=\"\" srcset=\"https:\/\/voce-lingua.de\/wp-content\/uploads\/2024\/12\/trenner-2-upside-down-768x64.png 768w, https:\/\/voce-lingua.de\/wp-content\/uploads\/2024\/12\/trenner-2-upside-down-300x25.png 300w, https:\/\/voce-lingua.de\/wp-content\/uploads\/2024\/12\/trenner-2-upside-down-1024x85.png 1024w, https:\/\/voce-lingua.de\/wp-content\/uploads\/2024\/12\/trenner-2-upside-down.png 1289w\" sizes=\"(max-width: 768px) 100vw, 768px\" \/>\t\t\t\t\t\t\t\t\t\t\t\t\t\t\t<\/div>\n\t\t\t\t<\/div>\n\t\t\t\t<div class=\"elementor-element elementor-element-20dd79e elementor-widget__width-initial elementor-widget elementor-widget-text-editor\" data-id=\"20dd79e\" data-element_type=\"widget\" data-widget_type=\"text-editor.default\">\n\t\t\t\t<div class=\"elementor-widget-container\">\n\t\t\t\t\t\t\t\t\t<p>\u0427\u0442\u043e\u0431\u044b \u0434\u0430\u0442\u044c \u0432\u0430\u043c \u043f\u0440\u0435\u0434\u0441\u0442\u0430\u0432\u043b\u0435\u043d\u0438\u0435 \u043e \u0442\u043e\u043c, \u0447\u0435\u0433\u043e \u0432\u044b \u043c\u043e\u0436\u0435\u0442\u0435 \u043e\u0436\u0438\u0434\u0430\u0442\u044c \u0432 \u043d\u0430\u0448\u0435\u0439 \u043f\u0440\u0430\u043a\u0442\u0438\u043a\u0435, \u0435\u0441\u043b\u0438 \u0432\u044b \u0432\u044b\u0431\u0440\u0430\u043b\u0438 \u0433\u043e\u043b\u043e\u0441\u043e\u0432\u0443\u044e \u0442\u0435\u0440\u0430\u043f\u0438\u044e, \u043c\u044b \u0441\u043e\u0431\u0440\u0430\u043b\u0438 \u0438\u043d\u0444\u043e\u0440\u043c\u0430\u0446\u0438\u044e \u043e \u043f\u0440\u043e\u0444\u0435\u0441\u0441\u0438\u043e\u043d\u0430\u043b\u044c\u043d\u043e\u0439 \u043f\u043e\u0441\u0442\u0430\u043d\u043e\u0432\u043a\u0435 \u0433\u043e\u043b\u043e\u0441\u0430. \u0412\u0441\u0435 \u0440\u0430\u0441\u0445\u043e\u0434\u044b \u043f\u043e\u043a\u0440\u044b\u0432\u0430\u044e\u0442\u0441\u044f \u043c\u0435\u0434\u0438\u0446\u0438\u043d\u0441\u043a\u043e\u0439 \u0441\u0442\u0440\u0430\u0445\u043e\u0432\u043a\u043e\u0439 \u0434\u043e 18 \u043b\u0435\u0442 \u0438 \u0434\u043e\u043f\u043b\u0430\u0442\u043e\u0439 \u0432 \u0440\u0430\u0437\u043c\u0435\u0440\u0435 10% \u0434\u043b\u044f \u0432\u0437\u0440\u043e\u0441\u043b\u044b\u0445 (\u0432 \u0441\u043e\u043e\u0442\u0432\u0435\u0442\u0441\u0442\u0432\u0438\u0438 \u0441 \u0437\u0430\u043a\u043e\u043d\u043e\u0434\u0430\u0442\u0435\u043b\u044c\u043d\u044b\u043c\u0438 \u043d\u043e\u0440\u043c\u0430\u043c\u0438).<\/p>\t\t\t\t\t\t\t\t<\/div>\n\t\t\t\t<\/div>\n\t\t\t\t<div class=\"elementor-element elementor-element-b4f9286 elementor-widget elementor-widget-text-editor\" data-id=\"b4f9286\" data-element_type=\"widget\" data-widget_type=\"text-editor.default\">\n\t\t\t\t<div class=\"elementor-widget-container\">\n\t\t\t\t\t\t\t\t\t<p>\u0414\u043e\u043f\u043e\u043b\u043d\u0438\u0442\u0435\u043b\u044c\u043d\u0443\u044e \u0438\u043d\u0444\u043e\u0440\u043c\u0430\u0446\u0438\u044e \u043c\u043e\u0436\u043d\u043e \u043d\u0430\u0439\u0442\u0438 \u043d\u0430 \u0432\u043a\u043b\u0430\u0434\u043a\u0435 \"\u0413\u043e\u043b\u043e\u0441\u043e\u0432\u0430\u044f \u0442\u0435\u0440\u0430\u043f\u0438\u044f\".<\/p>\t\t\t\t\t\t\t\t<\/div>\n\t\t\t\t<\/div>\n\t\t\t\t\t<\/div>\n\t\t\t\t<\/div>\n\t\t\t\t<\/div>","protected":false},"excerpt":{"rendered":"<p>Stimmliche Gesundheit Die stimmliche Gesundheit bei Erwachsenen st\u00e4rkt: Ihre kommunikative Kompetenz Sie beruflich und privat in Ihrer Ausdrucksf\u00e4higkeit, z.B. beim Reden, Vorlesen, Singen, Vortraghalten etc. das Selbstbewusstsein und ist in Sprecherberufen, als S\u00e4nger\/-in oder allein bei dem Wunsch, mit der Stimme Geh\u00f6r zu finden, unverzichtbar. Sie erkennen die Symptomezum Beispiel an: stimmlos werden bei h\u00e4ufigem [&hellip;]<\/p>","protected":false},"author":1,"featured_media":0,"parent":0,"menu_order":0,"comment_status":"closed","ping_status":"closed","template":"","meta":{"footnotes":""},"class_list":["post-57","page","type-page","status-publish","hentry"],"_links":{"self":[{"href":"https:\/\/voce-lingua.de\/ru\/wp-json\/wp\/v2\/pages\/57","targetHints":{"allow":["GET"]}}],"collection":[{"href":"https:\/\/voce-lingua.de\/ru\/wp-json\/wp\/v2\/pages"}],"about":[{"href":"https:\/\/voce-lingua.de\/ru\/wp-json\/wp\/v2\/types\/page"}],"author":[{"embeddable":true,"href":"https:\/\/voce-lingua.de\/ru\/wp-json\/wp\/v2\/users\/1"}],"replies":[{"embeddable":true,"href":"https:\/\/voce-lingua.de\/ru\/wp-json\/wp\/v2\/comments?post=57"}],"version-history":[{"count":46,"href":"https:\/\/voce-lingua.de\/ru\/wp-json\/wp\/v2\/pages\/57\/revisions"}],"predecessor-version":[{"id":1749,"href":"https:\/\/voce-lingua.de\/ru\/wp-json\/wp\/v2\/pages\/57\/revisions\/1749"}],"wp:attachment":[{"href":"https:\/\/voce-lingua.de\/ru\/wp-json\/wp\/v2\/media?parent=57"}],"curies":[{"name":"wp","href":"https:\/\/api.w.org\/{rel}","templated":true}]}}