{"id":465,"date":"2024-12-13T10:28:15","date_gmt":"2024-12-13T10:28:15","guid":{"rendered":"http:\/\/voce-lingua.local\/?page_id=465"},"modified":"2025-04-16T15:47:51","modified_gmt":"2025-04-16T15:47:51","slug":"%d0%b2%d0%b8%d1%82%d0%b0-%d0%ba%d0%b8%d1%80%d1%81%d1%82%d0%b5%d0%bd-%d0%bc%d1%8e%d0%bb%d0%bb%d0%b5%d1%80","status":"publish","type":"page","link":"https:\/\/voce-lingua.de\/ru\/%d0%b2%d0%b8%d1%82%d0%b0-%d0%ba%d0%b8%d1%80%d1%81%d1%82%d0%b5%d0%bd-%d0%bc%d1%8e%d0%bb%d0%bb%d0%b5%d1%80\/","title":{"rendered":"Vita Kirsten M\u00fcller"},"content":{"rendered":"<div data-elementor-type=\"wp-page\" data-elementor-id=\"465\" class=\"elementor elementor-465\">\n\t\t\t\t<div class=\"elementor-element elementor-element-44b1361 e-flex e-con-boxed e-con e-parent\" data-id=\"44b1361\" data-element_type=\"container\">\n\t\t\t\t\t<div class=\"e-con-inner\">\n\t\t\t\t<div class=\"elementor-element elementor-element-6f5eddb elementor-widget elementor-widget-heading\" data-id=\"6f5eddb\" data-element_type=\"widget\" data-widget_type=\"heading.default\">\n\t\t\t\t<div class=\"elementor-widget-container\">\n\t\t\t\t\t<h1 class=\"elementor-heading-title elementor-size-default\"> Vita von Kirsten M\u00fcller<\/h1>\t\t\t\t<\/div>\n\t\t\t\t<\/div>\n\t\t\t\t<div class=\"elementor-element elementor-element-0ebbd81 elementor-widget elementor-widget-image\" data-id=\"0ebbd81\" data-element_type=\"widget\" data-widget_type=\"image.default\">\n\t\t\t\t<div class=\"elementor-widget-container\">\n\t\t\t\t\t\t\t\t\t\t\t\t\t\t\t<img fetchpriority=\"high\" decoding=\"async\" width=\"300\" height=\"300\" src=\"https:\/\/voce-lingua.de\/wp-content\/uploads\/2024\/12\/Kirsten-Muller-geschminkt.jpg\" class=\"attachment-large size-large wp-image-191\" alt=\"\" srcset=\"https:\/\/voce-lingua.de\/wp-content\/uploads\/2024\/12\/Kirsten-Muller-geschminkt.jpg 300w, https:\/\/voce-lingua.de\/wp-content\/uploads\/2024\/12\/Kirsten-Muller-geschminkt-150x150.jpg 150w\" sizes=\"(max-width: 300px) 100vw, 300px\" \/>\t\t\t\t\t\t\t\t\t\t\t\t\t\t\t<\/div>\n\t\t\t\t<\/div>\n\t\t\t\t<div class=\"elementor-element elementor-element-062ce3b elementor-widget elementor-widget-image\" data-id=\"062ce3b\" data-element_type=\"widget\" data-widget_type=\"image.default\">\n\t\t\t\t<div class=\"elementor-widget-container\">\n\t\t\t\t\t\t\t\t\t\t\t\t\t\t\t<img decoding=\"async\" width=\"800\" height=\"73\" src=\"https:\/\/voce-lingua.de\/wp-content\/uploads\/2024\/12\/trenner-3-1-1024x93.png\" class=\"attachment-large size-large wp-image-133\" alt=\"\" srcset=\"https:\/\/voce-lingua.de\/wp-content\/uploads\/2024\/12\/trenner-3-1-1024x93.png 1024w, https:\/\/voce-lingua.de\/wp-content\/uploads\/2024\/12\/trenner-3-1-300x27.png 300w, https:\/\/voce-lingua.de\/wp-content\/uploads\/2024\/12\/trenner-3-1-768x70.png 768w, https:\/\/voce-lingua.de\/wp-content\/uploads\/2024\/12\/trenner-3-1.png 1382w\" sizes=\"(max-width: 800px) 100vw, 800px\" \/>\t\t\t\t\t\t\t\t\t\t\t\t\t\t\t<\/div>\n\t\t\t\t<\/div>\n\t\t\t\t<div class=\"elementor-element elementor-element-1045fba elementor-widget elementor-widget-heading\" data-id=\"1045fba\" data-element_type=\"widget\" data-widget_type=\"heading.default\">\n\t\t\t\t<div class=\"elementor-widget-container\">\n\t\t\t\t\t<h2 class=\"elementor-heading-title elementor-size-default\">Besondere Schwerpunkte:<\/h2>\t\t\t\t<\/div>\n\t\t\t\t<\/div>\n\t\t\t\t<div class=\"elementor-element elementor-element-e0f1450 elementor-widget elementor-widget-text-editor\" data-id=\"e0f1450\" data-element_type=\"widget\" data-widget_type=\"text-editor.default\">\n\t\t\t\t<div class=\"elementor-widget-container\">\n\t\t\t\t\t\t\t\t\t<table>\n<tbody>\n<tr>\n<td width=\"12%\"><strong>1995<\/strong><\/td>\n<td><span style=\"font-weight: 400;\">\u00a0Dipl.-Sprachheilp\u00e4dagogin \/ Universit\u00e4t zu K\u00f6ln<\/span><\/td>\n<\/tr>\n<tr>\n<td><strong>1997<\/strong>\n\n<span style=\"font-weight: 400;\">\u00a0<\/span><\/td>\n<td><span style=\"font-weight: 400;\">Fortbildungs- und Aufbaukurs f\u00fcr stimm- und sprachtherapeutische Berufsgruppen<\/span>\n\n<span style=\"font-weight: 400;\">Einf\u00fchrung in die Atem- und Stimmarbeit Schlaffhorst-Andersen als weitere Basis therapeutischer Arbeit \/ S. Gensing-Podschun, D. Rathke; Bad Nenndorf <\/span><\/td>\n<\/tr>\n<tr>\n<td><strong>1998 \/ 2002<\/strong><\/td>\n<td><span style=\"font-weight: 400;\">Ambulante Sprachtherapie in einer Tageseinrichtung f\u00fcr Kinder im sozialen Brennpunkt; K\u00f6ln<\/span><\/td>\n<\/tr>\n<tr>\n<td><strong>2000<\/strong><\/td>\n<td><span style=\"font-weight: 400;\">Heilpraktikererlaubnis (Sprachtherapie)<\/span><\/td>\n<\/tr>\n<tr>\n<td><strong>2000<\/strong><\/td>\n<td><span style=\"font-weight: 400;\">Fortbildung zur Stotterertherapeutin \/ Non-Avoidance-Ans\u00e4tze in der Therapie erwachsener Stotterer \/ Seminar-Referent: Prof. Dr. W. Wendlandt; Berlin<\/span><\/td>\n<\/tr>\n<tr>\n<td><strong>2002<\/strong><\/td>\n<td><span style=\"font-weight: 400;\">Diagnostik, Therapie und Prophylaxe infantiler und juveniler Dysphonien \/ Dr. S. Zimmermann; K\u00f6ln<\/span><\/td>\n<\/tr>\n<tr>\n<td><strong>2002<\/strong><\/td>\n<td><span style=\"font-weight: 400;\">Neue Hilfestellungen in der Stimmtherapie erfahren und weitergeben \/ S. M. Samant; K\u00f6ln<\/span><\/td>\n<\/tr>\n<tr>\n<td><strong>2003<\/strong><\/td>\n<td><span style=\"font-weight: 400;\">Methoden in der Stimmtherapie: \u00dcbungsseminar \/ Dr. S. Zimmermann; D\u00fcsseldorf<\/span><\/td>\n<\/tr>\n<tr>\n<td><strong>2002 \/ 2007<\/strong><\/td>\n<td><span style=\"font-weight: 400;\">Ausbildung zur Gestalttherapeutin<\/span><\/td>\n<\/tr>\n<tr>\n<td><strong>2010<\/strong><\/td>\n<td><span style=\"font-weight: 400;\">Gekonnt myofunktionelle St\u00f6rungen diagnostizieren und behandeln \u2013 MFT in der Praxis \/ Veronika Struck; Moers<\/span><\/td>\n<\/tr>\n<tr>\n<td><strong>2010<\/strong><\/td>\n<td><span style=\"font-weight: 400;\">Fortbildung zum selektiven Mutismus bei Kindern und Jugendlichen \/ Dr. K. Subellok &amp; Prof. Dr. N. Katz-Bernstein; K\u00f6ln<\/span><\/td>\n<\/tr>\n<tr>\n<td><strong>2010<\/strong><\/td>\n<td><span style=\"font-weight: 400;\">wissenschaftliches Symposium zum Stottern; Halle (Saale)<\/span><\/td>\n<\/tr>\n<tr>\n<td><strong>2011<\/strong><\/td>\n<td><span style=\"font-weight: 400;\">Praxisgr\u00fcndungsseminar \/ RA V. Gerlich, K. Schubert, RA K. Weiffen; Moers<\/span><\/td>\n<\/tr>\n<tr>\n<td><strong>2011<\/strong><\/td>\n<td><span style=\"font-weight: 400;\">Vollzulassung f\u00fcr die Sprachtherapie bei Sprach-, Sprech-, Stimm- und Schluckst\u00f6rungen in allen Altersgruppen<\/span><\/td>\n<\/tr>\n<tr>\n<td><strong>2011<\/strong><\/td>\n<td><span style=\"font-weight: 400;\">Gemeinschaftspraxisleitung <\/span><\/td>\n<\/tr>\n<tr>\n<td><strong>2011<\/strong><\/td>\n<td><span style=\"font-weight: 400;\">Beginn der Kooperationspartnerschaft mit dem Zentrum f\u00fcr Fr\u00fchbehandlung und Fr\u00fchf\u00f6rderung in K\u00f6ln<\/span><\/td>\n<\/tr>\n<tr>\n<td><strong>2012<\/strong><\/td>\n<td><span style=\"font-weight: 400;\">Intensiv-Fortbildung; Therapie des Stotterns bei \u00e4lteren Kindern, Jugendlichen und Erwachsenen \/ Holger Pr\u00fc\u00df; Bonner Stotterertherapie<\/span><\/td>\n<\/tr>\n<tr>\n<td><strong>2013<\/strong><\/td>\n<td><span style=\"font-weight: 400;\">wissenschaftliches Symposium: Multilingualismus im Kontext der Sprachtherapie; K\u00f6ln<\/span><\/td>\n<\/tr>\n<tr>\n<td><strong>2014<\/strong><\/td>\n<td><span style=\"font-weight: 400;\">Stotterertherapie und in-vivo-Arbeit \/ Dorothea Beckmann; Berlin<\/span><\/td>\n<\/tr>\n<tr>\n<td><strong>2015<\/strong><\/td>\n<td><span style=\"font-weight: 400;\">Diagnostik und Therapie bei mehrsprachigen Kindern \/ Dr. Lilli Wagner; Moers <\/span><\/td>\n<\/tr>\n<tr>\n<td><strong>2017<\/strong><\/td>\n<td><span style=\"font-weight: 400;\">\u00dcbernahme der Praxisstandorte und alleinige Praxisleitung <\/span><\/td>\n<\/tr>\n<\/tbody>\n<\/table>\t\t\t\t\t\t\t\t<\/div>\n\t\t\t\t<\/div>\n\t\t\t\t\t<\/div>\n\t\t\t\t<\/div>\n\t\t\t\t<\/div>","protected":false},"excerpt":{"rendered":"<p>Vita von Kirsten M\u00fcller Besondere Schwerpunkte: 1995 \u00a0Dipl.-Sprachheilp\u00e4dagogin \/ Universit\u00e4t zu K\u00f6ln 1997 \u00a0 Fortbildungs- und Aufbaukurs f\u00fcr stimm- und sprachtherapeutische Berufsgruppen Einf\u00fchrung in die Atem- und Stimmarbeit Schlaffhorst-Andersen als weitere Basis therapeutischer Arbeit \/ S. Gensing-Podschun, D. Rathke; Bad Nenndorf 1998 \/ 2002 Ambulante Sprachtherapie in einer Tageseinrichtung f\u00fcr Kinder im sozialen Brennpunkt; K\u00f6ln [&hellip;]<\/p>","protected":false},"author":1,"featured_media":0,"parent":0,"menu_order":0,"comment_status":"closed","ping_status":"closed","template":"","meta":{"footnotes":""},"class_list":["post-465","page","type-page","status-publish","hentry"],"_links":{"self":[{"href":"https:\/\/voce-lingua.de\/ru\/wp-json\/wp\/v2\/pages\/465","targetHints":{"allow":["GET"]}}],"collection":[{"href":"https:\/\/voce-lingua.de\/ru\/wp-json\/wp\/v2\/pages"}],"about":[{"href":"https:\/\/voce-lingua.de\/ru\/wp-json\/wp\/v2\/types\/page"}],"author":[{"embeddable":true,"href":"https:\/\/voce-lingua.de\/ru\/wp-json\/wp\/v2\/users\/1"}],"replies":[{"embeddable":true,"href":"https:\/\/voce-lingua.de\/ru\/wp-json\/wp\/v2\/comments?post=465"}],"version-history":[{"count":40,"href":"https:\/\/voce-lingua.de\/ru\/wp-json\/wp\/v2\/pages\/465\/revisions"}],"predecessor-version":[{"id":1551,"href":"https:\/\/voce-lingua.de\/ru\/wp-json\/wp\/v2\/pages\/465\/revisions\/1551"}],"wp:attachment":[{"href":"https:\/\/voce-lingua.de\/ru\/wp-json\/wp\/v2\/media?parent=465"}],"curies":[{"name":"wp","href":"https:\/\/api.w.org\/{rel}","templated":true}]}}