{"id":432,"date":"2024-12-12T13:55:05","date_gmt":"2024-12-12T13:55:05","guid":{"rendered":"http:\/\/voce-lingua.local\/?page_id=432"},"modified":"2025-06-01T09:06:01","modified_gmt":"2025-06-01T09:06:01","slug":"%d0%be%d1%82%d0%bf%d0%b5%d1%87%d0%b0%d1%82%d0%be%d0%ba","status":"publish","type":"page","link":"https:\/\/voce-lingua.de\/ru\/%d0%be%d1%82%d0%bf%d0%b5%d1%87%d0%b0%d1%82%d0%be%d0%ba\/","title":{"rendered":"\u041e\u0442\u0442\u0438\u0441\u043a"},"content":{"rendered":"<div data-elementor-type=\"wp-page\" data-elementor-id=\"432\" class=\"elementor elementor-432\">\n\t\t\t\t<div class=\"elementor-element elementor-element-1053d1b e-flex e-con-boxed e-con e-parent\" data-id=\"1053d1b\" data-element_type=\"container\">\n\t\t\t\t\t<div class=\"e-con-inner\">\n\t\t\t\t<div class=\"elementor-element elementor-element-bd348d6 elementor-widget elementor-widget-heading\" data-id=\"bd348d6\" data-element_type=\"widget\" data-widget_type=\"heading.default\">\n\t\t\t\t<div class=\"elementor-widget-container\">\n\t\t\t\t\t<h2 class=\"elementor-heading-title elementor-size-default\">\u041e\u0442\u0442\u0438\u0441\u043a<\/h2>\t\t\t\t<\/div>\n\t\t\t\t<\/div>\n\t\t\t\t<div class=\"elementor-element elementor-element-47234b2 elementor-widget elementor-widget-image\" data-id=\"47234b2\" data-element_type=\"widget\" data-widget_type=\"image.default\">\n\t\t\t\t<div class=\"elementor-widget-container\">\n\t\t\t\t\t\t\t\t\t\t\t\t\t\t\t<img fetchpriority=\"high\" decoding=\"async\" width=\"800\" height=\"73\" src=\"https:\/\/voce-lingua.de\/wp-content\/uploads\/2024\/12\/trenner-3-1-1024x93.png\" class=\"attachment-large size-large wp-image-133\" alt=\"\" srcset=\"https:\/\/voce-lingua.de\/wp-content\/uploads\/2024\/12\/trenner-3-1-1024x93.png 1024w, https:\/\/voce-lingua.de\/wp-content\/uploads\/2024\/12\/trenner-3-1-300x27.png 300w, https:\/\/voce-lingua.de\/wp-content\/uploads\/2024\/12\/trenner-3-1-768x70.png 768w, https:\/\/voce-lingua.de\/wp-content\/uploads\/2024\/12\/trenner-3-1.png 1382w\" sizes=\"(max-width: 800px) 100vw, 800px\" \/>\t\t\t\t\t\t\t\t\t\t\t\t\t\t\t<\/div>\n\t\t\t\t<\/div>\n\t\t\t\t<div class=\"elementor-element elementor-element-def2351 elementor-widget elementor-widget-text-editor\" data-id=\"def2351\" data-element_type=\"widget\" data-widget_type=\"text-editor.default\">\n\t\t\t\t<div class=\"elementor-widget-container\">\n\t\t\t\t\t\t\t\t\t<p>\u041a\u0438\u0440\u0441\u0442\u0435\u043d \u041c\u044e\u043b\u043b\u0435\u0440<br \/>Voce lingua<br \/>\u041f\u0440\u0430\u043a\u0442\u0438\u043a\u0430 \u0434\u043b\u044f \u043b\u043e\u0433\u043e\u043f\u0435\u0434\u0430<br \/>\u0428\u043c\u0438\u0434\u0445\u043e\u0444\u0441\u0432\u0435\u0433 6<br \/>50769 \u041a\u0451\u043b\u044c\u043d<\/p><h2>\u0421\u0432\u044f\u0436\u0438\u0442\u0435\u0441\u044c \u0441 \u043d\u0430\u043c\u0438<\/h2><p>\u0422\u0435\u043b\u0435\u0444\u043e\u043d: 0221-7088162<br \/>\u0424\u0430\u043a\u0441: 0221-7005685<br \/>E-mail: kirsten.mueller@voce-lingua.de<\/p><h2>\u041e\u0442\u0432\u0435\u0442\u0441\u0442\u0432\u0435\u043d\u043d\u044b\u0439 \u0440\u0435\u0434\u0430\u043a\u0442\u043e\u0440<\/h2><p>\u041a\u0438\u0440\u0441\u0442\u0435\u043d \u041c\u044e\u043b\u043b\u0435\u0440<br \/>\u0428\u043c\u0438\u0434\u0445\u043e\u0444\u0441\u0432\u0435\u0433 6<br \/>50769 \u041a\u0451\u043b\u044c\u043d<\/p><h2>\u0420\u0430\u0437\u0440\u0435\u0448\u0435\u043d\u0438\u0435 \u0441\u043f\u043e\u0440\u043e\u0432 \u0432 \u0415\u0421<\/h2><p>\u0415\u0432\u0440\u043e\u043f\u0435\u0439\u0441\u043a\u0430\u044f \u043a\u043e\u043c\u0438\u0441\u0441\u0438\u044f \u043f\u0440\u0435\u0434\u043e\u0441\u0442\u0430\u0432\u043b\u044f\u0435\u0442 \u043f\u043b\u0430\u0442\u0444\u043e\u0440\u043c\u0443 \u0434\u043b\u044f \u0440\u0430\u0437\u0440\u0435\u0448\u0435\u043d\u0438\u044f \u0441\u043f\u043e\u0440\u043e\u0432 \u0432 \u0440\u0435\u0436\u0438\u043c\u0435 \u043e\u043d\u043b\u0430\u0439\u043d (OS): <a href=\"https:\/\/ec.europa.eu\/consumers\/odr\/\" target=\"_blank\" rel=\"noopener noreferrer\">https:\/\/ec.europa.eu\/consumers\/odr\/<\/a>.<br \/>\u0410\u0434\u0440\u0435\u0441 \u043d\u0430\u0448\u0435\u0439 \u044d\u043b\u0435\u043a\u0442\u0440\u043e\u043d\u043d\u043e\u0439 \u043f\u043e\u0447\u0442\u044b \u0432\u044b \u043d\u0430\u0439\u0434\u0435\u0442\u0435 \u0432 \u043f\u0440\u0438\u0432\u0435\u0434\u0435\u043d\u043d\u043e\u043c \u0432\u044b\u0448\u0435 \u044e\u0440\u0438\u0434\u0438\u0447\u0435\u0441\u043a\u043e\u043c \u0443\u0432\u0435\u0434\u043e\u043c\u043b\u0435\u043d\u0438\u0438.<\/p><h2>\u0420\u0430\u0437\u0440\u0435\u0448\u0435\u043d\u0438\u0435 \u043f\u043e\u0442\u0440\u0435\u0431\u0438\u0442\u0435\u043b\u044c\u0441\u043a\u0438\u0445 \u0441\u043f\u043e\u0440\u043e\u0432\/\u0432\u0441\u0435\u043e\u0431\u0449\u0438\u0439 \u0430\u0440\u0431\u0438\u0442\u0440\u0430\u0436\u043d\u044b\u0439 \u0446\u0435\u043d\u0442\u0440<\/h2><p>\u041c\u044b \u043d\u0435 \u0445\u043e\u0442\u0438\u043c \u0438 \u043d\u0435 \u043e\u0431\u044f\u0437\u0430\u043d\u044b \u0443\u0447\u0430\u0441\u0442\u0432\u043e\u0432\u0430\u0442\u044c \u0432 \u043f\u0440\u043e\u0446\u0435\u0434\u0443\u0440\u0435 \u0440\u0430\u0437\u0440\u0435\u0448\u0435\u043d\u0438\u044f \u0441\u043f\u043e\u0440\u043e\u0432 \u0432 \u043f\u043e\u0442\u0440\u0435\u0431\u0438\u0442\u0435\u043b\u044c\u0441\u043a\u043e\u043c \u0430\u0440\u0431\u0438\u0442\u0440\u0430\u0436\u043d\u043e\u043c \u0441\u043e\u0432\u0435\u0442\u0435.<\/p><h2>\u0424\u043e\u0442\u043e\u0433\u0440\u0430\u0444\u0438\u0438:<\/h2><p>freeimages.com<br \/>pixabay.com<\/p>\t\t\t\t\t\t\t\t<\/div>\n\t\t\t\t<\/div>\n\t\t\t\t\t<\/div>\n\t\t\t\t<\/div>\n\t\t\t\t<\/div>","protected":false},"excerpt":{"rendered":"<p>Impressum Kirsten M\u00fcllerVoce linguaPraxis f\u00fcr SprachtherapieSchmiedhofsweg 650769 K\u00f6ln Kontakt Telefon: 0221-7088162Telefax: 0221-7005685E-Mail: kirsten.mueller@voce-lingua.de Redaktionell verantwortlich Kirsten M\u00fcllerSchmiedhofsweg 650769 K\u00f6ln EU-Streitschlichtung Die Europ\u00e4ische Kommission stellt eine Plattform zur Online-Streitbeilegung (OS) bereit: https:\/\/ec.europa.eu\/consumers\/odr\/.Unsere E-Mail-Adresse finden Sie oben im Impressum. Verbraucher\u00adstreit\u00adbeilegung\/Universal\u00adschlichtungs\u00adstelle Wir sind nicht bereit oder verpflichtet, an Streitbeilegungsverfahren vor einer Verbraucherschlichtungsstelle teilzunehmen. Bildnachweis: freeimages.compixabay.com<\/p>","protected":false},"author":1,"featured_media":0,"parent":0,"menu_order":0,"comment_status":"closed","ping_status":"closed","template":"","meta":{"footnotes":""},"class_list":["post-432","page","type-page","status-publish","hentry"],"_links":{"self":[{"href":"https:\/\/voce-lingua.de\/ru\/wp-json\/wp\/v2\/pages\/432","targetHints":{"allow":["GET"]}}],"collection":[{"href":"https:\/\/voce-lingua.de\/ru\/wp-json\/wp\/v2\/pages"}],"about":[{"href":"https:\/\/voce-lingua.de\/ru\/wp-json\/wp\/v2\/types\/page"}],"author":[{"embeddable":true,"href":"https:\/\/voce-lingua.de\/ru\/wp-json\/wp\/v2\/users\/1"}],"replies":[{"embeddable":true,"href":"https:\/\/voce-lingua.de\/ru\/wp-json\/wp\/v2\/comments?post=432"}],"version-history":[{"count":25,"href":"https:\/\/voce-lingua.de\/ru\/wp-json\/wp\/v2\/pages\/432\/revisions"}],"predecessor-version":[{"id":1786,"href":"https:\/\/voce-lingua.de\/ru\/wp-json\/wp\/v2\/pages\/432\/revisions\/1786"}],"wp:attachment":[{"href":"https:\/\/voce-lingua.de\/ru\/wp-json\/wp\/v2\/media?parent=432"}],"curies":[{"name":"wp","href":"https:\/\/api.w.org\/{rel}","templated":true}]}}