{"id":1184,"date":"2025-03-14T07:35:30","date_gmt":"2025-03-14T07:35:30","guid":{"rendered":"http:\/\/voce-lingua.local\/?page_id=1184"},"modified":"2025-04-29T17:02:10","modified_gmt":"2025-04-29T17:02:10","slug":"%d1%81%d0%bc%d0%b8","status":"publish","type":"page","link":"https:\/\/voce-lingua.de\/ru\/%d1%81%d0%bc%d0%b8\/","title":{"rendered":"\u0421\u041c\u0418"},"content":{"rendered":"<div data-elementor-type=\"wp-page\" data-elementor-id=\"1184\" class=\"elementor elementor-1184\">\n\t\t\t\t<div class=\"elementor-element elementor-element-d06f4cd e-flex e-con-boxed e-con e-parent\" data-id=\"d06f4cd\" data-element_type=\"container\">\n\t\t\t\t\t<div class=\"e-con-inner\">\n\t\t\t\t<div class=\"elementor-element elementor-element-6c2673f elementor-widget elementor-widget-image\" data-id=\"6c2673f\" data-element_type=\"widget\" data-widget_type=\"image.default\">\n\t\t\t\t<div class=\"elementor-widget-container\">\n\t\t\t\t\t\t\t\t\t\t\t\t\t\t\t<img decoding=\"async\" width=\"768\" height=\"64\" src=\"https:\/\/voce-lingua.de\/wp-content\/uploads\/2024\/12\/trenner-2-768x64.png\" class=\"attachment-medium_large size-medium_large wp-image-31\" alt=\"\" srcset=\"https:\/\/voce-lingua.de\/wp-content\/uploads\/2024\/12\/trenner-2-768x64.png 768w, https:\/\/voce-lingua.de\/wp-content\/uploads\/2024\/12\/trenner-2-300x25.png 300w, https:\/\/voce-lingua.de\/wp-content\/uploads\/2024\/12\/trenner-2-1024x85.png 1024w, https:\/\/voce-lingua.de\/wp-content\/uploads\/2024\/12\/trenner-2.png 1289w\" sizes=\"(max-width: 768px) 100vw, 768px\" \/>\t\t\t\t\t\t\t\t\t\t\t\t\t\t\t<\/div>\n\t\t\t\t<\/div>\n\t\t\t\t<div class=\"elementor-element elementor-element-1ed4e3d elementor-widget__width-initial elementor-widget elementor-widget-text-editor\" data-id=\"1ed4e3d\" data-element_type=\"widget\" data-widget_type=\"text-editor.default\">\n\t\t\t\t<div class=\"elementor-widget-container\">\n\t\t\t\t\t\t\t\t\t<div>\u00a0\u0423\u0432\u0430\u0436\u0430\u0435\u043c\u044b\u0435 \u043f\u043e\u0441\u0435\u0442\u0438\u0442\u0435\u043b\u0438, \u043c\u044b \u0441\u043e\u0437\u0434\u0430\u043b\u0438 \u044d\u0442\u043e\u0442 \u0444\u0438\u043b\u044c\u043c \u0432 2006 \u0433\u043e\u0434\u0443 \u0432\u043c\u0435\u0441\u0442\u0435 \u0441 \u043a\u043e\u043c\u0430\u043d\u0434\u043e\u0439 \"Lex Voce Lingua\". \u041e\u043d \u043e\u0442\u0440\u0430\u0436\u0430\u0435\u0442 \u043d\u0430\u0448\u0438 \u043a\u043e\u0440\u043d\u0438 \u044d\u0442\u043e\u0439 \u043f\u0440\u0430\u043a\u0442\u0438\u043a\u0438, \u043a\u043e\u0442\u043e\u0440\u0430\u044f \u0434\u043e\u0441\u0442\u0443\u043f\u043d\u0430 \u0434\u043b\u044f \u0432\u0430\u0441 \u0432 \u041a\u0435\u043b\u044c\u043d\u0435 \u0441 \u043a\u043e\u043d\u0446\u0430 80-\u0445 \u0433\u043e\u0434\u043e\u0432.<\/div><div>\u00a0<\/div><div style=\"text-align: right;\">- \u043f\u043e\u0434\u043f\u0438\u0441\u0430\u043d\u043e \u041a\u0438\u0440\u0441\u0442\u0435\u043d \u041c\u044e\u043b\u043b\u0435\u0440<\/div>\t\t\t\t\t\t\t\t<\/div>\n\t\t\t\t<\/div>\n\t\t\t\t<div class=\"elementor-element elementor-element-9f96f54 elementor-widget elementor-widget-image\" data-id=\"9f96f54\" data-element_type=\"widget\" data-widget_type=\"image.default\">\n\t\t\t\t<div class=\"elementor-widget-container\">\n\t\t\t\t\t\t\t\t\t\t\t\t\t\t\t<img decoding=\"async\" width=\"768\" height=\"64\" src=\"https:\/\/voce-lingua.de\/wp-content\/uploads\/2024\/12\/trenner-2-upside-down-768x64.png\" class=\"attachment-medium_large size-medium_large wp-image-259\" alt=\"\" srcset=\"https:\/\/voce-lingua.de\/wp-content\/uploads\/2024\/12\/trenner-2-upside-down-768x64.png 768w, https:\/\/voce-lingua.de\/wp-content\/uploads\/2024\/12\/trenner-2-upside-down-300x25.png 300w, https:\/\/voce-lingua.de\/wp-content\/uploads\/2024\/12\/trenner-2-upside-down-1024x85.png 1024w, https:\/\/voce-lingua.de\/wp-content\/uploads\/2024\/12\/trenner-2-upside-down.png 1289w\" sizes=\"(max-width: 768px) 100vw, 768px\" \/>\t\t\t\t\t\t\t\t\t\t\t\t\t\t\t<\/div>\n\t\t\t\t<\/div>\n\t\t\t\t<div class=\"elementor-element elementor-element-9495702 elementor-widget elementor-widget-video\" data-id=\"9495702\" data-element_type=\"widget\" data-settings=\"{&quot;video_type&quot;:&quot;hosted&quot;,&quot;controls&quot;:&quot;yes&quot;}\" data-widget_type=\"video.default\">\n\t\t\t\t<div class=\"elementor-widget-container\">\n\t\t\t\t\t\t\t<div class=\"e-hosted-video elementor-wrapper elementor-open-inline\">\n\t\t\t\t\t<video class=\"elementor-video\" src=\"https:\/\/voce-lingua.de\/wp-content\/uploads\/2025\/03\/lexvocelingua.mp4\" controls=\"\" preload=\"metadata\" controlslist=\"nodownload\"><\/video>\n\t\t\t\t<\/div>\n\t\t\t\t\t\t<\/div>\n\t\t\t\t<\/div>\n\t\t\t\t\t<\/div>\n\t\t\t\t<\/div>\n\t\t<div class=\"elementor-element elementor-element-6dbb2b1 e-flex e-con-boxed e-con e-parent\" data-id=\"6dbb2b1\" data-element_type=\"container\">\n\t\t\t\t\t<div class=\"e-con-inner\">\n\t\t\t\t<div class=\"elementor-element elementor-element-abc676e elementor-widget elementor-widget-image\" data-id=\"abc676e\" data-element_type=\"widget\" data-widget_type=\"image.default\">\n\t\t\t\t<div class=\"elementor-widget-container\">\n\t\t\t\t\t\t\t\t\t\t\t\t\t\t\t<img decoding=\"async\" width=\"768\" height=\"64\" src=\"https:\/\/voce-lingua.de\/wp-content\/uploads\/2024\/12\/trenner-2-768x64.png\" class=\"attachment-medium_large size-medium_large wp-image-31\" alt=\"\" srcset=\"https:\/\/voce-lingua.de\/wp-content\/uploads\/2024\/12\/trenner-2-768x64.png 768w, https:\/\/voce-lingua.de\/wp-content\/uploads\/2024\/12\/trenner-2-300x25.png 300w, https:\/\/voce-lingua.de\/wp-content\/uploads\/2024\/12\/trenner-2-1024x85.png 1024w, https:\/\/voce-lingua.de\/wp-content\/uploads\/2024\/12\/trenner-2.png 1289w\" sizes=\"(max-width: 768px) 100vw, 768px\" \/>\t\t\t\t\t\t\t\t\t\t\t\t\t\t\t<\/div>\n\t\t\t\t<\/div>\n\t\t\t\t<div class=\"elementor-element elementor-element-49332ea elementor-widget__width-initial elementor-widget elementor-widget-text-editor\" data-id=\"49332ea\" data-element_type=\"widget\" data-widget_type=\"text-editor.default\">\n\t\t\t\t<div class=\"elementor-widget-container\">\n\t\t\t\t\t\t\t\t\t<div>\u041f\u0440\u0438\u0432\u0435\u0442\u0441\u0442\u0432\u0438\u0435 \u043e\u0442 \u041c\u0443\u0437\u0435\u044f \u0448\u043e\u043a\u043e\u043b\u0430\u0434\u0430 \u0432 \u041a\u0435\u043b\u044c\u043d\u0435 \u0432 \u043d\u043e\u044f\u0431\u0440\u0435 2024 \u0433\u043e\u0434\u0430. \u043a\u043e\u043c\u0430\u043d\u0434\u0430 voce-lingua.<\/div>\t\t\t\t\t\t\t\t<\/div>\n\t\t\t\t<\/div>\n\t\t\t\t<div class=\"elementor-element elementor-element-7d1cabc elementor-widget elementor-widget-image\" data-id=\"7d1cabc\" data-element_type=\"widget\" data-widget_type=\"image.default\">\n\t\t\t\t<div class=\"elementor-widget-container\">\n\t\t\t\t\t\t\t\t\t\t\t\t\t\t\t<img decoding=\"async\" width=\"768\" height=\"64\" src=\"https:\/\/voce-lingua.de\/wp-content\/uploads\/2024\/12\/trenner-2-upside-down-768x64.png\" class=\"attachment-medium_large size-medium_large wp-image-259\" alt=\"\" srcset=\"https:\/\/voce-lingua.de\/wp-content\/uploads\/2024\/12\/trenner-2-upside-down-768x64.png 768w, https:\/\/voce-lingua.de\/wp-content\/uploads\/2024\/12\/trenner-2-upside-down-300x25.png 300w, https:\/\/voce-lingua.de\/wp-content\/uploads\/2024\/12\/trenner-2-upside-down-1024x85.png 1024w, https:\/\/voce-lingua.de\/wp-content\/uploads\/2024\/12\/trenner-2-upside-down.png 1289w\" sizes=\"(max-width: 768px) 100vw, 768px\" \/>\t\t\t\t\t\t\t\t\t\t\t\t\t\t\t<\/div>\n\t\t\t\t<\/div>\n\t\t\t\t<div class=\"elementor-element elementor-element-d3b2488 elementor-widget elementor-widget-image\" data-id=\"d3b2488\" data-element_type=\"widget\" data-widget_type=\"image.default\">\n\t\t\t\t<div class=\"elementor-widget-container\">\n\t\t\t\t\t\t\t\t\t\t\t\t\t\t\t<img fetchpriority=\"high\" decoding=\"async\" width=\"800\" height=\"450\" src=\"https:\/\/voce-lingua.de\/wp-content\/uploads\/2025\/04\/Schokoladenmuseum-1024x576.jpeg\" class=\"attachment-large size-large wp-image-1457\" alt=\"\" srcset=\"https:\/\/voce-lingua.de\/wp-content\/uploads\/2025\/04\/Schokoladenmuseum-1024x576.jpeg 1024w, https:\/\/voce-lingua.de\/wp-content\/uploads\/2025\/04\/Schokoladenmuseum-300x169.jpeg 300w, https:\/\/voce-lingua.de\/wp-content\/uploads\/2025\/04\/Schokoladenmuseum-768x432.jpeg 768w, https:\/\/voce-lingua.de\/wp-content\/uploads\/2025\/04\/Schokoladenmuseum-1536x864.jpeg 1536w, https:\/\/voce-lingua.de\/wp-content\/uploads\/2025\/04\/Schokoladenmuseum.jpeg 2048w\" sizes=\"(max-width: 800px) 100vw, 800px\" \/>\t\t\t\t\t\t\t\t\t\t\t\t\t\t\t<\/div>\n\t\t\t\t<\/div>\n\t\t\t\t\t<\/div>\n\t\t\t\t<\/div>\n\t\t\t\t<\/div>","protected":false},"excerpt":{"rendered":"<p>\u00a0Hallo liebe Besucher*innen, diesen Film haben wir 2006 mit dem Team &#8222;Lex Voce Lingua erstellt&#8220;. Er repr\u00e4sentiert unsere Wurzeln dieser Praxis, die es bereits seit Ende der 80-iger f\u00fcr Sie in K\u00f6ln gibt\u00a0&#8211; gezeichnet Kirsten M\u00fcller https:\/\/voce-lingua.de\/wp-content\/uploads\/2025\/03\/lexvocelingua.mp4 Gr\u00fc\u00dfe vom Schokoladenmuseum in K\u00f6ln im November 2024. Ihr voce-lingua-Team.<\/p>","protected":false},"author":1,"featured_media":0,"parent":0,"menu_order":0,"comment_status":"closed","ping_status":"closed","template":"","meta":{"footnotes":""},"class_list":["post-1184","page","type-page","status-publish","hentry"],"_links":{"self":[{"href":"https:\/\/voce-lingua.de\/ru\/wp-json\/wp\/v2\/pages\/1184","targetHints":{"allow":["GET"]}}],"collection":[{"href":"https:\/\/voce-lingua.de\/ru\/wp-json\/wp\/v2\/pages"}],"about":[{"href":"https:\/\/voce-lingua.de\/ru\/wp-json\/wp\/v2\/types\/page"}],"author":[{"embeddable":true,"href":"https:\/\/voce-lingua.de\/ru\/wp-json\/wp\/v2\/users\/1"}],"replies":[{"embeddable":true,"href":"https:\/\/voce-lingua.de\/ru\/wp-json\/wp\/v2\/comments?post=1184"}],"version-history":[{"count":23,"href":"https:\/\/voce-lingua.de\/ru\/wp-json\/wp\/v2\/pages\/1184\/revisions"}],"predecessor-version":[{"id":1637,"href":"https:\/\/voce-lingua.de\/ru\/wp-json\/wp\/v2\/pages\/1184\/revisions\/1637"}],"wp:attachment":[{"href":"https:\/\/voce-lingua.de\/ru\/wp-json\/wp\/v2\/media?parent=1184"}],"curies":[{"name":"wp","href":"https:\/\/api.w.org\/{rel}","templated":true}]}}