{"id":77,"date":"2024-12-06T11:54:42","date_gmt":"2024-12-06T11:54:42","guid":{"rendered":"http:\/\/voce-lingua.local\/?page_id=77"},"modified":"2025-06-01T08:18:55","modified_gmt":"2025-06-01T08:18:55","slug":"transgender-voice-training","status":"publish","type":"page","link":"https:\/\/voce-lingua.de\/en\/transgender-voice-training\/","title":{"rendered":"Transgender voice training"},"content":{"rendered":"<div data-elementor-type=\"wp-page\" data-elementor-id=\"77\" class=\"elementor elementor-77\">\n\t\t\t\t<div class=\"elementor-element elementor-element-d0b250b e-flex e-con-boxed e-con e-parent\" data-id=\"d0b250b\" data-element_type=\"container\">\n\t\t\t\t\t<div class=\"e-con-inner\">\n\t\t\t\t<div class=\"elementor-element elementor-element-d0c503d elementor-widget elementor-widget-image\" data-id=\"d0c503d\" data-element_type=\"widget\" data-widget_type=\"image.default\">\n\t\t\t\t<div class=\"elementor-widget-container\">\n\t\t\t\t\t\t\t\t\t\t\t\t\t\t\t<img fetchpriority=\"high\" decoding=\"async\" width=\"800\" height=\"73\" src=\"https:\/\/voce-lingua.de\/wp-content\/uploads\/2024\/12\/trenner-3-1-1024x93.png\" class=\"attachment-large size-large wp-image-133\" alt=\"\" srcset=\"https:\/\/voce-lingua.de\/wp-content\/uploads\/2024\/12\/trenner-3-1-1024x93.png 1024w, https:\/\/voce-lingua.de\/wp-content\/uploads\/2024\/12\/trenner-3-1-300x27.png 300w, https:\/\/voce-lingua.de\/wp-content\/uploads\/2024\/12\/trenner-3-1-768x70.png 768w, https:\/\/voce-lingua.de\/wp-content\/uploads\/2024\/12\/trenner-3-1.png 1382w\" sizes=\"(max-width: 800px) 100vw, 800px\" \/>\t\t\t\t\t\t\t\t\t\t\t\t\t\t\t<\/div>\n\t\t\t\t<\/div>\n\t\t\t\t<div class=\"elementor-element elementor-element-cd257c9 elementor-widget elementor-widget-heading\" data-id=\"cd257c9\" data-element_type=\"widget\" data-widget_type=\"heading.default\">\n\t\t\t\t<div class=\"elementor-widget-container\">\n\t\t\t\t\t<h2 class=\"elementor-heading-title elementor-size-default\">Transgender<br>Voice training<\/h2>\t\t\t\t<\/div>\n\t\t\t\t<\/div>\n\t\t\t\t<div class=\"elementor-element elementor-element-df845b6 elementor-widget elementor-widget-image\" data-id=\"df845b6\" data-element_type=\"widget\" data-widget_type=\"image.default\">\n\t\t\t\t<div class=\"elementor-widget-container\">\n\t\t\t\t\t\t\t\t\t\t\t\t\t\t\t<img decoding=\"async\" width=\"768\" height=\"64\" src=\"https:\/\/voce-lingua.de\/wp-content\/uploads\/2024\/12\/trenner-2-upside-down-768x64.png\" class=\"attachment-medium_large size-medium_large wp-image-259\" alt=\"\" srcset=\"https:\/\/voce-lingua.de\/wp-content\/uploads\/2024\/12\/trenner-2-upside-down-768x64.png 768w, https:\/\/voce-lingua.de\/wp-content\/uploads\/2024\/12\/trenner-2-upside-down-300x25.png 300w, https:\/\/voce-lingua.de\/wp-content\/uploads\/2024\/12\/trenner-2-upside-down-1024x85.png 1024w, https:\/\/voce-lingua.de\/wp-content\/uploads\/2024\/12\/trenner-2-upside-down.png 1289w\" sizes=\"(max-width: 768px) 100vw, 768px\" \/>\t\t\t\t\t\t\t\t\t\t\t\t\t\t\t<\/div>\n\t\t\t\t<\/div>\n\t\t\t\t<div class=\"elementor-element elementor-element-00b2f8e elementor-widget__width-initial elementor-widget elementor-widget-text-editor\" data-id=\"00b2f8e\" data-element_type=\"widget\" data-widget_type=\"text-editor.default\">\n\t\t\t\t<div class=\"elementor-widget-container\">\n\t\t\t\t\t\t\t\t\t<p>Are you on the way to finding your identity?<\/p><p>Would you like to make changes to your speech and voice?<\/p><p>Do you want to express yourself in your work and are often discouraged by social conditions?<\/p><p>The voice training work includes speech and voice exercises as well as, in particular, self-awareness.<\/p><p>The focus here is on feeling the resonance of the voice in the body (e.g. how do I use my face and head when speaking?<br \/>during vocal exercises, right?).<\/p><p>It is also about how you can express yourself vocally according to your individual needs. How do your breathing, movement, posture, expression, voice and energy influence each other?<\/p><p>What \"old patterns\" (e.g. of posture\/movement) are you holding back?<\/p>\t\t\t\t\t\t\t\t<\/div>\n\t\t\t\t<\/div>\n\t\t\t\t<div class=\"elementor-element elementor-element-c198451 elementor-widget elementor-widget-image\" data-id=\"c198451\" data-element_type=\"widget\" data-widget_type=\"image.default\">\n\t\t\t\t<div class=\"elementor-widget-container\">\n\t\t\t\t\t\t\t\t\t\t\t\t\t\t\t<img decoding=\"async\" width=\"768\" height=\"64\" src=\"https:\/\/voce-lingua.de\/wp-content\/uploads\/2024\/12\/trenner-2-768x64.png\" class=\"attachment-medium_large size-medium_large wp-image-31\" alt=\"\" srcset=\"https:\/\/voce-lingua.de\/wp-content\/uploads\/2024\/12\/trenner-2-768x64.png 768w, https:\/\/voce-lingua.de\/wp-content\/uploads\/2024\/12\/trenner-2-300x25.png 300w, https:\/\/voce-lingua.de\/wp-content\/uploads\/2024\/12\/trenner-2-1024x85.png 1024w, https:\/\/voce-lingua.de\/wp-content\/uploads\/2024\/12\/trenner-2.png 1289w\" sizes=\"(max-width: 768px) 100vw, 768px\" \/>\t\t\t\t\t\t\t\t\t\t\t\t\t\t\t<\/div>\n\t\t\t\t<\/div>\n\t\t\t\t<div class=\"elementor-element elementor-element-1f7f7e8 elementor-widget elementor-widget-heading\" data-id=\"1f7f7e8\" data-element_type=\"widget\" data-widget_type=\"heading.default\">\n\t\t\t\t<div class=\"elementor-widget-container\">\n\t\t\t\t\t<h2 class=\"elementor-heading-title elementor-size-default\">Audio example<\/h2>\t\t\t\t<\/div>\n\t\t\t\t<\/div>\n\t\t\t\t<div class=\"elementor-element elementor-element-62fc718 elementor-widget elementor-widget-image\" data-id=\"62fc718\" data-element_type=\"widget\" data-widget_type=\"image.default\">\n\t\t\t\t<div class=\"elementor-widget-container\">\n\t\t\t\t\t\t\t\t\t\t\t\t\t\t\t<img decoding=\"async\" width=\"768\" height=\"64\" src=\"https:\/\/voce-lingua.de\/wp-content\/uploads\/2024\/12\/trenner-2-upside-down-768x64.png\" class=\"attachment-medium_large size-medium_large wp-image-259\" alt=\"\" srcset=\"https:\/\/voce-lingua.de\/wp-content\/uploads\/2024\/12\/trenner-2-upside-down-768x64.png 768w, https:\/\/voce-lingua.de\/wp-content\/uploads\/2024\/12\/trenner-2-upside-down-300x25.png 300w, https:\/\/voce-lingua.de\/wp-content\/uploads\/2024\/12\/trenner-2-upside-down-1024x85.png 1024w, https:\/\/voce-lingua.de\/wp-content\/uploads\/2024\/12\/trenner-2-upside-down.png 1289w\" sizes=\"(max-width: 768px) 100vw, 768px\" \/>\t\t\t\t\t\t\t\t\t\t\t\t\t\t\t<\/div>\n\t\t\t\t<\/div>\n\t\t\t\t<div class=\"elementor-element elementor-element-d0877c2 elementor-widget__width-initial elementor-widget elementor-widget-slide-compact-player\" data-id=\"d0877c2\" data-element_type=\"widget\" data-widget_type=\"slide-compact-player.default\">\n\t\t\t\t<div class=\"elementor-widget-container\">\n\t\t\t\t\t\r\n\t\t<div class=\"swp_music_player compact-player\" id=\"mpfe_69e4ae82c60ac\" data-autoplay=\"no\" data-playmode=\"repeat\" data-stopplaylistend=\"yes\" data-stopsongend=\"yes\" data-repeatmode=\"unset\" data-pfs=\"no\">\r\n\t\t\t<div class=\"swp-compact-player\">\r\n\t\t\t\t<div class=\"swp-compact-cover\">\r\n\t\t\t\t\t<div class=\"swp-compact-cover-container\"><\/div>\r\n\t\t\t\t\t<div class=\"compact-cover-overlay album_left_overlay lc_swp_overlay\"><\/div>\r\n\t\t\t\t<\/div>\r\n\r\n\t\t\t\t<div class=\"swp-compact-player-info\">\r\n\t\t\t\t\t<div class=\"compact-info-overlay album_right_overlay lc_swp_overlay\"><\/div>\r\n\t\t\t\t\t<div class=\"compact-info-content\">\r\n\t\t\t\t\t\t<div class=\"compact-info-top mpfe_clearfix\">\r\n\t\t\t\t\t\t\t<div class=\"compact-song-details\">\r\n\t\t\t\t\t\t\t\t<div class=\"current_song_name compact-song-name\"><\/div>\r\n\t\t\t\t\t\t\t\t<div class=\"current_album_name compact-album-name\"><\/div>\r\n\t\t\t\t\t\t\t<\/div>\r\n\t\t\t\t\t\t\t<div class=\"compact-play-pause\">\r\n\t\t\t\t\t\t\t\t<span class=\"compact-play-container\">\r\n\t\t\t\t\t\t\t\t\t<i class=\"fas fa-play player_play compact_play compact-playpause\"><\/i>\r\n\t\t\t\t\t\t\t\t<\/span>\r\n\t\t\t\t\t\t\t\t<span class=\"compact-pause-container\">\r\n\t\t\t\t\t\t\t\t\t<i class=\"fas fa-pause player_pause compact_pause compact-playpause display_none\"><\/i>\r\n\t\t\t\t\t\t\t\t<\/span>\r\n\t\t\t\t\t\t\t<\/div>\r\n\t\t\t\t\t\t<\/div>\r\n\r\n\t\t\t\t\t\t<div class=\"smc_player_progress_bar compact-progress-bar\">\r\n\t\t\t\t\t\t\t<div class=\"player_time_slider_base compact-player-slider-base ltr_direction\"><\/div>\r\n\t\t\t\t\t\t\t<div class=\"player_time_slider compact-player-slider\"><\/div>\r\n\t\t\t\t\t\t<\/div>\r\n\r\n\t\t\t\t\t\t<div class=\"compact-info-bottom mpfe_clearfix\">\r\n\t\t\t\t\t\t\t<div class=\"compact-timeline\">\r\n\t\t\t\t\t\t\t\t<span class=\"song_current_progress compact_current_progress\">0:00<\/span>\r\n\t\t\t\t\t\t\t\t<span class=\"player_duration_sep compact_duration_sep\">&#47;<\/span>\r\n\t\t\t\t\t\t\t\t<span class=\"song_duration compact_song_duration\">0:00<\/span>\r\n\t\t\t\t\t\t\t<\/div>\r\n\r\n\t\t\t\t\t\t\t\r\n\t\t\t\t\t\t\t<div class=\"compact-controls\">\r\n\t\t\t\t\t\t\t\t\r\n\t\t\t\t\t\t\t\t\t\t\t\t\t\t\t\t\t\t\t\t\t\t\t\t<i class=\"fas fa-step-backward mpfe-compact-bottom-player-icon\"><\/i>\r\n\t\t\t\t\t\t\t\t<i class=\"fas fa-step-forward mpfe-compact-bottom-player-icon\"><\/i>\r\n\t\t\t\t\t\t\t\t\t\t\t\t\t\t\t\t\t\t\t\t\t\t\t\t\r\n\r\n\r\n\t\t\t\t\t\t\t\t\t\t\t\t\t\t\t\t<i class=\"fas fa-list-ul mpfe-compact-list\"><\/i>\r\n\t\t\t\t\t\t\t\t\t\t\t\t\t\t\t<\/div>\r\n\t\t\t\t\t\t<\/div>\r\n\t\t\t\t\t<\/div>\r\n\t\t\t\t<\/div>\r\n\t\t\t<\/div>\r\n\r\n\t\t\t\r\n\t\t\t<div class=\"swp-compact-playlist swp-playlist-popup\">\r\n\t\t\t\t\t\t\t\t<div class=\"compact-close-playlist-container\">\r\n\t\t\t\t<\/div>\r\n\t\t\t\t\t\t\t\t<div class=\"swp-compact-playlist-inner-container swp-playlist-popup-inner\">\r\n\t\t\t\t\t<div class=\"swp-compact-playlist-inner\">\r\n\t\t\t\t\t\t\t<div class=\"swp_music_player_entry compact-player-entry mpfe_clearfix\" data-mediafile=\"https:\/\/voce-lingua.de\/wp-content\/uploads\/2025\/01\/WDR5-Neugier_genuegt_Stimmig-original.mp3\">\r\n\t\t\t<span class=\"swp_song_details player_entry_left compact_player_entry_left\">\r\n\t\t\t\t<span class=\"play_icon compact_player_playlist_under_play\">\r\n\t\t\t\t\t<i class=\"fas fa-play before_song compact_bs compact_bs_play\"><\/i>\r\n\t\t\t\t\t<i class=\"fas fa-pause before_song compact_bs compact_bs_pause display_none\"><\/i>\r\n\t\t\t\t<\/span>\r\n\t\t\t\t<span class=\"player_song_name transition3\" data-albumname=\"\">\r\n\t\t\t\t\tAudio example\t\t\t\t<\/span>\r\n\t\t\t\t\t\t\t<\/span>\r\n\r\n\t\t\t<span class=\"entry_duration mpfe_fix_lh\"><\/span>\t\t\r\n\r\n\t\t\t<span class=\"song_buy_icons compact_buy_icons transition3 mpfe_clearfix mobile_visibility_hide\">\r\n\t\t\t\t\t\t\t\t\t\t\t\t\t\t\t\t\t\t\t<\/span>\r\n\r\n\t\t\t\t\t<\/div>\r\n\r\n\t\t\t\t\t\t\t<\/div>\r\n\t\t\t\t<\/div>\r\n\t\t\t<\/div>\r\n\t\t<\/div>\r\n\r\n\t\t\t\t\t\t<\/div>\n\t\t\t\t<\/div>\n\t\t\t\t\t<\/div>\n\t\t\t\t<\/div>\n\t\t<div class=\"elementor-element elementor-element-81701fb e-flex e-con-boxed e-con e-parent\" data-id=\"81701fb\" data-element_type=\"container\">\n\t\t\t\t\t<div class=\"e-con-inner\">\n\t\t\t\t<div class=\"elementor-element elementor-element-9619231 elementor-widget elementor-widget-image\" data-id=\"9619231\" data-element_type=\"widget\" data-widget_type=\"image.default\">\n\t\t\t\t<div class=\"elementor-widget-container\">\n\t\t\t\t\t\t\t\t\t\t\t\t\t\t\t<img decoding=\"async\" width=\"768\" height=\"64\" src=\"https:\/\/voce-lingua.de\/wp-content\/uploads\/2024\/12\/trenner-2-768x64.png\" class=\"attachment-medium_large size-medium_large wp-image-31\" alt=\"\" srcset=\"https:\/\/voce-lingua.de\/wp-content\/uploads\/2024\/12\/trenner-2-768x64.png 768w, https:\/\/voce-lingua.de\/wp-content\/uploads\/2024\/12\/trenner-2-300x25.png 300w, https:\/\/voce-lingua.de\/wp-content\/uploads\/2024\/12\/trenner-2-1024x85.png 1024w, https:\/\/voce-lingua.de\/wp-content\/uploads\/2024\/12\/trenner-2.png 1289w\" sizes=\"(max-width: 768px) 100vw, 768px\" \/>\t\t\t\t\t\t\t\t\t\t\t\t\t\t\t<\/div>\n\t\t\t\t<\/div>\n\t\t\t\t<div class=\"elementor-element elementor-element-e4111f0 elementor-widget elementor-widget-heading\" data-id=\"e4111f0\" data-element_type=\"widget\" data-widget_type=\"heading.default\">\n\t\t\t\t<div class=\"elementor-widget-container\">\n\t\t\t\t\t<h2 class=\"elementor-heading-title elementor-size-default\">The main focuses of voice therapy are<\/h2>\t\t\t\t<\/div>\n\t\t\t\t<\/div>\n\t\t\t\t<div class=\"elementor-element elementor-element-d11d404 elementor-widget elementor-widget-image\" data-id=\"d11d404\" data-element_type=\"widget\" data-widget_type=\"image.default\">\n\t\t\t\t<div class=\"elementor-widget-container\">\n\t\t\t\t\t\t\t\t\t\t\t\t\t\t\t<img decoding=\"async\" width=\"768\" height=\"64\" src=\"https:\/\/voce-lingua.de\/wp-content\/uploads\/2024\/12\/trenner-2-upside-down-768x64.png\" class=\"attachment-medium_large size-medium_large wp-image-259\" alt=\"\" srcset=\"https:\/\/voce-lingua.de\/wp-content\/uploads\/2024\/12\/trenner-2-upside-down-768x64.png 768w, https:\/\/voce-lingua.de\/wp-content\/uploads\/2024\/12\/trenner-2-upside-down-300x25.png 300w, https:\/\/voce-lingua.de\/wp-content\/uploads\/2024\/12\/trenner-2-upside-down-1024x85.png 1024w, https:\/\/voce-lingua.de\/wp-content\/uploads\/2024\/12\/trenner-2-upside-down.png 1289w\" sizes=\"(max-width: 768px) 100vw, 768px\" \/>\t\t\t\t\t\t\t\t\t\t\t\t\t\t\t<\/div>\n\t\t\t\t<\/div>\n\t\t\t\t<div class=\"elementor-element elementor-element-798d207 elementor-widget__width-initial elementor-widget elementor-widget-text-editor\" data-id=\"798d207\" data-element_type=\"widget\" data-widget_type=\"text-editor.default\">\n\t\t\t\t<div class=\"elementor-widget-container\">\n\t\t\t\t\t\t\t\t\t<ul>\n \t<li>Breathing and tension\/relaxation<\/li>\n \t<li>Body awareness, especially of breathing, movement, posture and expression of the voice, voice and role patterns, etc.<\/li>\n \t<li>Voice exercises<\/li>\n \t<li>Speech melody (prosody), emphasis and experiments with the voice<\/li>\n \t<li>Gestalt therapy counseling for perception on various levels (including the senses, feelings, memory)<\/li>\n \t<li>Exercises to try to identify with the \"old\" - the \"new\" voice<\/li>\n \t<li>Awareness of personal concerns<\/li>\n \t<li>How can I feel coherent in professional or private communication and express my identity? (Exercises with creative media)<\/li>\n\n<li><a href=\"\/en\/vita-of-karoline-kupperroth\/\">Opportunity to meet at the voting table.<\/a><\/li>\n<\/ul>\t\t\t\t\t\t\t\t<\/div>\n\t\t\t\t<\/div>\n\t\t\t\t<div class=\"elementor-element elementor-element-48547d2 elementor-widget elementor-widget-image\" data-id=\"48547d2\" data-element_type=\"widget\" data-widget_type=\"image.default\">\n\t\t\t\t<div class=\"elementor-widget-container\">\n\t\t\t\t\t\t\t\t\t\t\t\t\t\t\t<img decoding=\"async\" width=\"768\" height=\"64\" src=\"https:\/\/voce-lingua.de\/wp-content\/uploads\/2024\/12\/trenner-2-768x64.png\" class=\"attachment-medium_large size-medium_large wp-image-31\" alt=\"\" srcset=\"https:\/\/voce-lingua.de\/wp-content\/uploads\/2024\/12\/trenner-2-768x64.png 768w, https:\/\/voce-lingua.de\/wp-content\/uploads\/2024\/12\/trenner-2-300x25.png 300w, https:\/\/voce-lingua.de\/wp-content\/uploads\/2024\/12\/trenner-2-1024x85.png 1024w, https:\/\/voce-lingua.de\/wp-content\/uploads\/2024\/12\/trenner-2.png 1289w\" sizes=\"(max-width: 768px) 100vw, 768px\" \/>\t\t\t\t\t\t\t\t\t\t\t\t\t\t\t<\/div>\n\t\t\t\t<\/div>\n\t\t\t\t<div class=\"elementor-element elementor-element-6ae23c5 elementor-widget elementor-widget-heading\" data-id=\"6ae23c5\" data-element_type=\"widget\" data-widget_type=\"heading.default\">\n\t\t\t\t<div class=\"elementor-widget-container\">\n\t\t\t\t\t<h2 class=\"elementor-heading-title elementor-size-default\">How we can help you<\/h2>\t\t\t\t<\/div>\n\t\t\t\t<\/div>\n\t\t\t\t<div class=\"elementor-element elementor-element-a458dfa elementor-widget elementor-widget-image\" data-id=\"a458dfa\" data-element_type=\"widget\" data-widget_type=\"image.default\">\n\t\t\t\t<div class=\"elementor-widget-container\">\n\t\t\t\t\t\t\t\t\t\t\t\t\t\t\t<img decoding=\"async\" width=\"768\" height=\"64\" src=\"https:\/\/voce-lingua.de\/wp-content\/uploads\/2024\/12\/trenner-2-upside-down-768x64.png\" class=\"attachment-medium_large size-medium_large wp-image-259\" alt=\"\" srcset=\"https:\/\/voce-lingua.de\/wp-content\/uploads\/2024\/12\/trenner-2-upside-down-768x64.png 768w, https:\/\/voce-lingua.de\/wp-content\/uploads\/2024\/12\/trenner-2-upside-down-300x25.png 300w, https:\/\/voce-lingua.de\/wp-content\/uploads\/2024\/12\/trenner-2-upside-down-1024x85.png 1024w, https:\/\/voce-lingua.de\/wp-content\/uploads\/2024\/12\/trenner-2-upside-down.png 1289w\" sizes=\"(max-width: 768px) 100vw, 768px\" \/>\t\t\t\t\t\t\t\t\t\t\t\t\t\t\t<\/div>\n\t\t\t\t<\/div>\n\t\t\t\t<div class=\"elementor-element elementor-element-76a8538 elementor-widget__width-initial elementor-widget elementor-widget-text-editor\" data-id=\"76a8538\" data-element_type=\"widget\" data-widget_type=\"text-editor.default\">\n\t\t\t\t<div class=\"elementor-widget-container\">\n\t\t\t\t\t\t\t\t\t<ul><li>If you have a voice disorder, your health insurance will cover the costs.<\/li><li>As a self-payer, you will incur costs based on the services provided by the statutory health insurance companies<\/li><\/ul>\t\t\t\t\t\t\t\t<\/div>\n\t\t\t\t<\/div>\n\t\t\t\t<div class=\"elementor-element elementor-element-8dcbfed elementor-widget__width-initial elementor-widget elementor-widget-text-editor\" data-id=\"8dcbfed\" data-element_type=\"widget\" data-widget_type=\"text-editor.default\">\n\t\t\t\t<div class=\"elementor-widget-container\">\n\t\t\t\t\t\t\t\t\t<p>If you would like an individual consultation regarding possible therapy planning and individual voice therapy treatment, you will find our contact details in the Contact section.<\/p><p>Please note that you first need a prescription from a competent doctor, more information can be found under Home.<\/p>\t\t\t\t\t\t\t\t<\/div>\n\t\t\t\t<\/div>\n\t\t\t\t<div class=\"elementor-element elementor-element-20cde81 elementor-widget elementor-widget-image\" data-id=\"20cde81\" data-element_type=\"widget\" data-widget_type=\"image.default\">\n\t\t\t\t<div class=\"elementor-widget-container\">\n\t\t\t\t\t\t\t\t\t\t\t\t\t\t\t<img decoding=\"async\" width=\"768\" height=\"64\" src=\"https:\/\/voce-lingua.de\/wp-content\/uploads\/2024\/12\/trenner-2-768x64.png\" class=\"attachment-medium_large size-medium_large wp-image-31\" alt=\"\" srcset=\"https:\/\/voce-lingua.de\/wp-content\/uploads\/2024\/12\/trenner-2-768x64.png 768w, https:\/\/voce-lingua.de\/wp-content\/uploads\/2024\/12\/trenner-2-300x25.png 300w, https:\/\/voce-lingua.de\/wp-content\/uploads\/2024\/12\/trenner-2-1024x85.png 1024w, https:\/\/voce-lingua.de\/wp-content\/uploads\/2024\/12\/trenner-2.png 1289w\" sizes=\"(max-width: 768px) 100vw, 768px\" \/>\t\t\t\t\t\t\t\t\t\t\t\t\t\t\t<\/div>\n\t\t\t\t<\/div>\n\t\t\t\t\t<\/div>\n\t\t\t\t<\/div>\n\t\t<div class=\"elementor-element elementor-element-6f8a217 e-flex e-con-boxed e-con e-parent\" data-id=\"6f8a217\" data-element_type=\"container\">\n\t\t\t\t\t<div class=\"e-con-inner\">\n\t\t\t\t<div class=\"elementor-element elementor-element-37e6344 elementor-widget elementor-widget-heading\" data-id=\"37e6344\" data-element_type=\"widget\" data-widget_type=\"heading.default\">\n\t\t\t\t<div class=\"elementor-widget-container\">\n\t\t\t\t\t<h2 class=\"elementor-heading-title elementor-size-default\">Gestalt therapy counseling <br>with transgender clients<\/h2>\t\t\t\t<\/div>\n\t\t\t\t<\/div>\n\t\t\t\t\t<\/div>\n\t\t\t\t<\/div>\n\t\t<div class=\"elementor-element elementor-element-8115117 e-flex e-con-boxed e-con e-parent\" data-id=\"8115117\" data-element_type=\"container\">\n\t\t\t\t\t<div class=\"e-con-inner\">\n\t\t\t\t<div class=\"elementor-element elementor-element-823600c elementor-widget elementor-widget-image\" data-id=\"823600c\" data-element_type=\"widget\" data-widget_type=\"image.default\">\n\t\t\t\t<div class=\"elementor-widget-container\">\n\t\t\t\t\t\t\t\t\t\t\t\t\t\t\t<img decoding=\"async\" width=\"768\" height=\"64\" src=\"https:\/\/voce-lingua.de\/wp-content\/uploads\/2024\/12\/trenner-2-upside-down-768x64.png\" class=\"attachment-medium_large size-medium_large wp-image-259\" alt=\"\" srcset=\"https:\/\/voce-lingua.de\/wp-content\/uploads\/2024\/12\/trenner-2-upside-down-768x64.png 768w, https:\/\/voce-lingua.de\/wp-content\/uploads\/2024\/12\/trenner-2-upside-down-300x25.png 300w, https:\/\/voce-lingua.de\/wp-content\/uploads\/2024\/12\/trenner-2-upside-down-1024x85.png 1024w, https:\/\/voce-lingua.de\/wp-content\/uploads\/2024\/12\/trenner-2-upside-down.png 1289w\" sizes=\"(max-width: 768px) 100vw, 768px\" \/>\t\t\t\t\t\t\t\t\t\t\t\t\t\t\t<\/div>\n\t\t\t\t<\/div>\n\t\t\t\t\t<\/div>\n\t\t\t\t<\/div>\n\t\t<div class=\"elementor-element elementor-element-47f5c10 e-con-full e-flex e-con e-parent\" data-id=\"47f5c10\" data-element_type=\"container\">\n\t\t\t\t<div class=\"elementor-element elementor-element-80b7cf9 elementor-widget__width-initial elementor-widget elementor-widget-text-editor\" data-id=\"80b7cf9\" data-element_type=\"widget\" data-widget_type=\"text-editor.default\">\n\t\t\t\t<div class=\"elementor-widget-container\">\n\t\t\t\t\t\t\t\t\t<p>What is life like as a trans woman or trans man before the breakthrough?<\/p><p>Perhaps it is the same as with the retained impulses. Let me illustrate this with an example from James Kepner: a storage room under the roof has often been locked for years and we haven't entered it for a long time. I only know roughly that there is still an old cuddly toy there. I only remember the gleam in its eyes when I come into contact with it and open the long-closed door....<\/p><p>I am Kirsten M\u00fcller, a qualified speech and language therapist and Gestalt therapist. In my practice I meet people who have often had the feeling for many years or decades that they are stuck in a male body as a woman or in a female body as a man. They sometimes go down a path marked by self-doubt and agony of decision before they decide to live the life they long for. If you register with us for voice training, you can also receive counseling sessions with a Gestalt therapy focus in addition to holistic voice therapy. Gestalt here means staying experience-oriented, with your own experience and is strongly focused on feelings.<\/p><p>Just as social skills and self-confidence develop at a young age, trans people are also looking for suitable role models or models for typically male or typically female behavior or \"suchness\" in their social environment.<\/p><p>Beliefs acquired early on, shameful experiences or fearfully held back wishes, such as \"You don't laugh like that, as hysterical as a woman!\" Or: \"You don't cry!\"<br \/>Or: Wiggle your butt like a woman -<br \/>To wish, but not to dare....<\/p><p>may shape their current appearance in their peer group, at work or in the family. My counseling focuses on working with different parts of the personality. Part of the exercise is for these parts to communicate with each other as in a role play. In this way, I can become aware of my personality traits and try to identify with them.<br \/>to walk like a woman now.<\/p><p>Taking a closer look, e.g. allowing body impressions that I feel to be expressed in my own words or creatively (e.g. through painting), helps people to come into contact with needs that they might otherwise not have known about or that are too threatening.<\/p><p>As a rule, counseling has the positive effect of increasing self-confidence and giving the client more options for action.<\/p><p>One result of counseling can also be the decision to undergo accompanying psychotherapy in order to continue on the path as a trans person.<\/p><p style=\"text-align: right;\">signed. Kirsten M\u00fcller<\/p><p style=\"text-align: right;\">Registration under: <a href=\"mailto:kirsten.mueller@voce-lingua.de\">kirsten.mueller@voce-lingua.de<\/a><\/p>\t\t\t\t\t\t\t\t<\/div>\n\t\t\t\t<\/div>\n\t\t\t\t<\/div>\n\t\t\t\t<\/div>","protected":false},"excerpt":{"rendered":"<p>TransgenderStimmtraining Sie sind auf dem Weg Ihre Identit\u00e4t zu finden? Sie w\u00fcnschen sich Ver\u00e4nderungen bez\u00fcglich Ihres Sprechens und Ihrer Stimme? Sie wollen sich in Ihrer T\u00e4tigkeit zum Ausdruck bringen und sind oftmals entmutigt angesichts gesellschaftlicher Rahmenbedingungen? Die stimmbildnerische Arbeit umfasst sowohl Sprech- und Stimm\u00fcbungen als auch im besonderen Ma\u00dfe die Selbstwahrnehmung. Hierbei steht u.a. das [&hellip;]<\/p>","protected":false},"author":1,"featured_media":0,"parent":0,"menu_order":0,"comment_status":"closed","ping_status":"closed","template":"","meta":{"footnotes":""},"class_list":["post-77","page","type-page","status-publish","hentry"],"_links":{"self":[{"href":"https:\/\/voce-lingua.de\/en\/wp-json\/wp\/v2\/pages\/77","targetHints":{"allow":["GET"]}}],"collection":[{"href":"https:\/\/voce-lingua.de\/en\/wp-json\/wp\/v2\/pages"}],"about":[{"href":"https:\/\/voce-lingua.de\/en\/wp-json\/wp\/v2\/types\/page"}],"author":[{"embeddable":true,"href":"https:\/\/voce-lingua.de\/en\/wp-json\/wp\/v2\/users\/1"}],"replies":[{"embeddable":true,"href":"https:\/\/voce-lingua.de\/en\/wp-json\/wp\/v2\/comments?post=77"}],"version-history":[{"count":88,"href":"https:\/\/voce-lingua.de\/en\/wp-json\/wp\/v2\/pages\/77\/revisions"}],"predecessor-version":[{"id":1760,"href":"https:\/\/voce-lingua.de\/en\/wp-json\/wp\/v2\/pages\/77\/revisions\/1760"}],"wp:attachment":[{"href":"https:\/\/voce-lingua.de\/en\/wp-json\/wp\/v2\/media?parent=77"}],"curies":[{"name":"wp","href":"https:\/\/api.w.org\/{rel}","templated":true}]}}