{"id":75,"date":"2024-12-06T11:54:23","date_gmt":"2024-12-06T11:54:23","guid":{"rendered":"http:\/\/voce-lingua.local\/?page_id=75"},"modified":"2025-04-16T15:23:17","modified_gmt":"2025-04-16T15:23:17","slug":"voice-therapy","status":"publish","type":"page","link":"https:\/\/voce-lingua.de\/en\/voice-therapy\/","title":{"rendered":"Voice therapy"},"content":{"rendered":"<div data-elementor-type=\"wp-page\" data-elementor-id=\"75\" class=\"elementor elementor-75\">\n\t\t\t\t<div class=\"elementor-element elementor-element-1be578a e-flex e-con-boxed e-con e-parent\" data-id=\"1be578a\" data-element_type=\"container\">\n\t\t\t\t\t<div class=\"e-con-inner\">\n\t\t\t\t<div class=\"elementor-element elementor-element-8b408aa elementor-widget elementor-widget-image\" data-id=\"8b408aa\" data-element_type=\"widget\" data-widget_type=\"image.default\">\n\t\t\t\t<div class=\"elementor-widget-container\">\n\t\t\t\t\t\t\t\t\t\t\t\t\t\t\t<img fetchpriority=\"high\" decoding=\"async\" width=\"768\" height=\"576\" src=\"https:\/\/voce-lingua.de\/wp-content\/uploads\/2025\/04\/paragliding-623721_960_720-768x576.jpg\" class=\"attachment-medium_large size-medium_large wp-image-1204\" alt=\"\" srcset=\"https:\/\/voce-lingua.de\/wp-content\/uploads\/2025\/04\/paragliding-623721_960_720-768x576.jpg 768w, https:\/\/voce-lingua.de\/wp-content\/uploads\/2025\/04\/paragliding-623721_960_720-300x225.jpg 300w, https:\/\/voce-lingua.de\/wp-content\/uploads\/2025\/04\/paragliding-623721_960_720.jpg 960w\" sizes=\"(max-width: 768px) 100vw, 768px\" \/>\t\t\t\t\t\t\t\t\t\t\t\t\t\t\t<\/div>\n\t\t\t\t<\/div>\n\t\t\t\t<div class=\"elementor-element elementor-element-9561184 elementor-widget elementor-widget-heading\" data-id=\"9561184\" data-element_type=\"widget\" data-widget_type=\"heading.default\">\n\t\t\t\t<div class=\"elementor-widget-container\">\n\t\t\t\t\t<h1 class=\"elementor-heading-title elementor-size-default\">\"to be heard by his voice <br>be carried\"<\/h1>\t\t\t\t<\/div>\n\t\t\t\t<\/div>\n\t\t\t\t<div class=\"elementor-element elementor-element-d1131a4 elementor-widget elementor-widget-image\" data-id=\"d1131a4\" data-element_type=\"widget\" data-widget_type=\"image.default\">\n\t\t\t\t<div class=\"elementor-widget-container\">\n\t\t\t\t\t\t\t\t\t\t\t\t\t\t\t<img decoding=\"async\" width=\"800\" height=\"73\" src=\"https:\/\/voce-lingua.de\/wp-content\/uploads\/2024\/12\/trenner-3-1-1024x93.png\" class=\"attachment-large size-large wp-image-133\" alt=\"\" srcset=\"https:\/\/voce-lingua.de\/wp-content\/uploads\/2024\/12\/trenner-3-1-1024x93.png 1024w, https:\/\/voce-lingua.de\/wp-content\/uploads\/2024\/12\/trenner-3-1-300x27.png 300w, https:\/\/voce-lingua.de\/wp-content\/uploads\/2024\/12\/trenner-3-1-768x70.png 768w, https:\/\/voce-lingua.de\/wp-content\/uploads\/2024\/12\/trenner-3-1.png 1382w\" sizes=\"(max-width: 800px) 100vw, 800px\" \/>\t\t\t\t\t\t\t\t\t\t\t\t\t\t\t<\/div>\n\t\t\t\t<\/div>\n\t\t\t\t\t<\/div>\n\t\t\t\t<\/div>\n\t\t<div class=\"elementor-element elementor-element-b6c5209 e-flex e-con-boxed e-con e-parent\" data-id=\"b6c5209\" data-element_type=\"container\">\n\t\t\t\t\t<div class=\"e-con-inner\">\n\t\t\t\t<div class=\"elementor-element elementor-element-1d756e3 elementor-widget__width-initial elementor-widget elementor-widget-text-editor\" data-id=\"1d756e3\" data-element_type=\"widget\" data-widget_type=\"text-editor.default\">\n\t\t\t\t<div class=\"elementor-widget-container\">\n\t\t\t\t\t\t\t\t\t<p>Your vocal health is important to us.<\/p><p>You should feel free to express yourself in your private or professional life, for example when reading aloud at school or during a presentation at work. This allows you to express yourself and communicate with those around you.<\/p>\t\t\t\t\t\t\t\t<\/div>\n\t\t\t\t<\/div>\n\t\t\t\t<div class=\"elementor-element elementor-element-061085a elementor-widget__width-initial elementor-widget elementor-widget-text-editor\" data-id=\"061085a\" data-element_type=\"widget\" data-widget_type=\"text-editor.default\">\n\t\t\t\t<div class=\"elementor-widget-container\">\n\t\t\t\t\t\t\t\t\t<p>It is important to us to emphasize the voice as a personal expression and resource. We advocate its development and the prevention of vocal health. Preventing a voice disease, especially in vocally stressful professions (e.g. educators ....), is important and unfortunately still not well enough known.<\/p>\t\t\t\t\t\t\t\t<\/div>\n\t\t\t\t<\/div>\n\t\t\t\t<div class=\"elementor-element elementor-element-2ee568a elementor-widget elementor-widget-heading\" data-id=\"2ee568a\" data-element_type=\"widget\" data-widget_type=\"heading.default\">\n\t\t\t\t<div class=\"elementor-widget-container\">\n\t\t\t\t\t<h2 class=\"elementor-heading-title elementor-size-default\">Examples of vocally stressful professions<\/h2>\t\t\t\t<\/div>\n\t\t\t\t<\/div>\n\t\t\t\t<div class=\"elementor-element elementor-element-006422a elementor-widget elementor-widget-image\" data-id=\"006422a\" data-element_type=\"widget\" data-widget_type=\"image.default\">\n\t\t\t\t<div class=\"elementor-widget-container\">\n\t\t\t\t\t\t\t\t\t\t\t\t\t\t\t<img decoding=\"async\" width=\"768\" height=\"64\" src=\"https:\/\/voce-lingua.de\/wp-content\/uploads\/2024\/12\/trenner-2-768x64.png\" class=\"attachment-medium_large size-medium_large wp-image-31\" alt=\"\" srcset=\"https:\/\/voce-lingua.de\/wp-content\/uploads\/2024\/12\/trenner-2-768x64.png 768w, https:\/\/voce-lingua.de\/wp-content\/uploads\/2024\/12\/trenner-2-300x25.png 300w, https:\/\/voce-lingua.de\/wp-content\/uploads\/2024\/12\/trenner-2-1024x85.png 1024w, https:\/\/voce-lingua.de\/wp-content\/uploads\/2024\/12\/trenner-2.png 1289w\" sizes=\"(max-width: 768px) 100vw, 768px\" \/>\t\t\t\t\t\t\t\t\t\t\t\t\t\t\t<\/div>\n\t\t\t\t<\/div>\n\t\t\t\t<div class=\"elementor-element elementor-element-56bbb1a elementor-widget__width-initial elementor-widget elementor-widget-text-editor\" data-id=\"56bbb1a\" data-element_type=\"widget\" data-widget_type=\"text-editor.default\">\n\t\t\t\t<div class=\"elementor-widget-container\">\n\t\t\t\t\t\t\t\t\t<ul><li>Teachers and<\/li><li>Student teachers<\/li><li>Educators<\/li><li>Telephone operators<\/li><li>Call center employees<\/li><li>Speakers<\/li><li>Actors<\/li><li>Singers<\/li><li>Managers<\/li><li>Pastors<\/li><\/ul>\t\t\t\t\t\t\t\t<\/div>\n\t\t\t\t<\/div>\n\t\t\t\t<div class=\"elementor-element elementor-element-721f31e elementor-widget__width-initial elementor-widget elementor-widget-text-editor\" data-id=\"721f31e\" data-element_type=\"widget\" data-widget_type=\"text-editor.default\">\n\t\t\t\t<div class=\"elementor-widget-container\">\n\t\t\t\t\t\t\t\t\t<p>Do you have to speak a lot in your day-to-day work and are \"voiceless\" in the evening, often clear your throat, have a \"frog in your throat\" or are often hoarse, feel misunderstood and simply wish you had more breath...?<\/p><p>We offer professional voice training for anyone who is frequently confronted with the vocal strain of teaching or presentation situations, group or sales talks, etc.<\/p>\t\t\t\t\t\t\t\t<\/div>\n\t\t\t\t<\/div>\n\t\t\t\t<div class=\"elementor-element elementor-element-cbd74f3 elementor-widget elementor-widget-image\" data-id=\"cbd74f3\" data-element_type=\"widget\" data-widget_type=\"image.default\">\n\t\t\t\t<div class=\"elementor-widget-container\">\n\t\t\t\t\t\t\t\t\t\t\t\t\t\t\t<img decoding=\"async\" width=\"768\" height=\"64\" src=\"https:\/\/voce-lingua.de\/wp-content\/uploads\/2024\/12\/trenner-2-768x64.png\" class=\"attachment-medium_large size-medium_large wp-image-31\" alt=\"\" srcset=\"https:\/\/voce-lingua.de\/wp-content\/uploads\/2024\/12\/trenner-2-768x64.png 768w, https:\/\/voce-lingua.de\/wp-content\/uploads\/2024\/12\/trenner-2-300x25.png 300w, https:\/\/voce-lingua.de\/wp-content\/uploads\/2024\/12\/trenner-2-1024x85.png 1024w, https:\/\/voce-lingua.de\/wp-content\/uploads\/2024\/12\/trenner-2.png 1289w\" sizes=\"(max-width: 768px) 100vw, 768px\" \/>\t\t\t\t\t\t\t\t\t\t\t\t\t\t\t<\/div>\n\t\t\t\t<\/div>\n\t\t\t\t<div class=\"elementor-element elementor-element-a1fcbc7 elementor-widget elementor-widget-heading\" data-id=\"a1fcbc7\" data-element_type=\"widget\" data-widget_type=\"heading.default\">\n\t\t\t\t<div class=\"elementor-widget-container\">\n\t\t\t\t\t<h2 class=\"elementor-heading-title elementor-size-default\">Focus of our training<\/h2>\t\t\t\t<\/div>\n\t\t\t\t<\/div>\n\t\t\t\t<div class=\"elementor-element elementor-element-1173f3b elementor-widget elementor-widget-image\" data-id=\"1173f3b\" data-element_type=\"widget\" data-widget_type=\"image.default\">\n\t\t\t\t<div class=\"elementor-widget-container\">\n\t\t\t\t\t\t\t\t\t\t\t\t\t\t\t<img loading=\"lazy\" decoding=\"async\" width=\"768\" height=\"64\" src=\"https:\/\/voce-lingua.de\/wp-content\/uploads\/2024\/12\/trenner-2-upside-down-768x64.png\" class=\"attachment-medium_large size-medium_large wp-image-259\" alt=\"\" srcset=\"https:\/\/voce-lingua.de\/wp-content\/uploads\/2024\/12\/trenner-2-upside-down-768x64.png 768w, https:\/\/voce-lingua.de\/wp-content\/uploads\/2024\/12\/trenner-2-upside-down-300x25.png 300w, https:\/\/voce-lingua.de\/wp-content\/uploads\/2024\/12\/trenner-2-upside-down-1024x85.png 1024w, https:\/\/voce-lingua.de\/wp-content\/uploads\/2024\/12\/trenner-2-upside-down.png 1289w\" sizes=\"(max-width: 768px) 100vw, 768px\" \/>\t\t\t\t\t\t\t\t\t\t\t\t\t\t\t<\/div>\n\t\t\t\t<\/div>\n\t\t\t\t<div class=\"elementor-element elementor-element-5dee0a7 elementor-widget__width-initial elementor-widget elementor-widget-text-editor\" data-id=\"5dee0a7\" data-element_type=\"widget\" data-widget_type=\"text-editor.default\">\n\t\t\t\t<div class=\"elementor-widget-container\">\n\t\t\t\t\t\t\t\t\t<ul>\n \t\n \t<li>Economical use of the voice, i.e. how can I speak in a group and be understood without having to raise my voice, without straining.<\/li>\n \t<li>Regeneration for me and my voice: How can I reduce unnecessary tensions and build up and use necessary tensions and thus achieve more performance and carrying capacity?<\/li>\n \t<li>What is voice care and how important is it?<\/li>\n \t<li>We work with you on the basic connections between body, breathing, articulation and their effect on the expressiveness of your voice and train a better perception of yourself on various levels, such as physical, emotional and sensory... How can I better feel my own needs and make them transparent?<\/li>\n \t<li>Perception of the other person(s). What messages are conveyed by the sound of my voice, my posture, ... that I am not aware of? What is received by the listener?<\/li><li><a href=\"\/en\/vita-of-karoline-kupperroth\/\">Opportunity to meet at the voting table.<\/a><\/li>\n<\/ul>\t\t\t\t\t\t\t\t<\/div>\n\t\t\t\t<\/div>\n\t\t\t\t<div class=\"elementor-element elementor-element-3b25e97 elementor-widget elementor-widget-image\" data-id=\"3b25e97\" data-element_type=\"widget\" data-widget_type=\"image.default\">\n\t\t\t\t<div class=\"elementor-widget-container\">\n\t\t\t\t\t\t\t\t\t\t\t\t\t\t\t<img decoding=\"async\" width=\"768\" height=\"64\" src=\"https:\/\/voce-lingua.de\/wp-content\/uploads\/2024\/12\/trenner-2-768x64.png\" class=\"attachment-medium_large size-medium_large wp-image-31\" alt=\"\" srcset=\"https:\/\/voce-lingua.de\/wp-content\/uploads\/2024\/12\/trenner-2-768x64.png 768w, https:\/\/voce-lingua.de\/wp-content\/uploads\/2024\/12\/trenner-2-300x25.png 300w, https:\/\/voce-lingua.de\/wp-content\/uploads\/2024\/12\/trenner-2-1024x85.png 1024w, https:\/\/voce-lingua.de\/wp-content\/uploads\/2024\/12\/trenner-2.png 1289w\" sizes=\"(max-width: 768px) 100vw, 768px\" \/>\t\t\t\t\t\t\t\t\t\t\t\t\t\t\t<\/div>\n\t\t\t\t<\/div>\n\t\t\t\t<div class=\"elementor-element elementor-element-f726227 elementor-widget elementor-widget-heading\" data-id=\"f726227\" data-element_type=\"widget\" data-widget_type=\"heading.default\">\n\t\t\t\t<div class=\"elementor-widget-container\">\n\t\t\t\t\t<h2 class=\"elementor-heading-title elementor-size-default\">How we can help you<\/h2>\t\t\t\t<\/div>\n\t\t\t\t<\/div>\n\t\t\t\t<div class=\"elementor-element elementor-element-2ec70b4 elementor-widget elementor-widget-image\" data-id=\"2ec70b4\" data-element_type=\"widget\" data-widget_type=\"image.default\">\n\t\t\t\t<div class=\"elementor-widget-container\">\n\t\t\t\t\t\t\t\t\t\t\t\t\t\t\t<img loading=\"lazy\" decoding=\"async\" width=\"768\" height=\"64\" src=\"https:\/\/voce-lingua.de\/wp-content\/uploads\/2024\/12\/trenner-2-upside-down-768x64.png\" class=\"attachment-medium_large size-medium_large wp-image-259\" alt=\"\" srcset=\"https:\/\/voce-lingua.de\/wp-content\/uploads\/2024\/12\/trenner-2-upside-down-768x64.png 768w, https:\/\/voce-lingua.de\/wp-content\/uploads\/2024\/12\/trenner-2-upside-down-300x25.png 300w, https:\/\/voce-lingua.de\/wp-content\/uploads\/2024\/12\/trenner-2-upside-down-1024x85.png 1024w, https:\/\/voce-lingua.de\/wp-content\/uploads\/2024\/12\/trenner-2-upside-down.png 1289w\" sizes=\"(max-width: 768px) 100vw, 768px\" \/>\t\t\t\t\t\t\t\t\t\t\t\t\t\t\t<\/div>\n\t\t\t\t<\/div>\n\t\t\t\t<div class=\"elementor-element elementor-element-032ae22 elementor-widget__width-initial elementor-widget elementor-widget-text-editor\" data-id=\"032ae22\" data-element_type=\"widget\" data-widget_type=\"text-editor.default\">\n\t\t\t\t<div class=\"elementor-widget-container\">\n\t\t\t\t\t\t\t\t\t<ul><li>If you have a voice disorder, your health insurance will cover the costs (adults pay a statutory 10% co-payment)<\/li><li>As a self-payer, you will incur costs based on the services provided by the statutory health insurance companies<\/li><\/ul>\t\t\t\t\t\t\t\t<\/div>\n\t\t\t\t<\/div>\n\t\t\t\t<div class=\"elementor-element elementor-element-1dac1c2 elementor-widget__width-initial elementor-widget elementor-widget-text-editor\" data-id=\"1dac1c2\" data-element_type=\"widget\" data-widget_type=\"text-editor.default\">\n\t\t\t\t<div class=\"elementor-widget-container\">\n\t\t\t\t\t\t\t\t\t<p>Please note that you first need a prescription from a competent doctor, more information can be found under Home.<\/p>\t\t\t\t\t\t\t\t<\/div>\n\t\t\t\t<\/div>\n\t\t\t\t\t<\/div>\n\t\t\t\t<\/div>\n\t\t\t\t<\/div>","protected":false},"excerpt":{"rendered":"<p>&#8222;sich von seiner Stimme tragen lassen&#8220; Ihre stimmliche Gesundheit ist uns wichtig. Sie sollen sich in Ihrer privaten oder beruflichen Ausdrucksf\u00e4higkeit, zum Beispiel beim Vorlesen in der Schule oder w\u00e4hrend einer Pr\u00e4sentation auf der Arbeit frei f\u00fchlen. So k\u00f6nnen Sie sich entfalten und sich Ihrer Umgebung mitteilen. Uns liegt viel daran, auf die Stimme als [&hellip;]<\/p>","protected":false},"author":1,"featured_media":0,"parent":0,"menu_order":0,"comment_status":"closed","ping_status":"closed","template":"","meta":{"footnotes":""},"class_list":["post-75","page","type-page","status-publish","hentry"],"_links":{"self":[{"href":"https:\/\/voce-lingua.de\/en\/wp-json\/wp\/v2\/pages\/75","targetHints":{"allow":["GET"]}}],"collection":[{"href":"https:\/\/voce-lingua.de\/en\/wp-json\/wp\/v2\/pages"}],"about":[{"href":"https:\/\/voce-lingua.de\/en\/wp-json\/wp\/v2\/types\/page"}],"author":[{"embeddable":true,"href":"https:\/\/voce-lingua.de\/en\/wp-json\/wp\/v2\/users\/1"}],"replies":[{"embeddable":true,"href":"https:\/\/voce-lingua.de\/en\/wp-json\/wp\/v2\/comments?post=75"}],"version-history":[{"count":88,"href":"https:\/\/voce-lingua.de\/en\/wp-json\/wp\/v2\/pages\/75\/revisions"}],"predecessor-version":[{"id":1514,"href":"https:\/\/voce-lingua.de\/en\/wp-json\/wp\/v2\/pages\/75\/revisions\/1514"}],"wp:attachment":[{"href":"https:\/\/voce-lingua.de\/en\/wp-json\/wp\/v2\/media?parent=75"}],"curies":[{"name":"wp","href":"https:\/\/api.w.org\/{rel}","templated":true}]}}