{"id":73,"date":"2024-12-06T11:54:06","date_gmt":"2024-12-06T11:54:06","guid":{"rendered":"http:\/\/voce-lingua.local\/?page_id=73"},"modified":"2025-04-16T14:45:31","modified_gmt":"2025-04-16T14:45:31","slug":"communication-after-neurological-disease","status":"publish","type":"page","link":"https:\/\/voce-lingua.de\/en\/communication-after-neurological-disease\/","title":{"rendered":"Communication after neurological disease"},"content":{"rendered":"<div data-elementor-type=\"wp-page\" data-elementor-id=\"73\" class=\"elementor elementor-73\">\n\t\t\t\t<div class=\"elementor-element elementor-element-34e11bd e-flex e-con-boxed e-con e-parent\" data-id=\"34e11bd\" data-element_type=\"container\">\n\t\t\t\t\t<div class=\"e-con-inner\">\n\t\t\t\t<div class=\"elementor-element elementor-element-7846652 elementor-widget elementor-widget-image\" data-id=\"7846652\" data-element_type=\"widget\" data-widget_type=\"image.default\">\n\t\t\t\t<div class=\"elementor-widget-container\">\n\t\t\t\t\t\t\t\t\t\t\t\t\t\t\t<img fetchpriority=\"high\" decoding=\"async\" width=\"768\" height=\"431\" src=\"https:\/\/voce-lingua.de\/wp-content\/uploads\/2024\/12\/neurologische-erkrankung-768x431.jpg\" class=\"attachment-medium_large size-medium_large wp-image-164\" alt=\"\" srcset=\"https:\/\/voce-lingua.de\/wp-content\/uploads\/2024\/12\/neurologische-erkrankung-768x431.jpg 768w, https:\/\/voce-lingua.de\/wp-content\/uploads\/2024\/12\/neurologische-erkrankung-300x168.jpg 300w, https:\/\/voce-lingua.de\/wp-content\/uploads\/2024\/12\/neurologische-erkrankung-1024x574.jpg 1024w, https:\/\/voce-lingua.de\/wp-content\/uploads\/2024\/12\/neurologische-erkrankung.jpg 1280w\" sizes=\"(max-width: 768px) 100vw, 768px\" \/>\t\t\t\t\t\t\t\t\t\t\t\t\t\t\t<\/div>\n\t\t\t\t<\/div>\n\t\t\t\t<div class=\"elementor-element elementor-element-b4dcb7a elementor-widget elementor-widget-heading\" data-id=\"b4dcb7a\" data-element_type=\"widget\" data-widget_type=\"heading.default\">\n\t\t\t\t<div class=\"elementor-widget-container\">\n\t\t\t\t\t<h1 class=\"elementor-heading-title elementor-size-default\">Communication according to <br>neurological\ndisease<\/h1>\t\t\t\t<\/div>\n\t\t\t\t<\/div>\n\t\t\t\t<div class=\"elementor-element elementor-element-41a240d elementor-widget elementor-widget-image\" data-id=\"41a240d\" data-element_type=\"widget\" data-widget_type=\"image.default\">\n\t\t\t\t<div class=\"elementor-widget-container\">\n\t\t\t\t\t\t\t\t\t\t\t\t\t\t\t<img decoding=\"async\" width=\"800\" height=\"73\" src=\"https:\/\/voce-lingua.de\/wp-content\/uploads\/2024\/12\/trenner-3-1-1024x93.png\" class=\"attachment-large size-large wp-image-133\" alt=\"\" srcset=\"https:\/\/voce-lingua.de\/wp-content\/uploads\/2024\/12\/trenner-3-1-1024x93.png 1024w, https:\/\/voce-lingua.de\/wp-content\/uploads\/2024\/12\/trenner-3-1-300x27.png 300w, https:\/\/voce-lingua.de\/wp-content\/uploads\/2024\/12\/trenner-3-1-768x70.png 768w, https:\/\/voce-lingua.de\/wp-content\/uploads\/2024\/12\/trenner-3-1.png 1382w\" sizes=\"(max-width: 800px) 100vw, 800px\" \/>\t\t\t\t\t\t\t\t\t\t\t\t\t\t\t<\/div>\n\t\t\t\t<\/div>\n\t\t\t\t<div class=\"elementor-element elementor-element-6899cdf elementor-widget__width-initial elementor-widget elementor-widget-text-editor\" data-id=\"6899cdf\" data-element_type=\"widget\" data-widget_type=\"text-editor.default\">\n\t\t\t\t<div class=\"elementor-widget-container\">\n\t\t\t\t\t\t\t\t\t<p style=\"text-align: center;\">Have you had a stroke and are experiencing your environment\/personal surroundings in a new way?<br \/>Are you suddenly confronted with disorders, e.g. in movement, speech or your independence?<br \/>Are you a relative of a person with aphasia (central speech disorder following a stroke) and find that all aspects of living with the person affected have changed?<br \/>Are you sometimes at a loss or do you sometimes feel helpless in the face of the changed conditions of the conversation?<\/p>\t\t\t\t\t\t\t\t<\/div>\n\t\t\t\t<\/div>\n\t\t\t\t<div class=\"elementor-element elementor-element-53646a4 elementor-widget elementor-widget-image\" data-id=\"53646a4\" data-element_type=\"widget\" data-widget_type=\"image.default\">\n\t\t\t\t<div class=\"elementor-widget-container\">\n\t\t\t\t\t\t\t\t\t\t\t\t\t\t\t<img decoding=\"async\" width=\"768\" height=\"64\" src=\"https:\/\/voce-lingua.de\/wp-content\/uploads\/2024\/12\/trenner-2-768x64.png\" class=\"attachment-medium_large size-medium_large wp-image-31\" alt=\"\" srcset=\"https:\/\/voce-lingua.de\/wp-content\/uploads\/2024\/12\/trenner-2-768x64.png 768w, https:\/\/voce-lingua.de\/wp-content\/uploads\/2024\/12\/trenner-2-300x25.png 300w, https:\/\/voce-lingua.de\/wp-content\/uploads\/2024\/12\/trenner-2-1024x85.png 1024w, https:\/\/voce-lingua.de\/wp-content\/uploads\/2024\/12\/trenner-2.png 1289w\" sizes=\"(max-width: 768px) 100vw, 768px\" \/>\t\t\t\t\t\t\t\t\t\t\t\t\t\t\t<\/div>\n\t\t\t\t<\/div>\n\t\t\t\t<div class=\"elementor-element elementor-element-eb4d221 elementor-widget elementor-widget-heading\" data-id=\"eb4d221\" data-element_type=\"widget\" data-widget_type=\"heading.default\">\n\t\t\t\t<div class=\"elementor-widget-container\">\n\t\t\t\t\t<h2 class=\"elementor-heading-title elementor-size-default\">How we can help you:<\/h2>\t\t\t\t<\/div>\n\t\t\t\t<\/div>\n\t\t\t\t<div class=\"elementor-element elementor-element-b6db1f7 elementor-widget elementor-widget-heading\" data-id=\"b6db1f7\" data-element_type=\"widget\" data-widget_type=\"heading.default\">\n\t\t\t\t<div class=\"elementor-widget-container\">\n\t\t\t\t\t<h2 class=\"elementor-heading-title elementor-size-default\">1. counseling of patients and<br> Relatives<\/h2>\t\t\t\t<\/div>\n\t\t\t\t<\/div>\n\t\t\t\t<div class=\"elementor-element elementor-element-29e4960 elementor-widget elementor-widget-image\" data-id=\"29e4960\" data-element_type=\"widget\" data-widget_type=\"image.default\">\n\t\t\t\t<div class=\"elementor-widget-container\">\n\t\t\t\t\t\t\t\t\t\t\t\t\t\t\t<img loading=\"lazy\" decoding=\"async\" width=\"768\" height=\"64\" src=\"https:\/\/voce-lingua.de\/wp-content\/uploads\/2024\/12\/trenner-2-upside-down-768x64.png\" class=\"attachment-medium_large size-medium_large wp-image-259\" alt=\"\" srcset=\"https:\/\/voce-lingua.de\/wp-content\/uploads\/2024\/12\/trenner-2-upside-down-768x64.png 768w, https:\/\/voce-lingua.de\/wp-content\/uploads\/2024\/12\/trenner-2-upside-down-300x25.png 300w, https:\/\/voce-lingua.de\/wp-content\/uploads\/2024\/12\/trenner-2-upside-down-1024x85.png 1024w, https:\/\/voce-lingua.de\/wp-content\/uploads\/2024\/12\/trenner-2-upside-down.png 1289w\" sizes=\"(max-width: 768px) 100vw, 768px\" \/>\t\t\t\t\t\t\t\t\t\t\t\t\t\t\t<\/div>\n\t\t\t\t<\/div>\n\t\t\t\t<div class=\"elementor-element elementor-element-cf5ceed elementor-widget__width-initial elementor-widget elementor-widget-text-editor\" data-id=\"cf5ceed\" data-element_type=\"widget\" data-widget_type=\"text-editor.default\">\n\t\t\t\t<div class=\"elementor-widget-container\">\n\t\t\t\t\t\t\t\t\t<p>If you or your relatives have already spoken to your family doctor or neurologist about support through speech therapy, you have the opportunity to have a diagnostic and consultation meeting.<\/p>\t\t\t\t\t\t\t\t<\/div>\n\t\t\t\t<\/div>\n\t\t\t\t<div class=\"elementor-element elementor-element-61636a5 elementor-widget__width-initial elementor-widget elementor-widget-text-editor\" data-id=\"61636a5\" data-element_type=\"widget\" data-widget_type=\"text-editor.default\">\n\t\t\t\t<div class=\"elementor-widget-container\">\n\t\t\t\t\t\t\t\t\t<ul><li>The doctor responsible for you will issue you with a prescription for speech therapy (outpatient or home visit \/ as individual or group therapy)<\/li><li>You make an appointment for an initial consultation in our practice or for a home visit<\/li><\/ul>\t\t\t\t\t\t\t\t<\/div>\n\t\t\t\t<\/div>\n\t\t\t\t<div class=\"elementor-element elementor-element-ca2676e elementor-widget elementor-widget-image\" data-id=\"ca2676e\" data-element_type=\"widget\" data-widget_type=\"image.default\">\n\t\t\t\t<div class=\"elementor-widget-container\">\n\t\t\t\t\t\t\t\t\t\t\t\t\t\t\t<img decoding=\"async\" width=\"768\" height=\"64\" src=\"https:\/\/voce-lingua.de\/wp-content\/uploads\/2024\/12\/trenner-2-768x64.png\" class=\"attachment-medium_large size-medium_large wp-image-31\" alt=\"\" srcset=\"https:\/\/voce-lingua.de\/wp-content\/uploads\/2024\/12\/trenner-2-768x64.png 768w, https:\/\/voce-lingua.de\/wp-content\/uploads\/2024\/12\/trenner-2-300x25.png 300w, https:\/\/voce-lingua.de\/wp-content\/uploads\/2024\/12\/trenner-2-1024x85.png 1024w, https:\/\/voce-lingua.de\/wp-content\/uploads\/2024\/12\/trenner-2.png 1289w\" sizes=\"(max-width: 768px) 100vw, 768px\" \/>\t\t\t\t\t\t\t\t\t\t\t\t\t\t\t<\/div>\n\t\t\t\t<\/div>\n\t\t\t\t<div class=\"elementor-element elementor-element-a544547 elementor-widget elementor-widget-heading\" data-id=\"a544547\" data-element_type=\"widget\" data-widget_type=\"heading.default\">\n\t\t\t\t<div class=\"elementor-widget-container\">\n\t\t\t\t\t<h2 class=\"elementor-heading-title elementor-size-default\">2. therapy planning<\/h2>\t\t\t\t<\/div>\n\t\t\t\t<\/div>\n\t\t\t\t<div class=\"elementor-element elementor-element-231c78c elementor-widget elementor-widget-image\" data-id=\"231c78c\" data-element_type=\"widget\" data-widget_type=\"image.default\">\n\t\t\t\t<div class=\"elementor-widget-container\">\n\t\t\t\t\t\t\t\t\t\t\t\t\t\t\t<img loading=\"lazy\" decoding=\"async\" width=\"800\" height=\"66\" src=\"https:\/\/voce-lingua.de\/wp-content\/uploads\/2024\/12\/trenner-2-upside-down-1024x85.png\" class=\"attachment-large size-large wp-image-259\" alt=\"\" srcset=\"https:\/\/voce-lingua.de\/wp-content\/uploads\/2024\/12\/trenner-2-upside-down-1024x85.png 1024w, https:\/\/voce-lingua.de\/wp-content\/uploads\/2024\/12\/trenner-2-upside-down-300x25.png 300w, https:\/\/voce-lingua.de\/wp-content\/uploads\/2024\/12\/trenner-2-upside-down-768x64.png 768w, https:\/\/voce-lingua.de\/wp-content\/uploads\/2024\/12\/trenner-2-upside-down.png 1289w\" sizes=\"(max-width: 800px) 100vw, 800px\" \/>\t\t\t\t\t\t\t\t\t\t\t\t\t\t\t<\/div>\n\t\t\t\t<\/div>\n\t\t\t\t<div class=\"elementor-element elementor-element-a93781c elementor-widget__width-initial elementor-widget elementor-widget-text-editor\" data-id=\"a93781c\" data-element_type=\"widget\" data-widget_type=\"text-editor.default\">\n\t\t\t\t<div class=\"elementor-widget-container\">\n\t\t\t\t\t\t\t\t\t<p>If the neurological findings and the diagnosis of your responsible doctor make speech therapy necessary for you, we can usually offer you qualified speech therapy at short notice<\/p><ul><li class=\"firstItem\">Costs will be covered by your health insurance company according to a doctor's prescription<\/li><li>Full cost coverage up to the age of 18 and with 10% co-payment for adults (in accordance with statutory provisions)<\/li><li>as group therapy 90 minutes per week<\/li><li class=\"lastItem\">Individual therapy according to individual needs 1-2 times a week for 45 minutes<\/li><\/ul>\t\t\t\t\t\t\t\t<\/div>\n\t\t\t\t<\/div>\n\t\t\t\t<div class=\"elementor-element elementor-element-3a3be1f elementor-widget elementor-widget-image\" data-id=\"3a3be1f\" data-element_type=\"widget\" data-widget_type=\"image.default\">\n\t\t\t\t<div class=\"elementor-widget-container\">\n\t\t\t\t\t\t\t\t\t\t\t\t\t\t\t<img decoding=\"async\" width=\"768\" height=\"64\" src=\"https:\/\/voce-lingua.de\/wp-content\/uploads\/2024\/12\/trenner-2-768x64.png\" class=\"attachment-medium_large size-medium_large wp-image-31\" alt=\"\" srcset=\"https:\/\/voce-lingua.de\/wp-content\/uploads\/2024\/12\/trenner-2-768x64.png 768w, https:\/\/voce-lingua.de\/wp-content\/uploads\/2024\/12\/trenner-2-300x25.png 300w, https:\/\/voce-lingua.de\/wp-content\/uploads\/2024\/12\/trenner-2-1024x85.png 1024w, https:\/\/voce-lingua.de\/wp-content\/uploads\/2024\/12\/trenner-2.png 1289w\" sizes=\"(max-width: 768px) 100vw, 768px\" \/>\t\t\t\t\t\t\t\t\t\t\t\t\t\t\t<\/div>\n\t\t\t\t<\/div>\n\t\t\t\t<div class=\"elementor-element elementor-element-9e1e2ab elementor-widget elementor-widget-heading\" data-id=\"9e1e2ab\" data-element_type=\"widget\" data-widget_type=\"heading.default\">\n\t\t\t\t<div class=\"elementor-widget-container\">\n\t\t\t\t\t<h2 class=\"elementor-heading-title elementor-size-default\">3. speech therapy as resource-oriented <br>Communication support<\/h2>\t\t\t\t<\/div>\n\t\t\t\t<\/div>\n\t\t\t\t<div class=\"elementor-element elementor-element-e02bfe5 elementor-widget elementor-widget-image\" data-id=\"e02bfe5\" data-element_type=\"widget\" data-widget_type=\"image.default\">\n\t\t\t\t<div class=\"elementor-widget-container\">\n\t\t\t\t\t\t\t\t\t\t\t\t\t\t\t<img loading=\"lazy\" decoding=\"async\" width=\"768\" height=\"64\" src=\"https:\/\/voce-lingua.de\/wp-content\/uploads\/2024\/12\/trenner-2-upside-down-768x64.png\" class=\"attachment-medium_large size-medium_large wp-image-259\" alt=\"\" srcset=\"https:\/\/voce-lingua.de\/wp-content\/uploads\/2024\/12\/trenner-2-upside-down-768x64.png 768w, https:\/\/voce-lingua.de\/wp-content\/uploads\/2024\/12\/trenner-2-upside-down-300x25.png 300w, https:\/\/voce-lingua.de\/wp-content\/uploads\/2024\/12\/trenner-2-upside-down-1024x85.png 1024w, https:\/\/voce-lingua.de\/wp-content\/uploads\/2024\/12\/trenner-2-upside-down.png 1289w\" sizes=\"(max-width: 768px) 100vw, 768px\" \/>\t\t\t\t\t\t\t\t\t\t\t\t\t\t\t<\/div>\n\t\t\t\t<\/div>\n\t\t\t\t<div class=\"elementor-element elementor-element-38419a6 elementor-widget__width-initial elementor-widget elementor-widget-text-editor\" data-id=\"38419a6\" data-element_type=\"widget\" data-widget_type=\"text-editor.default\">\n\t\t\t\t<div class=\"elementor-widget-container\">\n\t\t\t\t\t\t\t\t\t<p>We would like to discover and develop the diversity of linguistic and non-linguistic means of expression together with you. We carry out individual and group therapy with neurologically impaired patients and their relatives.<\/p>\t\t\t\t\t\t\t\t<\/div>\n\t\t\t\t<\/div>\n\t\t\t\t<div class=\"elementor-element elementor-element-9c97d26 elementor-widget elementor-widget-image\" data-id=\"9c97d26\" data-element_type=\"widget\" data-widget_type=\"image.default\">\n\t\t\t\t<div class=\"elementor-widget-container\">\n\t\t\t\t\t\t\t\t\t\t\t\t\t\t\t<img decoding=\"async\" width=\"768\" height=\"64\" src=\"https:\/\/voce-lingua.de\/wp-content\/uploads\/2024\/12\/trenner-2-768x64.png\" class=\"attachment-medium_large size-medium_large wp-image-31\" alt=\"\" srcset=\"https:\/\/voce-lingua.de\/wp-content\/uploads\/2024\/12\/trenner-2-768x64.png 768w, https:\/\/voce-lingua.de\/wp-content\/uploads\/2024\/12\/trenner-2-300x25.png 300w, https:\/\/voce-lingua.de\/wp-content\/uploads\/2024\/12\/trenner-2-1024x85.png 1024w, https:\/\/voce-lingua.de\/wp-content\/uploads\/2024\/12\/trenner-2.png 1289w\" sizes=\"(max-width: 768px) 100vw, 768px\" \/>\t\t\t\t\t\t\t\t\t\t\t\t\t\t\t<\/div>\n\t\t\t\t<\/div>\n\t\t\t\t<div class=\"elementor-element elementor-element-686a94a elementor-widget elementor-widget-heading\" data-id=\"686a94a\" data-element_type=\"widget\" data-widget_type=\"heading.default\">\n\t\t\t\t<div class=\"elementor-widget-container\">\n\t\t\t\t\t<h2 class=\"elementor-heading-title elementor-size-default\">Who we want to reach:<\/h2>\t\t\t\t<\/div>\n\t\t\t\t<\/div>\n\t\t\t\t<div class=\"elementor-element elementor-element-24e2d1e elementor-widget elementor-widget-image\" data-id=\"24e2d1e\" data-element_type=\"widget\" data-widget_type=\"image.default\">\n\t\t\t\t<div class=\"elementor-widget-container\">\n\t\t\t\t\t\t\t\t\t\t\t\t\t\t\t<img loading=\"lazy\" decoding=\"async\" width=\"768\" height=\"64\" src=\"https:\/\/voce-lingua.de\/wp-content\/uploads\/2024\/12\/trenner-2-upside-down-768x64.png\" class=\"attachment-medium_large size-medium_large wp-image-259\" alt=\"\" srcset=\"https:\/\/voce-lingua.de\/wp-content\/uploads\/2024\/12\/trenner-2-upside-down-768x64.png 768w, https:\/\/voce-lingua.de\/wp-content\/uploads\/2024\/12\/trenner-2-upside-down-300x25.png 300w, https:\/\/voce-lingua.de\/wp-content\/uploads\/2024\/12\/trenner-2-upside-down-1024x85.png 1024w, https:\/\/voce-lingua.de\/wp-content\/uploads\/2024\/12\/trenner-2-upside-down.png 1289w\" sizes=\"(max-width: 768px) 100vw, 768px\" \/>\t\t\t\t\t\t\t\t\t\t\t\t\t\t\t<\/div>\n\t\t\t\t<\/div>\n\t\t\t\t\t<\/div>\n\t\t\t\t<\/div>\n\t\t<div class=\"elementor-element elementor-element-c467bb9 e-flex e-con-boxed e-con e-parent\" data-id=\"c467bb9\" data-element_type=\"container\">\n\t\t\t\t\t<div class=\"e-con-inner\">\n\t\t\t\t<div class=\"elementor-element elementor-element-d586764 elementor-widget__width-initial elementor-widget elementor-widget-text-editor\" data-id=\"d586764\" data-element_type=\"widget\" data-widget_type=\"text-editor.default\">\n\t\t\t\t<div class=\"elementor-widget-container\">\n\t\t\t\t\t\t\t\t\t<p style=\"text-align: center;\">People with a neurological speech disorder and\/or cognitive impairments in<\/p>\t\t\t\t\t\t\t\t<\/div>\n\t\t\t\t<\/div>\n\t\t\t\t<div class=\"elementor-element elementor-element-36e43a0 elementor-widget__width-initial elementor-widget elementor-widget-text-editor\" data-id=\"36e43a0\" data-element_type=\"widget\" data-widget_type=\"text-editor.default\">\n\t\t\t\t<div class=\"elementor-widget-container\">\n\t\t\t\t\t\t\t\t\t<ul><li>Nursing homes<\/li><li>Day clinics<\/li><li>Senior citizens' meeting (AWO \/ Red Cross)<\/li><li>Outpatient care<\/li><li>Aphasic self-help groups and their relatives<\/li><\/ul>\t\t\t\t\t\t\t\t<\/div>\n\t\t\t\t<\/div>\n\t\t\t\t\t<\/div>\n\t\t\t\t<\/div>\n\t\t\t\t<\/div>","protected":false},"excerpt":{"rendered":"<p>Kommunikation nach neurologischer Erkrankung Sie hatten einen Schlaganfall und erleben Ihre Umwelt\/Ihr pers\u00f6nliches Umfeld neu?Sie sind pl\u00f6tzlich konfrontiert mit Erkrankungen, z.B. in der Bewegung, der Sprache, Ihrer Selbstst\u00e4ndigkeit?Sie sind Angeh\u00f6riger eines Menschen mit einer sogenannten Aphasie (zentral bedingte Sprachst\u00f6rung nach Schlaganfall) und machen die Erfahrung, dass alle Aspekte des Zusammenlebens mit dem Betroffenen ver\u00e4ndert sind?Sie [&hellip;]<\/p>","protected":false},"author":1,"featured_media":0,"parent":0,"menu_order":0,"comment_status":"closed","ping_status":"closed","template":"","meta":{"footnotes":""},"class_list":["post-73","page","type-page","status-publish","hentry"],"_links":{"self":[{"href":"https:\/\/voce-lingua.de\/en\/wp-json\/wp\/v2\/pages\/73","targetHints":{"allow":["GET"]}}],"collection":[{"href":"https:\/\/voce-lingua.de\/en\/wp-json\/wp\/v2\/pages"}],"about":[{"href":"https:\/\/voce-lingua.de\/en\/wp-json\/wp\/v2\/types\/page"}],"author":[{"embeddable":true,"href":"https:\/\/voce-lingua.de\/en\/wp-json\/wp\/v2\/users\/1"}],"replies":[{"embeddable":true,"href":"https:\/\/voce-lingua.de\/en\/wp-json\/wp\/v2\/comments?post=73"}],"version-history":[{"count":64,"href":"https:\/\/voce-lingua.de\/en\/wp-json\/wp\/v2\/pages\/73\/revisions"}],"predecessor-version":[{"id":1425,"href":"https:\/\/voce-lingua.de\/en\/wp-json\/wp\/v2\/pages\/73\/revisions\/1425"}],"wp:attachment":[{"href":"https:\/\/voce-lingua.de\/en\/wp-json\/wp\/v2\/media?parent=73"}],"curies":[{"name":"wp","href":"https:\/\/api.w.org\/{rel}","templated":true}]}}